{"id":10,"date":"2024-04-24T15:45:14","date_gmt":"2024-04-24T07:45:14","guid":{"rendered":"https:\/\/ruiqigo.com\/?page_id=10"},"modified":"2024-12-24T09:57:03","modified_gmt":"2024-12-24T01:57:03","slug":"service","status":"publish","type":"page","link":"https:\/\/www.ruiqigo.com\/da\/service","title":{"rendered":"Service"},"content":{"rendered":"<div class=\"wp-block-columns are-vertically-aligned-center mb-60 is-layout-flex wp-container-core-columns-is-layout-9d6595d7 wp-block-columns-is-layout-flex\">\n<div class=\"wp-block-column is-vertically-aligned-center is-layout-flow wp-block-column-is-layout-flow\" style=\"flex-basis:40%\">\n<figure class=\"wp-block-image size-full pr-40\"><img fetchpriority=\"high\" decoding=\"async\" width=\"1000\" height=\"667\" src=\"https:\/\/www.ruiqigo.com\/wp-content\/uploads\/2024\/07\/P4-2-S2-.jpg\" alt=\"service\" class=\"wp-image-785\" srcset=\"https:\/\/www.ruiqigo.com\/wp-content\/uploads\/2024\/07\/P4-2-S2-.jpg 1000w, https:\/\/www.ruiqigo.com\/wp-content\/uploads\/2024\/07\/P4-2-S2--768x512.jpg 768w\" sizes=\"(max-width: 1000px) 100vw, 1000px\" \/><\/figure>\n<\/div>\n\n\n\n<div class=\"wp-block-column is-vertically-aligned-center is-layout-flow wp-block-column-is-layout-flow\" style=\"flex-basis:60%\">\n<h2 class=\"wp-block-heading\">L\u00f8sning pakket, forventning overskredet<\/h2>\n\n\n\n<div class=\"wp-block-columns mb-40 is-layout-flex wp-container-core-columns-is-layout-9d6595d7 wp-block-columns-is-layout-flex\">\n<div class=\"wp-block-column is-layout-flow wp-block-column-is-layout-flow\">\n<h3 class=\"wp-block-heading\">Design enhed<\/h3>\n\n\n\n<p>Team af designeksperter<\/p>\n<\/div>\n\n\n\n<div class=\"wp-block-column is-layout-flow wp-block-column-is-layout-flow\">\n<h3 class=\"wp-block-heading\">Forskellige emballagematerialer<\/h3>\n\n\n\n<p>Over 6 typer muligheder<\/p>\n<\/div>\n<\/div>\n\n\n\n<div class=\"wp-block-columns mb-40 is-layout-flex wp-container-core-columns-is-layout-9d6595d7 wp-block-columns-is-layout-flex\">\n<div class=\"wp-block-column is-layout-flow wp-block-column-is-layout-flow\">\n<h3 class=\"wp-block-heading\">Assorteret st\u00f8bning<\/h3>\n\n\n\n<p>Hold dig p\u00e5 toppen af trends<\/p>\n<\/div>\n\n\n\n<div class=\"wp-block-column is-layout-flow wp-block-column-is-layout-flow\">\n<h3 class=\"wp-block-heading\">Effektiv kommunikation<\/h3>\n\n\n\n<p>En kooperativ forsyningsk\u00e6de<\/p>\n<\/div>\n<\/div>\n\n\n\n<div class=\"wp-block-columns is-layout-flex wp-container-core-columns-is-layout-9d6595d7 wp-block-columns-is-layout-flex\">\n<div class=\"wp-block-column is-layout-flow wp-block-column-is-layout-flow\">\n<h3 class=\"wp-block-heading\">Kvalitetssikring<\/h3>\n\n\n\n<p>Specialiseret QC udstyr<\/p>\n<\/div>\n\n\n\n<div class=\"wp-block-column is-layout-flow wp-block-column-is-layout-flow\">\n<h3 class=\"wp-block-heading\">Tilfredsstillende salgsservice<\/h3>\n\n\n\n<p>Svar inden for 8 timer<\/p>\n<\/div>\n<\/div>\n<\/div>\n<\/div>\n\n\n\n<h2 class=\"wp-block-heading\">L\u00f8sninger skr\u00e6ddersyet til individuelle behov<\/h2>\n\n\n\n<p>Vi lytter, analyserer og hj\u00e6lper vores kunder med at udvikle et bredere marked med overlegen produktkvalitet.<\/p>\n\n\n\n<div class=\"wp-block-columns mb-60 is-layout-flex wp-container-core-columns-is-layout-9d6595d7 wp-block-columns-is-layout-flex\">\n<div class=\"wp-block-column is-layout-flow wp-block-column-is-layout-flow\">\n<div class=\"wp-block-group pl-40 pr-40 pt-40 pb-40 has-white-color has-text-color has-background has-link-color wp-elements-89fe601cef7688092ae9c6d48f43f356\" style=\"background-color:#007f44\"><div class=\"wp-block-group__inner-container is-layout-constrained wp-block-group-is-layout-constrained\">\n<h3 class=\"wp-block-heading\">Vi tilf\u00f8jer skelnen til dit brand<\/h3>\n\n\n\n<p>P\u00e5 vores avancerede fabrik anvender vi forskellige farver, overfladetryk og andre tilpassede muligheder for at g\u00f8re dit logo og emballage mere genkendeligt for kvalitetskosmetik og hudpleje.<\/p>\n<\/div><\/div>\n<\/div>\n\n\n\n<div class=\"wp-block-column is-layout-flow wp-block-column-is-layout-flow\">\n<div class=\"wp-block-group pl-40 pr-40 pt-40 pb-40 has-background\" style=\"background-color:#007f44\"><div class=\"wp-block-group__inner-container is-layout-constrained wp-block-group-is-layout-constrained\">\n<h3 class=\"wp-block-heading has-white-color has-text-color has-link-color wp-elements-79e67b2ce6c99588385d2c8c46194a6b\">Vi lover kvalitet til din distribution<\/h3>\n\n\n\n<p class=\"has-white-color has-text-color has-link-color wp-elements-b964fd86f34e6f5a1022559ebd826640\">Vores h\u00f8jeffektive og automatiserede daglige kemiske produktproduktionsudstyr g\u00f8r os i stand til at f\u00f8lge med markedstendenser og sikre, at store ordrer kan leveres rettidigt.<\/p>\n<\/div><\/div>\n<\/div>\n<\/div>\n\n\n\n<h2 class=\"wp-block-heading\">Tankev\u00e6kkende service for at spare din dyrebare tid<\/h2>\n\n\n\n<p>Vi er specialiserede i at f\u00e5 din virksomhed til at trives ved at strategisere l\u00f8sninger og give ekspertr\u00e5dgivning. Kosmetisk kvalitetsemballage kan spare dig for betydelige forudg\u00e5ende investeringsomkostninger, mens rettidig og hensynsfuld service kan spare dig for tidsomkostninger efter salget.<\/p>\n\n\n\n<div class=\"wp-block-columns mb-40 is-layout-flex wp-container-core-columns-is-layout-9d6595d7 wp-block-columns-is-layout-flex\">\n<div class=\"wp-block-column is-layout-flow wp-block-column-is-layout-flow\">\n<h2 class=\"wp-block-heading\">Nr.1<\/h2>\n\n\n\n<h4 class=\"wp-block-heading\">R\u00e5dgivning &amp; Kommunikation<\/h4>\n\n\n\n<p>Ekspert team for svar<\/p>\n<\/div>\n\n\n\n<div class=\"wp-block-column is-layout-flow wp-block-column-is-layout-flow\">\n<h2 class=\"wp-block-heading\">Nr.2<\/h2>\n\n\n\n<h4 class=\"wp-block-heading\">Fremstilling og pr\u00f8veudtagning<\/h4>\n\n\n\n<p>Moderne teknologi<\/p>\n<\/div>\n<\/div>\n\n\n\n<div class=\"wp-block-columns is-layout-flex wp-container-core-columns-is-layout-9d6595d7 wp-block-columns-is-layout-flex\">\n<div class=\"wp-block-column is-layout-flow wp-block-column-is-layout-flow\">\n<h2 class=\"wp-block-heading\">Nr.3<\/h2>\n\n\n\n<h4 class=\"wp-block-heading\">Produktion &amp; Lager<\/h4>\n\n\n\n<p>Fremragende kvalitetskontrol<\/p>\n<\/div>\n\n\n\n<div class=\"wp-block-column is-layout-flow wp-block-column-is-layout-flow\">\n<h2 class=\"wp-block-heading\">Nr.4<\/h2>\n\n\n\n<h4 class=\"wp-block-heading\">Eftersyn &amp; forsendelse<\/h4>\n\n\n\n<p>Str\u00f8mlinet ledelse<\/p>\n<\/div>\n<\/div>","protected":false},"excerpt":{"rendered":"Solution Packed, Expectation Exceeded Design Unity Team of design experts Various Packing Materials Over 6 types of options Assorted Molding Staying on top of trends Effective Communication A cooperative supply chain Quality Assurance Specialized QC equipment Satisfactory Sales Service Response in 8 hours Solutions Tailored to Individual Needs We listen, analyze, and help our customers [&hellip;]","protected":false},"author":9,"featured_media":784,"parent":0,"menu_order":0,"comment_status":"closed","ping_status":"closed","template":"","meta":{"footnotes":""},"class_list":["post-10","page","type-page","status-publish","has-post-thumbnail","hentry"],"acf":[],"_links":{"self":[{"href":"https:\/\/www.ruiqigo.com\/da\/wp-json\/wp\/v2\/pages\/10","targetHints":{"allow":["GET"]}}],"collection":[{"href":"https:\/\/www.ruiqigo.com\/da\/wp-json\/wp\/v2\/pages"}],"about":[{"href":"https:\/\/www.ruiqigo.com\/da\/wp-json\/wp\/v2\/types\/page"}],"author":[{"embeddable":true,"href":"https:\/\/www.ruiqigo.com\/da\/wp-json\/wp\/v2\/users\/9"}],"replies":[{"embeddable":true,"href":"https:\/\/www.ruiqigo.com\/da\/wp-json\/wp\/v2\/comments?post=10"}],"version-history":[{"count":0,"href":"https:\/\/www.ruiqigo.com\/da\/wp-json\/wp\/v2\/pages\/10\/revisions"}],"wp:featuredmedia":[{"embeddable":true,"href":"https:\/\/www.ruiqigo.com\/da\/wp-json\/wp\/v2\/media\/784"}],"wp:attachment":[{"href":"https:\/\/www.ruiqigo.com\/da\/wp-json\/wp\/v2\/media?parent=10"}],"curies":[{"name":"wp","href":"https:\/\/api.w.org\/{rel}","templated":true}]}}