{"id":63,"date":"2024-04-26T00:53:00","date_gmt":"2024-04-25T16:53:00","guid":{"rendered":"https:\/\/ruiqigo.com\/?page_id=63"},"modified":"2024-12-24T10:13:44","modified_gmt":"2024-12-24T02:13:44","slug":"terms-conditions","status":"publish","type":"page","link":"https:\/\/www.ruiqigo.com\/da\/terms-conditions","title":{"rendered":"Vilk\u00e5r og betingelser"},"content":{"rendered":"<p>Disse vilk\u00e5r og betingelser for brug (herefter &quot;Betingelser for brug&quot;) g\u00e6lder for webstederne - www.ruiqigo.com - (samlet &quot;3TOP-webstedet&quot;), som ejes og drives af 3TOP, Inc. (herefter &quot;3TOP&quot;). Disse brugsbetingelser udg\u00f8r sammen med vores privatlivspolitik og cookiepolitik tilsammen en aftale (herefter &quot;aftale&quot;) mellem dig, slutbrugeren og 3TOP.<\/p>\n\n\n\n<p>Din brug af 3TOP-webstedet er betinget af din accept uden \u00e6ndring af vilk\u00e5rene, betingelserne og meddelelserne indeholdt i denne aftale. Ved at f\u00e5 adgang til, bruge, downloade, se og\/eller installere ethvert webstedsindhold p\u00e5 3TOP-webstedet eller webstedstjenester, der tilbydes p\u00e5 3TOP-webstedet, anerkender du, at du har l\u00e6st denne aftale i sin helhed, og at du forst\u00e5r den, og at du giver dit samtykke til brugsbetingelserne, privatlivspolitikken og cookiepolitikken indeholdt i denne aftale.<\/p>\n\n\n\n<p>Du accepterer ogs\u00e5, at ingen skriftlige eller mundtlige erkl\u00e6ringer fra 3TOP og dets distribut\u00f8rer, agenter eller medarbejdere skal \u00f8ge omfanget af afsnittene om begr\u00e6nset garanti og ansvarsbegr\u00e6nsning, der er angivet nedenfor i denne aftale.<\/p>\n\n\n\n<p>Din brug af 3TOP-webstedet udg\u00f8r din accept af vilk\u00e5rene og betingelserne i denne aftale. Hvis du ikke er enig i vilk\u00e5rene og betingelserne i denne aftale, m\u00e5 du ikke f\u00e5 adgang til 3TOP-webstedet eller bruge, downloade, gemme, se eller installere webstedsindhold eller webstedstjenester.<\/p>\n\n\n\n<p>I. Definitioner<br>&quot;Digital information&quot; betyder alle data, der er tilg\u00e6ngelige fra 3TOP-webstedet, som inkluderer, men er ikke begr\u00e6nset til, tekst, tabeller, regneark, grafer, dokumenter, billeder eller fotos eller software indeholdt i digitale filer.<\/p>\n\n\n\n<p>&quot;Webstedindhold&quot; betyder digital information, der kan opn\u00e5s ved at downloade, gemme eller kopiere fra 3TOP-webstedet, som derefter gemmes, installeres, udf\u00f8res, bruges, ses, redigeres eller manipuleres af dig, slutbrugeren. S\u00e5dant webstedsindhold kan omfatte yderligere vilk\u00e5r og betingelser som angivet i en separat aftale, der ledsager disse dele.<\/p>\n\n\n\n<p>&quot;Webstedtjenester&quot; betyder digital information, der er tilg\u00e6ngelig for dig, slutbrugeren, til at downloade, gemme eller kopiere fra 3TOP-webstedet.<\/p>\n\n\n\n<p>II. Modifikation<br>3TOP forbeholder sig retten til at \u00e6ndre og modificere disse vilk\u00e5r for brug til enhver tid med eller uden varsel. Din fortsatte adgang til eller brug af webstedets indhold eller webstedstjenester betyder, at du accepterer eventuelle nye vilk\u00e5r og betingelser. Hvis du g\u00f8r indsigelse mod nye vilk\u00e5r eller betingelser: (a) afbryde adgangen til og brugen af 3TOP-webstedet og alt webstedsindhold og webstedstjenester; og (b) returnere alt webstedsindhold til 3TOP eller \u00f8del\u00e6gge alt webstedsindhold i din besiddelse eller under din kontrol.<\/p>\n\n\n\n<p>3TOP kan til enhver tid foretage \u00e6ndringer af webstedets indhold, webstedstjenesten eller til alle elementer, der henvises til deri, uden varsel og er ikke forpligtet til at underst\u00f8tte eller opdatere webstedets indhold eller webstedstjenester.<\/p>\n\n\n\n<p>III. Forbudt adf\u00e6rd<br>Adgang og brug af 3TOP-webstedet og webstedets indhold gives som en licens, ikke en overf\u00f8rsel af ejendomsret, og er strengt begr\u00e6nset til kun informationsform\u00e5l og til ingen andre form\u00e5l. Alle rettigheder, der ikke udtrykkeligt er givet heri, er udtrykkeligt forbeholdt 3TOP, og ingen andre rettigheder skal v\u00e6re underforst\u00e5et. Uden at begr\u00e6nse det foreg\u00e5ende, og medmindre andet er aftalt skriftligt med 3TOP, anerkender du f\u00f8lgende specifikke begr\u00e6nsninger for din brug af 3TOP-webstedet og webstedets indhold:<\/p>\n\n\n\n<p>Du m\u00e5 ikke kopiere, \u00e6ndre, \u00e6ndre, tilpasse, udleje, s\u00e6lge, distribuere, offentligt vise, udf\u00f8re eller overf\u00f8re nogen del af hjemmesidens indhold eller digitale oplysninger, skabe afledte v\u00e6rker baseret p\u00e5 nogen del af hjemmesidens indhold eller digitale oplysninger eller bruge nogen del af hjemmesidens indhold eller digitale oplysninger til noget kommercielt form\u00e5l, undtagen som angivet ovenfor;<br>Du m\u00e5 ikke skaffe eller fors\u00f8ge at skaffe materiale eller information p\u00e5 nogen m\u00e5de, der ikke med vilje er gjort tilg\u00e6ngelig eller stillet til r\u00e5dighed via 3TOP-webstedet;<br>Du m\u00e5 ikke fors\u00f8ge at reverse engineering, dekompilere eller adskille noget webstedsindhold, digitale oplysninger eller dele af 3TOP-webstedet, eller introducere nogen enheder eller materialer, der ville v\u00e6re ondsindede eller teknologisk skadelige for 3TOP-webstedet, webstedets indhold eller digitale oplysninger, s\u00e5som, men ikke begr\u00e6nset til, vira, trojanske heste, orme og logiske bomber;<br>Du m\u00e5 ikke inkorporere webstedsindhold, digital information eller dele deraf i andre materialer, produkter eller tjenester, eller bruge webstedets indhold eller digitale oplysninger til produktionsform\u00e5l;<br>Du m\u00e5 ikke fjerne, \u00e6ndre eller tilsl\u00f8re nogen propriet\u00e6r forklaring, patent, varem\u00e6rke eller ophavsretsmeddelelse indeholdt i eller p\u00e5 3TOP-webstedet, webstedets indhold eller digitale oplysninger;<br>Du m\u00e5 ikke bruge 3TOP-webstedet p\u00e5 nogen m\u00e5de, der kan beskadige, deaktivere, overbelaste eller forringe 3TOP-webstedet eller forstyrre andre parters brug og nydelse af 3TOP-webstedet;<br>Du m\u00e5 ikke fors\u00f8ge at f\u00e5 uautoriseret adgang til, forstyrre, beskadige eller forstyrre nogen del af 3TOP-webstedet, serverne, hvorp\u00e5 3TOP-webstedet er gemt, eller nogen server, computer eller database forbundet til 3TOP-webstedet, eller p\u00e5 anden m\u00e5de fors\u00f8ge at forstyrre 3TOP-webstedets korrekte funktion;<br>Du m\u00e5 ikke bruge 3TOP-webstedet, webstedets indhold eller digitale oplysninger til noget form\u00e5l, der p\u00e5 nogen m\u00e5de overtr\u00e6der enhver g\u00e6ldende f\u00f8deral, statslig, lokal eller international lov eller regulering (herunder, uden begr\u00e6nsning, nogen love vedr\u00f8rende eksport af data eller software til og fra USA eller andre lande), eller som er forbudt i henhold til denne aftale.<br>Du accepterer ogs\u00e5 at g\u00f8re en rimelig indsats for at forhindre uautoriseret brug, reproduktion, distribution eller offentligg\u00f8relse af webstedsindhold eller digitale oplysninger. Enhver uautoriseret brug, reproduktion, distribution eller offentligg\u00f8relse af webstedsindhold eller digital information er forbudt og udg\u00f8r en overtr\u00e6delse af denne aftale.<\/p>\n\n\n\n<p>IV. Materialer leveret til 3TOP<br>3TOP g\u00f8r ikke krav p\u00e5 ejerskab af det materiale, du leverer til 3TOP (inklusive feedback og forslag) eller sender, uploader, input eller indsender til nogen 3TOP-websted eller dets tilknyttede tjenester (samlet &quot;Indsendelser&quot;). Ved at poste, uploade, indtaste, levere eller indsende din indsendelse giver du dog 3TOP, dets tilknyttede virksomheder og n\u00f8dvendige underlicenstagere tilladelse til at bruge din indsendelse i forbindelse med driften af deres internetvirksomheder, herunder, uden begr\u00e6nsning, rettighederne til: kopiere, distribuere, transmittere, offentligt vise, offentligt udf\u00f8re, reproducere, redigere, overs\u00e6tte og genformatere din indsendelse; og at offentligg\u00f8re dit navn i forbindelse med din indsendelse.<\/p>\n\n\n\n<p>Der vil ikke blive udbetalt nogen kompensation med hensyn til brugen af din indsendelse, som angivet heri. 3TOP er ikke forpligtet til at indsende eller bruge ethvert indl\u00e6g, du m\u00e5tte afgive, og kan til enhver tid fjerne ethvert indl\u00e6g efter 3TOP&#039;s eget sk\u00f8n.<\/p>\n\n\n\n<p>Ved at sende, uploade, indtaste, levere eller indsende dit bidrag, garanterer og erkl\u00e6rer du, at du ejer eller p\u00e5 anden m\u00e5de kontrollerer alle rettighederne til dit bidrag som beskrevet i dette afsnit, herunder, uden begr\u00e6nsning, ophavsret og alle rettigheder, der er n\u00f8dvendige for, at du kan levere, poste, uploade, indtaste eller indsende bidragene.<\/p>\n\n\n\n<p>V. Intellektuel ejendomsret og ejerskab<br>Du har ingen ejerskabsrettigheder til 3TOP-webstedet, noget webstedsindhold eller digitale oplysninger. Du m\u00e5 bruge webstedets indhold og digitale oplysninger, s\u00e5 l\u00e6nge du accepterer og overholder vilk\u00e5rene i denne aftale. 3TOP forbeholder sig alle rettigheder, titel og interesser i og til webstedets indhold og digitale oplysninger, herunder alle intellektuelle ejendomsrettigheder hertil. Medmindre andet udtrykkeligt er angivet, giver 3TOP ingen udtrykkelige eller underforst\u00e5ede rettigheder i henhold til 3TOP-patenter, ophavsrettigheder, varem\u00e6rker eller andre intellektuelle ejendomsrettigheder i henhold til denne aftale. Alle rettigheder, der ikke udtrykkeligt er givet i denne aftale, er forbeholdt 3TOP til dets eneste og fuldst\u00e6ndige brug og ejerskab.<\/p>\n\n\n\n<p>Alt webstedsindhold og digitale oplysninger er underlagt copyright-beskyttelse i henhold til lovene i USA og andre lande og internationale traktatbestemmelser. At downloade, kopiere og \u00e6ndre ophavsretligt beskyttet materiale uden beh\u00f8rig tilladelse kan v\u00e6re en overtr\u00e6delse af loven om ophavsret.<\/p>\n\n\n\n<p>3TOP\u00ae og forskellige produktnavne, handelsnavne, servicenavne, slogans og logoer, der vises p\u00e5 3TOP-webstedet, er varem\u00e6rker tilh\u00f8rende 3TOP, uanset om de er registrerede eller uregistrerede. 3TOPs varem\u00e6rker og varebekl\u00e6dning m\u00e5 ikke bruges i forbindelse med produkter eller tjenester, der ikke er relateret til 3TOP, p\u00e5 nogen m\u00e5de, der sandsynligvis vil for\u00e5rsage forvirring blandt kunder, eller p\u00e5 nogen m\u00e5de, der nedg\u00f8r eller miskrediterer 3TOP. Du m\u00e5 ikke bruge s\u00e5danne m\u00e6rker uden forudg\u00e5ende skriftlig tilladelse fra 3TOP, hvilket samtykke kan tilbageholdes af 3TOP i dens egen retning.<\/p>\n\n\n\n<p>VI. Skadesl\u00f8sholdelse<br>DU ACCEPTERER AT SKADEHOLDE, FORSVARE OG HOLDE USKADELIG 3TOP, INKLUSIVE DETS MEDARBEJDERE, DIREKT\u00d8RER, MEDARBEJDERE, TILKNYTTEDE SELSKABER, LICENSGIVERE, LEVERAND\u00d8RER, INFORMATIONSLEVERAND\u00d8RER OG AGENTER FRA OG MOD ALLE TAB, KLASSER, SLAG, ANSVAR, SKADER, DOMME, TAB, UDGIFTER, OMKOSTNINGER OG GEBYRER, HERUNDER, UDEN BEGR\u00c6NSNING, RIMELIGE ADVOKATORER OG TILKNYTTEDE UDGIFTER, I TILKNYTNING TIL ELLER OPST\u00c5R FRA: DIN BRUG ELLER UDVILDE TIL HVILKE HAR VIDERET 3. OG DIGITAL INFORMATION; ENHVER INDSENDELSE, DER ER LEVET AF DIG; ENHVER OVERTR\u00c6DELSE AF BETINGELSERNE I DENNE AFTALE ELLER EN TREDJEPARTS RETTIGHEDER FRA DIG; ELLER OVERTR\u00c6DELSE AF ENHVER G\u00c6LDENDE LOVGIVNING, REGLER ELLER BESTEMMELSER AF DIG, HERUNDER Uagtsom ELLER FEJLLIG OPF\u00d8RSEL.<\/p>\n\n\n\n<p>VII. Ansvarsfraskrivelse og begr\u00e6nset garanti<br>ANSVARSFRASKRIVELSE VEDR\u00d8RENDE WEBSITESINDHOLD, DIGITAL INFORMATION OG WEBSITETJENESTER: UNDTAGET SOM ANGIVET I DENNE AFTALE KAN 3TOP UNDER INGEN OMST\u00c6NDIGHEDER V\u00c6RE ANSVARLIG FOR NOGEN KRAV AF NOGEN ART, UNDER ENHVER JURIDISK DIREKTOR, RELATERET TIL:<\/p>\n\n\n\n<p>WEBSITESINDHOLD, DIGITAL INFORMATION ELLER WEBSITETJENESTER, DER ER TILG\u00c6NGELIGE P\u00c5 ELLER GENNEM 3TOP WEBSTEDET, HERUNDER FEJL ELLER UDELADELSER I S\u00c5DANNE WEBSITESINDHOLD, DIGITALE OPLYSNINGER ELLER WEBSTEDETJENESTER; ELLER<br>TAB ELLER SKADE SOM RESULTAT AF ADGANG, BRUG AF WEBSITETS INDHOLD, DIGITAL INFORMATION ELLER WEBSTEDSJENESTER.<br>I DET OMFANG DET ER TILLADET I HENHOLD TIL G\u00c6LDENDE LOVGIVNING, LEVERES WEBSITETS INDHOLD, DIGITAL INFORMATION OG WEBSITETJENESTER &quot;SOM DE ER&quot;, OG 3TOP FRASKRIVER SIG UDTRYKKELIGT ALLE GARANTIER AF ENHVER ART, EVENTUELLE UDTRYKKELIGT, EVENDEN UDTRYKKELIGT, OM SALGBARHED, TILFREDSSTILLENDE KVALITET, EGNETHED TIL ET BESTEMT FORM\u00c5L, TITEL OG IKKE-KR\u00c6NKELSE. FOR EKSEMPEL OG IKKE BEGR\u00c6NSNING GARANTERER 3TOP IKKE AT:<\/p>\n\n\n\n<p>WEBSITETS INDHOLD, DIGITAL INFORMATION ELLER WEBSITETJENESTER ER ELLER VIL LEVERES P\u00c5 EN M\u00c5DE, DER ER UAFBRUDT, RETTILIG, SIKKER ELLER FEJLFRI;<br>WEBSITETS INDHOLD, DIGITALE OPLYSNINGER ELLER WEBSITETJENESTER ER ELLER VIL V\u00c6RE FULDST\u00c6NDIGE, N\u00d8JAGTIGE, SIKRE ELLER P\u00c5LIDELIGE;<br>WEBSITETS INDHOLD, DIGITAL INFORMATION ELLER WEBSITETJENESTER ER ELLER VIL V\u00c6RE FRI FOR VIRUS ELLER ANDRE SKADELIGE KOMPONENTER; ELLER<br>WEBSITETS INDHOLD, DIGITALE OPLYSNINGER ELLER WEBSITETS TJENESTER VIL OPFYLDE ENHVER AF DINE KRAV.<br>DENNE ANSVARSFRASKRIVELSE ER AF PARTERNE TILSIGTET AT HA FORRET FOR ENHVER STAT, UCC ELLER ENHVER LIGNENDE UNDERFORST\u00c5ET GARANTI.<\/p>\n\n\n\n<p>VIII. Ansvarsbegr\u00e6nsninger<br>I DET FULDST\u00c6NDIGE OMFANG, DET ER TILLADT I HENHOLD TIL LOVEN, HAR 3TOP INGEN FORPLIGTELSE ELLER ANSVAR OVER FOR DIG FOR 3TOP-WEBSTEDET, WEBSITETS INDHOLD, DIGITAL INFORMATION ELLER WEBSTED-TJENESTER (Uanset det opst\u00e5r i forbindelse med KONTRAKT, TORTEGNERING, GARANTI ANSVAR, KR\u00c6NKELSE AF OPHAVSRET ELLER ANDEN HANDLING I HENHOLD TIL LOV ELLER RIGTIGHED) FOR ENHVER DIREKTE, TILF\u00c6LDELIG, INDIREKTE, S\u00c6RLIGE, F\u00d8LGENDE ELLER STRAFSKADER ELLER ANSVAR (HERunder, UDEN BEGR\u00c6NSNING, TAB AF DATA, TAB AF DATA, TAB AF VIRKSOMHEDER ELLER FORVENTEDE BESPARELSER, TAB AF BRUG, TAB AF GOODWILL ELLER ANDEN M\u00c5DE) SOM OPST\u00c5R AF ELLER I FORBINDELSE MED DIN BRUG ELLER ADGANG TIL (ELLER UMULIGHED TIL AT BRUGE ELLER F\u00c5 ADGANG) TIL 3TOP-WEBSITETS INFORMATION, TJENESTER. DENNE BEGR\u00c6NSNING G\u00c6LDER FOR SKADER, UDEN BEGR\u00c6NSNING OPST\u00c5R AF:<\/p>\n\n\n\n<p>BRUG ELLER MULIGHED TIL AT F\u00c5 ADGANG TIL ELLER BRUGE WEBSITETS INDHOLD, DIGITAL INFORMATION ELLER WEBSTEDSJENESTER;<br>OMKOSTNINGER TIL INDK\u00d8B AF ERSTATNINGSVARER OG TJENESTER;<br>UAUTORISERET ADGANG TIL ELLER \u00c6NDRING AF DINE TRANSMISSIONER FRA TREDJEPART;<br>TREDJEPARTSINDHOLD, DER ER TILG\u00c6NGELIGT FOR DIG GENNEM 3TOP WEBSTEDET; ELLER<br>ENHVER ANDRE FORHOLD VEDR\u00d8RENDE WEBSITETS INDHOLD, DIGITAL INFORMATION ELLER WEBSITETS TJENESTER.<br>NOGLE STATER TILLADER IKKE UDELUKKELSEN ELLER BEGR\u00c6NSNING AF TILF\u00c6LDIGE SKADER ELLER F\u00d8LGESKADER, S\u00c5 OVENST\u00c5ENDE BEGR\u00c6NSNING ELLER UDELUKKELSE G\u00c6LDER MULIGVIS IKKE FOR DIG. DENNE GARANTI GIVER DIG SPECIFIKKE JURIDISKE RETTIGHEDER, OG DU KAN HAVE ANDRE RETTIGHEDER, SOM VARIERER FRA STAT TIL STAT.<\/p>\n\n\n\n<p>IX. Afslutning<br>3TOP kan, efter eget sk\u00f8n, opsige din brug eller adgang til webstedets indhold, digitale oplysninger eller webstedstjenester og fjerne og kassere webstedsindhold, digitale oplysninger eller webstedstjenester til enhver tid uden varsel, uanset \u00e5rsag, herunder, men ikke begr\u00e6nset til, adf\u00e6rd, der overtr\u00e6der disse vilk\u00e5r for brug eller andre politikker eller retningslinjer angivet af 3TOP andre steder i webstedets indholdstjenester. 3TOP vil under ingen omst\u00e6ndigheder v\u00e6re ansvarlig over for dig eller nogen tredjepart for nogen opsigelse af din brug eller adgang til webstedets indhold, digitale oplysninger eller webstedstjenester.<\/p>\n\n\n\n<p>X. Lovvalg<br>Enhver tvist, der opst\u00e5r fra eller i forbindelse med denne aftale, vil v\u00e6re underlagt lovgivningen i Commonwealth of Pennsylvania, eksklusive dets lovvalgsregler. De statslige og f\u00f8derale domstole i Pennsylvania er det eksklusive forum og m\u00f8dested for at l\u00f8se enhver og alle tvister, der opst\u00e5r som f\u00f8lge af eller p\u00e5 anden m\u00e5de relateret til disse brugsbetingelser eller denne aftale. Dit samtykke til personlig jurisdiktion og v\u00e6rneting til statens og f\u00f8derale domstole i Pennsylvania er givet af din brug eller adgang til webstedets indhold, digitale oplysninger eller webstedstjenester.<\/p>\n\n\n\n<p>XI. Adskillelighed<br>Hvis en bestemmelse i denne aftale skal anses for at v\u00e6re ugyldig, ikke-gennemf\u00f8rlig eller ulovlig, skal denne bestemmelse anses for at v\u00e6re afl\u00f8st af en gyldig, h\u00e5ndh\u00e6ver bestemmelse, der bedst matcher hensigten med den oprindelige bestemmelse og skal p\u00e5 ingen m\u00e5de p\u00e5virke gyldigheden eller h\u00e5ndh\u00e6velsen af de resterende bestemmelser.<\/p>","protected":false},"excerpt":{"rendered":"These Terms and Conditions of Use (hereinafter \u201cTerms of Use\u201d) apply to the websites \u2014 www.ruiqigo.com \u2014 (collectively, the \u201c3TOP Website\u201d), which are owned and operated by 3TOP, Inc. (hereinafter \u201c3TOP\u201d). These Terms of Use, together with our Privacy Policy and Cookie Policy, collectively form an agreement (hereinafter \u201cAgreement\u201d) between you, the end user, and [&hellip;]","protected":false},"author":9,"featured_media":0,"parent":0,"menu_order":0,"comment_status":"closed","ping_status":"closed","template":"","meta":{"footnotes":""},"class_list":["post-63","page","type-page","status-publish","hentry"],"acf":[],"_links":{"self":[{"href":"https:\/\/www.ruiqigo.com\/da\/wp-json\/wp\/v2\/pages\/63","targetHints":{"allow":["GET"]}}],"collection":[{"href":"https:\/\/www.ruiqigo.com\/da\/wp-json\/wp\/v2\/pages"}],"about":[{"href":"https:\/\/www.ruiqigo.com\/da\/wp-json\/wp\/v2\/types\/page"}],"author":[{"embeddable":true,"href":"https:\/\/www.ruiqigo.com\/da\/wp-json\/wp\/v2\/users\/9"}],"replies":[{"embeddable":true,"href":"https:\/\/www.ruiqigo.com\/da\/wp-json\/wp\/v2\/comments?post=63"}],"version-history":[{"count":0,"href":"https:\/\/www.ruiqigo.com\/da\/wp-json\/wp\/v2\/pages\/63\/revisions"}],"wp:attachment":[{"href":"https:\/\/www.ruiqigo.com\/da\/wp-json\/wp\/v2\/media?parent=63"}],"curies":[{"name":"wp","href":"https:\/\/api.w.org\/{rel}","templated":true}]}}