{"id":64,"date":"2024-04-26T00:55:27","date_gmt":"2024-04-25T16:55:27","guid":{"rendered":"https:\/\/ruiqigo.com\/?page_id=64"},"modified":"2024-12-24T10:07:42","modified_gmt":"2024-12-24T02:07:42","slug":"privacy-policy","status":"publish","type":"page","link":"https:\/\/www.ruiqigo.com\/da\/privacy-policy","title":{"rendered":"Privatlivspolitik"},"content":{"rendered":"<h3 class=\"wp-block-heading\">Hvilke oplysninger indsamler vi?<\/h3>\n\n\n\n<p>Vi indsamler oplysninger fra dig, n\u00e5r du registrerer dig p\u00e5 siden, afgiver en ordre, deltager i en konkurrence eller lodtr\u00e6kninger, svarer p\u00e5 en unders\u00f8gelse eller kommunikation s\u00e5som e-mail eller deltager i en anden sidefunktion. N\u00e5r du bestiller eller registrerer dig, kan vi bede dig om dit navn, e-mailadresse, postadresse, telefonnummer, kreditkortoplysninger eller andre oplysninger. Du kan dog bes\u00f8ge vores side anonymt. Vi indsamler ogs\u00e5 oplysninger om gavemodtagere, s\u00e5 vi kan gennemf\u00f8re gavek\u00f8bet. De oplysninger, vi indsamler om gavemodtagere, bruges ikke til markedsf\u00f8ringsform\u00e5l. Som mange andre websteder bruger vi &quot;cookies&quot; til at forbedre din oplevelse og indsamle information om bes\u00f8gende og bes\u00f8g p\u00e5 vores websteder. Se venligst &quot;Bruger vi &#039;cookies&#039;?&quot; afsnittet nedenfor for information om cookies og hvordan vi bruger dem.<\/p>\n\n\n\n<h3 class=\"wp-block-heading\">Hvordan bruger vi dine oplysninger?<\/h3>\n\n\n\n<p>Vi kan bruge de oplysninger, vi indsamler fra dig, n\u00e5r du registrerer dig, k\u00f8ber produkter, deltager i en konkurrence eller kampagne, svarer p\u00e5 en unders\u00f8gelse eller marketingkommunikation, surfer p\u00e5 webstedet eller bruger visse andre webstedsfunktioner p\u00e5 f\u00f8lgende m\u00e5der: For at tilpasse din oplevelse p\u00e5 webstedet og give os mulighed for at levere den type indhold og produkttilbud, som du er mest interesseret i. For at give os mulighed for bedre at servicere dig med at svare p\u00e5 dine kundeserviceanmodninger. For hurtigt at behandle dine transaktioner. For at administrere en konkurrence, promovering, unders\u00f8gelse eller anden sidefunktion. Hvis du har valgt at modtage vores e-mail nyhedsbrev, kan vi sende dig periodiske e-mails. Hvis du ikke l\u00e6ngere \u00f8nsker at modtage salgsfremmende e-mails fra os, se venligst afsnittet &quot;Tilbagetr\u00e6kning af dit samtykke&quot; nedenfor. Hvis du ikke har tilmeldt dig at modtage e-mail nyhedsbreve, vil du ikke modtage disse e-mails. Bes\u00f8gende, der registrerer sig eller deltager i andre webstedsfunktioner, s\u00e5som marketingprogrammer og &#039;kun for medlemmer&#039;-indhold, vil f\u00e5 mulighed for at v\u00e6lge, om de vil v\u00e6re p\u00e5 vores e-mail-liste og modtage e-mail-kommunikation fra os.<\/p>\n\n\n\n<h3 class=\"wp-block-heading\">Hvordan beskytter vi bes\u00f8gendes oplysninger?<\/h3>\n\n\n\n<p>Vi implementerer en r\u00e6kke sikkerhedsforanstaltninger for at opretholde sikkerheden af dine personlige oplysninger. Dine personlige oplysninger er indeholdt bag sikrede netv\u00e6rk og er kun tilg\u00e6ngelige for et begr\u00e6nset antal personer, som har s\u00e6rlige adgangsrettigheder til s\u00e5danne systemer, og som er forpligtet til at holde oplysningerne fortrolige. N\u00e5r du afgiver ordrer eller f\u00e5r adgang til dine personlige oplysninger, tilbyder vi brugen af en sikker server. Alle f\u00f8lsomme\/kreditoplysninger, du leverer, overf\u00f8res via Secure Socket Layer (SSL) teknologi og krypteres derefter i vores databaser, s\u00e5 der kun er adgang til dem som angivet ovenfor.<\/p>\n\n\n\n<h3 class=\"wp-block-heading\">Bruger vi &quot;cookies&quot;?<\/h3>\n\n\n\n<p>Ja. Cookies er sm\u00e5 filer, som et websted eller dets tjenesteudbyder overf\u00f8rer til din computers harddisk via din webbrowser (hvis du tillader det), som g\u00f8r det muligt for webstedets eller tjenesteudbyderens systemer at genkende din browser og fange og huske visse oplysninger. For eksempel bruger vi cookies til at hj\u00e6lpe os med at huske og behandle varerne i din indk\u00f8bskurv. De bruges ogs\u00e5 til at hj\u00e6lpe os med at forst\u00e5 dine pr\u00e6ferencer baseret p\u00e5 tidligere eller nuv\u00e6rende webstedsaktivitet, hvilket g\u00f8r det muligt for os at give dig forbedrede tjenester. Vi bruger ogs\u00e5 cookies til at hj\u00e6lpe os med at kompilere samlede data om webstedstrafik og webstedsinteraktion, s\u00e5 vi kan tilbyde bedre webstedsoplevelser og v\u00e6rkt\u00f8jer i fremtiden. Vi kan indg\u00e5 kontrakter med tredjepartstjenesteudbydere for at hj\u00e6lpe os med at forst\u00e5 vores bes\u00f8gende bedre. Disse tjenesteudbydere har ikke tilladelse til at bruge de oplysninger, der er indsamlet p\u00e5 vores vegne, undtagen for at hj\u00e6lpe os med at udf\u00f8re og forbedre vores forretning. Du kan v\u00e6lge at f\u00e5 din computer til at advare dig, hver gang der sendes en cookie, eller du kan v\u00e6lge at sl\u00e5 alle cookies fra. Du g\u00f8r dette via dine browserindstillinger (som Google Chrome, Microsoft Edge eller Safari). Hver browser er lidt forskellig, s\u00e5 kig p\u00e5 din browsers &#039;Hj\u00e6lp&#039;-menu for at l\u00e6re den korrekte m\u00e5de at \u00e6ndre dine cookies p\u00e5. Hvis du sl\u00e5r cookies fra, vil du ikke have adgang til mange funktioner, der g\u00f8r din sideoplevelse mere effektiv, og nogle af vores tjenester vil ikke fungere korrekt. Du kan dog stadig afgive bestillinger over telefonen ved at kontakte kundeservice.<\/p>\n\n\n\n<h3 class=\"wp-block-heading\">Videregiver vi de oplysninger, vi indsamler, til eksterne parter?<\/h3>\n\n\n\n<p>Vi s\u00e6lger, handler eller overf\u00f8rer ikke dine personligt identificerbare oplysninger til eksterne parter, medmindre vi giver dig forudg\u00e5ende varsel, undtagen som beskrevet nedenfor. Udtrykket &quot;udenforst\u00e5ende parter&quot; omfatter ikke vores virksomhed. Det inkluderer heller ikke webstedshostingpartnere og andre parter, der hj\u00e6lper os med at drive vores websted, drive vores forretning eller servicere dig, s\u00e5 l\u00e6nge disse parter er enige om at holde disse oplysninger fortrolige. Vi kan ogs\u00e5 frigive dine oplysninger, n\u00e5r vi mener, at frigivelse er passende for at overholde loven, h\u00e5ndh\u00e6ve vores webstedspolitikker eller beskytte vores eller andres rettigheder, ejendom eller sikkerhed. Ikke-personligt identificerbare bes\u00f8gsoplysninger kan dog gives til andre parter til markedsf\u00f8ring, annoncering eller anden brug. Hvordan kan du frav\u00e6lge, fjerne eller \u00e6ndre oplysninger, du har givet os? For at \u00e6ndre dine e-mail-abonnementer, bedes du give os besked ved at \u00e6ndre dine pr\u00e6ferencer i afsnittet &quot;Min konto&quot;. Bem\u00e6rk venligst, at du p\u00e5 grund af e-mailproduktionsplaner kan modtage e-mails, der allerede er i produktion. For at slette alle dine online kontooplysninger fra vores database skal du logge ind p\u00e5 &quot;Min konto&quot; sektionen p\u00e5 vores websted og fjerne dine forsendelsesadresser, faktureringsadresser og betalingsoplysninger. Bem\u00e6rk venligst, at vi muligvis opbevarer oplysninger om en individuel salgstransaktion for at servicere den p\u00e5g\u00e6ldende transaktion og for registrering. Tredjepartslinks i et fors\u00f8g p\u00e5 at give dig \u00f8get v\u00e6rdi, kan vi inkludere tredjepartslinks p\u00e5 vores websted. Disse linkede websteder har separate og uafh\u00e6ngige privatlivspolitikker. Vi har derfor intet ansvar eller ansvar for indholdet og aktiviteterne p\u00e5 disse linkede sider. Ikke desto mindre s\u00f8ger vi at beskytte integriteten af vores websted og hilser enhver feedback om disse linkede websteder velkommen (inklusive hvis et specifikt link ikke virker). \u00c6ndringer i vores politik, hvis vi beslutter at \u00e6ndre vores privatlivspolitik, vil blive offentliggjort p\u00e5 denne side. Politik\u00e6ndringer vil kun g\u00e6lde for oplysninger indsamlet efter datoen for \u00e6ndringen. Denne politik blev senest \u00e6ndret den 25. maj 2018.<\/p>\n\n\n\n<h3 class=\"wp-block-heading\">Sp\u00f8rgsm\u00e5l og feedback<\/h3>\n\n\n\n<p>Vi gl\u00e6der os over dine sp\u00f8rgsm\u00e5l, kommentarer og bekymringer om privatlivets fred. Send os venligst feedback om privatliv eller andre problemer. Kun onlinepolitik. Denne online privatlivspolitik g\u00e6lder kun for information indsamlet via vores hjemmeside og ikke for information indsamlet offline.<\/p>\n\n\n\n<h3 class=\"wp-block-heading\">Dit samtykke<\/h3>\n\n\n\n<p>Ved at foretage et k\u00f8b via vores hjemmeside eller indsende en foresp\u00f8rgsel med personlige eller forretningsoplysninger for at indhente et tilbud eller foretage en betaling p\u00e5 nogen m\u00e5de for en ordre eller s\u00f8rge for en levering, giver du samtykke til, at vi indsamler, opbevarer og bruger disse oplysninger til din fordel og\/eller for at forbedre vores tjenester og tilbud. Ved at g\u00f8re det giver du ogs\u00e5 samtykke til, at vi afsl\u00f8rer, at du er MugFactory-kunde, og giver ogs\u00e5 samtykke til, at vi bruger navnet p\u00e5 din virksomhed, logo og emballage med det form\u00e5l at fremvise vores produkter og tjenester, medmindre andet er angivet.<\/p>\n\n\n\n<h3 class=\"wp-block-heading\">Tilbagetr\u00e6kning af dit samtykke<\/h3>\n\n\n\n<p>Du kan til enhver tid v\u00e6lge at tr\u00e6kke dit samtykke til MugFactorys indsamling, brug eller videregivelse af dine oplysninger tilbage ved at kontakte os. MugFactory forbeholder sig retten til at beholde enhver information, der tidligere er indsamlet for at udf\u00f8re ordrer eller for at l\u00f8se eventuelle tvister eller unders\u00f8gelser. N\u00e5r vi bes\u00f8ger vores hjemmeside, modtager vi automatisk din enheds internetprotokol (IP) adresse, grov geografisk region og andre grundl\u00e6ggende oplysninger om din browser og operativsystem for bedre at hj\u00e6lpe og give en bedre, mere tilpasset oplevelse til vores kunder.<\/p>","protected":false},"excerpt":{"rendered":"What information do we collect? We collect information from you when you register on the site, place an order, enter a contest or sweepstakes, respond to a survey or communication such as e-mail, or participate in another site feature. When ordering or registering, we may ask you for your name, e-mail address, mailing address, phone [&hellip;]","protected":false},"author":9,"featured_media":0,"parent":0,"menu_order":0,"comment_status":"closed","ping_status":"closed","template":"","meta":{"footnotes":""},"class_list":["post-64","page","type-page","status-publish","hentry"],"acf":[],"_links":{"self":[{"href":"https:\/\/www.ruiqigo.com\/da\/wp-json\/wp\/v2\/pages\/64","targetHints":{"allow":["GET"]}}],"collection":[{"href":"https:\/\/www.ruiqigo.com\/da\/wp-json\/wp\/v2\/pages"}],"about":[{"href":"https:\/\/www.ruiqigo.com\/da\/wp-json\/wp\/v2\/types\/page"}],"author":[{"embeddable":true,"href":"https:\/\/www.ruiqigo.com\/da\/wp-json\/wp\/v2\/users\/9"}],"replies":[{"embeddable":true,"href":"https:\/\/www.ruiqigo.com\/da\/wp-json\/wp\/v2\/comments?post=64"}],"version-history":[{"count":0,"href":"https:\/\/www.ruiqigo.com\/da\/wp-json\/wp\/v2\/pages\/64\/revisions"}],"wp:attachment":[{"href":"https:\/\/www.ruiqigo.com\/da\/wp-json\/wp\/v2\/media?parent=64"}],"curies":[{"name":"wp","href":"https:\/\/api.w.org\/{rel}","templated":true}]}}