{"id":7,"date":"2024-04-24T15:36:45","date_gmt":"2024-04-24T07:36:45","guid":{"rendered":"https:\/\/ruiqigo.com\/?page_id=7"},"modified":"2026-03-18T11:16:16","modified_gmt":"2026-03-18T03:16:16","slug":"about","status":"publish","type":"page","link":"https:\/\/www.ruiqigo.com\/da\/about","title":{"rendered":"Om os"},"content":{"rendered":"<div data-elementor-type=\"wp-page\" data-elementor-id=\"7\" class=\"elementor elementor-7\" data-elementor-post-type=\"page\">\n\t\t\t\t<div class=\"elementor-element elementor-element-d10c7eb e-flex e-con-boxed e-con e-parent\" data-id=\"d10c7eb\" data-element_type=\"container\" data-e-type=\"container\">\n\t\t\t\t\t<div class=\"e-con-inner\">\n\t\t<div class=\"elementor-element elementor-element-9b6fcdb e-con-full e-flex e-con e-child\" data-id=\"9b6fcdb\" data-element_type=\"container\" data-e-type=\"container\">\n\t\t\t\t<div class=\"elementor-element elementor-element-4b5b7e6 elementor-widget__width-inherit elementor-widget elementor-widget-heading\" data-id=\"4b5b7e6\" data-element_type=\"widget\" data-e-type=\"widget\" data-widget_type=\"heading.default\">\n\t\t\t\t<div class=\"elementor-widget-container\">\n\t\t\t\t\t<h2 class=\"elementor-heading-title elementor-size-default\">Hvem vi er<\/h2>\t\t\t\t<\/div>\n\t\t\t\t<\/div>\n\t\t\t\t<div class=\"elementor-element elementor-element-59e7b52 elementor-widget__width-inherit elementor-widget elementor-widget-text-editor\" data-id=\"59e7b52\" data-element_type=\"widget\" data-e-type=\"widget\" data-widget_type=\"text-editor.default\">\n\t\t\t\t<div class=\"elementor-widget-container\">\n\t\t\t\t\t\t\t\t\t<p>En kvalitets-, omkostningseffektiv og resultatorienteret partner til dig.<\/p>\t\t\t\t\t\t\t\t<\/div>\n\t\t\t\t<\/div>\n\t\t\t\t<div class=\"elementor-element elementor-element-baf9d12 elementor-widget__width-initial elementor-widget-tablet__width-inherit elementor-widget elementor-widget-text-editor\" data-id=\"baf9d12\" data-element_type=\"widget\" data-e-type=\"widget\" data-widget_type=\"text-editor.default\">\n\t\t\t\t<div class=\"elementor-widget-container\">\n\t\t\t\t\t\t\t\t\t<p>3TOP er et propriet\u00e6rt m\u00e6rke tilh\u00f8rende RuiqiGO, et datterselskab af Sanzhuangyuan Biotechnology, som har v\u00e6ret f\u00f8rende inden for sk\u00f8nheds- og personlig plejeindustrien i over 20 \u00e5r. Virksomheden har nu en storstilet, fuldt udstyret daglig kemisk fabrik, der specialiserer sig i forarbejdning af alle former for daglige kemiske produkter.<\/p>\n<!-- \/wp:paragraph --><!-- wp:paragraph -->\n<p>De vigtigste daglige kemiske behandlingstjenester hos 3TOP omfatter alle former for\u00a0<a href=\"https:\/\/www.ruiqigo.com\/da\/products\/hair-care\/\" target=\"_blank\" rel=\"noopener\">fremstilling af h\u00e5rplejeprodukter<\/a>,\u00a0<a href=\"https:\/\/www.ruiqigo.com\/da\/products\/body-care\/\" target=\"_blank\" rel=\"noopener\">fremstilling af krops- og hudplejeprodukter<\/a>,\u00a0<a href=\"https:\/\/www.ruiqigo.com\/da\/products\/oral-care\/\" target=\"_blank\" rel=\"noopener\">fremstilling af mundplejeprodukter<\/a>, og\u00a0<a href=\"https:\/\/www.ruiqigo.com\/da\/products\/facial-care\/\" target=\"_blank\" rel=\"noopener\">fremstilling af ansigtsplejeprodukter<\/a>. Som en professionel daglig kemikaliefabrik kan 3TOP ikke kun levere alle slags private label daglige kemikalier, men ogs\u00e5 levere\u00a0<a href=\"https:\/\/www.ruiqigo.com\/da\/service\/\" target=\"_blank\" rel=\"noopener\">daglige kemikalier OEM og ODM tjenester<\/a>\u00a0til daglige kemikalier og kan hj\u00e6lpe kunder med at udvikle deres egen daglige kemikalieforretning fra design af daglige kemikalier, produktion af daglige kemikalier og design af emballage til daglige kemikalier.<\/p>\n<p>Til dedikerede produktionsprogrammer for mundskyl og \u00e5ndedr\u00e6tsspray driver vi ogs\u00e5 en specialiseret platform til mundpleje: <a href=\"https:\/\/oralabx.com\/mouthwash-oem-manufacturer\/\" target=\"_blank\" rel=\"noopener\">Producent af private label-mundskyllemiddel<\/a>.<\/p>\t\t\t\t\t\t\t\t<\/div>\n\t\t\t\t<\/div>\n\t\t\t\t<div class=\"elementor-element elementor-element-7d98755 elementor-widget__width-initial elementor-widget-tablet__width-inherit elementor-widget elementor-widget-image\" data-id=\"7d98755\" data-element_type=\"widget\" data-e-type=\"widget\" data-widget_type=\"image.default\">\n\t\t\t\t<div class=\"elementor-widget-container\">\n\t\t\t\t\t\t\t\t\t\t\t\t\t\t\t<img fetchpriority=\"high\" decoding=\"async\" width=\"900\" height=\"500\" src=\"https:\/\/www.ruiqigo.com\/wp-content\/uploads\/2024\/08\/About-Us.jpg\" class=\"attachment-full size-full wp-image-941\" alt=\"daglig kemisk behandling\" srcset=\"https:\/\/www.ruiqigo.com\/wp-content\/uploads\/2024\/08\/About-Us.jpg 900w, https:\/\/www.ruiqigo.com\/wp-content\/uploads\/2024\/08\/About-Us-768x427.jpg 768w\" sizes=\"(max-width: 900px) 100vw, 900px\" \/>\t\t\t\t\t\t\t\t\t\t\t\t\t\t\t<\/div>\n\t\t\t\t<\/div>\n\t\t\t\t<div class=\"elementor-element elementor-element-f228ce6 elementor-widget__width-initial elementor-widget-tablet__width-inherit elementor-widget elementor-widget-video\" data-id=\"f228ce6\" data-element_type=\"widget\" data-e-type=\"widget\" data-settings=\"{&quot;youtube_url&quot;:&quot;https:\\\/\\\/youtu.be\\\/t-G1J8qjwMY&quot;,&quot;autoplay&quot;:&quot;yes&quot;,&quot;loop&quot;:&quot;yes&quot;,&quot;video_type&quot;:&quot;youtube&quot;,&quot;controls&quot;:&quot;yes&quot;}\" data-widget_type=\"video.default\">\n\t\t\t\t<div class=\"elementor-widget-container\">\n\t\t\t\t\t\t\t<div class=\"elementor-wrapper elementor-open-inline\">\n\t\t\t<div class=\"elementor-video\"><\/div>\t\t<\/div>\n\t\t\t\t\t\t<\/div>\n\t\t\t\t<\/div>\n\t\t\t\t<div class=\"elementor-element elementor-element-df1cfca elementor-widget__width-initial elementor-widget-tablet__width-inherit elementor-widget elementor-widget-text-editor\" data-id=\"df1cfca\" data-element_type=\"widget\" data-e-type=\"widget\" data-widget_type=\"text-editor.default\">\n\t\t\t\t<div class=\"elementor-widget-container\">\n\t\t\t\t\t\t\t\t\t<p>Med et st\u00e6rkt engagement i kvalitet og kundetilfredshed har fabrikken i 3TOP en m\u00e5nedlig produktionskapacitet p\u00e5 over 200.000 tons shampoo og kropsvask og en \u00e5rlig eksportm\u00e6ngde p\u00e5 over 250 tons. Fabrikken er udstyret med avancerede produktionslinjer, herunder et steriliseringsrum, r\u00e5varelager, batchrum, dispenseringsrum, p\u00e5fyldningslinje og pakkelinje. Fabrikken har ogs\u00e5 et omfattende kvalitetsstyringssystem med streng kvalitetstest fra r\u00e5varevalg til f\u00e6rdigvareemballage. Derudover har fabrikken en stor produktionskapacitet og hurtig reaktionsevne, der g\u00f8r det muligt hurtigt at tilpasse sig \u00e6ndringer i markedet.<\/p>\t\t\t\t\t\t\t\t<\/div>\n\t\t\t\t<\/div>\n\t\t\t\t<\/div>\n\t\t\t\t<div class=\"elementor-element elementor-element-4eb5aaf6 elementor-widget elementor-widget-text-editor\" data-id=\"4eb5aaf6\" data-element_type=\"widget\" data-e-type=\"widget\" data-widget_type=\"text-editor.default\">\n\t\t\t\t<div class=\"elementor-widget-container\">\n\t\t\t\t\t\t\t\t\t<!-- wp:heading {\"textAlign\":\"center\",\"style\":{\"color\":{\"text\":\"#007f44\"},\"elements\":{\"link\":{\"color\":{\"text\":\"#007f44\"}}}},\"fontSize\":\"x-large\"} -->\n<div class=\"wp-block-columns are-vertically-aligned-center mb-40\">\n<div class=\"wp-block-column is-vertically-aligned-center\"><!-- \/wp:paragraph --><\/div>\n<!-- \/wp:column --><\/div>\n<!-- \/wp:columns --><!-- wp:columns {\"className\":\"pt-60 pb-60 mb-60\",\"style\":{\"color\":{\"background\":\"#eaeff2\"},\"elements\":{\"link\":{\"color\":{\"text\":\"var:preset|color|black\"}}}},\"textColor\":\"black\"} -->\n<div class=\"wp-block-columns pt-60 pb-60 mb-60 has-black-color has-text-color has-background has-link-color\" style=\"background-color: #eaeff2;\"><!-- wp:column -->\n<div class=\"wp-block-column\"><!-- wp:heading {\"textAlign\":\"center\",\"level\":3} -->\n<h3 class=\"wp-block-heading has-text-align-center\"><strong>20+ \u00e5r<\/strong><\/h3>\n<!-- \/wp:heading --><!-- wp:paragraph {\"align\":\"center\"} -->\n<p class=\"has-text-align-center\">20 \u00e5rs erfaring med dyrkning af teolie<\/p>\n<!-- \/wp:paragraph --><\/div>\n<!-- \/wp:column --><!-- wp:column -->\n<div class=\"wp-block-column\"><!-- wp:heading {\"textAlign\":\"center\",\"level\":3} -->\n<h3 class=\"wp-block-heading has-text-align-center\"><strong>10,000<\/strong>m<sup>2<\/sup><\/h3>\n<!-- \/wp:heading --><!-- wp:paragraph {\"align\":\"center\"} -->\n<p class=\"has-text-align-center\">10.000 hektar teolie plantage<\/p>\n<!-- \/wp:paragraph --><\/div>\n<!-- \/wp:column --><!-- wp:column -->\n<div class=\"wp-block-column\"><!-- wp:heading {\"textAlign\":\"center\",\"level\":3} -->\n<h3 class=\"wp-block-heading has-text-align-center\"><strong>200,000<\/strong><\/h3>\n<!-- \/wp:heading --><!-- wp:paragraph {\"align\":\"center\"} -->\n<p class=\"has-text-align-center\">200.000 tons m\u00e5nedlig produktion<\/p>\n<!-- \/wp:paragraph --><\/div>\n<!-- \/wp:column --><\/div>\n<!-- \/wp:columns --><!-- wp:paragraph {\"align\":\"center\",\"style\":{\"color\":{\"text\":\"#007f44\"},\"elements\":{\"link\":{\"color\":{\"text\":\"#007f44\"}}}},\"fontSize\":\"x-large\"} -->\n<p class=\"has-text-align-center has-text-color has-link-color has-x-large-font-size\" style=\"color: #007f44;\"><strong>Hvad vi g\u00f8r<\/strong><\/p>\n<!-- \/wp:paragraph --><!-- wp:paragraph {\"align\":\"center\",\"style\":{\"color\":{\"text\":\"#6c757d\"},\"elements\":{\"link\":{\"color\":{\"text\":\"#6c757d\"}}}}} -->\n<p class=\"has-text-align-center has-text-color has-link-color\" style=\"color: #6c757d;\">Vi tilbyder tjenester dedikeret til at opfylde din vision<\/p>\n<!-- \/wp:paragraph --><!-- wp:columns {\"className\":\"mb-60\"} -->\n<div class=\"wp-block-columns mb-60\"><!-- wp:column {\"style\":{\"color\":{\"background\":\"#eaeff2\"}}} -->\n<div class=\"wp-block-column has-background\" style=\"background-color: #eaeff2;\"><!-- wp:image {\"id\":953,\"sizeSlug\":\"full\",\"linkDestination\":\"none\"} -->\n<figure class=\"wp-block-image size-full\"><img decoding=\"async\" width=\"600\" height=\"400\" class=\"wp-image-953\" src=\"https:\/\/ruiqigo.com\/wp-content\/uploads\/2024\/08\/Customized-formulas.jpg\" alt=\"Tilpas formler til daglig brug\" \/><\/figure>\n<!-- \/wp:image --><!-- wp:group {\"className\":\"pl-20 pr-20 pt-30 pb-30\",\"layout\":{\"type\":\"constrained\"}} -->\n<div class=\"wp-block-group pl-20 pr-20 pt-30 pb-30\"><!-- wp:heading {\"textAlign\":\"center\",\"level\":3} -->\n<h3 class=\"wp-block-heading has-text-align-center\"><strong>Tilpassede formler<\/strong><\/h3>\n<!-- \/wp:heading --><!-- wp:paragraph -->\n<p>Har du ikke en opskrift at lave, men vil du starte dit brand? Kontakt os! Vi vil pr\u00f8ve at m\u00e6rke dit brandform\u00e5l, arbejde sammen med dig om at tilpasse formlen og producere de produkter, du \u00f8nsker, i \u00e9t stop!<\/p>\n<!-- \/wp:paragraph --><\/div>\n<!-- \/wp:group --><\/div>\n<!-- \/wp:column --><!-- wp:column {\"style\":{\"color\":{\"background\":\"#eaeff2\"}}} -->\n<div class=\"wp-block-column has-background\" style=\"background-color: #eaeff2;\"><!-- wp:image {\"id\":954,\"sizeSlug\":\"full\",\"linkDestination\":\"none\"} -->\n<figure class=\"wp-block-image size-full\"><img decoding=\"async\" width=\"600\" height=\"400\" class=\"wp-image-954\" src=\"https:\/\/ruiqigo.com\/wp-content\/uploads\/2024\/08\/Ready-made-recipes.jpg\" alt=\"F\u00e6rdiglavede opskrifter\" \/><\/figure>\n<!-- \/wp:image --><!-- wp:group {\"className\":\"pl-20 pr-20 pt-30 pb-30\",\"layout\":{\"type\":\"constrained\"}} -->\n<div class=\"wp-block-group pl-20 pr-20 pt-30 pb-30\"><!-- wp:heading {\"textAlign\":\"center\",\"level\":3} -->\n<h3 class=\"wp-block-heading has-text-align-center\"><strong>F\u00e6rdiglavede opskrifter<\/strong><\/h3>\n<!-- \/wp:heading --><!-- wp:paragraph -->\n<p>Vil du producere en bestemt vare, men kender ikke opskriften? Har du nogle ideer, men ingen fornuftig opskrift? Arbejd sammen med os for at l\u00f8se dine formulerings- og produktionsproblemer. V\u00e6lg blandt de opskrifter, vi har, og lav et par justeringer for at realisere dit produkt.<\/p>\n<!-- \/wp:paragraph --><\/div>\n<!-- \/wp:group --><\/div>\n<!-- \/wp:column --><!-- wp:column {\"style\":{\"color\":{\"background\":\"#eaeff2\"}}} -->\n<div class=\"wp-block-column has-background\" style=\"background-color: #eaeff2;\"><!-- wp:image {\"id\":956,\"sizeSlug\":\"full\",\"linkDestination\":\"none\"} -->\n<figure class=\"wp-block-image size-full\"><img loading=\"lazy\" decoding=\"async\" width=\"600\" height=\"400\" class=\"wp-image-956\" src=\"https:\/\/ruiqigo.com\/wp-content\/uploads\/2024\/08\/Customizable-packaging.jpg\" alt=\"Tilpas daglig brugsemballage\" \/><\/figure>\n<!-- \/wp:image --><!-- wp:group {\"className\":\"pl-20 pr-20 pt-30 pb-30\",\"layout\":{\"type\":\"constrained\"}} -->\n<div class=\"wp-block-group pl-20 pr-20 pt-30 pb-30\"><!-- wp:heading {\"textAlign\":\"center\",\"level\":3} -->\n<h3 class=\"wp-block-heading has-text-align-center\"><strong>Tilpasset emballage<\/strong><\/h3>\n<!-- \/wp:heading --><!-- wp:paragraph -->\n<p>Til daglige plejeprodukter er smuk emballage et symbol p\u00e5 deres h\u00f8je kvalitet og gode r\u00e5varer. Vi har erfaring med at designe emballage til produkter, s\u00e5 samarbejde med os, og vi kan designe en pakke, der vil s\u00e6tte prikken over i&#039;et.<\/p>\n<!-- \/wp:paragraph --><\/div>\n<!-- \/wp:group --><\/div>\n<!-- \/wp:column --><!-- wp:column {\"style\":{\"color\":{\"background\":\"#eaeff2\"}}} -->\n<div class=\"wp-block-column has-background\" style=\"background-color: #eaeff2;\"><!-- wp:image {\"id\":957,\"sizeSlug\":\"full\",\"linkDestination\":\"none\"} -->\n<figure class=\"wp-block-image size-full\"><img decoding=\"async\" class=\"wp-image-957\" src=\"https:\/\/ruiqigo.com\/wp-content\/uploads\/2024\/08\/Sustainable-manner.jpg\" alt=\"B\u00e6redygtig m\u00e5de\" \/><\/figure>\n<!-- \/wp:image --><!-- wp:group {\"className\":\"pl-20 pr-20 pt-30 pb-30\",\"layout\":{\"type\":\"constrained\"}} -->\n<div class=\"wp-block-group pl-20 pr-20 pt-30 pb-30\"><!-- wp:heading {\"textAlign\":\"center\",\"level\":3} -->\n<h3 class=\"wp-block-heading has-text-align-center\"><strong>B\u00e6redygtig m\u00e5de<\/strong><\/h3>\n<!-- \/wp:heading --><!-- wp:paragraph -->\n<p>T\u00e6nker du p\u00e5 b\u00e6redygtighed? Vores fabrikker er forpligtet til en b\u00e6redygtig produktionsfilosofi, og vores produkter er fulde af b\u00e6redygtige farver, et partnerskab med os kan bidrage til din b\u00e6redygtige vision.<\/p>\n<!-- \/wp:paragraph --><\/div>\n<!-- \/wp:group --><\/div>\n<!-- \/wp:column --><\/div>\n<!-- \/wp:columns --><!-- wp:paragraph {\"align\":\"center\",\"style\":{\"color\":{\"text\":\"#007f44\"},\"elements\":{\"link\":{\"color\":{\"text\":\"#007f44\"}}}},\"fontSize\":\"x-large\"} -->\n<p class=\"has-text-align-center has-text-color has-link-color has-x-large-font-size\" style=\"color: #007f44;\"><strong>Vi hj\u00e6lper dig<\/strong><\/p>\n<!-- \/wp:paragraph --><!-- wp:columns {\"className\":\"mb-60\"} -->\n<div class=\"wp-block-columns mb-60\"><!-- wp:column -->\n<div class=\"wp-block-column\"><!-- wp:cover {\"url\":\"https:\/\/ruiqigo.com\/wp-content\/uploads\/2024\/08\/1.-Help-you-build-your-own-brand.jpg\",\"id\":959,\"dimRatio\":30,\"overlayColor\":\"black\",\"isUserOverlayColor\":true,\"isDark\":false,\"layout\":{\"type\":\"constrained\"}} -->\n<div class=\"wp-block-cover is-light\"><img loading=\"lazy\" decoding=\"async\" width=\"600\" height=\"400\" class=\"wp-block-cover__image-background wp-image-959\" src=\"https:\/\/ruiqigo.com\/wp-content\/uploads\/2024\/08\/1.-Help-you-build-your-own-brand.jpg\" alt=\"\" data-object-fit=\"cover\" \/>\n<div class=\"wp-block-cover__inner-container\"><!-- wp:paragraph {\"align\":\"center\",\"style\":{\"elements\":{\"link\":{\"color\":{\"text\":\"var:preset|color|white\"}}},\"typography\":{\"fontSize\":\"24px\"}},\"textColor\":\"white\"} -->\n<p class=\"has-text-align-center has-white-color has-text-color has-link-color\" style=\"font-size: 24px;\">1. Hj\u00e6lp dig med at opbygge dit eget brand<\/p>\n<!-- \/wp:paragraph --><\/div>\n<\/div>\n<!-- \/wp:cover --><\/div>\n<!-- \/wp:column --><!-- wp:column -->\n<div class=\"wp-block-column\"><!-- wp:cover {\"url\":\"https:\/\/ruiqigo.com\/wp-content\/uploads\/2024\/08\/2.-Help-you-produce-products-that-meet-the-specific-needs-of-beauty-salons.jpg\",\"id\":960,\"dimRatio\":30,\"overlayColor\":\"black\",\"isUserOverlayColor\":true,\"isDark\":false,\"layout\":{\"type\":\"constrained\"}} -->\n<div class=\"wp-block-cover is-light\"><img loading=\"lazy\" decoding=\"async\" width=\"600\" height=\"400\" class=\"wp-block-cover__image-background wp-image-960\" src=\"https:\/\/ruiqigo.com\/wp-content\/uploads\/2024\/08\/2.-Help-you-produce-products-that-meet-the-specific-needs-of-beauty-salons.jpg\" alt=\"\" data-object-fit=\"cover\" \/>\n<div class=\"wp-block-cover__inner-container\"><!-- wp:paragraph {\"align\":\"center\",\"placeholder\":\"\u7f16\u5199\u6807\u9898\u2026\",\"style\":{\"elements\":{\"link\":{\"color\":{\"text\":\"var:preset|color|white\"}}},\"typography\":{\"fontSize\":\"24px\"}},\"textColor\":\"white\"} -->\n<p class=\"has-text-align-center has-white-color has-text-color has-link-color\" style=\"font-size: 24px;\">2. Hj\u00e6lp dig med at producere produkter, der opfylder sk\u00f8nhedssalonernes specifikke behov<\/p>\n<!-- \/wp:paragraph --><\/div>\n<\/div>\n<!-- \/wp:cover --><\/div>\n<!-- \/wp:column --><!-- wp:column -->\n<div class=\"wp-block-column\"><!-- wp:cover {\"url\":\"https:\/\/ruiqigo.com\/wp-content\/uploads\/2024\/08\/3.-Producing-products-with-established-formulations-and-packaging-in-large-quantities-for-you.jpg\",\"id\":961,\"dimRatio\":30,\"overlayColor\":\"black\",\"isUserOverlayColor\":true,\"isDark\":false,\"layout\":{\"type\":\"constrained\"}} -->\n<div class=\"wp-block-cover is-light\"><img loading=\"lazy\" decoding=\"async\" width=\"600\" height=\"400\" class=\"wp-block-cover__image-background wp-image-961\" src=\"https:\/\/ruiqigo.com\/wp-content\/uploads\/2024\/08\/3.-Producing-products-with-established-formulations-and-packaging-in-large-quantities-for-you.jpg\" alt=\"\" data-object-fit=\"cover\" \/>\n<div class=\"wp-block-cover__inner-container\"><!-- wp:paragraph {\"align\":\"center\",\"placeholder\":\"\u7f16\u5199\u6807\u9898\u2026\",\"style\":{\"elements\":{\"link\":{\"color\":{\"text\":\"var:preset|color|white\"}}},\"typography\":{\"fontSize\":\"24px\"}},\"textColor\":\"white\"} -->\n<p class=\"has-text-align-center has-white-color has-text-color has-link-color\" style=\"font-size: 24px;\">3. Fremstilling af produkter med etablerede formuleringer og emballage i store m\u00e6ngder til dig<\/p>\n<!-- \/wp:paragraph --><\/div>\n<\/div>\n<!-- \/wp:cover --><\/div>\n<!-- \/wp:column --><\/div>\n<!-- \/wp:columns --><!-- wp:paragraph {\"align\":\"center\",\"style\":{\"color\":{\"text\":\"#007f44\"},\"elements\":{\"link\":{\"color\":{\"text\":\"#007f44\"}}}},\"fontSize\":\"x-large\"} -->\n<p class=\"has-text-align-center has-text-color has-link-color has-x-large-font-size\" style=\"color: #007f44;\"><strong>Hvorfor v\u00e6lge os<\/strong><\/p>\n<!-- \/wp:paragraph --><!-- wp:paragraph {\"align\":\"center\",\"style\":{\"color\":{\"text\":\"#6c757d\"},\"elements\":{\"link\":{\"color\":{\"text\":\"#6c757d\"}}}}} -->\n<p class=\"has-text-align-center has-text-color has-link-color\" style=\"color: #6c757d;\">Vores fordele er betydningen af dit rigtige valg<\/p>\n<!-- \/wp:paragraph --><!-- wp:list {\"ordered\":true,\"className\":\"mb-60\"} -->\n<ol class=\"wp-block-list mb-60\"><!-- wp:list-item -->\n<li><strong>PRODUKTER AF H\u00d8J KVALITET<\/strong>: Avancerede daglige kemikalieproduktionsfaciliteter og strenge kvalitetskontrolsystemer sikrer, at produkterne lever op til internationale standarder. R\u00e5varer af h\u00f8j kvalitet og streng kontrol med produktionsprocessen sikrer produkternes sikkerhed og effektivitet.<\/li>\n<!-- \/wp:list-item --><!-- wp:list-item -->\n<li><strong>TILPASNING:<\/strong>\u00a0Vi kan tilpasse daglige kemiske produkter til at im\u00f8dekomme vores kunders behov i henhold til deres brandkoncept, m\u00e5lmarked og produktpositionering.<\/li>\n<!-- \/wp:list-item --><!-- wp:list-item -->\n<li><strong>HURTIG SVAR: <\/strong>En effektiv produktionsproces kan hurtigt reagere p\u00e5 dine behov. Vi kan fleksibelt justere produktionsplanen i henhold til din ordrem\u00e6ngde og leveringstid for at sikre rettidig levering af produkter.<\/li>\n<!-- \/wp:list-item --><!-- wp:list-item -->\n<li><strong>PRISFORDEL: <\/strong>3TOP har en omkostningsfordel og kan tilbyde konkurrencedygtige priser til kunderne. Vi kan effektivt kontrollere produktionsomkostningerne og give dig en favorabel pris.<\/li>\n<!-- \/wp:list-item --><!-- wp:list-item -->\n<li><strong>MILJ\u00d8VENLIG EMBALLAGE:<\/strong>\u00a0Vi bruger biologisk nedbrydelige og genanvendelige daglige kemiske emballagematerialer og anvender aktivt milj\u00f8venlige produktionsprocesser for at minimere p\u00e5virkningen af milj\u00f8et.<\/li>\n<!-- \/wp:list-item --><!-- wp:list-item -->\n<li><strong>PROFESSIONELLE TEAM:<\/strong>\u00a0Med et erfarent R&amp;D-team kan vi give dig professionel teknisk support. Vi kan levere formeldesign, emballagedesign, produkttestning og andre tjenester efter dine behov.<\/li>\n<!-- \/wp:list-item --><\/ol>\n<!-- \/wp:list --><!-- wp:paragraph {\"align\":\"center\",\"style\":{\"color\":{\"text\":\"#007f44\"},\"elements\":{\"link\":{\"color\":{\"text\":\"#007f44\"}}}},\"fontSize\":\"x-large\"} -->\n<p class=\"has-text-align-center has-text-color has-link-color has-x-large-font-size\" style=\"color: #007f44;\"><strong>Certifikat<\/strong><\/p>\n<!-- \/wp:paragraph --><!-- wp:columns -->\n<div class=\"wp-block-columns\"><!-- wp:column -->\n<div class=\"wp-block-column\"><!-- wp:image {\"id\":211,\"sizeSlug\":\"full\",\"linkDestination\":\"none\"} -->\n<figure class=\"wp-block-image size-full\"><img loading=\"lazy\" decoding=\"async\" width=\"1200\" height=\"1600\" class=\"wp-image-211\" src=\"https:\/\/ruiqigo.com\/wp-content\/uploads\/2024\/06\/GMP.jpg\" alt=\"Certifikat\" srcset=\"https:\/\/www.ruiqigo.com\/wp-content\/uploads\/2024\/06\/GMP.jpg 1200w, https:\/\/www.ruiqigo.com\/wp-content\/uploads\/2024\/06\/GMP-768x1024.jpg 768w, https:\/\/www.ruiqigo.com\/wp-content\/uploads\/2024\/06\/GMP-1152x1536.jpg 1152w\" sizes=\"(max-width: 1200px) 100vw, 1200px\" \/><\/figure>\n<!-- \/wp:image --><\/div>\n<!-- \/wp:column --><!-- wp:column -->\n<div class=\"wp-block-column\"><!-- wp:image {\"id\":210,\"sizeSlug\":\"full\",\"linkDestination\":\"none\"} -->\n<figure class=\"wp-block-image size-full\"><img loading=\"lazy\" decoding=\"async\" width=\"1200\" height=\"1600\" class=\"wp-image-210\" src=\"https:\/\/ruiqigo.com\/wp-content\/uploads\/2024\/06\/FDA.jpg\" alt=\"Certifikat\" srcset=\"https:\/\/www.ruiqigo.com\/wp-content\/uploads\/2024\/06\/FDA.jpg 1200w, https:\/\/www.ruiqigo.com\/wp-content\/uploads\/2024\/06\/FDA-768x1024.jpg 768w, https:\/\/www.ruiqigo.com\/wp-content\/uploads\/2024\/06\/FDA-1152x1536.jpg 1152w\" sizes=\"(max-width: 1200px) 100vw, 1200px\" \/><\/figure>\n<!-- \/wp:image --><\/div>\n<!-- \/wp:column --><!-- wp:column -->\n<div class=\"wp-block-column\"><!-- wp:image {\"id\":208,\"sizeSlug\":\"full\",\"linkDestination\":\"none\"} -->\n<figure class=\"wp-block-image size-full\"><img loading=\"lazy\" decoding=\"async\" width=\"1200\" height=\"1600\" class=\"wp-image-208\" src=\"https:\/\/ruiqigo.com\/wp-content\/uploads\/2024\/06\/ISO22716.jpg\" alt=\"Certifikat\" srcset=\"https:\/\/www.ruiqigo.com\/wp-content\/uploads\/2024\/06\/ISO22716.jpg 1200w, https:\/\/www.ruiqigo.com\/wp-content\/uploads\/2024\/06\/ISO22716-768x1024.jpg 768w, https:\/\/www.ruiqigo.com\/wp-content\/uploads\/2024\/06\/ISO22716-1152x1536.jpg 1152w\" sizes=\"(max-width: 1200px) 100vw, 1200px\" \/><\/figure>\n<!-- \/wp:image --><\/div>\n<!-- \/wp:column --><!-- wp:column -->\n<div class=\"wp-block-column\"><!-- wp:image {\"id\":209,\"sizeSlug\":\"full\",\"linkDestination\":\"none\"} -->\n<figure class=\"wp-block-image size-full\"><img loading=\"lazy\" decoding=\"async\" width=\"1200\" height=\"1600\" class=\"wp-image-209\" src=\"https:\/\/ruiqigo.com\/wp-content\/uploads\/2024\/06\/WALMART.jpg\" alt=\"Certifikat\" srcset=\"https:\/\/www.ruiqigo.com\/wp-content\/uploads\/2024\/06\/WALMART.jpg 1200w, https:\/\/www.ruiqigo.com\/wp-content\/uploads\/2024\/06\/WALMART-768x1024.jpg 768w, https:\/\/www.ruiqigo.com\/wp-content\/uploads\/2024\/06\/WALMART-1152x1536.jpg 1152w\" sizes=\"(max-width: 1200px) 100vw, 1200px\" \/><\/figure>\n<!-- \/wp:image --><\/div>\n<!-- \/wp:column --><!-- wp:column -->\n<div class=\"wp-block-column\"><!-- wp:image {\"id\":207,\"sizeSlug\":\"full\",\"linkDestination\":\"none\"} -->\n<figure class=\"wp-block-image size-full\"><img loading=\"lazy\" decoding=\"async\" width=\"1200\" height=\"1600\" class=\"wp-image-207\" src=\"https:\/\/ruiqigo.com\/wp-content\/uploads\/2024\/06\/ISO9001.jpg\" alt=\"Certifikat\" srcset=\"https:\/\/www.ruiqigo.com\/wp-content\/uploads\/2024\/06\/ISO9001.jpg 1200w, https:\/\/www.ruiqigo.com\/wp-content\/uploads\/2024\/06\/ISO9001-768x1024.jpg 768w, https:\/\/www.ruiqigo.com\/wp-content\/uploads\/2024\/06\/ISO9001-1152x1536.jpg 1152w\" sizes=\"(max-width: 1200px) 100vw, 1200px\" \/><\/figure>\n<!-- \/wp:image --><\/div>\n<!-- \/wp:column --><\/div>\n<!-- \/wp:columns -->\t\t\t\t\t\t\t\t<\/div>\n\t\t\t\t<\/div>\n\t\t\t\t\t<\/div>\n\t\t\t\t<\/div>\n\t\t\t\t<\/div>","protected":false},"excerpt":{"rendered":"Who We Are A quality, cost-effective and result-oriented partner for you. 3TOP is the proprietary brand of RuiqiGO, a subsidiary of Sanzhuangyuan Biotechnology, which has been a leader in the beauty and personal care industry for over 20 years. By now, it has a large-scale, fully equipped daily chemical factory specializing in the processing of [&hellip;]","protected":false},"author":9,"featured_media":764,"parent":0,"menu_order":0,"comment_status":"closed","ping_status":"closed","template":"","meta":{"footnotes":""},"class_list":["post-7","page","type-page","status-publish","has-post-thumbnail","hentry"],"acf":[],"_links":{"self":[{"href":"https:\/\/www.ruiqigo.com\/da\/wp-json\/wp\/v2\/pages\/7","targetHints":{"allow":["GET"]}}],"collection":[{"href":"https:\/\/www.ruiqigo.com\/da\/wp-json\/wp\/v2\/pages"}],"about":[{"href":"https:\/\/www.ruiqigo.com\/da\/wp-json\/wp\/v2\/types\/page"}],"author":[{"embeddable":true,"href":"https:\/\/www.ruiqigo.com\/da\/wp-json\/wp\/v2\/users\/9"}],"replies":[{"embeddable":true,"href":"https:\/\/www.ruiqigo.com\/da\/wp-json\/wp\/v2\/comments?post=7"}],"version-history":[{"count":0,"href":"https:\/\/www.ruiqigo.com\/da\/wp-json\/wp\/v2\/pages\/7\/revisions"}],"wp:featuredmedia":[{"embeddable":true,"href":"https:\/\/www.ruiqigo.com\/da\/wp-json\/wp\/v2\/media\/764"}],"wp:attachment":[{"href":"https:\/\/www.ruiqigo.com\/da\/wp-json\/wp\/v2\/media?parent=7"}],"curies":[{"name":"wp","href":"https:\/\/api.w.org\/{rel}","templated":true}]}}