{"id":8,"date":"2024-04-24T15:41:08","date_gmt":"2024-04-24T07:41:08","guid":{"rendered":"https:\/\/ruiqigo.com\/?page_id=8"},"modified":"2024-11-21T17:44:56","modified_gmt":"2024-11-21T09:44:56","slug":"sustainability","status":"publish","type":"page","link":"https:\/\/www.ruiqigo.com\/da\/sustainability","title":{"rendered":"B\u00e6redygtighed"},"content":{"rendered":"<p>Kinas industrier fokuserer p\u00e5 &#039;dual-carbon&#039;-m\u00e5let, som har til form\u00e5l at reducere kulstofemissioner og forurening. Det er vigtigt for at g\u00f8re \u00f8konomien og samfundet mere milj\u00f8venligt og b\u00e6redygtigt. Den daglige hudplejeindustri arbejder ogs\u00e5 mod dette m\u00e5l. 3TOP st\u00f8tter ideen om b\u00e6redygtig udvikling og har gjort det godt med at spare energi, reducere kulstof og beskytte milj\u00f8et. 3TOP viser sit engagement i b\u00e6redygtighed p\u00e5 tre hovedm\u00e5der: hvordan det dyrker r\u00e5materialer, hvordan det driver sine fabrikker og den emballage, det bruger. Virksomhedens tilgang omfatter b\u00e6redygtige indk\u00f8b, milj\u00f8venlig fremstilling og emballagematerialer.<\/p>\n\n\n\n<h2 class=\"wp-block-heading has-text-align-center\"><strong>1. R\u00e5vareproduktion base<\/strong><\/h2>\n\n\n\n<h3 class=\"wp-block-heading\"><strong>Udv\u00e6lgelse af b\u00e6redygtige r\u00e5varer<\/strong><\/h3>\n\n\n\n<div class=\"wp-block-columns are-vertically-aligned-center mb-60 is-layout-flex wp-container-core-columns-is-layout-9d6595d7 wp-block-columns-is-layout-flex\">\n<div class=\"wp-block-column is-vertically-aligned-center is-layout-flow wp-block-column-is-layout-flow\">\n<figure class=\"wp-block-image size-full\"><img fetchpriority=\"high\" decoding=\"async\" width=\"800\" height=\"450\" src=\"https:\/\/www.ruiqigo.com\/wp-content\/uploads\/2024\/07\/7.jpg\" alt=\"\" class=\"wp-image-719\" srcset=\"https:\/\/www.ruiqigo.com\/wp-content\/uploads\/2024\/07\/7.jpg 800w, https:\/\/www.ruiqigo.com\/wp-content\/uploads\/2024\/07\/7-768x432.jpg 768w\" sizes=\"(max-width: 800px) 100vw, 800px\" \/><\/figure>\n<\/div>\n\n\n\n<div class=\"wp-block-column is-vertically-aligned-center is-layout-flow wp-block-column-is-layout-flow\">\n<p>3TOP prioriterer b\u00e6redygtige certificerede r\u00e5varer, s\u00e5som \u00f8kologiske planteekstrakter og naturlige ingredienser, for at reducere den negative p\u00e5virkning af milj\u00f8et. En af de repr\u00e6sentative ingredienser er teolie, som ikke kun er en spiselig olie, men ogs\u00e5 har en lang historie med hudpleje. Teolie har evnen til at n\u00e6re h\u00e5ret og beskytte hovedbunden. Teolie er rig p\u00e5 n\u00e6ringsstoffer, der n\u00e6rer h\u00e5ret fra rod til spids, hvilket giver en omfattende pleje til h\u00e5ret. For mange mennesker er teolie et naturligt h\u00e5rplejeprodukt, der er v\u00e6rd at pr\u00f8ve. Der er ogs\u00e5 Tea Saponin Extract, et naturligt planteekstrakt, der er afledt af tem\u00e5ltidskage efter olieudvinding, som har en r\u00e6kke antioxidante og anti-inflammatoriske egenskaber, der ogs\u00e5 g\u00f8r det til et fantastisk produkt til naturlige behandlinger.<\/p>\n<\/div>\n<\/div>\n\n\n\n<div class=\"wp-block-columns are-vertically-aligned-center mb-60 is-layout-flex wp-container-core-columns-is-layout-9d6595d7 wp-block-columns-is-layout-flex\">\n<div class=\"wp-block-column is-vertically-aligned-center is-layout-flow wp-block-column-is-layout-flow\">\n<p>3TOP bruger te-saponin i deres produkter, som kommer fra deres egen teplantage. Denne plantage d\u00e6kker 10.000 acres i Yong Tai County, n\u00e6r Fuzhou, hovedstaden i Fujian-provinsen. 3TOP styrer omhyggeligt kvaliteten af teplanten fra kilden og justerer, hvordan den behandles til brug i hudplejeindustrien. Virksomhedens store teplantage er veldrevet for at sikre, at r\u00e5varerne er rene og sikre. Med \u00e9n m\u00e5de at g\u00f8re tingene p\u00e5, kan 3TOP holde kvaliteten af r\u00e5varerne ensartet og p\u00e5lidelig.<\/p>\n<\/div>\n\n\n\n<div class=\"wp-block-column is-vertically-aligned-center is-layout-flow wp-block-column-is-layout-flow\">\n<figure class=\"wp-block-image size-full\"><img decoding=\"async\" width=\"800\" height=\"450\" src=\"https:\/\/www.ruiqigo.com\/wp-content\/uploads\/2024\/07\/5.jpg\" alt=\"\" class=\"wp-image-721\" srcset=\"https:\/\/www.ruiqigo.com\/wp-content\/uploads\/2024\/07\/5.jpg 800w, https:\/\/www.ruiqigo.com\/wp-content\/uploads\/2024\/07\/5-768x432.jpg 768w\" sizes=\"(max-width: 800px) 100vw, 800px\" \/><\/figure>\n<\/div>\n<\/div>\n\n\n\n<h3 class=\"wp-block-heading\"><strong>Den \u00f8kologiske og milj\u00f8venlige plantemodel<\/strong><\/h3>\n\n\n\n<div class=\"wp-block-columns are-vertically-aligned-center mb-60 is-layout-flex wp-container-core-columns-is-layout-9d6595d7 wp-block-columns-is-layout-flex\">\n<div class=\"wp-block-column is-vertically-aligned-center is-layout-flow wp-block-column-is-layout-flow\">\n<figure class=\"wp-block-image size-full\"><img decoding=\"async\" width=\"800\" height=\"450\" src=\"https:\/\/www.ruiqigo.com\/wp-content\/uploads\/2024\/07\/10.jpg\" alt=\"\" class=\"wp-image-723\" srcset=\"https:\/\/www.ruiqigo.com\/wp-content\/uploads\/2024\/07\/10.jpg 800w, https:\/\/www.ruiqigo.com\/wp-content\/uploads\/2024\/07\/10-768x432.jpg 768w\" sizes=\"(max-width: 800px) 100vw, 800px\" \/><\/figure>\n<\/div>\n\n\n\n<div class=\"wp-block-column is-vertically-aligned-center is-layout-flow wp-block-column-is-layout-flow\">\n<p>I 3TOPs base anvender vi \u00f8kologiske dyrkningsmetoder og n\u00e6gter at bruge kemiske pesticider og kunstg\u00f8dning. Vi lader planterne gro under den naturligt fugtede regn, og lever i harmoni med jorden og mikroorganismerne for at sikre r\u00e5varernes renhed og sikkerhed. Samtidig har 3TOP fokus p\u00e5 at bevare biodiversiteten og beskytte de hjem, hvor alle slags skabninger trives. Udover \u00f8kologisk landbrug introducerer 3TOP ogs\u00e5 aktivt avancerede vandbesparende vandingssystemer for at minimere spild af vand ved pr\u00e6cist at kontrollere m\u00e6ngden af vand og kunstvandingstid. Vi fokuserer ogs\u00e5 p\u00e5 rensning og genanvendelse af spildevand for at sikre, at hver dr\u00e5be vand bliver udnyttet til sin fulde v\u00e6rdi.<\/p>\n<\/div>\n<\/div>\n\n\n\n<h2 class=\"wp-block-heading has-text-align-center\"><strong>2. Produktionsanl\u00e6g<\/strong><\/h2>\n\n\n\n<div class=\"wp-block-columns are-vertically-aligned-center mb-60 is-layout-flex wp-container-core-columns-is-layout-9d6595d7 wp-block-columns-is-layout-flex\">\n<div class=\"wp-block-column is-vertically-aligned-center is-layout-flow wp-block-column-is-layout-flow\">\n<h3 class=\"wp-block-heading\"><strong>Energibesparelse og effektivitetsforbedring<\/strong><\/h3>\n\n\n\n<p>3TOP f\u00f8lger en &#039;gr\u00f8n og omsorgsfuld&#039; produktionstilgang. De har bygget en stor, milj\u00f8venlig fabrik, der er 40.000 kvadratmeter stor, med en 60 hektar stor industrigrund og et rent v\u00e6rksted af h\u00f8j standard. De holder sig til en &quot;spar energi, bliv gr\u00f8n, beskyt milj\u00f8et&quot;-politik. 3TOP bruger opdateret udstyr og linjer, der opfylder GMP-standarderne, som bruges til fremstilling af medicin. P\u00e5 deres fabrik, hvor de laver shampoo og andre ting, er de frigivne gasser meget lavere end hvad Kinas indenlandske standarder kr\u00e6ver. Dette hj\u00e6lper dem med at spare over 600 kubikmeter naturgas hver dag og mere end 600.000 RMB i gasomkostninger hvert \u00e5r.<\/p>\n<\/div>\n\n\n\n<div class=\"wp-block-column is-vertically-aligned-center is-layout-flow wp-block-column-is-layout-flow\">\n<figure class=\"wp-block-image size-full\"><img loading=\"lazy\" decoding=\"async\" width=\"800\" height=\"450\" src=\"https:\/\/www.ruiqigo.com\/wp-content\/uploads\/2024\/07\/11.jpg\" alt=\"\" class=\"wp-image-726\" srcset=\"https:\/\/www.ruiqigo.com\/wp-content\/uploads\/2024\/07\/11.jpg 800w, https:\/\/www.ruiqigo.com\/wp-content\/uploads\/2024\/07\/11-768x432.jpg 768w\" sizes=\"(max-width: 800px) 100vw, 800px\" \/><\/figure>\n<\/div>\n<\/div>\n\n\n\n<div class=\"wp-block-columns are-vertically-aligned-center mb-60 is-layout-flex wp-container-core-columns-is-layout-9d6595d7 wp-block-columns-is-layout-flex\">\n<div class=\"wp-block-column is-vertically-aligned-center is-layout-flow wp-block-column-is-layout-flow\">\n<figure class=\"wp-block-image size-full\"><img loading=\"lazy\" decoding=\"async\" width=\"800\" height=\"450\" src=\"https:\/\/www.ruiqigo.com\/wp-content\/uploads\/2024\/07\/3.jpg\" alt=\"\" class=\"wp-image-728\" srcset=\"https:\/\/www.ruiqigo.com\/wp-content\/uploads\/2024\/07\/3.jpg 800w, https:\/\/www.ruiqigo.com\/wp-content\/uploads\/2024\/07\/3-768x432.jpg 768w\" sizes=\"(max-width: 800px) 100vw, 800px\" \/><\/figure>\n<\/div>\n\n\n\n<div class=\"wp-block-column is-vertically-aligned-center is-layout-flow wp-block-column-is-layout-flow\">\n<h3 class=\"wp-block-heading\"><strong>Ren energiforbrug<\/strong><strong><\/strong><\/h3>\n\n\n\n<p>Ved at installere 2 s\u00e6t fotovoltaiske elproduktionssystemer udnytter 3TOP gr\u00f8n energi og reducerer elforbruget og opn\u00e5r dermed h\u00f8j effektivitet og energibesparelse i produktionen. Generering af elektricitet med solcelleanl\u00e6g reducerer ikke kun markant afh\u00e6ngigheden af traditionelle energikilder, men reducerer ogs\u00e5 betydeligt kulstofemissioner, hvilket bidrager til jordens milj\u00f8beskyttelse.<\/p>\n<\/div>\n<\/div>\n\n\n\n<div class=\"wp-block-columns are-vertically-aligned-center mb-60 is-layout-flex wp-container-core-columns-is-layout-9d6595d7 wp-block-columns-is-layout-flex\">\n<div class=\"wp-block-column is-vertically-aligned-center is-layout-flow wp-block-column-is-layout-flow\">\n<h3 class=\"wp-block-heading\"><strong>Gr\u00f8n proces<\/strong><strong><\/strong><\/h3>\n\n\n\n<p>3TOP udforsker konstant gr\u00f8nne produktionsprocesser for at n\u00e5 nogle s\u00e6rlige milj\u00f8m\u00e5l. For eksempel at afvise plastikmikroperler. Hverdagstoiletartikler indeholder ofte store m\u00e6ngder plastikmikroperler, som er plastikpartikler mindre end 2 millimeter. Fordi de er sm\u00e5, n\u00e5r du bruger toiletartikler med plastikmikroperler, g\u00e5r disse perler ned i vasken, kommer forbi vandbehandlingsanl\u00e6g og ender i havet. Fisk og skaldyr spiser dem, og s\u00e5 bliver de en del af vores mad og endda vores krop. I 2015 sagde en gruppe i Europa, der arbejder med kosmetik og personlig pleje, at virksomheder b\u00f8r stoppe med at bruge plastikmikroperler i deres produkter p\u00e5 egen h\u00e5nd.<\/p>\n<\/div>\n\n\n\n<div class=\"wp-block-column is-vertically-aligned-center is-layout-flow wp-block-column-is-layout-flow\">\n<figure class=\"wp-block-image size-full\"><img loading=\"lazy\" decoding=\"async\" width=\"800\" height=\"450\" src=\"https:\/\/www.ruiqigo.com\/wp-content\/uploads\/2024\/07\/6.jpg\" alt=\"\" class=\"wp-image-741\" srcset=\"https:\/\/www.ruiqigo.com\/wp-content\/uploads\/2024\/07\/6.jpg 800w, https:\/\/www.ruiqigo.com\/wp-content\/uploads\/2024\/07\/6-768x432.jpg 768w\" sizes=\"(max-width: 800px) 100vw, 800px\" \/><\/figure>\n<\/div>\n<\/div>\n\n\n\n<p>3TOP har lavet hudpleje- og h\u00e5ndvaskeprodukter med naturlige ting i stedet for sm\u00e5 plastikperler i et stykke tid nu. De bruger ting som valn\u00f8dder, mandler og olivengruber, fordi de er lige rigtige til at lave kosmetik, og de renser forsigtigt uden at ridse din hud. 3TOP forvandler disse til naturlige skrubber, der erstatter plastikperler. Ogs\u00e5 naturlige ting kan nogle gange f\u00e5 produkterne til at se m\u00f8rkere ud, men 3TOP l\u00f8ser dette ved at tilf\u00f8je lyse farver som titaniumdioxid. Dette er sikkert og generer ikke din hud. Plus, 3TOP bruger en speciel slags majsstivelse, der er lidt ru. Den renser godt, ridser ikke og nedbrydes let, hvilket er godt for milj\u00f8et.<\/p>\n\n\n\n<div class=\"wp-block-columns are-vertically-aligned-center mb-60 is-layout-flex wp-container-core-columns-is-layout-9d6595d7 wp-block-columns-is-layout-flex\">\n<div class=\"wp-block-column is-vertically-aligned-center is-layout-flow wp-block-column-is-layout-flow\">\n<figure class=\"wp-block-image size-full\"><img loading=\"lazy\" decoding=\"async\" width=\"800\" height=\"450\" src=\"https:\/\/www.ruiqigo.com\/wp-content\/uploads\/2024\/07\/12.jpg\" alt=\"\" class=\"wp-image-733\" srcset=\"https:\/\/www.ruiqigo.com\/wp-content\/uploads\/2024\/07\/12.jpg 800w, https:\/\/www.ruiqigo.com\/wp-content\/uploads\/2024\/07\/12-768x432.jpg 768w\" sizes=\"(max-width: 800px) 100vw, 800px\" \/><\/figure>\n<\/div>\n\n\n\n<div class=\"wp-block-column is-vertically-aligned-center is-layout-flow wp-block-column-is-layout-flow\">\n<h3 class=\"wp-block-heading\"><strong>Genbrug af spildevand og gas<\/strong><strong><\/strong><\/h3>\n\n\n\n<p>3TOP f\u00f8lger ideen om &#039;gr\u00f8n mission, klar fremtid&#039;, n\u00e5r det handler om spildevand og gas. De har indf\u00f8rt systemer til at genbruge spildevand og rense spildgas p\u00e5 deres fabrik. Spildevandssystemet bruger gode filtre og speciel reng\u00f8ring til at forvandle snavset vand fra at lave ting til vand, der kan bruges igen, hvilket er bedre for milj\u00f8et. Samtidig bruger spildgassystemet smarte m\u00e5der at rense d\u00e5rlige gasser op og g\u00f8re dem sikre. Spildevandssystemet kan rense 100 tons vand hver dag, og spildegassystemet kan sk\u00e6re ned p\u00e5 kemisk gas med 70% og CO2-gas med yderligere 30% for hver ting, de laver. Plus, 3TOP tager sig af, hvordan de bruger og smider ting ud som r\u00e5varer og kemikalier. De har et system til at holde dem adskilt og opbevare dem, og de arbejder sammen med et andet firma for at genbruge dem til tiden.<\/p>\n<\/div>\n<\/div>\n\n\n\n<h2 class=\"wp-block-heading has-text-align-center\"><strong>3. Milj\u00f8venlige pakkematerialer<\/strong><\/h2>\n\n\n\n<div class=\"wp-block-columns are-vertically-aligned-center mb-60 is-layout-flex wp-container-core-columns-is-layout-9d6595d7 wp-block-columns-is-layout-flex\">\n<div class=\"wp-block-column is-vertically-aligned-center is-layout-flow wp-block-column-is-layout-flow\">\n<h3 class=\"wp-block-heading\"><strong>Brug af f\u00f8rsteklasses milj\u00f8venlige materialer:<\/strong><strong><\/strong><\/h3>\n\n\n\n<p>3TOP ved, at gammel emballage kan skade milj\u00f8et, s\u00e5 de bruger i stedet milj\u00f8venlige materialer. De bruger biologisk nedbrydelig plast til deres produktemballage. Disse plastik nedbrydes let i naturen og skader ikke milj\u00f8et eller planter. Biologisk nedbrydelig plast er et popul\u00e6rt og gennemtestet valg til emballering. De kan nedbrydes hurtigt ved hj\u00e6lp af specielle stoffer, der fremskynder processen. Du kan finde biologisk nedbrydelig emballage som poser, suger\u00f8r og kuglepenne. Siden 2020 har 3TOP arbejdet p\u00e5 emballage, der kan genanvendes eller nedbrydes i naturen. De har lavet sm\u00e5 poser i rejsest\u00f8rrelse, der er 10-12 ml, og folk i Europa og USA kan virkelig godt lide dem.<\/p>\n<\/div>\n\n\n\n<div class=\"wp-block-column is-vertically-aligned-center is-layout-flow wp-block-column-is-layout-flow\">\n<figure class=\"wp-block-image size-full\"><img loading=\"lazy\" decoding=\"async\" width=\"800\" height=\"450\" src=\"https:\/\/www.ruiqigo.com\/wp-content\/uploads\/2024\/07\/9.jpg\" alt=\"\" class=\"wp-image-730\" srcset=\"https:\/\/www.ruiqigo.com\/wp-content\/uploads\/2024\/07\/9.jpg 800w, https:\/\/www.ruiqigo.com\/wp-content\/uploads\/2024\/07\/9-768x432.jpg 768w\" sizes=\"(max-width: 800px) 100vw, 800px\" \/><\/figure>\n<\/div>\n<\/div>\n\n\n\n<div class=\"wp-block-columns are-vertically-aligned-center mb-60 is-layout-flex wp-container-core-columns-is-layout-9d6595d7 wp-block-columns-is-layout-flex\">\n<div class=\"wp-block-column is-vertically-aligned-center is-layout-flow wp-block-column-is-layout-flow\">\n<figure class=\"wp-block-image size-full\"><img loading=\"lazy\" decoding=\"async\" width=\"800\" height=\"450\" src=\"https:\/\/www.ruiqigo.com\/wp-content\/uploads\/2024\/07\/8.jpg\" alt=\"\" class=\"wp-image-736\" srcset=\"https:\/\/www.ruiqigo.com\/wp-content\/uploads\/2024\/07\/8.jpg 800w, https:\/\/www.ruiqigo.com\/wp-content\/uploads\/2024\/07\/8-768x432.jpg 768w\" sizes=\"(max-width: 800px) 100vw, 800px\" \/><\/figure>\n<\/div>\n\n\n\n<div class=\"wp-block-column is-vertically-aligned-center is-layout-flow wp-block-column-is-layout-flow\">\n<h3 class=\"wp-block-heading\"><strong>Optimer emballagedesign<\/strong><strong><\/strong><\/h3>\n\n\n\n<p>3TOP arbejder ogs\u00e5 p\u00e5 at g\u00f8re emballagen bedre og bruge mindre af den. De finder ud af, hvor meget plads og hvor tungt deres produkter har brug for, s\u00e5 de kan lave kasser, der er mindre og lettere. Dette hj\u00e6lper med at holde produkterne sikre, n\u00e5r de flyttes rundt og reducerer ogs\u00e5 affaldet. For eksempel lavede 3TOP en ny \u00e6ske til et shampoom\u00e6rke. Det ser p\u00e6nt ud og sparer p\u00e5 bl\u00e6k, pap, polstring og den plads, det fylder i forsendelsen. Med de gamle \u00e6sker kunne du passe fire i en stor \u00e6ske, der havde et billede p\u00e5. Den nye \u00e6ske har en speciel bund, som butiksmedarbejdere kan tage af og bruge til at h\u00e5ndtere shampooen og vise den i butikken. Det nye design bruger meget mindre materiale. Den har en simpel &quot;papirh\u00e6tte&quot;, der let kan tages af for at beskytte shampooen under forsendelsen og beh\u00f8ver ingen udskrivning. Denne bedre indpakning hj\u00e6lper med at spare 67 tons papir, betyder, at der er brug for 52 f\u00e6rre store lastbiler til at flytte shampooen, og reducerer brugen af bl\u00e6k med op til 80% hvert \u00e5r.<\/p>\n<\/div>\n<\/div>\n\n\n\n<p>Derudover forts\u00e6tter 3TOP ogs\u00e5 med at forbedre det nye pumpe-pressedesign til andre produkter p\u00e5 flaske og d\u00e5se, hvilket sparer 8 tons plastik om \u00e5ret og 40 tons papirydre kartoner om \u00e5ret ved at optimere emballeringsprocessen. Nylancerede shampooprodukter har sparet omkring 13% emballageforbrugsvarer pr. flaske ved at forbedre h\u00e6tten og flaskens design.<\/p>\n\n\n\n<div class=\"wp-block-columns are-vertically-aligned-center mb-60 is-layout-flex wp-container-core-columns-is-layout-9d6595d7 wp-block-columns-is-layout-flex\">\n<div class=\"wp-block-column is-vertically-aligned-center is-layout-flow wp-block-column-is-layout-flow\">\n<h3 class=\"wp-block-heading\"><strong>Lancerede en strategi for emballagegenbrug<\/strong><strong><\/strong><\/h3>\n\n\n\n<p>Forskning foretaget af American Association for the Advancement of Science (AAAS) viser, at omkring 40% af de mere end 400 millioner tons plastik, der produceres hvert \u00e5r, kommer fra emballage, og at denne plastikemballage normalt kun bruges \u00e9n gang, f\u00f8r den smides ud. Som reaktion herp\u00e5 har 3TOP introduceret et emballagegenanvendelsesprogram til forbrugerne for at opmuntre dem til at deltage i milj\u00f8initiativer. Kunder kan bringe tomme kosmetikflasker til specialbutikker for at genbruge dem. Til geng\u00e6ld f\u00e5r de en gratis pr\u00f8vepakke med kosmetik. Dette hj\u00e6lper folk med at indsamle og genbruge flere flasker, hvilket sk\u00e6rer ned p\u00e5 affald. De indsamlede flasker bliver enten omdannet til nye ting eller brugt til at lave energi.<\/p>\n<\/div>\n\n\n\n<div class=\"wp-block-column is-vertically-aligned-center is-layout-flow wp-block-column-is-layout-flow\">\n<figure class=\"wp-block-image size-full\"><img loading=\"lazy\" decoding=\"async\" width=\"800\" height=\"450\" src=\"https:\/\/www.ruiqigo.com\/wp-content\/uploads\/2024\/07\/2.jpg\" alt=\"\" class=\"wp-image-739\" srcset=\"https:\/\/www.ruiqigo.com\/wp-content\/uploads\/2024\/07\/2.jpg 800w, https:\/\/www.ruiqigo.com\/wp-content\/uploads\/2024\/07\/2-768x432.jpg 768w\" sizes=\"(max-width: 800px) 100vw, 800px\" \/><\/figure>\n<\/div>\n<\/div>\n\n\n\n<h2 class=\"wp-block-heading has-text-align-center\"><strong>Konklusion<\/strong><strong><\/strong><\/h2>\n\n\n\n<p>3TOP forst\u00e5r, at b\u00e6redygtig udvikling ikke kun er et slogan, men ogs\u00e5 en handling. Derfor deltager 3TOP aktivt i forskellige milj\u00f8m\u00e6ssige offentlige velf\u00e6rdsaktiviteter, g\u00e5r ind for konceptet gr\u00f8nt forbrug og fremmer udviklingen af industrien i en mere milj\u00f8venlig og b\u00e6redygtig retning. Vi h\u00e5ber, at flere mennesker gennem vores indsats vil forst\u00e5 og v\u00e6re opm\u00e6rksomme p\u00e5 b\u00e6redygtig udvikling og i f\u00e6llesskab bidrage til jordens fremtid. At v\u00e6lge vores daglige kemiske produkter er at v\u00e6lge omsorg og ansvar for jorden og fremtidige generationer. Lad os se en gr\u00f8nnere og bedre fremtid!<\/p>","protected":false},"excerpt":{"rendered":"China&#8217;s industries are focusing on the &#8216;dual-carbon&#8217; goal, which aims to reduce carbon emissions and pollution. This is important for making the economy and society more environmentally friendly and sustainable. The daily skincare industry is also working towards this goal. 3TOP supports the idea of sustainable development and has done well in saving energy, reducing [&hellip;]","protected":false},"author":9,"featured_media":717,"parent":0,"menu_order":0,"comment_status":"closed","ping_status":"closed","template":"","meta":{"footnotes":""},"class_list":["post-8","page","type-page","status-publish","has-post-thumbnail","hentry"],"acf":[],"_links":{"self":[{"href":"https:\/\/www.ruiqigo.com\/da\/wp-json\/wp\/v2\/pages\/8","targetHints":{"allow":["GET"]}}],"collection":[{"href":"https:\/\/www.ruiqigo.com\/da\/wp-json\/wp\/v2\/pages"}],"about":[{"href":"https:\/\/www.ruiqigo.com\/da\/wp-json\/wp\/v2\/types\/page"}],"author":[{"embeddable":true,"href":"https:\/\/www.ruiqigo.com\/da\/wp-json\/wp\/v2\/users\/9"}],"replies":[{"embeddable":true,"href":"https:\/\/www.ruiqigo.com\/da\/wp-json\/wp\/v2\/comments?post=8"}],"version-history":[{"count":0,"href":"https:\/\/www.ruiqigo.com\/da\/wp-json\/wp\/v2\/pages\/8\/revisions"}],"wp:featuredmedia":[{"embeddable":true,"href":"https:\/\/www.ruiqigo.com\/da\/wp-json\/wp\/v2\/media\/717"}],"wp:attachment":[{"href":"https:\/\/www.ruiqigo.com\/da\/wp-json\/wp\/v2\/media?parent=8"}],"curies":[{"name":"wp","href":"https:\/\/api.w.org\/{rel}","templated":true}]}}