{"id":835,"date":"2024-07-30T15:57:32","date_gmt":"2024-07-30T07:57:32","guid":{"rendered":"https:\/\/ruiqigo.com\/?page_id=835"},"modified":"2024-12-24T10:10:52","modified_gmt":"2024-12-24T02:10:52","slug":"cookie-policy","status":"publish","type":"page","link":"https:\/\/www.ruiqigo.com\/da\/cookie-policy","title":{"rendered":"Cookiepolitik"},"content":{"rendered":"<h3 class=\"wp-block-heading\">Hvad er cookies?<\/h3>\n\n\n\n<p>En cookiefil giver os ikke adgang til din enhed eller andre oplysninger om dig end de data, du v\u00e6lger at dele med os, og den kan indeholde en anonym unik identifikator.<\/p>\n\n\n\n<h3 class=\"wp-block-heading\">Hvordan bruger vi cookies?<\/h3>\n\n\n\n<p>Vi bruger cookies til at spore aktiviteten p\u00e5 Aerotech-webstedet og opbevare visse oplysninger.<\/p>\n\n\n\n<p>Eksempler p\u00e5 cookies, vi kan bruge, og hvordan vi kan bruge dem omfatter:<\/p>\n\n\n\n<ul class=\"wp-block-list\">\n<li>Sessionscookies: Disse cookies bruges til at drive hjemmesiden og fjernes fra din enhed i slutningen af din browsersession.<\/li>\n\n\n\n<li>Pr\u00e6ferencecookies: Disse cookies bruges til at huske dine pr\u00e6ferencer og forskellige indstillinger.<\/li>\n\n\n\n<li>Sikkerhedscookies: Disse cookies aktiverer og underst\u00f8tter vores sikkerhedsfunktioner og hj\u00e6lper os med at opdage ondsindet aktivitet.<\/li>\n\n\n\n<li>Statistikcookies: Disse cookies bruges til at identificere, hvilke sider p\u00e5 vores hjemmeside der bes\u00f8ges og bruges. Dette hj\u00e6lper os med at analysere data om websidetrafik, s\u00e5som med Google Analytics, for at forbedre vores hjemmeside. Vi bruger kun disse oplysninger til statistiske analyseform\u00e5l, og derefter fjernes dataene fra systemet.<\/li>\n<\/ul>\n\n\n\n<h3 class=\"wp-block-heading\">Styring af cookies<\/h3>\n\n\n\n<p>Du kan v\u00e6lge at acceptere eller afvise cookies. Hvis du hellere ikke vil bruge cookies p\u00e5 vores hjemmeside, kan du kontrollere eller framelde dig p\u00e5 f\u00f8lgende m\u00e5der:<\/p>\n\n\n\n<ul class=\"wp-block-list\">\n<li>Du kan ogs\u00e5 konfigurere dine browserindstillinger til at afvise cookies. Du kan ogs\u00e5 slette alle cookies, der allerede er p\u00e5 din computers harddisk, ved at s\u00f8ge efter og slette filer med &quot;cookie&quot; i.<\/li>\n\n\n\n<li>For at kontrollere indsamlingen af data til analytiske form\u00e5l af Google Analytics, kan du bes\u00f8ge denne side.<\/li>\n<\/ul>\n\n\n\n<p>V\u00e6r opm\u00e6rksom p\u00e5, at afvisning eller deaktivering af cookies kan betyde, at du muligvis ikke har adgang til visse funktioner p\u00e5 webstedet. Fjernelse af alle cookies fra din computer kan ogs\u00e5 p\u00e5virke dine efterf\u00f8lgende bes\u00f8g p\u00e5 visse websteder, herunder MugFactory-webstedet, ved at kr\u00e6ve, at du genindtaster visse oplysninger igen, n\u00e5r du vender tilbage.<\/p>\n\n\n\n<p>For information om, hvordan andre personlige oplysninger kan indsamles og bruges af 3TOP, bes\u00f8g venligst vores privatlivspolitik.<\/p>","protected":false},"excerpt":{"rendered":"What are cookies? A cookie file does not give us access to your device or any information about you other than the data you choose to share with us, and it may include an anonymous unique identifier. How do we use cookies? We use cookies to track the activity on the Aerotech Website and hold [&hellip;]","protected":false},"author":9,"featured_media":0,"parent":0,"menu_order":0,"comment_status":"closed","ping_status":"closed","template":"","meta":{"footnotes":""},"class_list":["post-835","page","type-page","status-publish","hentry"],"acf":[],"_links":{"self":[{"href":"https:\/\/www.ruiqigo.com\/da\/wp-json\/wp\/v2\/pages\/835","targetHints":{"allow":["GET"]}}],"collection":[{"href":"https:\/\/www.ruiqigo.com\/da\/wp-json\/wp\/v2\/pages"}],"about":[{"href":"https:\/\/www.ruiqigo.com\/da\/wp-json\/wp\/v2\/types\/page"}],"author":[{"embeddable":true,"href":"https:\/\/www.ruiqigo.com\/da\/wp-json\/wp\/v2\/users\/9"}],"replies":[{"embeddable":true,"href":"https:\/\/www.ruiqigo.com\/da\/wp-json\/wp\/v2\/comments?post=835"}],"version-history":[{"count":0,"href":"https:\/\/www.ruiqigo.com\/da\/wp-json\/wp\/v2\/pages\/835\/revisions"}],"wp:attachment":[{"href":"https:\/\/www.ruiqigo.com\/da\/wp-json\/wp\/v2\/media?parent=835"}],"curies":[{"name":"wp","href":"https:\/\/api.w.org\/{rel}","templated":true}]}}