{"id":1042,"date":"2024-09-06T14:56:39","date_gmt":"2024-09-06T06:56:39","guid":{"rendered":"https:\/\/ruiqigo.com\/?post_type=product&#038;p=1042"},"modified":"2025-09-03T15:21:38","modified_gmt":"2025-09-03T07:21:38","slug":"propolis-mouthwash","status":"publish","type":"product","link":"https:\/\/www.ruiqigo.com\/da\/product\/propolis-mouthwash","title":{"rendered":"Propolis mundskyl"},"content":{"rendered":"<h2 class=\"wp-block-heading\">Opskrift p\u00e5 propolis mundskyl<\/h2>\n\n\n\n<p><strong>1. Propolis: <\/strong>Som en vigtig ingrediens i propolis-mundskyl er propolis et naturligt ekstrakt med antibakterielle og antiinflammatoriske virkninger, der kan fremme v\u00e6vsregenerering og mundhygiejne.<\/p>\n\n\n\n<p><strong>2. Xylitol: <\/strong>Det kan fremme spytsekretion og reducere sure stoffer og derved reducere tanderosion<\/p>\n\n\n\n<p><strong>3. Mynte: <\/strong>Den har en frisk og s\u00f8d aroma, som kan forbedre smagen af mundskyl og opn\u00e5 effekten af frisk \u00e5nde.<\/p>\n\n\n\n<p><strong>4. Glycerin:<\/strong> Det hj\u00e6lper med at holde munden fugtig og lindre situationen med mundt\u00f8rhed<\/p>\n\n\n\n<h2 class=\"wp-block-heading\">Funktioner af propolis mundskyl<\/h2>\n\n\n\n<h3 class=\"wp-block-heading\">1. Naturlige ingredienser<\/h3>\n\n\n\n<p>Hovedingrediensen er propolis, og propolis er et naturligt stof med en r\u00e6kke aktive ingredienser<\/p>\n\n\n\n<h3 class=\"wp-block-heading\">2. Antibakteriel og antiinflammatorisk<\/h3>\n\n\n\n<p>De aktive ingredienser i propolis kan h\u00e6mme og eliminere skadelige bakterier i munden og reducere mundbet\u00e6ndelse.<\/p>\n\n\n\n<h3 class=\"wp-block-heading\">3. Mild og ikke-irriterende<\/h3>\n\n\n\n<p>Vores mundskyl tils\u00e6tter ikke alkohol og andre irriterende ingredienser og er mere sk\u00e5nsom og behagelig, og passer til de fleste.<\/p>\n\n\n\n<h3 class=\"wp-block-heading\">4. Praktisk og b\u00e6rbar<\/h3>\n\n\n\n<p>Mundskyl er nemt at bruge, det er ikke n\u00f8dvendigt at v\u00e6lge lejligheden, og vores emballagedesign kan nemt b\u00e6res og bruges n\u00e5r som helst.<\/p>\n\n\n\n<h2 class=\"wp-block-heading\">Nogle virkningsgrader&nbsp;<\/h2>\n\n\n\n<h3 class=\"wp-block-heading\">1. Antiinflammatorisk og smertelindring<\/h3>\n\n\n\n<p>De aktive ingredienser i propolis mundskyl har en st\u00e6rk antibakteriel evne, som kan h\u00e6mme bakteriev\u00e6kst og reducere bakteriens skade p\u00e5 mundslimhinden og derved reducere inflammation. Propolis har en naturlig smertestillende effekt, kan virke p\u00e5 indersiden af munden og lindre symptomer p\u00e5 munds\u00e5r og h\u00e6vet tandk\u00f8d.<\/p>\n\n\n\n<h3 class=\"wp-block-heading\">2. Forebyggelse af mundsygdomme<\/h3>\n\n\n\n<p>Menneskekroppens mundmilj\u00f8 er normalt surt, og bakterierne vil forts\u00e6tte med at vokse og formere sig i det sure milj\u00f8, hvilket resulterer i kronisk inflammation s\u00e5som parodontose, som udg\u00f8r en alvorlig trussel mod vores t\u00e6nders og tandk\u00f8ds sundhed. Vores propolis-mundskyl kan neutralisere pH-v\u00e6rdien i munden, h\u00e6mme bakteriev\u00e6ksten i munden og danne et relativt sundt mundmilj\u00f8. Langvarig brug kan forhindre parodontose, huller i t\u00e6nderne og andre mundsygdomme.<\/p>\n\n\n\n<h3 class=\"wp-block-heading\">3. Forbedre oral immunitet<\/h3>\n\n\n\n<p>Propolis-mundskyl forhindrer yderligere forv\u00e6rring af inflammation gennem antiinflammatoriske virkninger, reducerer risikoen for oral infektion og regulerer immunresponset i munden og beskytter derved mundhygiejnen. For det andet kan de aktive stoffer i propolis-mundskyl forbedre kroppens immunitet og indirekte virke p\u00e5 indersiden af munden for at forbedre den orale modstandsdygtighed over for patogener. Ikke nok med det, de antioxidante ingredienser, vi har tilf\u00f8jet, kan fjerne frie radikaler i munden, reducere skaden fra frie radikaler p\u00e5 mundslimhinden og bidrage til at forbedre immuniteten.<\/p>\n\n\n\n<h3 class=\"wp-block-heading\">4. Frisk \u00e5nde<\/h3>\n\n\n\n<p>\u00c5rsagerne til d\u00e5rlig \u00e5nde er opdelt i fysiologiske og patologiske. Patologisk refererer til mundsygdomme, s\u00e5som tandk\u00f8dsbet\u00e6ndelse, parodontitis osv., som producerer d\u00e5rlig lugt, dvs. d\u00e5rlig \u00e5nde. Mens fysiologisk refererer til d\u00e5rlig \u00e5nde for\u00e5rsaget af madrester og nogle d\u00e5rlige spisevaner, er fysiologisk kortere end patologisk. Derfor er vores propolis-mundskyl tilsat ingredienser som mynte, som fjerner lugte fra munden, holder \u00e5nded\u00e6kket friskt og har en langvarig aroma og forhindrer social akavethed efter m\u00e5ltider. Langvarig brug kan ogs\u00e5 hj\u00e6lpe med behandlingen af patologisk d\u00e5rlig \u00e5nde.<\/p>\n\n\n\n<h3 class=\"wp-block-heading\">5. Fremme v\u00e6vsheling<\/h3>\n\n\n\n<p>Propolis har antiinflammatoriske og smertestillende virkninger, som ogs\u00e5 hj\u00e6lper med at reducere skader for\u00e5rsaget af inflammation og fremskynde v\u00e6vsreparation. Desuden kan de aktive ingredienser, der tils\u00e6ttes i propolis mundskyl, tr\u00e6nge ind i det beskadigede v\u00e6v, stimulere celleproliferation og -differentiering og fremme reparationen af mundslimhinden. Samtidig har propolis ogs\u00e5 en astringerende virkning, som kan reducere s\u00e5ret og holde s\u00e5ret t\u00f8rt og rent, hvilket giver et godt milj\u00f8 til at fremskynde v\u00e6vsreparationen. Dette er uden tvivl et vigtigt hj\u00e6lpemiddel til reng\u00f8ring for patienter med mundbet\u00e6ndelse, s\u00e5som munds\u00e5r.<\/p>\n\n\n\n<h2 class=\"wp-block-heading\">Brugsanvisning<\/h2>\n\n\n\n<p>Der er vedlagt en brugsanvisning til vores produkter. Det anbefales at bruge dem i henhold til anvisningerne. Ryst godt f\u00f8r brug, s\u00e5 det indre materiale blandes j\u00e6vnt.&nbsp;<\/p>\n\n\n\n<h3 class=\"wp-block-heading\">Trin 1: <\/h3>\n\n\n\n<p>Du skal bruge en passende m\u00e6ngde mundskyl. Vores flaskeh\u00e6tte har en gevindsk\u00e5ret overflade, som kan bruges som m\u00e5leinstrument, cirka 10-15 ml.\u00a0<\/p>\n\n\n\n<h3 class=\"wp-block-heading\">Trin 2:<\/h3>\n\n\n\n<p>Put derefter mundskyllemidlet i munden og gurgl med det fra venstre mod h\u00f8jre og derefter til forsiden af munden mange gange. Til sidst lad mundskyllemidlet komme ind i tungen. S\u00f8rg for, at mundskyllemidlet d\u00e6kker alle hj\u00f8rner og spr\u00e6kker i munden. Gurglingen tager normalt 30 sekunder til 1 minut.<\/p>\n\n\n\n<h3 class=\"wp-block-heading\">Trin 3:<\/h3>\n\n\n\n<p>Spyt til sidst mundskyllemidlet ud, og pas p\u00e5 ikke at synke det. Vi anbefaler, at du ikke drikker vand eller spiser inden for en halv time efter gurglen, for bedre at danne en beskyttende hinde og bevare frisk \u00e5nde.\u00a0<\/p>\n\n\n\n<p>Brugshyppigheden af mundskyl varierer fra person til person. Det kan normalt bruges efter tandb\u00f8rstning eller efter m\u00e5ltider. Hvis du oplever ubehag under brugen, skal du stoppe med at bruge det med det samme og kontakte din l\u00e6ge. Vores mundskyl er let at have med og kan opbevares derhjemme eller p\u00e5 farten, men det skal opbevares k\u00f8ligt og t\u00f8rt.<\/p>\n\n\n\n<h2 class=\"wp-block-heading\">G\u00e6ldende population<\/h2>\n\n\n\n<p>Vores propolis-mundskyl er sikkert, sk\u00e5nsomt og ikke-irriterende og er et vigtigt hj\u00e6lpemiddel for de fleste mennesker, is\u00e6r dem, der lider af mundbet\u00e6ndelse samt d\u00e5rlig \u00e5nde p\u00e5 grund af rygning, manglende mundhygiejne i lang tid og d\u00e5rlige spisevaner. Samtidig er vores emballagedesign ogs\u00e5 velegnet til at b\u00e6re n\u00e5r som helst, hvilket er befordrende for forretningsrejser, rejser, dating og andre sociale lejligheder, hurtigt frisk \u00e5nde og \u00f8ger selvtilliden. Gravide kvinder, propolis-allergikere, ammende b\u00f8rn og andre s\u00e6rlige grupper skal dog stadig bruge det under vejledning af en l\u00e6ge.<\/p>\n\n\n\n<h2 class=\"wp-block-heading\">Konklusion<\/h2>\n\n\n\n<p>Mundpleje er en langsigtet proces, og vi b\u00f8r kombinere en r\u00e6kke forskellige m\u00e5der at rense munden p\u00e5, s\u00e5som tandb\u00f8rster, tandtr\u00e5d, mundskyl osv., for at pleje vores mundhygiejne. Som et af hj\u00e6lpev\u00e6rkt\u00f8jerne til mundpleje tils\u00e6tter vores propolis-mundskyl ren naturlig propolis og andre ingredienser baseret p\u00e5 almindelig mundskyl, og det har ogs\u00e5 en god antibakteriel og antiinflammatorisk effekt under foruds\u00e6tning af mild og ikke-irriterende, dybdeg\u00e5ende reng\u00f8ring, der aktivt forebygger mundsygdomme, forbedrer mundimmuniteten og giver en frisk \u00e5nde. Det har ikke kun en r\u00e6kke fordele, men virker ogs\u00e5 for de fleste mennesker og er et trov\u00e6rdigt valg.<\/p>\n\n\n\n<p><\/p>","protected":false},"excerpt":{"rendered":"Recipe for Propolis Mouthwash 1. Propolis: As an important ingredient in propolis mouthwash, propolis is a natural extract with antibacterial and anti-inflammatory effects, which can promote tissue regeneration and oral health 2. Xylitol: It can promote saliva secretion, and reduce acidic substances, thereby reducing tooth erosion 3. Mint: It has a fresh and sweet aroma, [&hellip;]","protected":false},"featured_media":1043,"menu_order":0,"template":"","meta":[],"product-tag":[201,206,207,208,212,213,216],"products":[72],"class_list":["post-1042","product","type-product","status-publish","has-post-thumbnail","hentry","product-tag-mouthwash-manufacturer","product-tag-mouthwash-companies","product-tag-mouthwash-factory","product-tag-mouthwash-suppliers","product-tag-mouthwash-contract-manufacturer","product-tag-antiseptic-mouthwashes-manufacturer","product-tag-private-label-mouthwash-manufacturers","products-mouthwash"],"acf":[],"_links":{"self":[{"href":"https:\/\/www.ruiqigo.com\/da\/wp-json\/wp\/v2\/product\/1042","targetHints":{"allow":["GET"]}}],"collection":[{"href":"https:\/\/www.ruiqigo.com\/da\/wp-json\/wp\/v2\/product"}],"about":[{"href":"https:\/\/www.ruiqigo.com\/da\/wp-json\/wp\/v2\/types\/product"}],"version-history":[{"count":0,"href":"https:\/\/www.ruiqigo.com\/da\/wp-json\/wp\/v2\/product\/1042\/revisions"}],"wp:featuredmedia":[{"embeddable":true,"href":"https:\/\/www.ruiqigo.com\/da\/wp-json\/wp\/v2\/media\/1043"}],"wp:attachment":[{"href":"https:\/\/www.ruiqigo.com\/da\/wp-json\/wp\/v2\/media?parent=1042"}],"wp:term":[{"taxonomy":"product-tag","embeddable":true,"href":"https:\/\/www.ruiqigo.com\/da\/wp-json\/wp\/v2\/product-tag?post=1042"},{"taxonomy":"products","embeddable":true,"href":"https:\/\/www.ruiqigo.com\/da\/wp-json\/wp\/v2\/products?post=1042"}],"curies":[{"name":"wp","href":"https:\/\/api.w.org\/{rel}","templated":true}]}}