{"id":1074,"date":"2024-09-14T16:01:50","date_gmt":"2024-09-14T08:01:50","guid":{"rendered":"https:\/\/ruiqigo.com\/?post_type=product&#038;p=1074"},"modified":"2024-11-14T17:28:10","modified_gmt":"2024-11-14T09:28:10","slug":"rosemary-essential-oil","status":"publish","type":"product","link":"https:\/\/www.ruiqigo.com\/da\/product\/rosemary-essential-oil","title":{"rendered":"Rosmarin \u00e6terisk olie"},"content":{"rendered":"<h2 class=\"wp-block-heading\">Almindelige formler til fremstilling af \u00e6terisk rosmarinolie<\/h2>\n\n\n\n<p>I produktionsprocessen af rosmarin \u00e6terisk olie kontrollerer vi strengt hvert trin for at sikre koncentrationen af aktive ingredienser og duft, og vi har professionelle parfumeproducenter til at guide formlen, hvoraf der er tre hovedingredienser, der hver spiller en vigtig rolle i at beskytte h\u00e5rets sundhed:<\/p>\n\n\n\n<p>1. Rosmarin: Rosmarin er rig p\u00e5 antioxidanter, som kan tr\u00e6nge ind i h\u00e5rlagene, reparere skadet h\u00e5r og g\u00f8re h\u00e5ret sundere og mere glansfuldt. Derudover kan de aktive stoffer i rosmarin ogs\u00e5 stimulere blodcirkulationen i hovedbunden og give h\u00e5rs\u00e6kkene tilstr\u00e6kkelige n\u00e6ringsstoffer, hvilket fremmer h\u00e5rv\u00e6kst. Derudover har rosmarin visse antibakterielle virkninger, som kan reducere sk\u00e6l og bet\u00e6ndelse i hovedbunden.<\/p>\n\n\n\n<p>2. Pebermynte: Pebermynte har en st\u00e6rk lindrende effekt og kan hurtigt tr\u00e6nge ind i hovedbunden, hvilket giver en beroligende og afslappet f\u00f8lelse, hj\u00e6lper med at reducere kl\u00f8e i hovedbunden og opretholder en frisk f\u00f8lelse. Samtidig kan dens friske aroma ogs\u00e5 opfriske sindet, s\u00e5 du hurtigt kan slappe af. Derudover kan pebermynteolie ogs\u00e5 rense hovedbunden i dybden, fjerne overskydende olie og snavs og regulere oliebalancen.<\/p>\n\n\n\n<p>3. Lavendel: Lavendel har en beroligende effekt, som er befordrende for at lindre sp\u00e6ndinger, forbedre s\u00f8vnkvaliteten og pleje h\u00e5rets sundhed. Samtidig har den ogs\u00e5 en vis reparerende effekt, som kan reparere skadet h\u00e5r, glatte h\u00e5ret og g\u00f8re h\u00e5ret mere glat og skinnende.<\/p>\n\n\n\n<h2 class=\"wp-block-heading\">Funktioner<\/h2>\n\n\n\n<p>1. Naturlige ingredienser, rene og naturlige: Rosmarin \u00e6terisk olie er et produkt med h\u00f8j renhed, der udvindes ved destillationsteknologi, og en r\u00e6kke naturlige ingredienser anvendes omhyggeligt for at bevare n\u00e6ringsstofferne indeni, ingen urenheder, du kan v\u00e6re sikker p\u00e5 at bruge.<\/p>\n\n\n\n<p>2. Flere effekter, omfattende pleje: Disse naturlige ingredienser har hver is\u00e6r en forskellig effekt i alle aspekter af plejen af h\u00e5rets sundhed, fremmer h\u00e5rets naturlige v\u00e6kst og g\u00f8r h\u00e5ret st\u00e6rkere og lysere.<\/p>\n\n\n\n<p>3. Let at absorbere, ikke fedtende: Vores omhyggeligt udvalgte \u00e6teriske olier kan hurtigt tr\u00e6nge ind i hovedbunden, absorbere og spille en rolle uden en fedtet f\u00f8lelse.<\/p>\n\n\n\n<p>4. Frisk duft, beroligende og afslappende: Myntens friskhed og den unikke aroma af rosmarin kan hj\u00e6lpe med at berolige hum\u00f8ret, afsp\u00e6nde krop og sind og lindre stress.<\/p>\n\n\n\n<h2 class=\"wp-block-heading\">Fordelene ved rosmarin \u00e6terisk olie<\/h2>\n\n\n\n<p>1. N\u00e6rer h\u00e5ret: \u00c6terisk rosmarinolie kan tr\u00e6nge ind i h\u00e5rets lag, give h\u00e5ret den n\u00f8dvendige fugt og n\u00e6ring og n\u00e6re hovedbunden. Langvarig brug kan g\u00f8re h\u00e5ret mere smidigt, st\u00e6rkt og skinnende.<\/p>\n\n\n\n<p>2. Mod sk\u00e6l og kl\u00f8estillende: Vores \u00e6teriske olier har en st\u00e6rk antibakteriel og antiinflammatorisk effekt, som kan reducere kl\u00f8e i hovedbunden og reducere sk\u00e6l ved at bek\u00e6mpe bakterier og bet\u00e6ndelse i hovedbunden. Samtidig kan rosmarinolie berolige hovedbunden, hvilket g\u00f8r hovedbunden mere behagelig og fremmer en sund v\u00e6kst.<\/p>\n\n\n\n<p>3. Oliefjerning og oliekontrol: Pebermynteingrediensen i \u00e6terisk olie kan rense hovedbunden, fjerne olie og snavs, holde h\u00e5ret frisk og insistere p\u00e5 at bruge den for at opn\u00e5 effekten af oliefjernelse og oliekontrol.<\/p>\n\n\n\n<p>4. Fremme h\u00e5rv\u00e6kst: Rosmarin \u00e6terisk olie er rig p\u00e5 antioxidanter, som kan bek\u00e6mpe frie radikaler for at fremme sund h\u00e5rv\u00e6kst, og den kan stimulere blodcirkulationen i hovedbunden og give mere ilt og n\u00e6ringsstoffer til h\u00e5rs\u00e6kkene, hvilket er befordrende for at fremme h\u00e5rv\u00e6kst.<\/p>\n\n\n\n<p>5. Lindre angst: Lavendel ingredienser hj\u00e6lper med at berolige og have en antidepressiv effekt, kan lindre angst, fjerne distraktioner, lade folk slappe af og falde til ro hurtigt og er medvirkende til at forbedre mental utilpashed. Samtidig kan den unikke aroma af rosmarin opfriske sindet og hj\u00e6lpe med at forbedre hukommelse og koncentration.<\/p>\n\n\n\n<p>6. Smertelindring: Rosmarins antiinflammatoriske egenskaber kan reducere forekomsten af v\u00e6vsinflammation, hvilket kan lindre smerter og h\u00e6velse for\u00e5rsaget af gigt, eksem og andre sygdomme. Derfor kan rosmarin \u00e6terisk olie hj\u00e6lpe med at behandle denne type sygdom.<\/p>\n\n\n\n<p>7. God ford\u00f8jelse: Rosmarin kan fremme produktionen af galde, hvilket igen forbedrer ford\u00f8jelsessystemet og stimulerer appetitten. S\u00e5 brug af rosmarin \u00e6terisk olie kan hj\u00e6lpe med at lindre symptomer som mavebesv\u00e6r og ubehag.<\/p>\n\n\n\n<h2 class=\"wp-block-heading\">Hvordan bruger man \u00e6terisk rosmarinolie p\u00e5 h\u00e5ret?<\/h2>\n\n\n\n<p>Som professionel producent af \u00e6terisk rosmarinolie anbefales det p\u00e5 grund af den h\u00f8jere koncentration af \u00e6terisk rosmarinolie at blande den med andre baseolier for at fortynde den \u00e6teriske olie og undg\u00e5 at irritere hovedbunden. Du kan v\u00e6lge en baseolie, du foretr\u00e6kker, og derefter blande den i forholdet 1:100, s\u00e5 koncentrationen ikke overstiger 3%. Som en innovativ producent af \u00e6terisk rosmarinolie markerer vi i produktionsprocessen den relevante brugsanvisning og brugsanvisningen p\u00e5 produktemballagen. L\u00e6s venligst denne omhyggeligt inden brug.<\/p>\n\n\n\n<p>1. F\u00f8r vask med shampoo: Red h\u00e5ret f\u00f8r vask med shampoo. H\u00e6ld den tilberedte \u00e6teriske olie i h\u00e5ndfladen for at gnide og varme den op, mass\u00e9r den derefter blidt ind i hovedbunden og mass\u00e9r med fingeren og maven i ca. 5 minutter. Lad det virke i 30 minutter efter massagen, og vask dit h\u00e5r. Denne proces hj\u00e6lper med at forbedre blodcirkulationen, afslappe hovedbunden og fremme h\u00e5rv\u00e6kst.<\/p>\n\n\n\n<p>2. Shampoo: Du kan tils\u00e6tte et par dr\u00e5ber rosmarinolie til shampooen, blande godt og vaske dit h\u00e5r efter de normale trin til shampoo. Hvis h\u00e5ret er fedtet eller langt, kan du rense det flere gange. Dette sikrer renhed, men hj\u00e6lper ogs\u00e5 med at holde h\u00e5ret friskt, kontrollere oliebalancen og stimulere h\u00e5rv\u00e6kst.<\/p>\n\n\n\n<p>3. Efter vask: Efter vask blandes rosmarin \u00e6terisk olie og balsam i forholdet, og det p\u00e5f\u00f8res derefter j\u00e6vnt i h\u00e5rspidserne, is\u00e6r hvor det er let at t\u00f8rre og dele sig. Mass\u00e9r blidt, indtil det er absorberet, og rens derefter med varmt vand. Denne proces vil g\u00f8re h\u00e5ret mere silkeagtigt og skinnende. Langvarig brug er befordrende for at n\u00e6re h\u00e5ret, s\u00e5 det f\u00e5r tilstr\u00e6kkelig fugt, ikke l\u00e6ngere er t\u00f8rt og bliver st\u00e6rkere og sundere.<\/p>\n\n\n\n<h2 class=\"wp-block-heading\">Forsigtighed<\/h2>\n\n\n\n<p>1. S\u00f8rg for, at den valgte baseolie er ren og egnet til din hudtype, n\u00e5r du fortynder den.<\/p>\n\n\n\n<p>2. Det anbefales at foretage en allergitest, f\u00f8r man bruger \u00e6terisk rosmarinolie.<\/p>\n\n\n\n<p>3. Hvis der opst\u00e5r ubehag under brugen, skal den straks stoppes og reng\u00f8res med vand.<\/p>\n\n\n\n<p>4. Gravide kvinder og b\u00f8rn er mere f\u00f8lsomme over for \u00e6teriske olier og b\u00f8r anvendes med forsigtighed.<\/p>\n\n\n\n<p>5. \u00c6terisk rosmarinolie b\u00f8r opbevares k\u00f8ligt og t\u00f8rt, v\u00e6k fra direkte sollys.<\/p>\n\n\n\n<p>6. Overdreven brug kan for\u00e5rsage bivirkninger, s\u00e5 overdreven p\u00e5f\u00f8ring og hyppig brug b\u00f8r undg\u00e5s under brug.<\/p>\n\n\n\n<h2 class=\"wp-block-heading\">Konklusion<\/h2>\n\n\n\n<p>Rosmarin \u00e6terisk olie med sine egenskaber til at n\u00e6re h\u00e5r, fremme v\u00e6kst og lindre smerter og angst er meget anvendt af personer med en r\u00e6kke forskellige h\u00e5r- og hovedbundsproblemer, men det skal bem\u00e6rkes, at gravide kvinder og b\u00f8rn samt personer med f\u00f8lsom hud b\u00f8r konsultere en l\u00e6ge for at f\u00e5 r\u00e5d. Som en professionel producent af rosmarin \u00e6terisk olie produceres vores rosmarin \u00e6teriske olie i n\u00f8je overensstemmelse med produktionsprocessen, gennemg\u00e5r lag af kvalitetstest for at sikre produktets sikkerhed og stabilitet, og har opn\u00e5et nogle internationale sikkerhedscertificeringer og er et p\u00e5lideligt produkt.<\/p>\n\n\n\n<p><\/p>","protected":false},"excerpt":{"rendered":"Rosemary Essential Oil Manufacturing Common Formulas In the production process of rosemary essential oil, we strictly control every step to ensure the concentration of active ingredients and fragrance, and have professional perfumers to guide the formula, among which there are three main ingredients each plays an important role in protecting the health of hair: 1. [&hellip;]","protected":false},"featured_media":1075,"menu_order":0,"template":"","meta":[],"product-tag":[],"products":[49,53],"class_list":["post-1074","product","type-product","status-publish","has-post-thumbnail","hentry","products-hair-care","products-essential-oil"],"acf":[],"_links":{"self":[{"href":"https:\/\/www.ruiqigo.com\/da\/wp-json\/wp\/v2\/product\/1074","targetHints":{"allow":["GET"]}}],"collection":[{"href":"https:\/\/www.ruiqigo.com\/da\/wp-json\/wp\/v2\/product"}],"about":[{"href":"https:\/\/www.ruiqigo.com\/da\/wp-json\/wp\/v2\/types\/product"}],"version-history":[{"count":0,"href":"https:\/\/www.ruiqigo.com\/da\/wp-json\/wp\/v2\/product\/1074\/revisions"}],"wp:featuredmedia":[{"embeddable":true,"href":"https:\/\/www.ruiqigo.com\/da\/wp-json\/wp\/v2\/media\/1075"}],"wp:attachment":[{"href":"https:\/\/www.ruiqigo.com\/da\/wp-json\/wp\/v2\/media?parent=1074"}],"wp:term":[{"taxonomy":"product-tag","embeddable":true,"href":"https:\/\/www.ruiqigo.com\/da\/wp-json\/wp\/v2\/product-tag?post=1074"},{"taxonomy":"products","embeddable":true,"href":"https:\/\/www.ruiqigo.com\/da\/wp-json\/wp\/v2\/products?post=1074"}],"curies":[{"name":"wp","href":"https:\/\/api.w.org\/{rel}","templated":true}]}}