{"id":1080,"date":"2024-09-14T14:55:04","date_gmt":"2024-09-14T06:55:04","guid":{"rendered":"https:\/\/ruiqigo.com\/?post_type=product&#038;p=1080"},"modified":"2024-11-14T22:16:48","modified_gmt":"2024-11-14T14:16:48","slug":"batana-oil","status":"publish","type":"product","link":"https:\/\/www.ruiqigo.com\/da\/product\/batana-oil","title":{"rendered":"Batana olie\u00a0"},"content":{"rendered":"<h2 class=\"wp-block-heading\">S\u00e5dan formuleres en Batana Oil-h\u00e5rplejelinje<\/h2>\n\n\n\n<p>Som en f\u00f8rende Batana Oil-producent har Batana-olie en betydelig effekt p\u00e5 h\u00e5rplejen takket v\u00e6re dens n\u00f8glen\u00e6ringsstoffer, som n\u00e6rer h\u00e5ret, forbedrer h\u00e5rets sejhed, forsinker aldring og plejer dit h\u00e5rs sundhed.<\/p>\n\n\n\n<p>Fedtsyrer: Fedtsyrer kan n\u00e6re h\u00e5ret i dybden, hvilket g\u00f8r h\u00e5ret mere sundt og skinnende. Desuden kan fedtsyrer ogs\u00e5 \u00f8ge h\u00e5rets elasticitet og sejhed og reducere brud.<\/p>\n\n\n\n<p>E-vitamin: E-vitamin er en naturlig antioxidant, det har en vis reparationseffekt, kan forbedre beskadiget h\u00e5r og reducerer skader p\u00e5 spaltet h\u00e5r og brud. Ikke nok med det, E-vitamin kan ogs\u00e5 fremme blodcirkulationen til hovedbunden, give flere n\u00e6ringsstoffer til h\u00e5ret og fremme v\u00e6ksten.<\/p>\n\n\n\n<p>Antioxidanter: Antioxidanter kan bek\u00e6mpe frie radikaler for at bremse oxidationsprocessen af h\u00e5r og hovedbund, hj\u00e6lpe med at bremse h\u00e5rets aldring og beskytte h\u00e5ret mod UV-str\u00e5ler og dermed g\u00f8re h\u00e5ret lysere og sundere.<\/p>\n\n\n\n<h2 class=\"wp-block-heading\">Funktioner<\/h2>\n\n\n\n<p>1. Naturlig og forureningsfri: Vores Batana \u00e6teriske olie udvindes uden tils\u00e6tning af andre kemiske komponenter under produktionsprocessen, ingredienserne er rene, indeholder ingen irriterende ingredienser og kan bruges sikkert.<\/p>\n\n\n\n<p>2. Nem absorption: Sammenlignet med almindelige h\u00e5rpleje \u00e6teriske olier, kan vores Batana \u00e6teriske olier tr\u00e6nge igennem og absorbere hurtigere og bedre, og vil ikke fedte, s\u00e5 oplevelsen bliver mere behagelig, og kan bruges med andre produkter, ikke tunge.<\/p>\n\n\n\n<p>3. Hel hud: Batana-oliens n\u00e6rende, fugtgivende og letoptagelige egenskaber viser ogs\u00e5, at den er velegnet til en r\u00e6kke forskellige h\u00e5rtyper. Det kan ikke kun fugte t\u00f8rt h\u00e5r kraftigt og opn\u00e5 den fugtgivende effekt, men ogs\u00e5 afbalancere udskillelsen af olie og reducere den fedtede f\u00f8lelse af fedtet h\u00e5r. For blandet h\u00e5r kan det naturligvis forbedre h\u00e5rets generelle sundhed og er en v\u00e6rd at k\u00f8be mulighed.<\/p>\n\n\n\n<h2 class=\"wp-block-heading\">Fordelene ved Batana Oil<\/h2>\n\n\n\n<p>1. Dyb n\u00e6rende og fugtgivende: Batana \u00e6terisk olie kan g\u00e5 dybt ind i hovedbunden, bl\u00f8dg\u00f8re og berolige hovedbunden og give en n\u00e6rende og fugtgivende effekt til h\u00e5ret. Dette er en god h\u00e5rpleje \u00e6terisk olie til folk med t\u00f8rt og beskadiget h\u00e5r, som kan forbedre deres h\u00e5rkvalitet og slippe af med besv\u00e6ret med t\u00f8rt h\u00e5r.<\/p>\n\n\n\n<p>2. Naturlig glans: Batana olie kan ikke kun glatte h\u00e5r, men ogs\u00e5 genoprette h\u00e5rets glans. G\u00f8r h\u00e5ret glattere og forbedrer det generelle udseende.<\/p>\n\n\n\n<p>3. Reparation af skader: Antioxidantstofferne i Batana-olie kan i dybden reparere beskadiget h\u00e5r og derved reducere h\u00e5rspaltning og brud. Skaderne for\u00e5rsaget af hyppig strygning og farvning og den alvorlige bifurkation kan ogs\u00e5 v\u00e6re den rigtige medicin, langvarig vedh\u00e6ftning til brug kan \u00f8ge h\u00e5rets sejhed, s\u00e5 h\u00e5ret er mere sundt og ikke let at fl\u00e6kke og kn\u00e6kke.<\/p>\n\n\n\n<p>4. Fremme v\u00e6kst: Som en pr\u00e6cisionsproducent er en sund hovedbund befordrende for h\u00e5rv\u00e6kst, og n\u00e6ringsstofferne fra Batana \u00e6terisk olie kan fremme hovedbundens sundhed og give et godt v\u00e6kstmilj\u00f8 for h\u00e5rs\u00e6kkene. At massere Batana-olie ind i hovedbunden stimulerer blodcirkulationen og fremmer h\u00e5rets generelle sundhed, hvilket reducerer h\u00e5rtab og h\u00e5rbrud, samtidig med at det hj\u00e6lper h\u00e5ret med at vokse naturligt.<\/p>\n\n\n\n<p>5. Beroligende hud: Udover h\u00e5rpleje kan Batana ogs\u00e5 bruges i andre aspekter, s\u00e5som forbedring af uj\u00e6vn hudtone, giver en fugtgivende effekt til huden, bremser hudens aldring, og andre effekter, langtidsbrug, vil du finde \u00e6ndringer i huden.<\/p>\n\n\n\n<h2 class=\"wp-block-heading\">Hvordan bruger man Batana-olie p\u00e5 h\u00e5r?<\/h2>\n\n\n\n<p>Som professionel Batana Oil-producent er her mange m\u00e5der at bruge Batana-olie p\u00e5, og du kan v\u00e6lge en eller flere, der passer bedst til dig baseret p\u00e5 din h\u00e5rtype:<\/p>\n\n\n\n<p>1. F\u00f8r shampoo: Tag en passende m\u00e6ngde \u00e6terisk olie og gnid den i din h\u00e5ndflade for at varme, masser den varme \u00e6teriske olie ind i din hovedbund og h\u00e5r, is\u00e6r den t\u00f8rre og beskadigede del, og fiks\u00e9r derefter dit h\u00e5r med en badeh\u00e6tte eller plastikfolie, og vent en halv time f\u00f8r vask eller n\u00e6ste morgen. Denne proces hj\u00e6lper Batana \u00e6terisk olie med at tr\u00e6nge dybere ind i h\u00e5rstr\u00e5ene, emulgerer olier og snavs og n\u00e6rer hovedbunden.<\/p>\n\n\n\n<p>2. Under shampooing: Du kan massere en lille m\u00e6ngde \u00e6terisk olie ind i din hovedbund og h\u00e5r under shampooing. Du kan ogs\u00e5 blande det med shampoo eller balsam. At d\u00e6kke hele hovedbunden med \u00e6terisk olie og forsigtigt massere den i 3-5 minutter kan rense og slappe af hovedbunden, fremme blodcirkulationen og dermed stimulere h\u00e5rs\u00e6kkene. Efter massagen skylles af med vand. Denne proces hj\u00e6lper den \u00e6teriske olie til bedre at n\u00e6re h\u00e5ret og g\u00f8re det glattere og mere skinnende.<\/p>\n\n\n\n<p>3. Efter shampooing, efter vask af dit h\u00e5r, dup vandet med et h\u00e5ndkl\u00e6de og hold det i en let v\u00e5d tilstand; Tag derefter en passende m\u00e6ngde \u00e6terisk olie, gnid og opvarm, og p\u00e5f\u00f8r det p\u00e5 h\u00e5ret, is\u00e6r hvor enderne af h\u00e5ret er lette at fl\u00e6kke; Efter p\u00e5f\u00f8ring, lad dit h\u00e5r luftt\u00f8rre eller f\u00f8nt\u00f8rre med en h\u00e5rt\u00f8rrer, pas p\u00e5 ikke at blive for varmt. P\u00e5 denne m\u00e5de bliver dit h\u00e5r fugtet og beskyttet.<\/p>\n\n\n\n<h2 class=\"wp-block-heading\">Forsigtighed<\/h2>\n\n\n\n<p>1. For f\u00f8rste gang anbefales det at udf\u00f8re en hudtest for at forhindre allergi<\/p>\n\n\n\n<p>2. Det anbefales, at b\u00f8rn bruger under opsyn af deres for\u00e6ldre<\/p>\n\n\n\n<p>3. I tilf\u00e6lde af kontakt med \u00f8jnene under brug, skyl straks med rent vand<\/p>\n\n\n\n<p>4. Opbevares p\u00e5 et k\u00f8ligt og t\u00f8rt sted, v\u00e6k fra direkte sollys<\/p>\n\n\n\n<p>5. Hyppigheden af brug af fint h\u00e5r b\u00f8r ikke v\u00e6re for h\u00f8j<\/p>\n\n\n\n<h2 class=\"wp-block-heading\">Konklusion<\/h2>\n\n\n\n<p>Batana \u00e6terisk olie er alsidig, blid og ikke-irriterende til en lang r\u00e6kke h\u00e5rtyper. Effektive l\u00f8sninger til t\u00f8rre, spaltede spidser, h\u00e5rtab osv. spiller en vigtig rolle i vores h\u00e5rpleje. Som en fremragende Batana Oil-producent har vi et udvalg for at sikre h\u00f8j kvalitet og naturlige r\u00e5materialer, og gennem en r\u00e6kke fremstillingsprocesser er Batana \u00e6terisk olie ogs\u00e5 et p\u00e5lideligt produkt.<\/p>\n\n\n\n<p><\/p>","protected":false},"excerpt":{"rendered":"How To Formulate A Batana Oil Hair Care Line As a leading Batana Oil manufacturer, Batana oil has a significant effect on hair care thanks to its key nutrients, which nourish hair, enhance hair toughness, delay aging, and care for your hair health. Fatty acids: Fatty acids can deeply nourish hair, making hair more healthy [&hellip;]","protected":false},"featured_media":1081,"menu_order":0,"template":"","meta":[],"product-tag":[],"products":[49,53],"class_list":["post-1080","product","type-product","status-publish","has-post-thumbnail","hentry","products-hair-care","products-essential-oil"],"acf":[],"_links":{"self":[{"href":"https:\/\/www.ruiqigo.com\/da\/wp-json\/wp\/v2\/product\/1080","targetHints":{"allow":["GET"]}}],"collection":[{"href":"https:\/\/www.ruiqigo.com\/da\/wp-json\/wp\/v2\/product"}],"about":[{"href":"https:\/\/www.ruiqigo.com\/da\/wp-json\/wp\/v2\/types\/product"}],"version-history":[{"count":0,"href":"https:\/\/www.ruiqigo.com\/da\/wp-json\/wp\/v2\/product\/1080\/revisions"}],"wp:featuredmedia":[{"embeddable":true,"href":"https:\/\/www.ruiqigo.com\/da\/wp-json\/wp\/v2\/media\/1081"}],"wp:attachment":[{"href":"https:\/\/www.ruiqigo.com\/da\/wp-json\/wp\/v2\/media?parent=1080"}],"wp:term":[{"taxonomy":"product-tag","embeddable":true,"href":"https:\/\/www.ruiqigo.com\/da\/wp-json\/wp\/v2\/product-tag?post=1080"},{"taxonomy":"products","embeddable":true,"href":"https:\/\/www.ruiqigo.com\/da\/wp-json\/wp\/v2\/products?post=1080"}],"curies":[{"name":"wp","href":"https:\/\/api.w.org\/{rel}","templated":true}]}}