{"id":1101,"date":"2024-09-20T13:55:29","date_gmt":"2024-09-20T05:55:29","guid":{"rendered":"https:\/\/ruiqigo.com\/?post_type=product&#038;p=1101"},"modified":"2024-09-20T13:55:29","modified_gmt":"2024-09-20T05:55:29","slug":"minoxidil-hair-growth-solution","status":"publish","type":"product","link":"https:\/\/www.ruiqigo.com\/da\/product\/minoxidil-hair-growth-solution","title":{"rendered":"Minoxidil h\u00e5rv\u00e6kstopl\u00f8sning"},"content":{"rendered":"<h2 class=\"wp-block-heading\">Minoxidil Hair Growth Solution Fremstilling af almindelige formler<\/h2>\n\n\n\n<p>Vores produktionsproces omfatter hovedsageligt r\u00e5materialeforberedelse, reaktionssyntese, oprensning, klarg\u00f8ring og p\u00e5fyldning. Kvalitetskontrollen l\u00f8ber gennem hele processen for at sikre, at produktkvaliteten lever op til de relevante standarder og krav. De vigtigste formler er:<\/p>\n\n\n\n<p>1. Minoxidil: Den aktive kerneingrediens kan udvide blodkar, fremme blodcirkulationen, give h\u00e5ret mere ilt og n\u00e6ringsstoffer og stimulere h\u00e5rv\u00e6kst.<\/p>\n\n\n\n<p>2. Propylenglycol: som opl\u00f8sningsmiddel spiller det hovedsageligt en rolle i opl\u00f8sning og anti-korrosion, og har ogs\u00e5 en fugtgivende effekt p\u00e5 huden.<\/p>\n\n\n\n<p>3. Ethanol: Hj\u00e6lpevirkning, der hj\u00e6lper minoxidil med at opl\u00f8ses og forblive stabil.<\/p>\n\n\n\n<p>4. Glycerin: som fugtighedscreme kan det \u00f8ge produktets komfort.<\/p>\n\n\n\n<p>5. Rent vand: fortynding<\/p>\n\n\n\n<h2 class=\"wp-block-heading\">Fordelene ved Minoxidil Hair Growth Solution<\/h2>\n\n\n\n<p>1. Fremme h\u00e5rv\u00e6kst: Minoxidil h\u00e5rv\u00e6kstopl\u00f8sning kan stimulere spredningen og differentieringen af h\u00e5rs\u00e6kkeceller og dermed fremme h\u00e5rv\u00e6kst og hj\u00e6lpe med at genoprette beskadigede h\u00e5rs\u00e6kkenes funktion.<\/p>\n\n\n\n<p>2. Forbedre hovedbundsmilj\u00f8et: Minoxidil h\u00e5rv\u00e6kstopl\u00f8sning fremmer blodcirkulationen ved at udvide blodkarrene og dermed bringe mere ilt og n\u00e6ringsstoffer til h\u00e5rs\u00e6kkene. Langtidsbrug kan forbedre hovedbundsmilj\u00f8et.<\/p>\n\n\n\n<p>3. Forbedre h\u00e5rtab: Minoxidil h\u00e5rv\u00e6kstopl\u00f8sning kan reducere h\u00e5rtab, is\u00e6r for mennesker med androgen alopeci og seborrheic alopeci.<\/p>\n\n\n\n<p>4. \u00d8g h\u00e5rets tykkelse og t\u00e6thed: Langtidsbrug af vores produkter kan ikke kun reducere h\u00e5rtab og fremme h\u00e5rv\u00e6kst, men h\u00e5ret optager ogs\u00e5 konstant n\u00e6ringsstoffer, som vil blive sundere og tykkere.<\/p>\n\n\n\n<p>5. Forl\u00e6ng den hvilende h\u00e5rs\u00e6kkecyklus: Minoxidil h\u00e5rv\u00e6kstopl\u00f8sning kan regulere h\u00e5rs\u00e6kkenes v\u00e6kstcyklus, s\u00e5 de hvilende h\u00e5rs\u00e6kke p\u00e5 forh\u00e5nd kommer ind i v\u00e6kstfasen og dermed forl\u00e6nge h\u00e5rets livscyklus.<\/p>\n\n\n\n<p>6. Reparation af hovedbundens barrierefunktion: Minoxidil har ogs\u00e5 anti-inflammatoriske virkninger, og bet\u00e6ndelse i hovedbunden for\u00e5rsager normalt skade p\u00e5 barrierefunktionen, s\u00e5 langvarig brug kan hj\u00e6lpe med at reducere denne skade og fremme reparationen af hovedbundsbarrieren.<\/p>\n\n\n\n<h2 class=\"wp-block-heading\">Hvordan man bruger Minoxidil Hair Growth Solution?<\/h2>\n\n\n\n<p>1. Ren hovedbund: F\u00f8r du bruger minoxidil h\u00e5rv\u00e6kstopl\u00f8sning, skal du sikre dig, at hovedbunden er ren og t\u00f8r for at sikre, at l\u00e6gemidlet absorberes bedre.<\/p>\n\n\n\n<p>2. P\u00e5f\u00f8r eller spray: H\u00e5ret kan deles i fire dele, og p\u00e5f\u00f8r derefter v\u00e6kstopl\u00f8sningen j\u00e6vnt p\u00e5 h\u00e5rtabsomr\u00e5det, eller spray mundstykket mod hovedbunden for at sikre, at v\u00e6sken kan d\u00e6kkes j\u00e6vnt p\u00e5 hovedbunden, og mass\u00e9r derefter blidt med fingermaven i 3-5 minutter, indtil den er helt absorberet.<\/p>\n\n\n\n<p>3. Vask h\u00e6nder umiddelbart efter massage, for ikke at r\u00f8re andre dele af v\u00e6sken. Samtidig m\u00e5 du ikke vaske dit h\u00e5r umiddelbart efter p\u00e5f\u00f8ring, det anbefales at vente i mere end 1 time og bruge en gang hver morgen og aften.<\/p>\n\n\n\n<h2 class=\"wp-block-heading\">Forsigtighed<\/h2>\n\n\n\n<p>1. Undg\u00e5 at blande med andre l\u00e6gemidler. N\u00e5r du bruger dette produkt, b\u00f8r du konsultere din l\u00e6ge om, hvorvidt andre anvendte l\u00e6gemidler kan blandes med Minoxidil h\u00e5rv\u00e6kstprodukter.<\/p>\n\n\n\n<p>2. Gravide kvinder, b\u00f8rn, ammende kvinder og patienter med hjertesygdomme eller tidligere hjertesygdomme b\u00f8r anvendes med forsigtighed under vejledning af en l\u00e6ge.<\/p>\n\n\n\n<p>3. En allergisk test anbefales f\u00f8r brug af minoxidil h\u00e5rv\u00e6kstopl\u00f8sning.<\/p>\n\n\n\n<p>4. Brugscyklussen for dette produkt er normalt 4 m\u00e5neder. Hvis du holder op med at bruge det i denne periode, kan h\u00e5rtab starte igen og tabe h\u00e5r hurtigere.<\/p>\n\n\n\n<p>5. Dette produkt er velegnet til de fleste mennesker, 18-40 \u00e5r gammel behandlingseffekt er bedst.<\/p>\n\n\n\n<p>6. Dette produkt er velegnet til de tidlige og mellemste stadier af h\u00e5rtab, rydde h\u00e5rtabsomr\u00e5de og andre scenarier, men s\u00f8rg for at f\u00f8lge l\u00e6gens r\u00e5d f\u00f8r brug.<\/p>\n\n\n\n<p>7. Efter brug af dette produkt er huden mere f\u00f8lsom over for solen, s\u00e5 v\u00e6r opm\u00e6rksom p\u00e5 solbeskyttelse.<\/p>\n\n\n\n<p>7. Hvis der opst\u00e5r ubehag under brug, skal du straks stoppe med at bruge og reng\u00f8re med vand.<\/p>\n\n\n\n<p>8. Minoxidil h\u00e5ropl\u00f8sning skal opbevares p\u00e5 et k\u00f8ligt og t\u00f8rt sted, v\u00e6k fra direkte sollys.<\/p>\n\n\n\n<h2 class=\"wp-block-heading\">Konklusion<\/h2>\n\n\n\n<p>Minoxidil h\u00e5rv\u00e6kstl\u00f8sning foretr\u00e6kkes af mennesker med h\u00e5rtab og h\u00e5rtab, is\u00e6r androgen alopeci, for dets egenskaber ved at forbedre h\u00e5rtab, udvide h\u00e5rs\u00e6kkene, fremme v\u00e6kst og reparere barrierer. Vores fabrik gennem lag af kvalitetskontrol, s\u00e5vel som teknisk personale forskning og udvikling innovation, forbedrer den eksisterende formel, og konstant forbedrer brugervenligheden af produkter. S\u00f8rg samtidig for, at produkternes kvalitet og sikkerhed er op til de h\u00f8jeste standarder og opfylder dine behov. Desuden har vi markeret brugsanvisningen p\u00e5 produktets emballage i detaljer. Vi h\u00e5ber, at du kan l\u00e6se instruktionerne omhyggeligt inden brug og justere dem efter din hudtype for at opn\u00e5 de bedste resultater.<\/p>\n\n\n\n<p><\/p>","protected":false},"excerpt":{"rendered":"Minoxidil Hair Growth Solution Manufacturing Common Formulas Our production process mainly includes raw material preparation, reaction synthesis, purification, preparation, and filling. The quality inspection runs through the whole process to ensure that the product quality meets the relevant standards and requirements. The main formulas are: 1. Minoxidil: The core active ingredient can dilate blood vessels, [&hellip;]","protected":false},"featured_media":1102,"menu_order":0,"template":"","meta":[],"product-tag":[],"products":[49],"class_list":["post-1101","product","type-product","status-publish","has-post-thumbnail","hentry","products-hair-care"],"acf":[],"_links":{"self":[{"href":"https:\/\/www.ruiqigo.com\/da\/wp-json\/wp\/v2\/product\/1101","targetHints":{"allow":["GET"]}}],"collection":[{"href":"https:\/\/www.ruiqigo.com\/da\/wp-json\/wp\/v2\/product"}],"about":[{"href":"https:\/\/www.ruiqigo.com\/da\/wp-json\/wp\/v2\/types\/product"}],"version-history":[{"count":0,"href":"https:\/\/www.ruiqigo.com\/da\/wp-json\/wp\/v2\/product\/1101\/revisions"}],"wp:featuredmedia":[{"embeddable":true,"href":"https:\/\/www.ruiqigo.com\/da\/wp-json\/wp\/v2\/media\/1102"}],"wp:attachment":[{"href":"https:\/\/www.ruiqigo.com\/da\/wp-json\/wp\/v2\/media?parent=1101"}],"wp:term":[{"taxonomy":"product-tag","embeddable":true,"href":"https:\/\/www.ruiqigo.com\/da\/wp-json\/wp\/v2\/product-tag?post=1101"},{"taxonomy":"products","embeddable":true,"href":"https:\/\/www.ruiqigo.com\/da\/wp-json\/wp\/v2\/products?post=1101"}],"curies":[{"name":"wp","href":"https:\/\/api.w.org\/{rel}","templated":true}]}}