{"id":1121,"date":"2024-09-20T17:27:59","date_gmt":"2024-09-20T09:27:59","guid":{"rendered":"https:\/\/ruiqigo.com\/?post_type=product&#038;p=1121"},"modified":"2024-11-14T17:27:54","modified_gmt":"2024-11-14T09:27:54","slug":"pumpkin-seed-oil","status":"publish","type":"product","link":"https:\/\/www.ruiqigo.com\/da\/product\/pumpkin-seed-oil","title":{"rendered":"Gr\u00e6skarkerneolie\u00a0\u00a0"},"content":{"rendered":"<h2 class=\"wp-block-heading\">Almindelige formler til fremstilling af gr\u00e6skarfr\u00f8olie<\/h2>\n\n\n\n<p>Vi l\u00e6gger stor v\u00e6gt p\u00e5 kvaliteten af gr\u00e6skarfr\u00f8olie, s\u00e5 enhver produktionsproces er strengt kontrolleret. F\u00f8rst og fremmest vil vi v\u00e6lge h\u00f8jkvalitets, forureningsfri gr\u00e6skarfr\u00f8 som r\u00e5materiale og bruge koldpresningsteknologi til at udvinde dem, som kan sikre integriteten og aktiviteten af n\u00e6ringsstoffer. Som en p\u00e5lidelig producent af gr\u00e6skarfr\u00f8olie er gr\u00e6skarfr\u00f8 i formlen for gr\u00e6skarfr\u00f8olie kerneingrediensen og blandes i forhold til andre antioxidanter. F\u00f8lgende er de vigtigste formuleringer af vores produkter:<\/p>\n\n\n\n<p>1. Gr\u00e6skarkerner: De forskellige fedtsyrer i gr\u00e6skarkerner har anti-inflammatoriske egenskaber, som kan forbedre beskadiget h\u00e5r. N\u00e6ringsstofferne i det kan ogs\u00e5 fremme h\u00e5rets sundhed og v\u00e6kst.<\/p>\n\n\n\n<p>2. E-vitamin: E-vitamin er en kraftig antioxidant, der bek\u00e6mper frie radikaler i hovedbunden og derved forsinker \u00e6ldning og beskytter cellerne mod skader.<\/p>\n\n\n\n<h2 class=\"wp-block-heading\">Fordelene ved gr\u00e6skarfr\u00f8olie<\/h2>\n\n\n\n<p>1. N\u00e6rer h\u00e5r: Gr\u00e6skarkerneolie kan give rig n\u00e6ring til h\u00e5ret og forbedre t\u00f8rt h\u00e5r, gult og andre problemer.<\/p>\n\n\n\n<p>2. Reparer skader: E-vitaminet og andre antioxidanter i gr\u00e6skarfr\u00f8olie bek\u00e6mper frie radikaler og kan ogs\u00e5 bek\u00e6mpe sk\u00e6l-relaterede symptomer og hovedbundsinfektioner, dyb reparation og forbedre h\u00e5rkvaliteten.<\/p>\n\n\n\n<p>3. Fugtl\u00e5svand: Vores produkt er en olie af mellemkvalitet, velegnet til p\u00e5f\u00f8ring i hovedbunden, kan fastl\u00e5se vand og forbedre h\u00e5rsplittet, \u00f8delagt h\u00e5r og andre problemer.<\/p>\n\n\n\n<p>4. Forbedre h\u00e5rtab: N\u00e5r kroppens DHT (dihydrotestosteron) er overdreven, vil det f\u00f8re til problemer med h\u00e5rtab, og gr\u00e6skarkerneolie kan reducere produktionen af DHT og derved beskytte h\u00e5rs\u00e6kkenes sundhed og reducere h\u00e5rtab.<\/p>\n\n\n\n<p>5. Fremme v\u00e6kst: Nogle komponenter i gr\u00e6skarfr\u00f8olie kan fremme blodcirkulationen, give flere n\u00e6ringsstoffer og ilt til h\u00e5rs\u00e6kkene og hj\u00e6lpe h\u00e5ret med at vokse naturligt.<\/p>\n\n\n\n<p>6. Forbedre huden: Gr\u00e6skarfr\u00f8olie har ikke kun en bem\u00e6rkelsesv\u00e6rdig effekt p\u00e5 h\u00e5rplejen, men er ogs\u00e5 et naturligt hudplejeprodukt, som kan v\u00e6re antioxidant, anti-aging, n\u00e6rende og fugtgivende, og kan forbedre hudkvaliteten og g\u00f8re din hud sundere ved langvarig brug.<\/p>\n\n\n\n<h2 class=\"wp-block-heading\">Hvordan bruger man gr\u00e6skarfr\u00f8olie til h\u00e5rv\u00e6kst?<\/h2>\n\n\n\n<p>Som en p\u00e5lidelig producent af gr\u00e6skarfr\u00f8olie udv\u00e6lger vi omhyggeligt h\u00f8jkvalitets gr\u00e6skarfr\u00f8, og hver produktionsproces kontrolleres af professionelle teknikere for at sikre deres renhed og sikkerhed. Der er mange m\u00e5der at bruge gr\u00e6skarkerneolie p\u00e5 i h\u00e5rpleje, du kan v\u00e6lge en passende til dig i henhold til den faktiske anmodning og langvarig brug, og jeg tror p\u00e5, at dit h\u00e5r vil blive sundere, tykkere og skinnende. F\u00f8lgende er flere brugsmetoder, der kan henvises til:<\/p>\n\n\n\n<p>1. F\u00f8r shampooing: F\u00f8r shampooing, red dit h\u00e5r og p\u00e5f\u00f8r vores produkt i din h\u00e5ndflade for at varme. P\u00e5f\u00f8r derefter j\u00e6vnt p\u00e5 hovedbunden og h\u00e5ret, du kan forsigtigt massere med fingermaven i 3-5 minutter og vente i 10 minutter for at fremme optagelsen; Vask dit h\u00e5r sidst, og s\u00f8rg for at rense det grundigt, n\u00e5r du vasker det.<\/p>\n\n\n\n<p>2. Shampoo: I shampooprocessen kan du droppe to dr\u00e5ber gr\u00e6skarkerneolie i shampoo eller balsam, i henhold til den normale shampooproces kan du bruge mere tid p\u00e5 at massere hovedbunden med fingeren og maven for at fremme blodcirkulationen og optagelsen af \u00e6terisk olie. Skyl med varmt vand for at sikre ingen rester.<\/p>\n\n\n\n<p>3. Efter vask af dit h\u00e5r: Efter vask af dit h\u00e5r, t\u00f8r vandet med et h\u00e5ndkl\u00e6de for at holde dit h\u00e5r i en halvt\u00f8r tilstand; Tag derefter en lille m\u00e6ngde gr\u00e6skarkerneolie, gnid og opvarm, og p\u00e5f\u00f8r j\u00e6vnt p\u00e5 h\u00e5rspidsen til enden af h\u00e5ret, is\u00e6r de t\u00f8rre, beskadigede dele, pas p\u00e5 ikke at sm\u00f8re p\u00e5 hovedbunden, for at undg\u00e5 fedtet h\u00e5r; Efter p\u00e5f\u00f8ring kan du t\u00f8rre med en h\u00e5rt\u00f8rrer ved lav temperatur eller luftt\u00f8rre.<\/p>\n\n\n\n<h2 class=\"wp-block-heading\">Forsigtighed<\/h2>\n\n\n\n<p>1. Der b\u00f8r udf\u00f8res en allergitest ved f\u00f8rste brug for at sikre, at der ikke er nogen allergisk reaktion f\u00f8r brug.<\/p>\n\n\n\n<p>2. Patienter med erytems\u00e5r eller meget fedtede h\u00e5rr\u00f8dder anbefales at bruge under vejledning af en l\u00e6ge.<\/p>\n\n\n\n<p>3. Gr\u00e6skarkerneolie er velegnet til de fleste mennesker, is\u00e6r dem med beskadiget h\u00e5r, skaldet h\u00e5r, t\u00f8rt h\u00e5r og s\u00e5 videre<\/p>\n\n\n\n<p>4. Vores produkt er velegnet til enhver situation, uanset om det bruges f\u00f8r, under og efter h\u00e5rvask eller daglig pleje.<\/p>\n\n\n\n<p>5, n\u00e5r det bruges til at kontrollere m\u00e6ngden, for at undg\u00e5 overdreven h\u00e5r fedtet og sv\u00e6rt at reng\u00f8re.<\/p>\n\n\n\n<p>6. Hvis der opst\u00e5r r\u00f8dme i huden, kl\u00f8e i hovedbunden og andre symptomer under brug, skal du straks stoppe med at bruge og reng\u00f8re med vand.<\/p>\n\n\n\n<p>7. Dette produkt skal opbevares p\u00e5 et k\u00f8ligt, t\u00f8rt sted v\u00e6k fra direkte sollys.<\/p>\n\n\n\n<h2 class=\"wp-block-heading\">Konklusion<\/h2>\n\n\n\n<p>Hvis du leder efter en helt naturlig, ikke-skadelig \u00e6terisk olie til h\u00e5rpleje, s\u00e5 er vores gr\u00e6skarkerneolie det bedste valg. Vi l\u00e6gger stor v\u00e6gt p\u00e5 produktkvalitet og sikkerhed. I hele produktionsprocessen er kvalitetskontrol, milj\u00f8beskyttelse og energibesparelse vores prioriteter. Fra r\u00e5varescreening til forarbejdning og emballering findes der forskellige kvalitetstests, herunder sensoriske indikatorer, funktionelle indikatorer, hudirritationstests osv., for at sikre \u00e6teriske oliers stabilitet og sikkerhed. Som en effektiv producent af gr\u00e6skarfr\u00f8olie bliver produkterne samtidig ogs\u00e5 verificeret af tredjeparts professionelle testinstitutioner for at opfylde de relevante standarder. Jeg h\u00e5ber, det kan give dig en god h\u00e5rplejeoplevelse, og jeg tror p\u00e5, at dit h\u00e5r helt sikkert vil f\u00e5 betydelige \u00e6ndringer under din vedvarende brug.<\/p>","protected":false},"excerpt":{"rendered":"Pumpkin Seed Oil Manufacturing Common Formulas We attach great importance to the quality of pumpkin seed oil, so every process of production is strictly controlled. First of all, we will select high-quality, pollution-free pumpkin seeds as raw materials, and use cold-pressing technology to extract them which can ensure the integrity and activity of nutrients. As [&hellip;]","protected":false},"featured_media":1122,"menu_order":0,"template":"","meta":[],"product-tag":[],"products":[53],"class_list":["post-1121","product","type-product","status-publish","has-post-thumbnail","hentry","products-essential-oil"],"acf":[],"_links":{"self":[{"href":"https:\/\/www.ruiqigo.com\/da\/wp-json\/wp\/v2\/product\/1121","targetHints":{"allow":["GET"]}}],"collection":[{"href":"https:\/\/www.ruiqigo.com\/da\/wp-json\/wp\/v2\/product"}],"about":[{"href":"https:\/\/www.ruiqigo.com\/da\/wp-json\/wp\/v2\/types\/product"}],"version-history":[{"count":0,"href":"https:\/\/www.ruiqigo.com\/da\/wp-json\/wp\/v2\/product\/1121\/revisions"}],"wp:featuredmedia":[{"embeddable":true,"href":"https:\/\/www.ruiqigo.com\/da\/wp-json\/wp\/v2\/media\/1122"}],"wp:attachment":[{"href":"https:\/\/www.ruiqigo.com\/da\/wp-json\/wp\/v2\/media?parent=1121"}],"wp:term":[{"taxonomy":"product-tag","embeddable":true,"href":"https:\/\/www.ruiqigo.com\/da\/wp-json\/wp\/v2\/product-tag?post=1121"},{"taxonomy":"products","embeddable":true,"href":"https:\/\/www.ruiqigo.com\/da\/wp-json\/wp\/v2\/products?post=1121"}],"curies":[{"name":"wp","href":"https:\/\/api.w.org\/{rel}","templated":true}]}}