{"id":1186,"date":"2024-09-29T15:38:44","date_gmt":"2024-09-29T07:38:44","guid":{"rendered":"https:\/\/ruiqigo.com\/?post_type=product&#038;p=1186"},"modified":"2024-10-28T15:43:09","modified_gmt":"2024-10-28T07:43:09","slug":"peppermint-body-wash","status":"publish","type":"product","link":"https:\/\/www.ruiqigo.com\/da\/product\/peppermint-body-wash","title":{"rendered":"Pebermynte Body Wash"},"content":{"rendered":"<h2 class=\"wp-block-heading\">Almindelige formler til fremstilling af gr\u00e6skarfr\u00f8olie<\/h2>\n\n\n\n<p>Vi l\u00e6gger stor v\u00e6gt p\u00e5 kvaliteten af mint-brusegelprodukter, og vi udv\u00e6lger ikke kun omhyggeligt r\u00e5materialer, men kontrollerer ogs\u00e5 strengt hver proces. En r\u00e6kke planteekstrakter tils\u00e6ttes til produktbehandlingen uden konserveringsmidler, hovedformlen er:<\/p>\n\n\n\n<p>1. Pebermynte \u00e6terisk olie: Pebermynte \u00e6terisk olie er kerneingrediensen i dette produkt, som indeholder meget menthol og mentholketon. Disse to aktive stoffer kan p\u00e5f\u00f8res huden for at skabe en k\u00f8lig f\u00f8lelse, som hj\u00e6lper med at lindre kl\u00f8e og irritation. De er ogs\u00e5 naturlige konserveringsmidler, med antibakterielle og anti-inflammatoriske virkninger, som kan reducere den inflammatoriske reaktion p\u00e5 hudoverfladen og derved forebygge sygdomme som dermatitis og eksem. Derudover kan duften af pebermynte stimulere nervesystemet, hvilket er medvirkende til at forbedre tr\u00e6thed og forbedre koncentrationen.<\/p>\n\n\n\n<p>2. Fugtgivende middel: Almindelige fugtgivende midler omfatter glycerin, propylenglycol og andre ingredienser, som kan danne en beskyttende hinde p\u00e5 hudoverfladen, fastl\u00e5se vand, s\u00e5 huden bedre kan absorbere vand og blive mere glat og gennemsigtig.<\/p>\n\n\n\n<p>3. Overfladeaktive stoffer: Disse ingredienser er ogs\u00e5 en af kerneingredienserne, som i dybden kan rense snavs og olie p\u00e5 hudoverfladen og efterlade huden frisk og ren. Samtidig kan de ogs\u00e5 f\u00e5 brusegelen til at producere t\u00e6t skum, reducere friktionskontakt, v\u00e6re sk\u00e5nsom og nem at skylle af og forbedre komforten ved badeprocessen.<\/p>\n\n\n\n<p>4. Andre planteekstrakter: Vi tilf\u00f8jer ogs\u00e5 gr\u00f8n te, tang og andre ekstrakter til brusegelen. Disse naturlige ingredienser har antioxiderende, anti-inflammatoriske og beroligende egenskaber, som yderligere kan fugte huden og forbedre hudtilstanden. Samtidig vil de ikke irritere huden, hvilket giver dig en behagelig badeoplevelse.<\/p>\n\n\n\n<h2 class=\"wp-block-heading\">Fordelene ved gr\u00e6skarfr\u00f8olie<\/h2>\n\n\n\n<p>I produktionsprocessen af pebermynte body wash har vi professionelle parfum\u00f8rer omhyggeligt forberedt til at sikre, at produktet kan spille den maksimale effekt under milde og behagelige forhold. Her er nogle af de vigtigste fordele:<\/p>\n\n\n\n<p>1. Forfriskende og behagelig: Pebermynte har en k\u00f8lende og k\u00f8lende effekt, s\u00e5 huden vil f\u00f8les k\u00f8lig ved brug af pebermynte shower gel, og vil holde i nogen tid.<\/p>\n\n\n\n<p>2. Lindre stress og muskel\u00f8mhed: Mentols k\u00f8lighed kan stimulere nerveender og fremme blodcirkulationen, og derved lindre muskelsp\u00e6ndinger og slappe af i krop og sind, samtidig med at den justerer hum\u00f8ret og afhj\u00e6lper stress.<\/p>\n\n\n\n<p>3. Smerter og kl\u00f8e: De aktive ingredienser i pebermynte body wash kan h\u00e6mme v\u00e6ksten og reproduktionen af bakterier, opn\u00e5 antibakterielle og antiinflammatoriske virkninger og derved reducere symptomerne p\u00e5 hudbet\u00e6ndelse for\u00e5rsaget af r\u00f8dme, smerte, kl\u00f8e og s\u00e5 videre og fremme heling. Det forhindrer ogs\u00e5 yderligere hudbet\u00e6ndelse og acne.<\/p>\n\n\n\n<p>4. Balance olie: Peppermint body wash kan rense porerne i dybden og fjerne olie og snavs fra huden. Samtidig renser og konvergerer den ogs\u00e5 porer, s\u00e5 huden kan opretholde en tilstand af vand- og oliebalance, for at opn\u00e5 effekten af balancerende olie.<\/p>\n\n\n\n<p>5. Opstramning af huden: Pebermynte har anti-aging egenskaber, mens andre ingredienser i brusegelen s\u00e5som vitamin B3 kan fremme syntesen af kollagen og cellestofskiftet, og derved forbedre hudens afslappede tilstand, yderligere l\u00e5se vand, og g\u00f8re huden strammere og glattere. Langtidsbrug af vores produkter kan v\u00e6re med til at opstramme huden og forbedre hudens glans og elasticitet.<\/p>\n\n\n\n<h2 class=\"wp-block-heading\">Hvordan bruger man gr\u00e6skarfr\u00f8olie til h\u00e5rv\u00e6kst?<\/h2>\n\n\n\n<p>Den pebermynte-brusegel, der er fremstillet af vores fabrik, er mild og ikke-irriterende og kan producere rigt skum, som kan rense huden i dybden og give dig en god badef\u00f8lelse. Vi markerer ogs\u00e5 omhyggeligt brugsmetoden for showergel p\u00e5 pakken, og h\u00e5ber du kan l\u00e6se den grundigt, inden du bruger den.<\/p>\n\n\n\n<p>1. Fugt f\u00f8rst kroppen med varmt vand for bedre at spille den rensende effekt af shower gel;<\/p>\n\n\n\n<p>2. Tag en passende m\u00e6ngde pebermyntevask med h\u00e5ndfladen eller badebolden for at skabe et skum, p\u00e5f\u00f8r derefter skummet p\u00e5 kroppen, is\u00e6r de dele, der er lette at svede og efterlade snavs, og mass\u00e9r forsigtigt;<\/p>\n\n\n\n<p>3. Skyl af med varmt vand efter massage, s\u00f8rg for, at der ikke er skum tilbage, og t\u00f8r din krop med et badeh\u00e5ndkl\u00e6de<\/p>\n\n\n\n<h2 class=\"wp-block-heading\">Forsigtighed<\/h2>\n\n\n\n<p>1. Det anbefales at lave en allergisk test f\u00f8r brug f\u00f8rste gang. Hold venligst op med at bruge det, hvis du f\u00f8ler dig utilpas;<\/p>\n\n\n\n<p>2. Tag en passende m\u00e6ngde shower gel i henhold til den enkelte hudtype, ikke overdreven, ellers vil det for\u00e5rsage t\u00f8rhed;<\/p>\n\n\n\n<p>3. Undg\u00e5 at r\u00f8re ved \u00f8jne, mund og andre f\u00f8lsomme dele. Skyl straks med vand ved kontakt.<\/p>\n\n\n\n<p>4. Gravide kvinder b\u00f8r bruge det under vejledning af en l\u00e6ge for at undg\u00e5 bivirkninger;<\/p>\n\n\n\n<p>5. Mint body wash b\u00f8r placeres p\u00e5 et k\u00f8ligt og t\u00f8rt sted, undg\u00e5 direkte sollys og h\u00f8je temperaturer;<\/p>\n\n\n\n<p>6. Dette produkt er velegnet til de fleste mennesker, is\u00e6r dem, der \u00f8nsker at forf\u00f8lge k\u00f8ligt og t\u00f8rt;<\/p>\n\n\n\n<p>7. Dette produkt er velegnet til enhver scene, is\u00e6r om sommeren og efter sport for at slappe af i krop og sind;<\/p>\n\n\n\n<h2 class=\"wp-block-heading\">Konklusion<\/h2>\n\n\n\n<p>Hvis du \u00f8nsker at forf\u00f8lge en differentieret mint shower gel produktionslinje af h\u00f8j kvalitet, er vores fabrik dit bedste valg. Vores udvalg af r\u00e5varer af h\u00f8j kvalitet fra hele verden sikrer vores produkters sikkerhed, og den tilf\u00f8jede unikke formel er det ideelle valg for flere brugere, der leder efter en forfriskende oplevelse. Samtidig har vores fabrik et komplet forsyningsk\u00e6desystem og en effektiv produktionsproces, som kan im\u00f8dekomme h\u00f8jkvalitetsproduktion i store m\u00e6ngder. Vi tilbyder ogs\u00e5 et komplet udvalg af skr\u00e6ddersyede tjenester, der opfylder dine individuelle behov. Hvis du stadig vil vide mere om produktinformationen om pebermynte body wash, s\u00e5 kontakt os s\u00e5 hurtigt som muligt.<\/p>","protected":false},"excerpt":{"rendered":"Pumpkin Seed Oil Manufacturing Common Formulas We attach great importance to the quality of mint shower gel products, not only carefully selecting raw materials but also strictly controlling each process. A variety of plant extracts are added to the product processing, without any preservatives, the main formula is: 1. Peppermint essential oil: Peppermint essential oil [&hellip;]","protected":false},"featured_media":1187,"menu_order":0,"template":"","meta":[],"product-tag":[],"products":[57],"class_list":["post-1186","product","type-product","status-publish","has-post-thumbnail","hentry","products-body-wash"],"acf":[],"_links":{"self":[{"href":"https:\/\/www.ruiqigo.com\/da\/wp-json\/wp\/v2\/product\/1186","targetHints":{"allow":["GET"]}}],"collection":[{"href":"https:\/\/www.ruiqigo.com\/da\/wp-json\/wp\/v2\/product"}],"about":[{"href":"https:\/\/www.ruiqigo.com\/da\/wp-json\/wp\/v2\/types\/product"}],"version-history":[{"count":0,"href":"https:\/\/www.ruiqigo.com\/da\/wp-json\/wp\/v2\/product\/1186\/revisions"}],"wp:featuredmedia":[{"embeddable":true,"href":"https:\/\/www.ruiqigo.com\/da\/wp-json\/wp\/v2\/media\/1187"}],"wp:attachment":[{"href":"https:\/\/www.ruiqigo.com\/da\/wp-json\/wp\/v2\/media?parent=1186"}],"wp:term":[{"taxonomy":"product-tag","embeddable":true,"href":"https:\/\/www.ruiqigo.com\/da\/wp-json\/wp\/v2\/product-tag?post=1186"},{"taxonomy":"products","embeddable":true,"href":"https:\/\/www.ruiqigo.com\/da\/wp-json\/wp\/v2\/products?post=1186"}],"curies":[{"name":"wp","href":"https:\/\/api.w.org\/{rel}","templated":true}]}}