{"id":1309,"date":"2024-10-18T14:12:00","date_gmt":"2024-10-18T06:12:00","guid":{"rendered":"https:\/\/ruiqigo.com\/?post_type=product&#038;p=1309"},"modified":"2025-06-17T16:45:49","modified_gmt":"2025-06-17T08:45:49","slug":"lavender-body-wash","status":"publish","type":"product","link":"https:\/\/www.ruiqigo.com\/da\/product\/lavender-body-wash","title":{"rendered":"Lavendel Body Wash"},"content":{"rendered":"<h2 class=\"wp-block-heading\">Lavendel Body Wash Fremstilling Almindelige Formler<\/h2>\n\n\n\n<p>Vi l\u00e6gger stor v\u00e6gt p\u00e5 produktionsprocessen for lavendel body wash, ikke kun ved omhyggeligt at designe flere formler, men ogs\u00e5 ved at tage hensyn til behovene hos forskellige hudtyper, s\u00e5 produktet er mere alsidigt.<\/p>\n\n\n\n<p>\u00c6terisk lavendelolie: Hovedingrediensen i body wash. Lavendelduften kan berolige krop og sind og give dig en afslappende og behagelig badeoplevelse. Derudover har lavendelolie ogs\u00e5 hvidtg\u00f8rende virkninger, reparerer beskadigede celler og andre effekter, kan forynge huden og g\u00f8re den mere glat og delikat.<\/p>\n\n\n\n<p>Overfladeaktive stoffer: Overfladeaktive stoffer kan ikke kun producere et fyldigt skum, forbedre reng\u00f8ringsevnen i s\u00e6be og effektivt fjerne snavs og olie p\u00e5 overfladen, men ogs\u00e5 danne en beskyttende film p\u00e5 hudoverfladen for at forhindre hudirritation.<\/p>\n\n\n\n<p>Kokosolie: Fedtsyrerne i kokosolie har gode fugtgivende egenskaber, som kan binde vand og forbedre t\u00f8r, ru hud og andre problemer. Samtidig er kokosolie mere sk\u00e5nsom, kan reducere hudubehag, reparere huden og er mere velegnet til f\u00f8lsomme muskler.<\/p>\n\n\n\n<h2 class=\"wp-block-heading\">Fordelene ved lavendel kropsvask<\/h2>\n\n\n\n<p>Som professionel lavendelproducent udf\u00f8rer vi relevante kvalitetstests p\u00e5 alle aspekter af r\u00e5materialer, der bruges i den f\u00e6rdige produktemballage, for at sikre kvalitetssikkerhed. Samtidig forts\u00e6tter vi med at innovere og forske og kombinerer en r\u00e6kke fordele for at im\u00f8dekomme dine hudplejebehov. Her er nogle af de vigtigste fordele:<\/p>\n\n\n\n<p>1. Beroligende og afslappende: Den unikke aroma af lavendel kan lindre sp\u00e6ndinger og stress. N\u00e5r du bruger en body wash, skaber aromaen en afslappet og behagelig atmosf\u00e6re, som kan afsp\u00e6nde krop og sind, reducere stress og tr\u00e6thed.<\/p>\n\n\n\n<p>2. Juster balancen mellem vand og olie: Lavendel kropsvask kan justere oliebalancen, reducere den fedtede fornemmelse og holde huden frisk.<\/p>\n\n\n\n<p>3. Fugtgivende og fugtgivende: Vores tilsatte fugtgivende ingredienser kan fastholde fugten, fugtgive huden, holde huden hydreret og glat og forhindre udt\u00f8rring.<\/p>\n\n\n\n<p>4. Antibakteriel og antiinflammatorisk: \u00c6terisk lavendelolie har antibakterielle og antiinflammatoriske virkninger, som kan reducere hudinflammation og forebygge infektion.<\/p>\n\n\n\n<p>5. Hvidning og lyse pletter: Vores produkter har en hvidnings- og lyse pletter-effekt, hvilket er medvirkende til at reducere hudens m\u00f8rke farve og g\u00f8re huden mere gennemsigtig.<\/p>\n\n\n\n<p>6. Forbedre s\u00f8vn: Lavendelduften kan ikke kun berolige og afslappe, men ogs\u00e5 forbedre s\u00f8vnkvaliteten, hvilket er velegnet til personer med s\u00f8vnl\u00f8shed og dr\u00f8mme.<\/p>\n\n\n\n<h2 class=\"wp-block-heading\">Hvordan bruger man lavendel kropsvask til kropspleje?<\/h2>\n\n\n\n<p>Vi har lavet mange forskellige blandinger under produktionsprocessen for at fremstille denne fyldige skum og sk\u00e5nsomme body wash, der er designet til at forbedre din badeoplevelse. Daglig brug er opdelt i et bad og et badekar, s\u00e5 du kan v\u00e6lge et bad efter din hobby.<\/p>\n\n\n\n<p>1. Brus: Fugt f\u00f8rst kroppen med varmt vand, h\u00e6ld derefter den passende m\u00e6ngde body wash i h\u00e5ndfladen eller svampen, gnid forsigtigt skummet og p\u00e5f\u00f8r det j\u00e6vnt p\u00e5 hele kroppen. Du kan udf\u00f8re en passende massage, rense porerne yderligere og aflaste krop og sind, og til sidst skylles hele kropsskummet med vand.<\/p>\n\n\n\n<p>2. Bad: Personer, der kan lide at tage et bad, kan h\u00e6lde en passende m\u00e6ngde body wash i badet og r\u00f8re det j\u00e6vnt, s\u00e5 det producerer et fyldigt skum, og samtidig udsender det en aroma af lavendel, hvilket skaber et behageligt milj\u00f8. Hvis der er omr\u00e5der, der kr\u00e6ver s\u00e6rlig pleje, kan du tils\u00e6tte en passende m\u00e6ngde body wash og massere dybt for at forbedre hudens tilstand.<\/p>\n\n\n\n<p>3. Efter brug: Efter brug kan body washen kombineres med andre hudplejeprodukter, s\u00e5som bodylotion, for at fremme vandabsorption og yderligere fugtgive huden.<\/p>\n\n\n\n<h2 class=\"wp-block-heading\">Forsigtighed<\/h2>\n\n\n\n<p>1. Der b\u00f8r udf\u00f8res en allergitest, f\u00f8r du bruger s\u00e6ben for f\u00f8rste gang. Hvis der opst\u00e5r allergiske symptomer, skal du straks stoppe brugen og kontakte en l\u00e6ge.<\/p>\n\n\n\n<p>2. Undg\u00e5 kontakt med \u00f8jnene. Skyl straks med vand, og s\u00f8g l\u00e6gehj\u00e6lp hurtigst muligt, hvis produktet kommer i \u00f8jnene.<\/p>\n\n\n\n<p>3. N\u00e5r du bruger lavendel-bodys\u00e6be sammen med andre produkter, skal du s\u00f8rge for, at deres ingredienser ikke er i konflikt med eller for\u00e5rsager bivirkninger.<\/p>\n\n\n\n<p>4. F\u00f8lg princippet om passende m\u00e6ngde, da for meget s\u00e6be vil f\u00f8re til for meget skum og v\u00e6re vanskelig at reng\u00f8re.<\/p>\n\n\n\n<p>5. Vores produkter skal opbevares k\u00f8ligt og t\u00f8rt, v\u00e6k fra direkte sollys og h\u00f8je temperaturer.<\/p>\n\n\n\n<p>6. Selvom lavendel body wash har en lindrende effekt p\u00e5 huden, anbefales det ikke at bruge den mange gange om dagen, og overdreven reng\u00f8ring kan beskadige hudbarrieren.<\/p>\n\n\n\n<h2 class=\"wp-block-heading\">Konklusion<\/h2>\n\n\n\n<p>Vi bruger moderne produktionslinjer og automatiseringsudstyr for at sikre, at produktionsprocessen for lavendel-bodys\u00e6be er effektiv, pr\u00e6cis og milj\u00f8venlig, samtidig med at produkthygiejne og -sikkerhed sikres. Derudover har vi udf\u00f8rt brugerunders\u00f8gelser og ved, at dine hudbehov og pr\u00e6ferencer er forskellige. Derfor tilbyder vi personlige, skr\u00e6ddersyede tjenester, og vores forsknings- og udviklingsteam vil omhyggeligt finde den mest passende lavendel-bodys\u00e6be til din hud i henhold til dine krav. I l\u00f8bet af denne tid vil vi ogs\u00e5 foretage \u00e6ndringer baseret p\u00e5 din feedback for at opn\u00e5 den \u00f8nskede effekt. Vi inviterer dig oprigtigt til at konsultere vores produkter, hvor vi ogs\u00e5 vil give professionelle svar og detaljerede oplysninger.<\/p>","protected":false},"excerpt":{"rendered":"Lavender Body Wash Manufacturing Common Formulas We attach great importance to the production process of lavender body wash, not only carefully designing multiple formulas, but also considering the needs of different skin types, so that the product is more versatile. Lavender essential oil: The main ingredient of body wash, lavender scent can soothe the body [&hellip;]","protected":false},"featured_media":1310,"menu_order":0,"template":"","meta":[],"product-tag":[],"products":[57],"class_list":["post-1309","product","type-product","status-publish","has-post-thumbnail","hentry","products-body-wash"],"acf":[],"_links":{"self":[{"href":"https:\/\/www.ruiqigo.com\/da\/wp-json\/wp\/v2\/product\/1309","targetHints":{"allow":["GET"]}}],"collection":[{"href":"https:\/\/www.ruiqigo.com\/da\/wp-json\/wp\/v2\/product"}],"about":[{"href":"https:\/\/www.ruiqigo.com\/da\/wp-json\/wp\/v2\/types\/product"}],"version-history":[{"count":0,"href":"https:\/\/www.ruiqigo.com\/da\/wp-json\/wp\/v2\/product\/1309\/revisions"}],"wp:featuredmedia":[{"embeddable":true,"href":"https:\/\/www.ruiqigo.com\/da\/wp-json\/wp\/v2\/media\/1310"}],"wp:attachment":[{"href":"https:\/\/www.ruiqigo.com\/da\/wp-json\/wp\/v2\/media?parent=1309"}],"wp:term":[{"taxonomy":"product-tag","embeddable":true,"href":"https:\/\/www.ruiqigo.com\/da\/wp-json\/wp\/v2\/product-tag?post=1309"},{"taxonomy":"products","embeddable":true,"href":"https:\/\/www.ruiqigo.com\/da\/wp-json\/wp\/v2\/products?post=1309"}],"curies":[{"name":"wp","href":"https:\/\/api.w.org\/{rel}","templated":true}]}}