{"id":1342,"date":"2024-10-24T18:01:05","date_gmt":"2024-10-24T10:01:05","guid":{"rendered":"https:\/\/ruiqigo.com\/?post_type=product&#038;p=1342"},"modified":"2024-10-28T15:45:52","modified_gmt":"2024-10-28T07:45:52","slug":"exfoliating-body-wash","status":"publish","type":"product","link":"https:\/\/www.ruiqigo.com\/da\/product\/exfoliating-body-wash","title":{"rendered":"Eksfolierende kropsvask"},"content":{"rendered":"<h2 class=\"wp-block-heading\">Exfoliating Body Wash Fremstilling af almindelige formler<\/h2>\n\n\n\n<p>I processen med at fremstille denne eksfolierende kropsvask blander vi videnskabeligt en r\u00e6kke meget effektive ingredienser og kontrollerer strengt hvert trin i produktionen for at sikre produktets sikkerhed og effektivitet. Her er hovedingredienserne:<\/p>\n\n\n\n<p>1. Eksfolierende partikler: Vi udvinder nogle naturlige eksfolierende partikler af jade bambus og mineralsalte og justerer dem efter en vis andel, som sk\u00e5nsomt kan fjerne den aldrende keratin p\u00e5 huden, og de naturlige planteingredienser kan ogs\u00e5 n\u00e6re huden.<\/p>\n\n\n\n<p>2. Salicylsyre: Dette sure stof kan tr\u00e6nge ind i huden og hj\u00e6lpe med at opl\u00f8se og fjerne dyb keratin uden at overirritere huden. Samtidig fremmer regenerering af hudceller, vedvarende brug vil g\u00f8re huden glattere.<\/p>\n\n\n\n<p>3. Niacinamid: niacinamid kan hj\u00e6lpe huden med at l\u00e5se sig i vand og forbedre hudens fugtgivende evne; Og det kan ogs\u00e5 reducere melaninaflejring, for at opn\u00e5 en vis blegningseffekt; Samtidig har nikotinamid antioxidanteffekt og forsinker hudens aldring.<\/p>\n\n\n\n<p>4. Overfladeaktive stoffer: Disse ingredienser har god reng\u00f8ringsevne, kan fjerne snavs og olie p\u00e5 overfladen af huden, og holde huden frisk.<\/p>\n\n\n\n<p>5. Aromaterapi: Det kan tilf\u00f8je en behagelig aroma til brusegelen, forbedre badeoplevelsen og berolige krop og sind.<\/p>\n\n\n\n<h2 class=\"wp-block-heading\">Funktionerne af eksfolierende kropsvask<\/h2>\n\n\n\n<p>Scrubs indeholder normalt store partikler, kr\u00e6ver en kraftig massage af huden ved p\u00e5f\u00f8ring og har ikke en rensende funktion. S\u00e5 som producent med fokus p\u00e5 produkter til personlig pleje, har vi udviklet en eksfolierende kropsvask baseret p\u00e5 disse ulemper, der sk\u00e5nsomt eksfolierer, dybderenser porerne og fugter huden. De vigtigste effekter er som f\u00f8lger:<\/p>\n\n\n\n<p>1. Dyb reng\u00f8ring: Eksfolierende kropsvask kan rense porerne i dybden, reducere ophobning af snavs og olie, hj\u00e6lpe med at forhindre acne, g\u00f8re porerne mere uhindrede og holde huden frisk og ren.<\/p>\n\n\n\n<p>2. Fjern d\u00f8d hud: Vores produkter indeholder eksfolierende partikler, som effektivt kan fjerne d\u00f8de hudceller og aldrende negleb\u00e5nd p\u00e5 hudoverfladen. Langtidsbrug er befordrende for at forbedre uj\u00e6vn hudtone og g\u00f8re huden glattere og mere sart.<\/p>\n\n\n\n<p>3. Beroligende og afslappende: Denne eksfolierende kropsvask indeholder naturlige planteekstrakter, der fugter og beroliger huden, mens den eksfolierer, og hj\u00e6lper med at slappe af kroppen og sindet og lindre tr\u00e6thed.<\/p>\n\n\n\n<p>4. Lysende hudtone: Eksfolieringsprocessen kan fremme stofskiftet, reducere hudens fine linjer, og huden kan bedre optage n\u00e6ringsstoffer. Vedvarende brug kan lysne hudtonen, og huden bliver fastere og mere elastisk.<\/p>\n\n\n\n<h2 class=\"wp-block-heading\">Hvordan bruger man eksfolierende kropsvask til kropspleje?<\/h2>\n\n\n\n<p>Korrekt brug af eksfolierende kropsvask kan hj\u00e6lpe dig med effektivt at fjerne aldrende eksfoliering fra overfladen af din hud og rense dine porer i dybden. Vi udv\u00e6lger omhyggeligt r\u00e5varer af h\u00f8j kvalitet og blander dem ved at opvarme dem i forhold. Samtidig tester vi de f\u00e6rdige produkter med hensyn til udseende, lugt, pH-v\u00e6rdi osv., for at sikre deres kvalitet og hygiejne.<\/p>\n\n\n\n<p>1. Forberedelsesfase: Fugt kroppen med varmt vand, is\u00e6r de omr\u00e5der, der skal eksfolieres, s\u00e5som albuer, kn\u00e6 mv.<\/p>\n\n\n\n<p>2. P\u00e5f\u00f8r massage: P\u00e5f\u00f8r en passende m\u00e6ngde eksfolierende kropsvask p\u00e5 h\u00e5ndfladen eller skumnet, skum og p\u00e5f\u00f8r j\u00e6vnt p\u00e5 hele kroppen, is\u00e6r omr\u00e5det med en tyk negleb\u00e5nd. Massage forsigtigt med h\u00e6nderne, undg\u00e5 overdreven kraft, massage tid er generelt 3-5 minutter, for de dele af det tykke hornlag kan styrkes massage, denne proces kan dybt rense huden og fjerne den aldrende keratin.<\/p>\n\n\n\n<p>3. Skyl og fugt: Skyl skummet af med vand og t\u00f8r med et h\u00e5ndkl\u00e6de for at sikre, at der ikke er nogen kropsvask tilbage. Eksfolierende bodywash kan hj\u00e6lpe med at \u00e5bne porerne bedre, s\u00e5 p\u00e5f\u00f8r en fugtgivende bodylotion umiddelbart efter vask for at fremme optagelsen, l\u00e5se fugten ind og holde huden hydreret og glat.<\/p>\n\n\n\n<h2 class=\"wp-block-heading\">Forsigtighed<\/h2>\n\n\n\n<p>1. Udf\u00f8r en anafylaksitest f\u00f8r brug. Hvis der opst\u00e5r en allergisk reaktion, skal du straks stoppe med at bruge det og kontakte en l\u00e6ge.<\/p>\n\n\n\n<p>2. Hyppigheden af brug af eksfolierende brusegel anbefales 1-2 gange om ugen, b\u00f8r ikke overanvendes, ellers vil huden blive t\u00f8r og skr\u00f8belig;<\/p>\n\n\n\n<p>3. Undg\u00e5 at bruge p\u00e5 f\u00f8lsomme dele s\u00e5som ansigt, hals og private dele for at undg\u00e5 hudirritation;<\/p>\n\n\n\n<p>4. N\u00e5r det bruges, b\u00f8r vandtemperaturen kontrolleres mellem 35-40 grader for at undg\u00e5 for h\u00f8j vandtemperatur, der vil \u00f8del\u00e6gge negleb\u00e5ndet;<\/p>\n\n\n\n<p>5. Eksfolierende shower gel kan bruges sammen med fugtgivende bodylotion, det anbefales at tjekke ingredienserne f\u00f8r brug for at undg\u00e5 at for\u00e5rsage ubehag;<\/p>\n\n\n\n<p>6. Vores kropsvask anbefales at opbevares p\u00e5 et t\u00f8rt og k\u00f8ligt sted, v\u00e6k fra direkte sollys og h\u00f8je temperaturer.<\/p>\n\n\n\n<h2 class=\"wp-block-heading\">Konklusion<\/h2>\n\n\n\n<p>Vi er udstyret med avanceret produktionsudstyr og -processer, uanset om det er udv\u00e6lgelse af r\u00e5varer eller p\u00e5fyldning af f\u00e6rdige produkter, vi kontrollerer strengt kvaliteten af eksfolierende kropsvask for at sikre, at alle produkter er i overensstemmelse med ISO9001 kvalitetsstyringssystemcertificering og relevante nationale sikkerhedsstandarder test. Vi har naturligvis en st\u00e6rk forsyningsk\u00e6de, som kan sikre gennemf\u00f8relse af store ordrer. Samtidig leverer vi et komplet udvalg af skr\u00e6ddersyede tjenester, vi vil skabe en speciel eksfolierende kropsvask til dig i henhold til dine krav, uanset om det er formel eller emballage, vi vil g\u00f8re vores bedste for at opn\u00e5 den effekt, du \u00f8nsker. Hvis du vil vide mere om vores produktion, bedes du kontakte os med det samme.<\/p>","protected":false},"excerpt":{"rendered":"Exfoliating Body Wash Manufacturing Common Formulas In the process of making this exfoliating body wash, we scientifically mix a variety of highly effective ingredients and strictly control every step of production to ensure the safety and effectiveness of the product. Here are the main ingredients: 1. Exfoliating particles: We extract some natural exfoliating particles of [&hellip;]","protected":false},"featured_media":1343,"menu_order":0,"template":"","meta":[],"product-tag":[],"products":[57],"class_list":["post-1342","product","type-product","status-publish","has-post-thumbnail","hentry","products-body-wash"],"acf":[],"_links":{"self":[{"href":"https:\/\/www.ruiqigo.com\/da\/wp-json\/wp\/v2\/product\/1342","targetHints":{"allow":["GET"]}}],"collection":[{"href":"https:\/\/www.ruiqigo.com\/da\/wp-json\/wp\/v2\/product"}],"about":[{"href":"https:\/\/www.ruiqigo.com\/da\/wp-json\/wp\/v2\/types\/product"}],"version-history":[{"count":0,"href":"https:\/\/www.ruiqigo.com\/da\/wp-json\/wp\/v2\/product\/1342\/revisions"}],"wp:featuredmedia":[{"embeddable":true,"href":"https:\/\/www.ruiqigo.com\/da\/wp-json\/wp\/v2\/media\/1343"}],"wp:attachment":[{"href":"https:\/\/www.ruiqigo.com\/da\/wp-json\/wp\/v2\/media?parent=1342"}],"wp:term":[{"taxonomy":"product-tag","embeddable":true,"href":"https:\/\/www.ruiqigo.com\/da\/wp-json\/wp\/v2\/product-tag?post=1342"},{"taxonomy":"products","embeddable":true,"href":"https:\/\/www.ruiqigo.com\/da\/wp-json\/wp\/v2\/products?post=1342"}],"curies":[{"name":"wp","href":"https:\/\/api.w.org\/{rel}","templated":true}]}}