{"id":1506,"date":"2024-11-05T17:09:42","date_gmt":"2024-11-05T09:09:42","guid":{"rendered":"https:\/\/ruiqigo.com\/?post_type=product&#038;p=1506"},"modified":"2024-11-06T09:37:31","modified_gmt":"2024-11-06T01:37:31","slug":"natural-body-wash","status":"publish","type":"product","link":"https:\/\/www.ruiqigo.com\/da\/product\/natural-body-wash","title":{"rendered":"Naturlig kropsvask"},"content":{"rendered":"<h2 class=\"wp-block-heading\">Natural Body Wash Fremstilling af almindelige formler<\/h2>\n\n\n\n<p>3TOPs udvalg af h\u00f8j kvalitet <strong>naturlige planteingredienser<\/strong> er designet til at give dig en sk\u00e5nsom og effektiv rense- og hudplejeeffekt. Samtidig udf\u00f8res streng kvalitetskontrol og test p\u00e5 hvert trin af produktionen for at sikre sikkerheden og effektiviteten af naturlig kropsvask.<\/p>\n\n\n\n<p><strong>Tea tree olie: <\/strong>Tea tree olie er antibakteriel og antiinflammatorisk, fjerner bakterier p\u00e5 huden og reducerer hudbet\u00e6ndelse for at forbedre hudens tilstand. Samtidig kan tetr\u00e6olie hj\u00e6lpe med at regulere vand- og oliebalancen og fugte huden i dybden, fjerne acne, forebygge acne og forhindre t\u00f8rhed. Derudover har tea tree-olie en beroligende effekt, som er medvirkende til at afslappe krop og sind, lindre tr\u00e6thed og stress.<\/p>\n\n\n\n<p><strong>Honeysuckle ekstrakt: <\/strong>Honeysuckle er kendt for sine varmerensende og afgiftende egenskaber, s\u00e5 det kan hj\u00e6lpe med at forbedre hudproblemer for\u00e5rsaget af toksinopbygning og lindre kl\u00f8e. Desuden har kaprifolierekstrakt ogs\u00e5 antioxidantvirkninger, som kan modst\u00e5 skaden af frie radikaler, opn\u00e5 effekten af at forsinke aldring og g\u00f8re huden stram.<\/p>\n\n\n\n<p><strong>Aloe vera<\/strong> har en st\u00e6rk fugtgivende effekt, kan l\u00e5se fugt inde, forhindre t\u00f8r og ru hud, langvarig brug kan g\u00f8re huden mere hydreret.<\/p>\n\n\n\n<p><strong>Overfladeaktive stoffer<\/strong> er de vigtigste reng\u00f8ringsingredienser, som kan producere rigt skum, hj\u00e6lpe med at fjerne hudoverfladen for olie og snavs og holde huden t\u00f8r og ren.<\/p>\n\n\n\n<h2 class=\"wp-block-heading\">Funktionerne af naturlig kropsvask<\/h2>\n\n\n\n<p>Som en professionel producent af naturlig kropsvask unders\u00f8gte vi for at evaluere effektiviteten af brugen af brusegel og fandt ud af, at nogle effektive brusegel\u00e9er kan for\u00e5rsage bivirkninger, is\u00e6r for personer med f\u00f8lsomme muskler, irritation, n\u00e5r de bruges. S\u00e5 vi udviklede en naturlig kropsvask, der er blidere, sikrere i ingredienser og fugtgivende og rensende. Dens vigtigste virkninger er:<\/p>\n\n\n\n<p>1<strong>. Mild og ikke-irriterende: <\/strong>Sammenlignet med traditionel kropsvask er naturligt planteekstrakt mere sk\u00e5nsomt. Det indeholder ingen kemiske syntetiske stoffer, og det vil heller ikke blive siddende p\u00e5 huden, hvilket kan mindske hudirritation og er mere velegnet til f\u00f8lsom hud.<\/p>\n\n\n\n<p><strong>2. Antibakteriel og antiinflammatorisk: <\/strong>Den tea tree olie, vi har tilf\u00f8jet, har antibakterielle og anti-inflammatoriske virkninger, som er medvirkende til at beskytte huden mod bakterier og vira, og derved reducere risikoen for hudinfektion og g\u00f8re vores hud sundere.<\/p>\n\n\n\n<p>3<strong>. Lindre krop og sind: <\/strong>Den botaniske essens i denne naturlige kropsvask indeholder en r\u00e6kke beroligende ingredienser, der hj\u00e6lper med at lindre krop og sind, reducere stress og angst og lette dagens tr\u00e6thed.<\/p>\n\n\n\n<p><strong>4. Reng\u00f8r og fugt: <\/strong>Det rige skum hj\u00e6lper med at fjerne olie, snavs og overskydende negleb\u00e5nd fra hudoverfladen og holder huden frisk. Samtidig bruger vi mildere overfladeaktive stoffer, der ikke irriterer huden.<\/p>\n\n\n\n<p>5<strong>. Anti-aging: <\/strong>Naturlig kropsvask kan ikke kun modst\u00e5 frie radikaler, men reducerer ogs\u00e5 produktionen af fine linjer og forsinker hudens aldring yderligere. Samtidig er det ogs\u00e5 med til at fjerne de d\u00f8de hudceller p\u00e5 hudoverfladen, hvilket er medvirkende til at forbedre den uj\u00e6vne og matte hudtone, og langvarig brug kan g\u00f8re huden mere sart og lys.<\/p>\n\n\n\n<p><strong>6. Balance olie: <\/strong>Vores kropsvask tilf\u00f8jer ogs\u00e5 ingredienser til at justere balancen mellem vand og olie, hvilket hj\u00e6lper med at balancere olie, reducere oliesekretion p\u00e5 huden og yderligere forhindre poreblokering og acne, olie acne muskel kan v\u00e6re sikker p\u00e5 at bruge.<\/p>\n\n\n\n<h2 class=\"wp-block-heading\">Hvordan bruger man naturlig kropsvask til kropspleje?<\/h2>\n\n\n\n<p>For at sikre kvaliteten og sikkerheden af naturlig kropsvask vil vi ops\u00e6tte flere testprocesser for produktet, s\u00e5som irritation af huden, fugtgivende effekt, allergi og andre tests. Som producent af naturlig kropsvask h\u00e5ber vi at kunne give dig en p\u00e5lidelig produktgaranti. For brugen af naturlig kropsvask vil vi ogs\u00e5 forklare i detaljer.<\/p>\n\n\n\n<p><strong>1. Fugt din krop: <\/strong>Fugt f\u00f8rst din krop med varmt vand, som vil hj\u00e6lpe med at \u00e5bne porerne og sikre, at kropsvasken fuldt ud kan ud\u00f8ve sin rensende effekt.<\/p>\n\n\n\n<p><strong>2. Gnid og skum: <\/strong>P\u00e5f\u00f8r passende m\u00e6ngde naturlig kropsvask p\u00e5 h\u00e5ndfladen eller badebolden, og gnid for at producere rigt skum, og p\u00e5f\u00f8r derefter j\u00e6vnt p\u00e5 hele kroppen.<\/p>\n\n\n\n<p><strong>3. Blid massage: <\/strong>Du kan blidt massere huden med dine h\u00e6nder eller ved hj\u00e6lp af v\u00e6rkt\u00f8j, is\u00e6r omr\u00e5det bag negleb\u00e5ndet, dette trin kan hj\u00e6lpe med at rense snavs og olie i porerne, men ogs\u00e5 slappe af i musklerne og berolige krop og sind.<\/p>\n\n\n\n<p>4<strong>. Skyl af: <\/strong>Efter massage skal du rense skummet p\u00e5 din krop med vand, sikre, at der ikke er nogen skumrester, og t\u00f8rre det af. Efter vask bliver huden klar.<\/p>\n\n\n\n<p>5<strong>. Efter vask pleje: <\/strong>For huden er nem at t\u00f8rre og i et t\u00f8rt milj\u00f8, kan du bruge bodylotion til at fugte huden i dybden efter at have taget et bad, s\u00e5 huden kan opn\u00e5 fuld fugtighedseffekt og blive mere glat.<\/p>\n\n\n\n<h2 class=\"wp-block-heading\">Forsigtighed<\/h2>\n\n\n\n<p><strong>1. V\u00e6lg en naturlig kropsvask, der passer til dig selv. <\/strong>T\u00f8r hud kan v\u00e6lge en kropsvask med en fugtgivende funktion, fedtet hud kan v\u00e6lge en kropsvask med en oliekontrollerende funktion, og dem med specifikke hudproblemer kan konsultere en l\u00e6ge for at f\u00e5 r\u00e5d.<\/p>\n\n\n\n<p><strong>2. Udf\u00f8r allergitest f\u00f8r brug. <\/strong>Du kan udf\u00f8re en allergitest, f\u00f8r du bruger den f\u00f8rste gang for at undg\u00e5 skader for\u00e5rsaget af en bestemt allergisk ingrediens. Hvis der opst\u00e5r ubehag under testen, skal du straks stoppe med at bruge den og skylle med vand.<\/p>\n\n\n\n<p><strong>3. Overbrug ikke, <\/strong>overdreven reng\u00f8ring vil \u00f8del\u00e6gge hudbarrieren, hvilket resulterer i mere t\u00f8r, f\u00f8lsom hud. S\u00e5 undg\u00e5 overdreven gnidning og skylning, n\u00e5r du bruger vores produkter.<\/p>\n\n\n\n<p><strong>4. V\u00e6r opm\u00e6rksom p\u00e5 ingredienserne <\/strong>ved brug sammen med andre kropsplejeprodukter, og undg\u00e5 at bruge for mange forskellige typer hudplejeprodukter, for ikke at belaste huden.<\/p>\n\n\n\n<p>5. Vores naturlige kropsvask anbefales at opbevares p\u00e5 et k\u00f8ligt og t\u00f8rt sted, v\u00e6k fra direkte sollys og h\u00f8je temperaturer.<\/p>\n\n\n\n<p>6. Vi markerer produktionsdato og holdbarhed for produktet, s\u00e5 du skal v\u00e6re opm\u00e6rksom p\u00e5 at tjekke holdbarheden af showergelen. Det anbefales at bruge inden for udl\u00f8bsdatoen, fordi udl\u00f8bne produkter vil miste deres effektivitet eller producere skadelige stoffer.<\/p>\n\n\n\n<p>Kort sagt, 3TOPs omhyggeligt udviklede naturlige kropsvask renser ikke kun i dybden, men fugter ogs\u00e5 effektivt, mens den plejer din hud blidt, hvilket g\u00f8r den til det perfekte valg. Som producent af naturlig kropsvask er vi forpligtet til at give dig sikre og sunde produkter, s\u00e5 vi bruger moderne produktionsteknologi, videnskabelige forhold og lydkvalitetstestsystemer for at sikre effektiviteten af hvert produkt. Derudover tilbyder vi unikke <strong>skr\u00e6ddersyede tjenester <\/strong>at opfylde dine krav og l\u00f8bende opn\u00e5 de \u00f8nskede resultater. Hvis du ogs\u00e5 vil eje en <strong>naturlig kropsvask m\u00e6rke<\/strong>, kontakt os venligst i dag.<\/p>","protected":false},"excerpt":{"rendered":"Natural Body Wash Manufacturing Common Formulas 3TOP&#8217;s selection of high-quality natural plant ingredients is designed to provide you with a gentle and effective cleaning and skin care effect. At the same time, strict quality control and testing are carried out at every stage of production to ensure the safety and effectiveness of natural body wash. [&hellip;]","protected":false},"featured_media":1511,"menu_order":0,"template":"","meta":[],"product-tag":[],"products":[57],"class_list":["post-1506","product","type-product","status-publish","has-post-thumbnail","hentry","products-body-wash"],"acf":[],"_links":{"self":[{"href":"https:\/\/www.ruiqigo.com\/da\/wp-json\/wp\/v2\/product\/1506","targetHints":{"allow":["GET"]}}],"collection":[{"href":"https:\/\/www.ruiqigo.com\/da\/wp-json\/wp\/v2\/product"}],"about":[{"href":"https:\/\/www.ruiqigo.com\/da\/wp-json\/wp\/v2\/types\/product"}],"version-history":[{"count":0,"href":"https:\/\/www.ruiqigo.com\/da\/wp-json\/wp\/v2\/product\/1506\/revisions"}],"wp:featuredmedia":[{"embeddable":true,"href":"https:\/\/www.ruiqigo.com\/da\/wp-json\/wp\/v2\/media\/1511"}],"wp:attachment":[{"href":"https:\/\/www.ruiqigo.com\/da\/wp-json\/wp\/v2\/media?parent=1506"}],"wp:term":[{"taxonomy":"product-tag","embeddable":true,"href":"https:\/\/www.ruiqigo.com\/da\/wp-json\/wp\/v2\/product-tag?post=1506"},{"taxonomy":"products","embeddable":true,"href":"https:\/\/www.ruiqigo.com\/da\/wp-json\/wp\/v2\/products?post=1506"}],"curies":[{"name":"wp","href":"https:\/\/api.w.org\/{rel}","templated":true}]}}