{"id":1909,"date":"2024-11-22T15:17:58","date_gmt":"2024-11-22T07:17:58","guid":{"rendered":"https:\/\/ruiqigo.com\/?post_type=product&#038;p=1909"},"modified":"2024-11-22T15:17:59","modified_gmt":"2024-11-22T07:17:59","slug":"hand-cream-for-dry-hands","status":"publish","type":"product","link":"https:\/\/www.ruiqigo.com\/da\/product\/hand-cream-for-dry-hands","title":{"rendered":"H\u00e5ndcreme til t\u00f8rre h\u00e6nder"},"content":{"rendered":"<h2 class=\"wp-block-heading\">H\u00e5ndcreme til t\u00f8rre h\u00e6nder, der fremstiller almindelige formler<\/h2>\n\n\n\n<p>Til t\u00f8rre h\u00e6nder bruger vores forsknings- og udviklingsteam en unik formel med et udvalg af naturlige planteekstrakter og fugtgivende ingredienser, som er sk\u00e5nsomme mod huden og giver fremragende fugtgivende og reparerende effekter p\u00e5 h\u00e6nderne. Lad os tage et kig p\u00e5 hovedrollen af disse ingredienser:<\/p>\n\n\n\n<p>1. Lavendel \u00e6terisk olie: Lavendel \u00e6terisk olie har antibakterielle og antiinflammatoriske virkninger, som kan reducere inflammation og r\u00f8dme af h\u00e5ndhud og fremme reparation og regenerering af beskadiget hud. Samtidig har det ogs\u00e5 en beroligende effekt, som er medvirkende til at slappe af i krop og sind, lindre stress og give dig en behagelig oplevelse.<\/p>\n\n\n\n<p>2. Glycerin: Glycerin har en st\u00e6rk fugtgivende og vandl\u00e5sende effekt, som kan danne en beskyttende hinde p\u00e5 huden, effektivt l\u00e5se vand, forhindre fordampning og g\u00f8re dine h\u00e6nder mere hydrerede. Derudover kan den ogs\u00e5 regulere hudbarrieren, reducere ydre skader og er medvirkende til at reparere den beskadigede hudbarriere.<\/p>\n\n\n\n<p>3. Hyaluronsyre: Det er ogs\u00e5 en yderst effektiv fugtgivende ingrediens, og den giver ogs\u00e5 n\u00e6ringsstoffer, som effektivt kan reparere problemer for\u00e5rsaget af t\u00f8rhed og skader. Samtidig er hyaluronsyre en vigtig komponent til at underst\u00f8tte hudens elasticitet, hvilket kan hj\u00e6lpe h\u00e5ndhuden til at genoprette elasticiteten, lindre aldring og stramme op.<\/p>\n\n\n\n<p>4. Sheasm\u00f8r: Sheasm\u00f8r har en betydelig fugtgivende og n\u00e6rende effekt, som kan fugte og n\u00e6re epidermale celler i lang tid, og yderligere afhj\u00e6lpe problemet med t\u00f8r og ru hud p\u00e5 h\u00e6nderne. Den har ogs\u00e5 anti-inflammatoriske og UV-resistente egenskaber, som kan lindre bet\u00e6ndelse og ubehag og fremme hudreparation og regenerering, samtidig med at den beskytter h\u00e5ndhuden mod UV-skader og g\u00f8r huden sundere og fastere.<\/p>\n\n\n\n<p>5. E-vitamin: E-vitamin er en st\u00e6rk antioxidant, der kan modst\u00e5 skader fra frie radikaler p\u00e5 huden og forhindre hudens aldring. Det har ogs\u00e5 en blegende effekt, som er medvirkende til at reducere aflejringen af subkutant pigment og g\u00f8re h\u00e5ndens hud lysere. Samtidig kan det fremskynde reparationen af stratum corneum, hvilket kan hj\u00e6lpe med at genoprette beskadiget eller t\u00f8r hud.<\/p>\n\n\n\n<h2 class=\"wp-block-heading\">Funktionerne af h\u00e5ndcreme til t\u00f8rre h\u00e6nder<\/h2>\n\n\n\n<p>Som en professionel h\u00e5ndcremeproducent har vi designet den tilsvarende formel i henhold til tilstanden af h\u00e5ndhuden, i h\u00e5b om at im\u00f8dekomme forskellige pr\u00e6ferencer og behov. Multifunktionelle h\u00e5ndcremer er ogs\u00e5 en af vores konkurrencefordele. Vores h\u00e5ndcremer er velegnet til de fleste og kan i dybden fugte, genoprette elasticiteten, reparere barrierer og f\u00e5 din h\u00e5ndhud til at gl\u00f8de igen.<\/p>\n\n\n\n<p>1. Forebyg t\u00f8rhed og afskalning: Vores h\u00e5ndcremer er rige p\u00e5 fugtgivende faktorer og n\u00e6rende ingredienser, der tr\u00e6nger dybt ind i huden, tilf\u00f8rer fugt og n\u00e6ringsstoffer og l\u00e5ser fugt inde for varig fugt. N\u00e6rende ingredienser reparerer beskadiget hud og fremmer heling og regenerering. Langtidsbrug vil g\u00f8re dine t\u00f8rre, ru, afskallede h\u00e6nder hydrerede og sunde.<\/p>\n\n\n\n<p>2. Forebyg aldring: Den antioxidantingrediens vi tilf\u00f8jer, hyaluronsyre, kan effektivt fremme produktionen af kollagen, s\u00e5 din h\u00e5ndhud bliver mere fast og elastisk, og yderligere opn\u00e5 effekten af anti-aging.<\/p>\n\n\n\n<p>3. Stimuler neglev\u00e6kst: H\u00e5ndcremer fremmer neglev\u00e6kst ved at fugte huden omkring neglen for at reducere den friktion og modstand, som neglen kan m\u00f8de under v\u00e6ksten, og bl\u00f8dg\u00f8re negleb\u00e5ndet yderligere, hvilket g\u00f8r huden omkring neglen sundere.<\/p>\n\n\n\n<p>4. Beroligende: Duften af h\u00e5ndcreme har en beroligende effekt, som kan slappe af krop og sind, lindre stress og give dig en behagelig oplevelse.<\/p>\n\n\n\n<p>5. Forbedre hudfarve: Vi har ogs\u00e5 tilf\u00f8jet nogle hvidteingredienser, som er befordrende for at forbedre den kedelige situation for h\u00e6nder, langvarig brug kan g\u00f8re vores h\u00e5ndhud mere sart og lys.<\/p>\n\n\n\n<p>6. Beskyttende barriere: N\u00e5r du p\u00e5f\u00f8rer vores h\u00e5ndcreme, vil den danne en naturlig beskyttende film, som er medvirkende til at blokere for skaderne af det ydre milj\u00f8, s\u00e5som ultraviolet lys, t\u00f8rt milj\u00f8 osv., s\u00e5 du kan arbejde sikkert udend\u00f8rs.<\/p>\n\n\n\n<h2 class=\"wp-block-heading\">Hvordan bruger man h\u00e5ndcreme til t\u00f8rre h\u00e6nder?<\/h2>\n\n\n\n<p>Vores specielle h\u00e5ndcreme til t\u00f8rre h\u00e6nder kan bruges i mange situationer, s\u00e5som efter h\u00e5ndvask, kolde og t\u00f8rre \u00e5rstider, udend\u00f8rs aktiviteter osv. Dens emballage er designet til at v\u00e6re nem at b\u00e6re og kan bruges efter behov. For at sikre kvaliteten og sikkerheden af vores produkter har vi forskellige kvalitetsstyringssystemer i hele produktionsprocessen for at teste udseendet, ydeevnen og andre aspekter af h\u00e5ndcreme. M\u00e5den at bruge det p\u00e5 er ogs\u00e5 markeret p\u00e5 produktets emballage.<\/p>\n\n\n\n<p>1. Reng\u00f8r h\u00e6nder: Reng\u00f8r h\u00e6nder f\u00f8rst for at undg\u00e5 snavs og andre rester, der p\u00e5virker h\u00e5ndcremens h\u00e5ndvaskeeffekt.<\/p>\n\n\n\n<p>2. P\u00e5f\u00f8r j\u00e6vnt: Tag en passende m\u00e6ngde h\u00e5ndcreme (ca. 1,5 cm i diameter) og p\u00e5f\u00f8r den f\u00f8rst p\u00e5 h\u00e5ndfladen, og p\u00e5f\u00f8r den derefter p\u00e5 hinanden med begge h\u00e6nder for at sikre, at hvert hj\u00f8rne er d\u00e6kket, is\u00e6r tigerens mund, neglens kant, mellem fingrene og andre steder, der er let at overse.<\/p>\n\n\n\n<p>3. Korrekt massage: Masser forsigtigt h\u00e5ndhuden med begge h\u00e6nder efter p\u00e5f\u00f8ring for at fremme blodcirkulationen og optagelsen af h\u00e5ndcreme, is\u00e6r fingerspidser og h\u00e5ndflader.<\/p>\n\n\n\n<h2 class=\"wp-block-heading\">Forsigtighed<\/h2>\n\n\n\n<p>1. Udf\u00f8r en allergisk test, n\u00e5r du bruger den for f\u00f8rste gang. Hvis der opst\u00e5r ubehag, skal du straks stoppe med at bruge og kontakte en l\u00e6ge for at f\u00e5 r\u00e5d.<\/p>\n\n\n\n<p>2. V\u00e6lg forskellige h\u00e5ndcremer efter \u00e5rstiden og din hudtype.<\/p>\n\n\n\n<p>3. Undg\u00e5 hyppig h\u00e5ndvask, som kan t\u00f8rre dine h\u00e6nder ud.<\/p>\n\n\n\n<p>4. Undg\u00e5 at p\u00e5f\u00f8re for tyk h\u00e5ndcreme. En for tyk h\u00e5ndcreme vil f\u00e5 dine h\u00e6nder til at f\u00f8les fedtede og ubehagelige.<\/p>\n\n\n\n<p>5. Det anbefales at opbevare p\u00e5 et k\u00f8ligt og t\u00f8rt sted og holde forseglet for at undg\u00e5 direkte sollys og h\u00f8je temperaturer.<\/p>\n\n\n\n<h2 class=\"wp-block-heading\">Konklusion<\/h2>\n\n\n\n<p>Som en producent dedikeret til at skabe h\u00e5ndcreme af h\u00f8j kvalitet til t\u00f8rre h\u00e6nder, er vi udstyret med avanceret produktionsudstyr og automatiserede produktionslinjer, etableret et solidt kvalitetsstyringssystem og har ogs\u00e5 et professionelt F &amp; U-team og et stabilt forsyningsk\u00e6desystem. Derfor, uanset om det er en stor ordre eller en lille ordre, kan vi effektivt gennemf\u00f8re kvaliteten. Ikke nok med det, vi har ogs\u00e5 en unik tilpasningsservice, der vil blive skr\u00e6ddersyet til dine behov for at tilpasse din h\u00e5ndcremeformel. Kontakt os gerne, hvis du er interesseret i vores h\u00e5ndcreme.<\/p>\n\n\n\n<p><\/p>","protected":false},"excerpt":{"rendered":"Hand Cream For Dry Hands Manufacturing Common Formulas For dry hands, our research and development team uses a unique formula with a selection of natural plant extracts and moisturizing ingredients, which are gentle on the skin and give excellent moisturizing and repairing effects on the hands. Let&#8217;s take a look at the main role of [&hellip;]","protected":false},"featured_media":1910,"menu_order":0,"template":"","meta":[],"product-tag":[],"products":[58],"class_list":["post-1909","product","type-product","status-publish","has-post-thumbnail","hentry","products-hand-cream"],"acf":[],"_links":{"self":[{"href":"https:\/\/www.ruiqigo.com\/da\/wp-json\/wp\/v2\/product\/1909","targetHints":{"allow":["GET"]}}],"collection":[{"href":"https:\/\/www.ruiqigo.com\/da\/wp-json\/wp\/v2\/product"}],"about":[{"href":"https:\/\/www.ruiqigo.com\/da\/wp-json\/wp\/v2\/types\/product"}],"version-history":[{"count":0,"href":"https:\/\/www.ruiqigo.com\/da\/wp-json\/wp\/v2\/product\/1909\/revisions"}],"wp:featuredmedia":[{"embeddable":true,"href":"https:\/\/www.ruiqigo.com\/da\/wp-json\/wp\/v2\/media\/1910"}],"wp:attachment":[{"href":"https:\/\/www.ruiqigo.com\/da\/wp-json\/wp\/v2\/media?parent=1909"}],"wp:term":[{"taxonomy":"product-tag","embeddable":true,"href":"https:\/\/www.ruiqigo.com\/da\/wp-json\/wp\/v2\/product-tag?post=1909"},{"taxonomy":"products","embeddable":true,"href":"https:\/\/www.ruiqigo.com\/da\/wp-json\/wp\/v2\/products?post=1909"}],"curies":[{"name":"wp","href":"https:\/\/api.w.org\/{rel}","templated":true}]}}