{"id":2022,"date":"2024-11-27T14:41:54","date_gmt":"2024-11-27T06:41:54","guid":{"rendered":"https:\/\/ruiqigo.com\/?post_type=product&#038;p=2022"},"modified":"2024-11-27T14:41:54","modified_gmt":"2024-11-27T06:41:54","slug":"anti-aging-hand-cream","status":"publish","type":"product","link":"https:\/\/www.ruiqigo.com\/da\/product\/anti-aging-hand-cream","title":{"rendered":"Anti-aging h\u00e5ndcreme"},"content":{"rendered":"<h2 class=\"wp-block-heading\">Fremstilling af almindelige formler til anti-aging h\u00e5ndcremer<\/h2>\n\n\n\n<p>Til behandling af fine linjer, pletter og andre problemer bruger vores forsknings- og udviklingsteam avancerede videnskabelige formuleringer, milde naturlige ingredienser og omhyggeligt udvalgte r\u00e5materialer for at sikre h\u00f8j kvalitet. Hovedformlerne er:<\/p>\n\n\n\n<p>1. Retinol: Retinol er kernekomponenten i anti-aging, som kan fremme produktionen af epitelceller og kollagen. Det \u00f8ger hudens elasticitet ved at styrke hudens stofskifte og fremmer afskalning af aldrende negleb\u00e5nd for at reducere misfarvninger. S\u00e5 ved langvarig brug vil vores h\u00e6nder blive sarte og glatte.<\/p>\n\n\n\n<p>2. Hyaluronsyre: Det er en yderst effektiv fugtgivende ingrediens, der kan binde vand effektivt og opn\u00e5 en langvarig fugtgivende effekt. S\u00e5 hvis du holder den p\u00e5 h\u00e5nden, hj\u00e6lper du huden med at opretholde vandbalancen og undg\u00e5r problemer med t\u00f8rhed og ruhed.<\/p>\n\n\n\n<p>3. Squalan: Squalan har en betydelig fugtgivende effekt og er mild og ikke-irriterende, samtidig med at den danner en beskyttende film. Den n\u00e6rer h\u00e6ndernes hud, samtidig med at den forhindrer skader fra skadelige stoffer fra omverdenen, giver dobbelt st\u00f8tte og g\u00f8r vores h\u00e6nder mere bl\u00f8de og fleksible.<\/p>\n\n\n\n<p>4. E-vitamin: Det er en god antioxidant, der kan modst\u00e5 skader fra frie radikaler, h\u00e6mme melaninsyntesen og yderligere opn\u00e5 en effekt p\u00e5 fregner, hvidtning og reparation. Langvarig brug kan forsinke hudens aldringsproces.<\/p>\n\n\n\n<p>5. Naturlig planteessens: Vi tils\u00e6tter aloe vera, kamille og andre naturlige planteessenser, som har en lindrende effekt og kan lindre stramhed og ubehag for\u00e5rsaget af t\u00f8rre h\u00e6nder.<\/p>\n\n\n\n<h2 class=\"wp-block-heading\">Funktionerne af anti-aging h\u00e5ndcreme<\/h2>\n\n\n\n<p>Som en erfaren producent af anti-aging h\u00e5ndcremer har vi designet forskellige formuleringer i henhold til dine forskellige hudtyper og pr\u00e6ferencer. I produktionsprocessen l\u00e6gger vi ogs\u00e5 stor v\u00e6gt p\u00e5 produkternes sikkerhed og har etableret et flerkanals kvalitetskontrolsystem for at sikre produkternes sikkerhed og effektivitet. Om dets funktioner kan vi l\u00e6re:<\/p>\n\n\n\n<p>1. Meget fugtgivende og fugtgivende: Anti-aging h\u00e5ndcreme er rig p\u00e5 fugtgivende faktorer og n\u00e6rende ingredienser, som kan fugte i dybden og genopbygge vand. Samtidig vil vandet v\u00e6re fastl\u00e5st, hvilket opretholder fugtigheden i h\u00e5ndhuden, kombineret med en rig n\u00e6rende effekt, som kan g\u00f8re dine h\u00e6nder bl\u00f8dere og glattere.<\/p>\n\n\n\n<p>2. Falm fine linjer og rynker: Under virkningen af antioxidanter som retinol vil h\u00e6ndernes hudmisfarvninger gradvist forsvinde og konstant stimulere regenereringen af hudceller. En hud fuld af kollagen kan forbedre hudens tekstur, falme fine linjer og rynker og genoprette elasticiteten.<\/p>\n\n\n\n<p>3. Lindrende og beroligende: Hvis h\u00e5nden er alvorligt dehydreret, kan det f\u00f8re til ru og t\u00f8r revner, hvilket vil g\u00f8re dine h\u00e6nder mere smertefulde. Vores tilsatte naturlige planteekstrakter hj\u00e6lper med at berolige og berolige din hud uden at irritere din hud, selv f\u00f8lsomme muskler.<\/p>\n\n\n\n<p>4. Beskyttende barriere: H\u00e5ndhuden danner en beskyttende film, n\u00e5r den p\u00e5f\u00f8res, som kan modst\u00e5 skader fra det barske ydre milj\u00f8 og beskytte h\u00e5ndhuden, s\u00e5 dine h\u00e6nder konstant n\u00e6res og f\u00e5r en glat hud.<\/p>\n\n\n\n<p>5. Lysner huden: Vores anti-aging h\u00e5ndcreme reducerer ikke kun bumser og udj\u00e6vner hudtonen, men lysner den ogs\u00e5. Langvarig brug kan opn\u00e5 en lysnende effekt p\u00e5 h\u00e6ndernes hudfarve.<\/p>\n\n\n\n<h2 class=\"wp-block-heading\">Hvordan bruger man anti-aging h\u00e5ndcreme?<\/h2>\n\n\n\n<p>Ved at v\u00e6lge den rigtige anti-aging h\u00e5ndcreme til din hudtype og dine behov, og holde dig til den, kan du effektivt forbedre aldringen af din h\u00e5ndhud. Vi bruger den, og den sikre formel og andre oplysninger er angivet p\u00e5 emballagen, s\u00e5 du kan l\u00e6se den i detaljer og bruge den med ro i sindet.<\/p>\n\n\n\n<p>1. Skyl med varmt vand og t\u00f8r forsigtigt med et h\u00e5ndkl\u00e6de f\u00f8r brug;<\/p>\n\n\n\n<p>2. P\u00e5f\u00f8r en passende m\u00e6ngde anti-aging h\u00e5ndcreme i h\u00e5ndfladen og gnid med begge h\u00e6nder. Fordel h\u00e5ndcremen j\u00e6vnt p\u00e5 begge h\u00e6nder, og s\u00f8rg for at p\u00e5f\u00f8re h\u00e5ndryggen, fingers\u00f8mmene og fingerspidserne ogs\u00e5.<\/p>\n\n\n\n<p>3. Mass\u00e9r blidt dine h\u00e6nder efter p\u00e5f\u00f8ring for at hj\u00e6lpe h\u00e5ndcremen med at absorbere den bedre;<\/p>\n\n\n\n<p>4. Gentag h\u00e5ndcremen, n\u00e5r dine h\u00e6nder er s\u00e6rligt t\u00f8rre.<\/p>\n\n\n\n<h2 class=\"wp-block-heading\">Forsigtighed<\/h2>\n\n\n\n<p>1. V\u00e6lg den mest passende anti-aging h\u00e5ndcreme i henhold til din hudtype og dine behov;<\/p>\n\n\n\n<p>2. Hvis der opst\u00e5r ubehag, skal brugen straks stoppes og en l\u00e6ge konsulteres, f\u00f8r en avanceret allergitest anvendes f\u00f8rste gang.<\/p>\n\n\n\n<p>3. Undg\u00e5 overforbrug, ellers vil det for\u00e5rsage fedtet hud og tilstoppede porer;<\/p>\n\n\n\n<p>4. V\u00e6r opm\u00e6rksom p\u00e5 brugshyppigheden. Det anbefales at bruge produktet efter h\u00e5ndvask morgen og aften, hvis det t\u00f8rre og kolde milj\u00f8 kan \u00f8ge brugshyppigheden p\u00e5 passende vis.<\/p>\n\n\n\n<p>5. Det anbefales at opbevare produktet k\u00f8ligt og t\u00f8rt og undg\u00e5 h\u00f8je temperaturer og fugtige milj\u00f8er.<\/p>\n\n\n\n<h2 class=\"wp-block-heading\">Konklusion<\/h2>\n\n\n\n<p>Vores anti-aging h\u00e5ndcreme er et konkurrencedygtigt produkt med sine milde ingredienser, unikke formel og overlegne effektivitet. Samtidig er den skr\u00e6ddersyede service, vi leverer, ogs\u00e5 af h\u00f8j kvalitet, og vi vil skabe en speciel formel til dig efter dine behov. I mellemtiden justerer vi l\u00f8bende baseret p\u00e5 din feedback for at opn\u00e5 de bedste resultater. Hvis du ogs\u00e5 \u00f8nsker at opleve dens unikke charme, bedes du kontakte os.<\/p>","protected":false},"excerpt":{"rendered":"Anti-Aging Hand Cream Manufacturing Common Formulas For fine lines, stains, and other problems, our R&amp;D team uses advanced scientific formulations, mild natural ingredients, and carefully selected raw materials to ensure high quality. The main formulas are: 1. Retinol: Retinol is the core component of anti-aging, which can promote the production of epithelial cells and collagen. [&hellip;]","protected":false},"featured_media":2023,"menu_order":0,"template":"","meta":[],"product-tag":[],"products":[58],"class_list":["post-2022","product","type-product","status-publish","has-post-thumbnail","hentry","products-hand-cream"],"acf":[],"_links":{"self":[{"href":"https:\/\/www.ruiqigo.com\/da\/wp-json\/wp\/v2\/product\/2022","targetHints":{"allow":["GET"]}}],"collection":[{"href":"https:\/\/www.ruiqigo.com\/da\/wp-json\/wp\/v2\/product"}],"about":[{"href":"https:\/\/www.ruiqigo.com\/da\/wp-json\/wp\/v2\/types\/product"}],"version-history":[{"count":0,"href":"https:\/\/www.ruiqigo.com\/da\/wp-json\/wp\/v2\/product\/2022\/revisions"}],"wp:featuredmedia":[{"embeddable":true,"href":"https:\/\/www.ruiqigo.com\/da\/wp-json\/wp\/v2\/media\/2023"}],"wp:attachment":[{"href":"https:\/\/www.ruiqigo.com\/da\/wp-json\/wp\/v2\/media?parent=2022"}],"wp:term":[{"taxonomy":"product-tag","embeddable":true,"href":"https:\/\/www.ruiqigo.com\/da\/wp-json\/wp\/v2\/product-tag?post=2022"},{"taxonomy":"products","embeddable":true,"href":"https:\/\/www.ruiqigo.com\/da\/wp-json\/wp\/v2\/products?post=2022"}],"curies":[{"name":"wp","href":"https:\/\/api.w.org\/{rel}","templated":true}]}}