{"id":2062,"date":"2024-11-29T15:24:06","date_gmt":"2024-11-29T07:24:06","guid":{"rendered":"https:\/\/ruiqigo.com\/?post_type=product&#038;p=2062"},"modified":"2024-11-29T15:27:04","modified_gmt":"2024-11-29T07:27:04","slug":"no-crack-hand-cream","status":"publish","type":"product","link":"https:\/\/www.ruiqigo.com\/da\/product\/no-crack-hand-cream","title":{"rendered":"No-Crack H\u00e5ndcreme"},"content":{"rendered":"<h2 class=\"wp-block-heading\">Fremstilling af h\u00e5ndcremer uden revner, almindelige formler<\/h2>\n\n\n\n<p>Vores forsknings- og udviklingsteam har udviklet en dybdeg\u00e5ende fugtgivende og reparerende formel til problemet med t\u00f8rre og sprukne h\u00e6nder under designet med det form\u00e5l at l\u00f8se de skader, der for\u00e5rsages af barske milj\u00f8er p\u00e5 h\u00e6nderne. Disse ingredienser arbejder sammen for at pleje dine h\u00e6nder. Hovedingredienserne er:<\/p>\n\n\n\n<p>1. <strong>Glycerin:<\/strong> Glycerin er en almindelig fugtighedscreme, der absorberer vand og holder det p\u00e5 plads. Denne fugtgivende effekt sikrer, at huden p\u00e5 h\u00e6nderne forbliver hydreret, selv i t\u00f8rre omgivelser. Samtidig kan glycerin ogs\u00e5 danne en beskyttende film, fugte h\u00e5ndhuden og forbedre problemer med ruhed og t\u00f8rre revner i h\u00e6nderne.<\/p>\n\n\n\n<p>2. <strong>Hyaluronsyre:<\/strong> Hyaluronsyre har en fremragende fugtgivende effekt, kan absorbere meget vand og forhindre vandtab. Samtidig kan den ogs\u00e5 forbedre h\u00e5ndhudens barrierefunktion, reducere skader fra det barske ydre milj\u00f8 p\u00e5 huden og yderligere fremme reparation og regenerering af hudceller. Langvarig brug kan genoprette sundheden for beskadigede h\u00e6nder.<\/p>\n\n\n\n<p>3.<strong> Ceramid:<\/strong> Ceramid kan fremskynde hudens reparationsproces, det kan lindre t\u00f8rhedsstimulering for\u00e5rsaget af det ydre milj\u00f8 p\u00e5 huden og fremme regenerering af hudceller. Derudover kan det ogs\u00e5 h\u00e6mme dannelsen af melanin, og langvarig brug kan opn\u00e5 en hvidtningseffekt. Samtidig har det ogs\u00e5 en vis anti-aging evne, som kan g\u00f8re h\u00e5ndens hud mere stram og elastisk.<\/p>\n\n\n\n<p>4. <strong>Aloe vera:<\/strong> Udover sin kraftfulde fugtgivende funktion har naturlig aloe vera-ekstrakt ogs\u00e5 en lindrende anti-sensitivitetseffekt, som kan lindre ubehag for\u00e5rsaget af t\u00f8r hudirritation p\u00e5 h\u00e6nderne. Samtidig kan det fremme reparation og regenerering af hudceller, fremskynde helingen af t\u00f8rre revner og g\u00f8re dine h\u00e6nder mere sunde og hydrerede.<\/p>\n\n\n\n<p>5. <strong>Pighaj vaskebj\u00f8rn:<\/strong> Pighajvaskebj\u00f8rne kan danne en beskyttende film p\u00e5 overfladen af h\u00e5ndhuden, reducere skader fra det ydre milj\u00f8 og holde h\u00e5ndhuden hydreret. Det tilf\u00f8rer ogs\u00e5 n\u00e6ringsstoffer og fugt dybt ind i huden, hvilket fremskynder reparationsprocessen af beskadiget hud.<\/p>\n\n\n\n<h2 class=\"wp-block-heading\">Funktionerne af h\u00e5ndcreme uden revner<\/h2>\n\n\n\n<p>P\u00e5 produktionstidspunktet kombinerede vi de fleste t\u00f8rre og afskalende h\u00e6nder for at designe denne h\u00e5ndcreme, der ikke kun er mild, men ogs\u00e5 har flere effekter, der d\u00e6kker alle aspekter af reparation af h\u00e5ndhuden. N\u00e5r du v\u00e6lger en h\u00e5ndcreme, anbefales det, at du v\u00e6lger et produkt, der passer til dig i henhold til din hudtilstand og dine pr\u00e6ferencer. Her er dens vigtigste funktioner:<\/p>\n\n\n\n<p>1. <strong>Langvarig fugtgivende og ikke-kl\u00e6bende:<\/strong> Vi bruger en r\u00e6kke forskellige ingredienser, der har en st\u00e6rk fugtgivende effekt, kan fugte og holde p\u00e5 huden i dybden, samt holde p\u00e5 fugten. Og vores h\u00e5ndcreme klistrer ikke og giver en god f\u00f8lelse, n\u00e5r den bruges.<\/p>\n\n\n\n<p>2. <strong>Reparation og regenerering: <\/strong>Vores h\u00e5ndcreme kan give tilstr\u00e6kkelige n\u00e6ringsstoffer, forbedre hudens barrierefunktion og yderligere fremme reparation og regenerering af hudceller. Samtidig kan den ogs\u00e5 reducere skader fra det ydre milj\u00f8 p\u00e5 huden, hvilket er medvirkende til at forbedre problemet med ru og t\u00f8r hud p\u00e5 h\u00e6nderne.<\/p>\n\n\n\n<p>3. <strong>Beroligende og anti-f\u00f8lsomhed<\/strong>Vi har tilsat aloe vera og andre ingredienser, der har en lindrende og anti-sensitivitetseffekt, hvilket er med til at lindre smerter og ubehag for\u00e5rsaget af t\u00f8r og allergisk hud p\u00e5 h\u00e6nderne. Udglat beskadiget hud og g\u00f8r h\u00e6nderne sundere.<\/p>\n\n\n\n<p>4. <strong>Mild og ikke-stimulerende: <\/strong>R\u00e5materialerne i produktionsprocessen er omhyggeligt udvalgt og indeholder ingen skadelige stoffer. Og vores ingredienser er naturlige og sk\u00e5nsomme, velegnede til de fleste hudtyper, is\u00e6r f\u00f8lsomme. Vi undg\u00e5r ogs\u00e5 sekund\u00e6re skader p\u00e5 huden p\u00e5 dine h\u00e6nder med alkohol og andre irritanter.<\/p>\n\n\n\n<p>5. <strong>Beskyttelse og isolation:<\/strong> Olien i vores h\u00e5ndcreme kan danne en beskyttende film p\u00e5 hudens overflade for at isolere det ydre milj\u00f8, s\u00e5som ultraviolet lys og kold og t\u00f8r hudskade. Brug den regelm\u00e6ssigt for at g\u00f8re h\u00e6ndernes hud mere glat og delikat.<\/p>\n\n\n\n<h2 class=\"wp-block-heading\">Hvordan bruger man h\u00e5ndcreme uden revner?<\/h2>\n\n\n\n<p>Som professionel producent af h\u00e5ndcremer uden revner l\u00e6gger vi stor v\u00e6gt p\u00e5 produktkvalitet og -sikkerhed samt brugeroplevelsen. Derfor har vi et strengt kvalitetsstyringssystem for at sikre vores produkter. Samtidig designer vi den tilsvarende emballage i henhold til dine behov. Vi markerer produktets specifikationer og brugsanvisningen p\u00e5 emballagen.<\/p>\n\n\n\n<p>1. <strong>Rene h\u00e6nder:<\/strong> Vask h\u00e6nderne med varmt vand og t\u00f8r dem forsigtigt inden brug. Dette fremmer absorptionen af h\u00e5ndcremen.<\/p>\n\n\n\n<p>2. <strong>P\u00e5f\u00f8r j\u00e6vnt: <\/strong>P\u00e5f\u00f8r en passende m\u00e6ngde h\u00e5ndcreme, der ikke revner, i h\u00e5ndfladen, og fordel den j\u00e6vnt p\u00e5 begge h\u00e6nder, is\u00e6r p\u00e5 h\u00e5ndryggen, fingrene og andre steder, der er lette at ignorere.<\/p>\n\n\n\n<p>3. <strong>Massageabsorption:<\/strong> Efter j\u00e6vn p\u00e5f\u00f8ring kan du blidt massere dine h\u00e6nder med fingrene, is\u00e6r leddene og andre kanter, for at hj\u00e6lpe h\u00e5ndcremen med at tr\u00e6nge bedre ind i huden.<\/p>\n\n\n\n<p>4. <strong>Genanvend straks:<\/strong> Gentag vores h\u00e5ndcreme hver gang du vasker dine h\u00e6nder, eller n\u00e5r dine h\u00e6nder er t\u00f8rre, for at holde dem fugtede.<\/p>\n\n\n\n<h2 class=\"wp-block-heading\">Forsigtighed<\/h2>\n\n\n\n<p>1. N\u00e5r du v\u00e6lger h\u00e5ndcreme, b\u00f8r du v\u00e6lge et produkt, der passer til din hudtype og dine behov;<\/p>\n\n\n\n<p>2. Det anbefales at udf\u00f8re en allergitest, n\u00e5r du bruger produktet for f\u00f8rste gang. Hvis der opst\u00e5r ubehag, skal du straks stoppe med at bruge produktet og skylle med vand.<\/p>\n\n\n\n<p>3. Undg\u00e5 overforbrug. Den rigtige m\u00e6ngde h\u00e5ndcreme kan fugte dine h\u00e6nder. Hvis den bruges for meget, kan den blive fedtet og sv\u00e6r at absorbere.<\/p>\n\n\n\n<p>4. At holde h\u00e6nderne varme kan reducere f\u00e6nomenet med t\u00f8r og revnet hud p\u00e5 h\u00e6nderne, is\u00e6r i kolde og t\u00f8rre milj\u00f8er;<\/p>\n\n\n\n<p>5. Det anbefales at opbevare det et k\u00f8ligt og t\u00f8rt sted for at undg\u00e5 forringelse af h\u00e5ndcremen for\u00e5rsaget af h\u00f8je temperaturer og fugtige omgivelser.<\/p>\n\n\n\n<h2 class=\"wp-block-heading\">Konklusion<\/h2>\n\n\n\n<p>Som en producent af h\u00e5ndcremer, der str\u00e6ber efter kvalitet og detaljer, har vi avanceret produktionsudstyr og et professionelt forsknings- og udviklingsteam. Derudover integrerer vi naturlige planteekstrakter og avancerede fugtighedsgivende faktorer i produktionsprocessen for h\u00e5ndcremer, som effektivt kan lindre t\u00f8rre, sprukne og afskalende h\u00e6nder. Brugen af hurtigabsorberende teknologi, s\u00e5 h\u00e5ndcremen hurtigt tr\u00e6nger ind i huden uden at klistre, giver dig en frisk og behagelig oplevelse. Uanset om det er produktformulering eller emballage, skaber vi et unikt brand, der passer til dine behov. Hvis du er interesseret i vores h\u00e5ndcreme, der ikke spr\u00e6kker, bedes du kontakte os med det samme.<\/p>","protected":false},"excerpt":{"rendered":"No-Crack Hand Cream Manufacturing Common Formulas Our research and development team designed a deep moisturizing repair formula for the problem of dry and cracked hands during the design, aiming to solve the damage caused by harsh environments to hands. These ingredients work together to care for your hands. The main ingredients are: 1. Glycerin: Glycerin [&hellip;]","protected":false},"featured_media":2063,"menu_order":0,"template":"","meta":[],"product-tag":[],"products":[58],"class_list":["post-2062","product","type-product","status-publish","has-post-thumbnail","hentry","products-hand-cream"],"acf":[],"_links":{"self":[{"href":"https:\/\/www.ruiqigo.com\/da\/wp-json\/wp\/v2\/product\/2062","targetHints":{"allow":["GET"]}}],"collection":[{"href":"https:\/\/www.ruiqigo.com\/da\/wp-json\/wp\/v2\/product"}],"about":[{"href":"https:\/\/www.ruiqigo.com\/da\/wp-json\/wp\/v2\/types\/product"}],"version-history":[{"count":0,"href":"https:\/\/www.ruiqigo.com\/da\/wp-json\/wp\/v2\/product\/2062\/revisions"}],"wp:featuredmedia":[{"embeddable":true,"href":"https:\/\/www.ruiqigo.com\/da\/wp-json\/wp\/v2\/media\/2063"}],"wp:attachment":[{"href":"https:\/\/www.ruiqigo.com\/da\/wp-json\/wp\/v2\/media?parent=2062"}],"wp:term":[{"taxonomy":"product-tag","embeddable":true,"href":"https:\/\/www.ruiqigo.com\/da\/wp-json\/wp\/v2\/product-tag?post=2062"},{"taxonomy":"products","embeddable":true,"href":"https:\/\/www.ruiqigo.com\/da\/wp-json\/wp\/v2\/products?post=2062"}],"curies":[{"name":"wp","href":"https:\/\/api.w.org\/{rel}","templated":true}]}}