{"id":2135,"date":"2024-12-04T16:06:10","date_gmt":"2024-12-04T08:06:10","guid":{"rendered":"https:\/\/ruiqigo.com\/?post_type=product&#038;p=2135"},"modified":"2024-12-04T16:07:39","modified_gmt":"2024-12-04T08:07:39","slug":"natural-body-lotion","status":"publish","type":"product","link":"https:\/\/www.ruiqigo.com\/da\/product\/natural-body-lotion","title":{"rendered":"Naturlig bodylotion"},"content":{"rendered":"<h2 class=\"wp-block-heading\">Almindelige formler til fremstilling af naturlig bodylotion<\/h2>\n\n\n\n<p>For at sikre, at ingredienserne er milde og ikke for\u00e5rsager hudirritation, har vores forsknings- og udviklingsteam udvalgt en r\u00e6kke rene ingredienser. Udvalgte r\u00e5varer blandes i produktionsprocessen for at sikre sikkerheden og effektiviteten af vores naturlige kropsm\u00e6lk.<\/p>\n\n\n\n<p>1. Glycerin: Glycerin er en almindeligt anvendt fugtighedscreme, der absorberer fugt fra luften og danner en film p\u00e5 huden, hvilket effektivt hj\u00e6lper huden med at holde p\u00e5 fugten. Den giver langvarige fugtgivende effekter, samtidig med at den fugter huden og holder den bl\u00f8d og elastisk.<\/p>\n\n\n\n<p>2. Naturlige konserveringsmidler: Brugen af naturlige konserveringsmidler kan forhindre v\u00e6ksten af mikroorganismer, uden at skade vores hud. Det er mere egnet til de fleste hudtyper, is\u00e6r f\u00f8lsomme, end traditionelle kropscremer.<\/p>\n\n\n\n<p>3. Emulgator: Det kan hj\u00e6lpe vand og olie med at blandes og ikke adskilles, hvilket opn\u00e5r emulgering, stabilitet og andre effekter. Tils\u00e6tning af det til en naturlig bodylotion kan hj\u00e6lpe det med at absorbere lettere og forhindre delaminering eller udf\u00e6ldning.<\/p>\n\n\n\n<p>4. Naturlige olier: De er vigtige fugtgivende ingredienser og er rige p\u00e5 um\u00e6ttede fedtsyrer og vitaminer. De har derfor en fugtgivende og fugtgivende effekt, som kan fugte huden i dybden og forbedre ru og t\u00f8r hud. Samtidig hj\u00e6lper de ogs\u00e5 med at reparere beskadigede hudbarrierer og styrke hudens modstandskraft for at forhindre vandtab og udefrakommende irritation.<\/p>\n\n\n\n<p>5. Naturlig plante\u00e6terisk olie: Plante\u00e6terisk olie kan tilf\u00f8je aroma til bodylotionen og har en beroligende effekt, der kan afslappe krop og sind og give en behagelig brugsoplevelse.<\/p>\n\n\n\n<h2 class=\"wp-block-heading\">Funktionerne af naturlig bodylotion<\/h2>\n\n\n\n<p>Vi l\u00e6gger stor v\u00e6gt p\u00e5 produktionsprocessen for naturlig kropsm\u00e6lk. Hver dr\u00e5be er n\u00f8je proportioneret og forarbejdet for at sikre dens delikate tekstur og effektiv hudpleje. Her er dens vigtigste funktioner:<\/p>\n\n\n\n<p>1. Mild og ikke-irriterende: Vi udv\u00e6lger omhyggeligt en r\u00e6kke naturlige ingredienser uden skadelige kemikalier. S\u00e5 den vil ikke for\u00e5rsage irritation og ubehag p\u00e5 din hud, og den er velegnet til de fleste hudtyper.<\/p>\n\n\n\n<p>2. Langvarig fugtgivende: Vores naturlige bodylotion danner en beskyttende film p\u00e5 din hud, der holder fugten inde og forhindrer fordampning. Dette kan genopbygge fugtigheden i lang tid og forbedre ru og t\u00f8r hud.<\/p>\n\n\n\n<p>3. Dybdeg\u00e5ende fugtgivende: Naturlig bodylotion kan tr\u00e6nge dybt ind i huden, supplere de n\u00f8dvendige n\u00e6ringsstoffer, og langvarig brug kan g\u00f8re huden mere sund og skinnende.<\/p>\n\n\n\n<p>4. Lysner huden: Vores bodylotion indeholder antioxidanter, der beskytter mod UV-str\u00e5ler. Den stimulerer ogs\u00e5 produktionen af kollagen, hvilket hj\u00e6lper med at reducere rynker, fine linjer og h\u00e5rd hud. Derudover kan nogle blegende ingredienser h\u00e6mme produktionen af melanin for at reducere matte og m\u00f8rke pletter. Disse effekter kan hj\u00e6lpe os med at forbedre hudens tekstur og g\u00f8re den hvidere og fastere.<\/p>\n\n\n\n<p>5. Lindrende og reparerende: Naturlige planteekstrakter har normalt lindrende funktioner, og nogle har ogs\u00e5 en reparerende effekt. Derfor kan de, n\u00e5r de bruges, lindre smerter og ubehag i din hud, reparere den beskadigede hud og ogs\u00e5 give dig mulighed for at slappe af.<\/p>\n\n\n\n<h2 class=\"wp-block-heading\">Hvordan bruger man naturlig bodylotion?<\/h2>\n\n\n\n<p>Som professionel producent af naturlige bodylotioner l\u00e6gger vi s\u00e6rlig v\u00e6gt p\u00e5 produktionsprocessen for vores produkter, is\u00e6r med hensyn til produktkvalitet og sikkerhed. Derfor har vi et flerkanals kvalitetskontrolsystem og tester tekstur, effektivitet, viskositet osv. af det f\u00e6rdige produkt for at sikre dets effektivitet. Vi h\u00e5ber ogs\u00e5, at du vil l\u00e6se vores instruktioner omhyggeligt, f\u00f8r du bruger dem.<\/p>\n\n\n\n<p>1. Reng\u00f8r huden: F\u00f8r brug skal vi f\u00f8rst rense huden, fjerne olie og snavs p\u00e5 overfladen, s\u00f8rge for, at vores hud er ren, og du kan forsigtigt t\u00f8rre den med et h\u00e5ndkl\u00e6de efter vask.<\/p>\n\n\n\n<p>2. P\u00e5f\u00f8r den passende m\u00e6ngde: Tag den passende m\u00e6ngde naturlig bodylotion og fordel den j\u00e6vnt p\u00e5 hele kroppen. Pas p\u00e5 ikke at p\u00e5f\u00f8re for meget under denne proces, da du ellers kan f\u00f8le dig fedtet.<\/p>\n\n\n\n<p>3. Massage af absorption: Efter p\u00e5f\u00f8ring kan du blidt massere huden med begge h\u00e6nder for at fremme absorption og blodcirkulationen. P\u00e5 omr\u00e5der, der er relativt t\u00f8rre eller har et tykt stratum corneum, kan du passende \u00f8ge m\u00e6ngden af bodylotion og massere den.<\/p>\n\n\n\n<p>4. Regelm\u00e6ssig brug: Det anbefales at p\u00e5f\u00f8re bodylotion \u00e9n gang dagligt om morgenen og \u00e9n gang dagligt om aftenen for at hj\u00e6lpe os med at holde huden fugtig og bl\u00f8d i lang tid.<\/p>\n\n\n\n<h2 class=\"wp-block-heading\">Forsigtighed<\/h2>\n\n\n\n<p>1. Anbefal en avanceret anafylaksi-test f\u00f8r f\u00f8rste brug. Hvis der opst\u00e5r ubehag, skal brugen straks stoppes.<\/p>\n\n\n\n<p>2. V\u00e6r opm\u00e6rksom p\u00e5 den rigtige m\u00e6ngde ved p\u00e5f\u00f8ring, da overdreven brug kan f\u00e5 huden til at f\u00f8les fedtet og ubehagelig;<\/p>\n\n\n\n<p>3. Naturlig kropsm\u00e6lk bruger naturlige konserveringsmidler, s\u00e5 holdbarheden er kort, det anbefales at v\u00e6re mere opm\u00e6rksom p\u00e5 produktets holdbarhed;<\/p>\n\n\n\n<p>4. Det anbefales at opbevare produktet et k\u00f8ligt og t\u00f8rt sted for at undg\u00e5 forringelse for\u00e5rsaget af h\u00f8je temperaturer og fugtige milj\u00f8er.<\/p>\n\n\n\n<h2 class=\"wp-block-heading\">Konklusion<\/h2>\n\n\n\n<p>Blandt de mange kropscremer med forskellige funktioner er det s\u00e6rligt vigtigt at finde ren, harml\u00f8s, effektiv og sk\u00e5nsom kropspleje til huden. Som producent dedikeret til at skabe naturlig bodylotion har vi omhyggeligt udvalgt naturlige ingredienser af h\u00f8j kvalitet, videnskabeligt afbalancerede, og brugt sk\u00e5nsomme produktionsprocesser for at forbedre din oplevelse. Vores produkter er selvf\u00f8lgelig ikke kun velegnede til alle hudtyper, men vi kan ogs\u00e5 tilbyde skr\u00e6ddersyede tjenester for at justere formlen til din hudtype og dine pr\u00e6ferencer for at sikre, at hver naturlig bodylotion opfylder dine forventninger. Hvis du ogs\u00e5 er interesseret, bedes du kontakte os.<\/p>","protected":false},"excerpt":{"rendered":"Natural Body Lotion Manufacturing Common Formulas To ensure that the ingredients are mild and do not cause irritation to the skin, our research and development team has selected a variety of pure ingredients. Selected raw materials are blended in the production process to ensure the safety and effectiveness of our natural body milk. 1. Glycerin: [&hellip;]","protected":false},"featured_media":2136,"menu_order":0,"template":"","meta":[],"product-tag":[],"products":[56],"class_list":["post-2135","product","type-product","status-publish","has-post-thumbnail","hentry","products-body-lotion"],"acf":[],"_links":{"self":[{"href":"https:\/\/www.ruiqigo.com\/da\/wp-json\/wp\/v2\/product\/2135","targetHints":{"allow":["GET"]}}],"collection":[{"href":"https:\/\/www.ruiqigo.com\/da\/wp-json\/wp\/v2\/product"}],"about":[{"href":"https:\/\/www.ruiqigo.com\/da\/wp-json\/wp\/v2\/types\/product"}],"version-history":[{"count":0,"href":"https:\/\/www.ruiqigo.com\/da\/wp-json\/wp\/v2\/product\/2135\/revisions"}],"wp:featuredmedia":[{"embeddable":true,"href":"https:\/\/www.ruiqigo.com\/da\/wp-json\/wp\/v2\/media\/2136"}],"wp:attachment":[{"href":"https:\/\/www.ruiqigo.com\/da\/wp-json\/wp\/v2\/media?parent=2135"}],"wp:term":[{"taxonomy":"product-tag","embeddable":true,"href":"https:\/\/www.ruiqigo.com\/da\/wp-json\/wp\/v2\/product-tag?post=2135"},{"taxonomy":"products","embeddable":true,"href":"https:\/\/www.ruiqigo.com\/da\/wp-json\/wp\/v2\/products?post=2135"}],"curies":[{"name":"wp","href":"https:\/\/api.w.org\/{rel}","templated":true}]}}