{"id":216,"date":"2024-06-30T22:58:53","date_gmt":"2024-06-30T14:58:53","guid":{"rendered":"https:\/\/ruiqigo.com\/?post_type=product&#038;p=216"},"modified":"2024-09-25T15:02:41","modified_gmt":"2024-09-25T07:02:41","slug":"tea-tree-shampoo","status":"publish","type":"product","link":"https:\/\/www.ruiqigo.com\/da\/product\/tea-tree-shampoo","title":{"rendered":"Tea tree shampoo"},"content":{"rendered":"<h3 class=\"wp-block-heading\">Fremstilling af tea tree shampoo - Almindelige formler<\/h3>\n\n\n\n<p>Som producenter af Tea Tree Shampoos forst\u00e5r vi vigtigheden af formulering. Vores produkter bruger en r\u00e6kke sk\u00e5nsomme, men effektive overfladeaktive stoffer, s\u00e5som Cocoyl-Glucoside og Cocoyl-Betaine, for at sikre rensende kraft uden at skade hovedbunden. Kerneingredienserne Kaliumcocoylglycinat og Kaliumcocoat giver h\u00e5ret essentiel n\u00e6ring. Derudover har vi specielt tilsat Polyquaternium-10 for at forbedre h\u00e5rets bl\u00f8dhed og glans. De naturlige antiinflammatoriske egenskaber ved Tea Tree Oil, kombineret med He Shou Wu-rodekstrakt og europ\u00e6isk r\u00f8d fyrrebladekstrakt, giver vores Tea Tree Shampoo en unik h\u00e5rplejeeffekt.<\/p>\n\n\n\n<h3 class=\"wp-block-heading\">Tea tree shampoo - Anvendelige scenarier<\/h3>\n\n\n\n<p>Tea Tree-shampooer er velegnede til alle klimaer og milj\u00f8er, is\u00e6r i varme og fugtige omr\u00e5der, hvor deres antiinflammatoriske og antimikrobielle egenskaber giver en effektiv reaktion p\u00e5 fedtet og t\u00f8r, kl\u00f8ende hovedbund. Vores produkter er sulfatfri, hvilket reducerer deres milj\u00f8p\u00e5virkning, samtidig med at farvebeskyttelsen bevares, hvilket g\u00f8r dem til et foretrukket valg for forbrugere, der s\u00f8ger en naturlig livsstil. Du kan ogs\u00e5 kombinere dem med en <a href=\"https:\/\/www.ruiqigo.com\/da\/product\/tea-tree-essential-oil\/\">\u00e6terisk olie af tea tree<\/a> for endnu bedre resultater.<\/p>\n\n\n\n<h3 class=\"wp-block-heading\">Hvem er tea tree shampoo-kostume til?<\/h3>\n\n\n\n<p>Vores Tea Tree Shampooer er designet til personer med fedtet og t\u00f8r, kl\u00f8ende hovedbund. De naturlige antiinflammatoriske egenskaber i Tea Tree Oil (Melaleuca alternifolia bladolie) er effektive til at lindre ubehag i hovedbunden, mens tils\u00e6tningen af VB5 og VE giver ekstra n\u00e6ring og beskyttelse til h\u00e5ret. Disse ingredienser arbejder sammen for at forbedre hovedbundsmilj\u00f8et og fremme sund h\u00e5rv\u00e6kst. Mere <a href=\"https:\/\/www.ruiqigo.com\/da\/products\/shampoo\/\">shampoo med naturlige ingredienser<\/a> for dig at v\u00e6lge fra 3TOP.<\/p>\n\n\n\n<h3 class=\"wp-block-heading\">Produktionsproces for tea tree shampoo<\/h3>\n\n\n\n<p>Under produktionsprocessen fokuserer vi p\u00e5 at bevare den unikke \u00e6teriske oliesmag fra tea tree-olien, hvilket ikke blot tilf\u00f8jer en naturlig duft til produktet, men ogs\u00e5 giver forbrugerne en behagelig oplevelse. Vi bruger avanceret ekstraktions- og blandingsteknologi for at sikre effektiv integration af alle ingredienser, samtidig med at vi strengt kontrollerer produktionsmilj\u00f8et for at sikre produktets kvalitet og sikkerhed.<\/p>","protected":false},"excerpt":{"rendered":"Tea tree shampoo manufacturing Common Formulas As the makers of Tea Tree Shampoos, we understand the importance of formulation. Our products utilize a range of gentle yet effective surfactants such as Cocoyl-Glucoside and Cocoyl-Betaine to ensure cleansing power without damaging the scalp. The core ingredients Potassium Cocoyl Glycinate and Potassium Cocoate provide essential nourishment to [&hellip;]","protected":false},"featured_media":218,"menu_order":0,"template":"","meta":[],"product-tag":[],"products":[51],"class_list":["post-216","product","type-product","status-publish","has-post-thumbnail","hentry","products-shampoo"],"acf":[],"_links":{"self":[{"href":"https:\/\/www.ruiqigo.com\/da\/wp-json\/wp\/v2\/product\/216","targetHints":{"allow":["GET"]}}],"collection":[{"href":"https:\/\/www.ruiqigo.com\/da\/wp-json\/wp\/v2\/product"}],"about":[{"href":"https:\/\/www.ruiqigo.com\/da\/wp-json\/wp\/v2\/types\/product"}],"version-history":[{"count":0,"href":"https:\/\/www.ruiqigo.com\/da\/wp-json\/wp\/v2\/product\/216\/revisions"}],"wp:featuredmedia":[{"embeddable":true,"href":"https:\/\/www.ruiqigo.com\/da\/wp-json\/wp\/v2\/media\/218"}],"wp:attachment":[{"href":"https:\/\/www.ruiqigo.com\/da\/wp-json\/wp\/v2\/media?parent=216"}],"wp:term":[{"taxonomy":"product-tag","embeddable":true,"href":"https:\/\/www.ruiqigo.com\/da\/wp-json\/wp\/v2\/product-tag?post=216"},{"taxonomy":"products","embeddable":true,"href":"https:\/\/www.ruiqigo.com\/da\/wp-json\/wp\/v2\/products?post=216"}],"curies":[{"name":"wp","href":"https:\/\/api.w.org\/{rel}","templated":true}]}}