{"id":2164,"date":"2024-12-05T17:18:10","date_gmt":"2024-12-05T09:18:10","guid":{"rendered":"https:\/\/ruiqigo.com\/?post_type=product&#038;p=2164"},"modified":"2024-12-05T17:19:07","modified_gmt":"2024-12-05T09:19:07","slug":"hand-cream-with-spf","status":"publish","type":"product","link":"https:\/\/www.ruiqigo.com\/da\/product\/hand-cream-with-spf","title":{"rendered":"H\u00e5ndcreme med SPF"},"content":{"rendered":"<h2 class=\"wp-block-heading\">H\u00e5ndcreme med SPF Fremstilling af almindelige formler<\/h2>\n\n\n\n<p>Som professionel producent af h\u00e5ndcreme med SPF kombinerer vi fugtgivende, fugtgivende og solbeskyttende ingredienser baseret p\u00e5 de flestes behov. Gennem videnskabelig matching og yderligere forarbejdning sigter den mod at yde omfattende beskyttelse og pleje til h\u00e5ndhuden. Dens hovedkomponenter er:<\/p>\n\n\n\n<p>1. Glycerin: Glycerin har en st\u00e6rk fugtgivende og fugtgivende effekt, som kan danne en beskyttende hinde p\u00e5 overfladen af huden, reducere vandtab og give en varig fugtgivende effekt. Langtidsbrug kan lindre t\u00f8rre h\u00e6nder, afskalning og andre tilstande.<\/p>\n\n\n\n<p>2. Solcreme ingredienser: Vi bruger h\u00f8jkvalitets solcreme ingredienser som kerne ingredienser, med en st\u00e6rk solcreme effekt. Det kan blokere UV-str\u00e5ler, undg\u00e5 skader for\u00e5rsaget af UV-str\u00e5ler, s\u00e5som solskoldning, aldring af huden og andre problemer.<\/p>\n\n\n\n<p>3. Sheasm\u00f8r: Sheasm\u00f8r kan tr\u00e6nge dybt ind i huden for at give tilstr\u00e6kkelige n\u00e6ringsstoffer og yderligere fugte huden p\u00e5 h\u00e6nderne. Samtidig har det ogs\u00e5 antioxidantvirkninger, kan modst\u00e5 frie radikaler, beskytte huden mod milj\u00f8skader, forbedre hudens elasticitet.<\/p>\n\n\n\n<p>4. Ceramid: Det har funktionen at reparere hudbarrieren. N\u00e5r det p\u00e5f\u00f8res, kan det etablere en beskyttende film, reparere beskadigede celler, styrke hudbarrieren og g\u00f8re h\u00e5ndens hud sundere. Samtidig har det ogs\u00e5 en anti-inflammatorisk og lindrende effekt, som kan lindre smerter og ubehag for\u00e5rsaget af eksterne faktorer.<\/p>\n\n\n\n<p>5. Emulgator: Emulgator er en almindeligt anvendt ingrediens i h\u00e5ndcreme, som fuldt ud kan blande vand og olie for at danne en stabil emulsionstilstand. Og teksturen er mere glat, hvilket er befordrende for din p\u00e5f\u00f8ring og absorption, s\u00e5 din hud er mere glat og sart.<\/p>\n\n\n\n<h2 class=\"wp-block-heading\">Funktionerne af h\u00e5ndcreme med SPF<\/h2>\n\n\n\n<p>Solbeskyttelse er meget vigtig for at forsinke hudens aldring, forebygge hudproblemer og bevare hudens sundhed. Sammenlignet med traditionelle h\u00e5ndcremer og solcremer tilbyder vores h\u00e5ndcreme med SPF dobbelt beskyttelse. Hudpleje er mere bekvemt uden at efterlade en tung f\u00f8lelse. Her er dens vigtigste funktioner:<\/p>\n\n\n\n<p>1. Meget effektiv solbeskyttelse: Med en SPF p\u00e5 15-50+ giver vores beskyttende film essentiel beskyttelse mod UVA- og UVB-str\u00e5ler, hvilket reducerer risikoen for solbrun, rynker, for tidlig aldring og hudkr\u00e6ft og fremmer hudens generelle sundhed.<\/p>\n\n\n\n<p>2. Dyb fugtgivende: Fugtgivende ingredienser kan effektivt fugte h\u00e5ndhuden, rettidigt genopfylde vand og give en varig fugtgivende effekt, hvilket g\u00f8r h\u00e5ndhuden mere fugtig og bl\u00f8d.<\/p>\n\n\n\n<p>3. Forbedre hudens tilstand: Vores h\u00e5ndcreme med SPF kan forhindre hyperpigmentering og forekomsten af m\u00f8rke pletter og reducere olieproduktionen, hvilket yderligere reducerer olieudbrud.<\/p>\n\n\n\n<p>4. Beroligende reparation: Det kan lindre smerter og ubehag for\u00e5rsaget af stimulering, reparere beskadigede hudceller, forbedre hudbarrierefunktionen og g\u00f8re vores hud fastere og mere elastisk.<\/p>\n\n\n\n<p>5. Let og ikke-fedtet: Vi bruger avanceret emulgeringsteknologi for at sikre, at h\u00e5ndcremens tekstur er let, let at absorbere og ikke vil have en klistret f\u00f8lelse, hvilket forbedrer oplevelsen yderligere. Den er velegnet til de fleste mennesker og kan bruges i dagligdagen, tilf\u00e6ldigt genanvendt.<\/p>\n\n\n\n<h2 class=\"wp-block-heading\">Hvordan bruger man h\u00e5ndcreme med SPF?<\/h2>\n\n\n\n<p>P\u00e5 produktionstidspunktet blandede vi h\u00e5ndcremer med forskellige SPF-v\u00e6rdier i henhold til forskellige menneskers behov. 30% af solbeskyttelsesv\u00e6rdien ved daglig brug kan beskytte mod 90% af UVB-str\u00e5ler. Du kan alts\u00e5 v\u00e6lge efter dit eget solafsk\u00e6rmningsbehov, og brugen af det st\u00e5r ogs\u00e5 detaljeret p\u00e5 emballagen.<\/p>\n\n\n\n<p>1. Reng\u00f8r h\u00e6nder: Reng\u00f8r h\u00e6nderne f\u00f8r brug f\u00f8rst, du kan bruge h\u00e5ndsprit eller s\u00e6be til at fjerne olien og snavs p\u00e5 h\u00e6nderne, og t\u00f8rre dem forsigtigt med et h\u00e5ndkl\u00e6de, dette trin er befordrende for den yderligere absorption af h\u00e5ndcreme.<\/p>\n\n\n\n<p>2. P\u00e5f\u00f8r passende m\u00e6ngde: P\u00e5f\u00f8r passende m\u00e6ngde h\u00e5ndcreme med SPF j\u00e6vnt p\u00e5 dine h\u00e6nder, is\u00e6r p\u00e5 fingrene, h\u00e5ndryggen og andre steder, der er nemme at ignorere, s\u00f8rg for at hver del er d\u00e6kket.<\/p>\n\n\n\n<p>3. Massageoptagelse: Efter p\u00e5f\u00f8ring skal du forsigtigt massere dine h\u00e6nder med fingermaven, hvilket kan fremme optagelsen og blodcirkulationen.<\/p>\n\n\n\n<p>4. Rettidig overmaling: Hvis du er udend\u00f8rs i l\u00e6ngere tid, anbefales det at p\u00e5f\u00f8re igen hver anden time for at sikre solcreme-effekten.<\/p>\n\n\n\n<h2 class=\"wp-block-heading\">Forsigtighed<\/h2>\n\n\n\n<p>1. Udf\u00f8r en allergisk test for f\u00f8rste gang. Hvis der opst\u00e5r ubehag, skal du straks stoppe med at bruge og konsultere en l\u00e6ge;<\/p>\n\n\n\n<p>2. Undg\u00e5 overdreven: F\u00f8lg princippet om passende m\u00e6ngde ved p\u00e5f\u00f8ring, undg\u00e5 overdreven h\u00e5ndcreme, der resulterer i fedtede h\u00e6nder, som ikke er lette at absorbere;<\/p>\n\n\n\n<p>3. Undg\u00e5 at blande: M\u00e5 ikke blandes med andre h\u00e5ndcremer eller hudplejeprodukter for at undg\u00e5 bivirkninger eller p\u00e5virke solcreme-effekten;<\/p>\n\n\n\n<p>4. Undg\u00e5 kontakt med \u00f8jnene. I tilf\u00e6lde af kontakt med \u00f8jnene, skyl straks med vand;<\/p>\n\n\n\n<p>5. Det anbefales at opbevare p\u00e5 et k\u00f8ligt og t\u00f8rt sted for at undg\u00e5 forringelse for\u00e5rsaget af h\u00f8j temperatur og fugtigt milj\u00f8 og reducere solcreme-effekten.<\/p>\n\n\n\n<h2 class=\"wp-block-heading\">Konklusion<\/h2>\n\n\n\n<p>Hvis du \u00f8nsker at holde dine h\u00e6nder bl\u00f8de, glatte og ungdommelige, er vores h\u00e5ndcreme med SPF et godt valg. Vi er forpligtet til at skabe h\u00f8jkvalitets, multifunktionelle, unikke m\u00e6rkeprodukter, og vi har avanceret produktionsudstyr og et professionelt forsknings- og udviklingsteam. Til dine krav vil vi g\u00f8re vores bedste for at f\u00e6rdigg\u00f8re, i henhold til din feedback og konstant justere, for dig at skabe personlig h\u00e5ndcreme med SPF-produkter. Hvis du ogs\u00e5 er interesseret, s\u00e5 kontakt os.<\/p>\n\n\n\n<p><\/p>","protected":false},"excerpt":{"rendered":"Hand Cream With SPF Manufacturing Common Formulas As a professional manufacturer of hand cream with SPF, we combine moisturizing, moisturizing, and sun protection ingredients based on the needs of most people. Through scientific matching and further processing, it aims to provide comprehensive protection and care for hand skin. Its main components are: 1. Glycerin: Glycerin [&hellip;]","protected":false},"featured_media":2165,"menu_order":0,"template":"","meta":[],"product-tag":[],"products":[58],"class_list":["post-2164","product","type-product","status-publish","has-post-thumbnail","hentry","products-hand-cream"],"acf":[],"_links":{"self":[{"href":"https:\/\/www.ruiqigo.com\/da\/wp-json\/wp\/v2\/product\/2164","targetHints":{"allow":["GET"]}}],"collection":[{"href":"https:\/\/www.ruiqigo.com\/da\/wp-json\/wp\/v2\/product"}],"about":[{"href":"https:\/\/www.ruiqigo.com\/da\/wp-json\/wp\/v2\/types\/product"}],"version-history":[{"count":0,"href":"https:\/\/www.ruiqigo.com\/da\/wp-json\/wp\/v2\/product\/2164\/revisions"}],"wp:featuredmedia":[{"embeddable":true,"href":"https:\/\/www.ruiqigo.com\/da\/wp-json\/wp\/v2\/media\/2165"}],"wp:attachment":[{"href":"https:\/\/www.ruiqigo.com\/da\/wp-json\/wp\/v2\/media?parent=2164"}],"wp:term":[{"taxonomy":"product-tag","embeddable":true,"href":"https:\/\/www.ruiqigo.com\/da\/wp-json\/wp\/v2\/product-tag?post=2164"},{"taxonomy":"products","embeddable":true,"href":"https:\/\/www.ruiqigo.com\/da\/wp-json\/wp\/v2\/products?post=2164"}],"curies":[{"name":"wp","href":"https:\/\/api.w.org\/{rel}","templated":true}]}}