{"id":2196,"date":"2024-12-06T16:37:24","date_gmt":"2024-12-06T08:37:24","guid":{"rendered":"https:\/\/ruiqigo.com\/?post_type=product&#038;p=2196"},"modified":"2024-12-06T16:39:38","modified_gmt":"2024-12-06T08:39:38","slug":"shea-moisture-conditioner","status":"publish","type":"product","link":"https:\/\/www.ruiqigo.com\/da\/product\/shea-moisture-conditioner","title":{"rendered":"Shea Moisture Conditioner"},"content":{"rendered":"<h2 class=\"wp-block-heading\">Shea Moisture Conditioner Fremstilling Almindelige formler<\/h2>\n\n\n\n<p>Som producent af h\u00f8jkvalitets shea-fugtighedsbalsam bruger vi en helt naturlig formel uden skadelige tils\u00e6tningsstoffer. Vi har ogs\u00e5 skabt denne dybt n\u00e6rende, multi-reparerende balsam gennem videnskabelig matchning og pr\u00e6cisionsbehandling i h\u00e5b om at f\u00e5 dit h\u00e5r til at skinne igen.<\/p>\n\n\n\n<p>1. <strong>Shea-fugtighed<\/strong>Shea-fugtighedscreme har en fantastisk fugtgivende effekt, der danner en beskyttende film p\u00e5 dit h\u00e5r, der holder det hydreret og glat. Derudover er den rig p\u00e5 en r\u00e6kke n\u00e6ringsstoffer, som kan n\u00e6re h\u00e5ret i dybden, reparere skadet h\u00e5r og genopbygge n\u00f8dvendige n\u00e6ringsstoffer, hvilket g\u00f8r h\u00e5ret st\u00e6rkere og mere skinnende. Samtidig minder den om olien p\u00e5 hudens overflade, som hurtigt tr\u00e6nger ind, absorberer og bl\u00f8dg\u00f8r keratinet, hvilket g\u00f8r dit h\u00e5r bl\u00f8dere.<\/p>\n\n\n\n<p>2. <strong>Keratin<\/strong>Den kan reparere beskadigede h\u00e5rsk\u00e6l og effektivt modst\u00e5 ydre skader, s\u00e5som ultraviolet lys, strygning og farvning af h\u00e5r, for at beskytte h\u00e5rets sundhed.<\/p>\n\n\n\n<p>3. <strong>Emulgatorer:<\/strong> Emulgatorer har en sm\u00f8rende effekt, som kan hj\u00e6lpe med at balsamen fordeles mere j\u00e6vnt i h\u00e5ret og forbedre glatheden.<\/p>\n\n\n\n<p>4. <strong>Naturlig planteessens:<\/strong> Naturlig planteessens kan ikke kun balancere oliesekretionen og berolige hovedbunden, men aromaen af forskellige planteessenser vil ogs\u00e5 hj\u00e6lpe dig med bedre at afslappe hovedbunden og lindre stress. Den har ogs\u00e5 antibakterielle og antiinflammatoriske egenskaber, som effektivt kan helbrede hovedbundsinfektioner og allergier.<\/p>\n\n\n\n<p>5. <strong>Fugtgivende faktor:<\/strong> Fugtighedsfaktoren giver dybdeg\u00e5ende n\u00e6ring til h\u00e5ret, den binder fugten og forhindrer fugttab. Forbedrer derefter t\u00f8rt og kruset h\u00e5rs kvalitet og lad h\u00e5ret genskabe glans og glathed.<\/p>\n\n\n\n<h2 class=\"wp-block-heading\">Funktionerne af Shea Moisture Conditioner<\/h2>\n\n\n\n<p>I produktionsprocessen af shea fugtighedsbalsam kombinerer vi moderne teknologi til omhyggeligt at udvinde og dosere sheafugtighed for at sikre, at dens fordele maksimeres. Samtidig, for at sikre, at vores r\u00e5varer er sikre og p\u00e5lidelige og stammer fra naturen, udv\u00e6lger vi omhyggeligt leverand\u00f8rer af r\u00e5varer af h\u00f8j kvalitet og foretager regelm\u00e6ssige stikpr\u00f8vekontroller. S\u00e5 du kan v\u00e6re sikker p\u00e5 at bruge vores produkter, er f\u00f8lgende deres prim\u00e6re virkninger:<\/p>\n\n\n\n<p>1.<strong> Fugtgivende og fugtgivende:<\/strong> Vores kerneingrediens, shea moisturizer, kan tr\u00e6nge dybt ind i h\u00e5ret for at genopbygge fugtigheden og effektivt forhindre fordampning af fugt, samtidig med at den giver rige n\u00e6ringsstoffer, der fugter dit h\u00e5r og holder det fugtet i lang tid.<\/p>\n\n\n\n<p>2.<strong> Isoleringsbeskyttelse: <\/strong>Shea fugtighedsbalsam kan give en vis UV-beskyttelse, som kan forhindre varmefiksering, strygning og solskader.<\/p>\n\n\n\n<p>3. <strong>Bl\u00f8d og glat: <\/strong>Vores balsam kan bl\u00f8dg\u00f8re h\u00e5rets keratin, forhindre h\u00e5ret i at fl\u00e6kke og filtre sammen, og g\u00f8re h\u00e5ret mere smidigt og glansfuldt efter langvarig brug.<\/p>\n\n\n\n<p>4. <strong>Intensiv reparation: <\/strong>Brugen af shea-fugtighedsbalsam er gavnlig for at reparere skadet h\u00e5rv\u00e6v, is\u00e6r efter strygning og farvning. Du kan bruge vores h\u00e5rbalsam til at beskytte h\u00e5ret. Samtidig kan det ogs\u00e5 styrke h\u00e5rets struktur, og vedvarende brug kan det forbedre problemet med t\u00f8rt og spaltet h\u00e5r, s\u00e5 h\u00e5ret bliver mere st\u00e6rkt og elastisk.<\/p>\n\n\n\n<p>5. <strong>Antibakteriel og antiinflammatorisk:<\/strong> Udover sin st\u00e6rke fugtgivende effekt kan den ogs\u00e5 kurere hovedbundsinfektioner og allergier, hvilket er befordrende for at opretholde h\u00e5rets og hovedbundens sundhed og yderligere fremme v\u00e6kst.<\/p>\n\n\n\n<h2 class=\"wp-block-heading\">Hvordan bruger man shea fugtighedsbalsam?<\/h2>\n\n\n\n<p>Vores Shea-fugtighedsbalsam er velegnet til de fleste h\u00e5rtyper, og vi justerer vores formuleringer, s\u00e5 de passer til forskellige h\u00e5rtyper. S\u00e5 n\u00e5r du v\u00e6lger en balsam, b\u00f8r du v\u00e6lge et produkt, der passer bedst til dig i henhold til din h\u00e5rkvalitet og dine h\u00e5rplejebehov. Vi markerer ogs\u00e5 brugsanvisningen p\u00e5 pakken, l\u00e6s den venligst omhyggeligt.<\/p>\n\n\n\n<p>1. <strong>Shampoo: <\/strong>Skyl dit h\u00e5r med varmt vand og shampoo for at fjerne olie og snavs fra dit h\u00e5r, og s\u00f8rg for, at din hovedbund og dit h\u00e5r er rent og gunstigt for absorptionen af balsam.<\/p>\n\n\n\n<p>2. <strong>P\u00e5f\u00f8r balsam: <\/strong>Afh\u00e6ngigt af din h\u00e5rstr\u00e5s m\u00e6ngde, tag den rigtige m\u00e6ngde balsam og p\u00e5f\u00f8r den j\u00e6vnt i h\u00e5ret og h\u00e5rspidserne. Du kan p\u00e5f\u00f8re mere p\u00e5 t\u00f8rre og todelte omr\u00e5der, men v\u00e6r opm\u00e6rksom p\u00e5 at undg\u00e5 at det tv\u00e6rer ud i hovedbunden.<\/p>\n\n\n\n<p>3.<strong> Standabsorption: <\/strong>Efter p\u00e5f\u00f8ring kan du rede h\u00e5ret glat med h\u00e5rkammen for at sikre, at balsamen er j\u00e6vnt fordelt i h\u00e5ret, og derefter vente 3-5 minutter, s\u00e5 den kan tr\u00e6nge ind i h\u00e5ret. Hvis du \u00f8nsker en dybdeg\u00e5ende behandling, kan du forl\u00e6nge ventetiden (10-30 minutter).<\/p>\n\n\n\n<p>4. <strong>Vask med varmt vand:<\/strong> Lad det sidde, og skyl det derefter med vand. S\u00f8rg for, at der ikke er balsam tilbage i dit h\u00e5r, og t\u00f8r det forsigtigt med et h\u00e5ndkl\u00e6de.<\/p>\n\n\n\n<p>5. <strong>Matchende pleje:<\/strong> For at t\u00f8rre h\u00e5ret kan du p\u00e5f\u00f8re \u00e6terisk h\u00e5rplejeolie i samme position og derefter f\u00f8nt\u00f8rre med en h\u00e5rt\u00f8rrer eller luftt\u00f8rre. Dobbelt balsam hj\u00e6lper med at g\u00f8re dit h\u00e5r bl\u00f8dere og glattere.<\/p>\n\n\n\n<h2 class=\"wp-block-heading\">Forsigtighed<\/h2>\n\n\n\n<p>1. N\u00e5r du bruger en avanceret allergitest for f\u00f8rste gang, skal du straks stoppe med at bruge den, hvis der opst\u00e5r ubehag.<\/p>\n\n\n\n<p>2. Shea fugtighedsbalsam er en pasta ved stuetemperatur, s\u00e5 gnid den ind i h\u00e5ndfladen, inden du p\u00e5f\u00f8rer den i h\u00e5ret, for at fremme absorptionen.<\/p>\n\n\n\n<p>3. V\u00e6r opm\u00e6rksom p\u00e5 princippet om passende m\u00e6ngde ved brug, da for meget balsam kan f\u00f8re til fedtet h\u00e5r og p\u00e5virke balsamens effekt.<\/p>\n\n\n\n<p>3. Det anbefales at bruge shea fugtighedsbalsam 1-2 gange om ugen, da overdreven brug kan f\u00f8re til overdreven h\u00e5rbelastning og p\u00e5virke h\u00e5rets tekstur.<\/p>\n\n\n\n<p>4. Undg\u00e5 at p\u00e5f\u00f8re produktet i hovedbunden, da det ellers kan tilstoppe porerne i hovedbunden og for\u00e5rsage en r\u00e6kke problemer med hovedbunden.<\/p>\n\n\n\n<p>5. Det anbefales at opbevare produktet k\u00f8ligt og t\u00f8rt for at undg\u00e5 direkte sollys og h\u00f8je temperaturer, da dette kan forringe balsamet og p\u00e5virke dets effekt.<\/p>\n\n\n\n<h2 class=\"wp-block-heading\">Konklusion<\/h2>\n\n\n\n<p>Kvalitetsprodukter er n\u00f8glen til at vinde markedet. Vi kontrollerer strengt hvert eneste led i produktionen og har forskellige kvalitetstestsystemer for at sikre produkternes sikkerhed og effektivitet. Samtidig tilbyder vi ogs\u00e5 en komplet vifte af skr\u00e6ddersyede tjenester, som vil v\u00e6re baseret p\u00e5 dine krav til design af din formel og emballage. I denne periode vil vi konstant justere i henhold til din feedback og str\u00e6be efter perfektion. Kontakt os, hvis du vil vide mere.<\/p>","protected":false},"excerpt":{"rendered":"Shea Moisture Conditioner Manufacturing Common Formulas As a manufacturer of high-quality shea moisture conditioners, we use an all-natural formula with no harmful additives. We have also created this deeply nourishing, multi-repair conditioner through scientific matching and precision processing, hoping to make your hair shine again. 1. Shea moisture: Shea moisture has a great moisturizing effect, [&hellip;]","protected":false},"featured_media":2197,"menu_order":0,"template":"","meta":[],"product-tag":[],"products":[52],"class_list":["post-2196","product","type-product","status-publish","has-post-thumbnail","hentry","products-conditioner"],"acf":[],"_links":{"self":[{"href":"https:\/\/www.ruiqigo.com\/da\/wp-json\/wp\/v2\/product\/2196","targetHints":{"allow":["GET"]}}],"collection":[{"href":"https:\/\/www.ruiqigo.com\/da\/wp-json\/wp\/v2\/product"}],"about":[{"href":"https:\/\/www.ruiqigo.com\/da\/wp-json\/wp\/v2\/types\/product"}],"version-history":[{"count":0,"href":"https:\/\/www.ruiqigo.com\/da\/wp-json\/wp\/v2\/product\/2196\/revisions"}],"wp:featuredmedia":[{"embeddable":true,"href":"https:\/\/www.ruiqigo.com\/da\/wp-json\/wp\/v2\/media\/2197"}],"wp:attachment":[{"href":"https:\/\/www.ruiqigo.com\/da\/wp-json\/wp\/v2\/media?parent=2196"}],"wp:term":[{"taxonomy":"product-tag","embeddable":true,"href":"https:\/\/www.ruiqigo.com\/da\/wp-json\/wp\/v2\/product-tag?post=2196"},{"taxonomy":"products","embeddable":true,"href":"https:\/\/www.ruiqigo.com\/da\/wp-json\/wp\/v2\/products?post=2196"}],"curies":[{"name":"wp","href":"https:\/\/api.w.org\/{rel}","templated":true}]}}