{"id":2238,"date":"2024-12-10T16:11:57","date_gmt":"2024-12-10T08:11:57","guid":{"rendered":"https:\/\/ruiqigo.com\/?post_type=product&#038;p=2238"},"modified":"2024-12-10T16:13:07","modified_gmt":"2024-12-10T08:13:07","slug":"vanilla-essential-oil","status":"publish","type":"product","link":"https:\/\/www.ruiqigo.com\/da\/product\/vanilla-essential-oil","title":{"rendered":"Vanilje \u00e6terisk olie"},"content":{"rendered":"<h2 class=\"wp-block-heading\">Almindelige formler til fremstilling af vanilje \u00e6terisk olie<\/h2>\n\n\n\n<p>I produktionen af vanilje \u00e6terisk olie har vi designet en r\u00e6kke videnskabelige formuleringer i henhold til forskellige h\u00e5rtyper og pr\u00e6ferencer, med det form\u00e5l at bringe dig sikker og effektiv \u00e6terisk olie til h\u00e5rpleje.<\/p>\n\n\n\n<p>1. Vanilje \u00e6terisk olie: Den spiller en vigtig rolle som en kerneingrediens. Ud over at give tilstr\u00e6kkelig fugt og n\u00e6ringsstoffer til h\u00e5ret, kan det tr\u00e6nge dybt ind i h\u00e5ret for at reparere beskadiget h\u00e5rtekstur og genoprette h\u00e5rets elasticitet. Samtidig har det ogs\u00e5 en vis reparerende effekt, styrker h\u00e5rr\u00f8dderne og forhindrer h\u00e5rt\u00f8rrer, kn\u00e6kker og fl\u00e6kker.<\/p>\n\n\n\n<p>2. Vitaminer: Vanilje \u00e6terisk olie er rig p\u00e5 en r\u00e6kke vitaminer, de har en vis antioxidant effekt og kan modst\u00e5 skaden af frie radikaler, for at beskytte h\u00e5ret mod skader fra det ydre milj\u00f8.<\/p>\n\n\n\n<p>3. Vanillin: Den vigtigste kilde til vaniljesmag, denne rige aroma kan hj\u00e6lpe dig med at slappe af, lindre stress og give en god brugeroplevelse.<\/p>\n\n\n\n<p>4. Eugenol: Det har antibakterielle og anti-inflammatoriske egenskaber i vanilje \u00e6terisk olie for at reducere hovedbundsbet\u00e6ndelse og reparere beskadigede h\u00e5rs\u00e6kke. Det forbedrer ogs\u00e5 blodcirkulationen, hvilket fremmer h\u00e5rv\u00e6kst.<\/p>\n\n\n\n<h2 class=\"wp-block-heading\">Funktionerne af vanilje \u00e6terisk olie<\/h2>\n\n\n\n<p>Som en professionel producent af vanilje \u00e6terisk olie er vi forpligtet til at skabe h\u00f8jkvalitets, h\u00f8jtydende produkter til dig. Ikke kun omhyggeligt udvalgte r\u00e5materialer, men ogs\u00e5 brugen af avanceret udvindingsteknologi, og presning opvarmning, for at sikre den maksimale effektivitet af produktet.<\/p>\n\n\n\n<p>1. Fugtgivende og n\u00e6rende: Vanilje \u00e6terisk olie har en effektiv fugtgivende effekt og er rig p\u00e5 en r\u00e6kke forskellige n\u00e6ringsstoffer, som ikke kun kan supplere n\u00e6ring dybt ind i h\u00e5ret, men ogs\u00e5 danne en beskyttende hinde p\u00e5 h\u00e5ret for at l\u00e5se i vand og derved forhindre h\u00e5ret i at t\u00f8rre og kn\u00e6kke. Langtidsbrug vil g\u00f8re dit h\u00e5r bl\u00f8dt og skinnende.<\/p>\n\n\n\n<p>2. Forbedre h\u00e5rkvaliteten: P\u00e5f\u00f8ring af h\u00e5rpleje \u00e6terisk olie vil reparere beskadiget h\u00e5r og forbedre dets barrierefunktion. Til t\u00f8rt, \u00f8delagt og spaltet h\u00e5r vil dit h\u00e5r v\u00e6re st\u00e6rkere og sundere, s\u00e5 l\u00e6nge du insisterer p\u00e5 at bruge det.<\/p>\n\n\n\n<p>3. Varig duft: Vanilje \u00e6terisk olie har en unik aroma, der er behagelig, n\u00e5r den bruges. Det kan ogs\u00e5 slappe af i krop og sind og lindre stress og tr\u00e6thed. Samtidig holder denne charmerende aromaeffekt og forst\u00e6rker ogs\u00e5 det personlige billedetemperament.<\/p>\n\n\n\n<p>4. Beroligende og anti-inflammatorisk: Vores \u00e6teriske olier indeholder anti-inflammatoriske og beroligende ingredienser, der dulmer hovedbunden, fjerner bet\u00e6ndelse, yderligere reducerer sk\u00e6l og kl\u00f8e og g\u00f8r h\u00e5ret sundere.<\/p>\n\n\n\n<p>5. Fremme v\u00e6kst: Vanilje \u00e6terisk olie kan stimulere hovedbundens blodcirkulation og give flere n\u00e6ringsstoffer til h\u00e5rs\u00e6kkene, og dermed fremme h\u00e5rv\u00e6ksten, hvilket g\u00f8r h\u00e5ret mere sundt og t\u00e6t.<\/p>\n\n\n\n<h2 class=\"wp-block-heading\">Hvordan man bruger vanilje \u00e6terisk olie?<\/h2>\n\n\n\n<p>Vi l\u00e6gger stor v\u00e6gt p\u00e5 produktkvalitet, s\u00e5 i produktionsprocessen af vanilje \u00e6terisk olie har vi forskellige kvalitetstestsystemer for at sikre produkternes kvalitet og sikkerhed. Vi vil ogs\u00e5 pr\u00f8ve det f\u00e6rdige produkt for at sikre, at hver flaske har en stabil ydeevne. Samtidig vil vi ogs\u00e5 m\u00e6rke brugen af emballagen.<\/p>\n\n\n\n<p>1. F\u00f8r shampooing: P\u00e5f\u00f8r j\u00e6vnt den passende m\u00e6ngde vanilje \u00e6terisk olie p\u00e5 h\u00e5ret og hovedbunden og masser forsigtigt fingersiden, pak derefter h\u00e5ret ind med et h\u00e5ndkl\u00e6de og lad det st\u00e5 i 10-15 minutter f\u00f8r shampooing.<\/p>\n\n\n\n<p>2. Efter shampooing: Efter shampooing kan du p\u00e5f\u00f8re den to gange. For f\u00f8rste gang skal du forsigtigt t\u00f8rre dit h\u00e5r med et h\u00e5ndkl\u00e6de, tage en passende m\u00e6ngde vanilje \u00e6terisk olie, gnide og varme det, og derefter p\u00e5f\u00f8re det j\u00e6vnt til midten til slutningen af dit h\u00e5r. Du kan derefter massere dit h\u00e5r blidt og lade det luftt\u00f8rre eller f\u00f8nt\u00f8rre det med en h\u00e5rt\u00f8rrer. Anden gang er at gentage operationen, n\u00e5r h\u00e5ret er bl\u00e6st til en let t\u00f8r tilstand og derefter forts\u00e6tte med at t\u00f8rre. V\u00e6r forsigtig med at undg\u00e5 at p\u00e5f\u00f8re det i hovedbunden under denne proces, da det kan tilstoppe porerne.<\/p>\n\n\n\n<p>3. Daglig pleje: N\u00e5r h\u00e5ret er t\u00f8rt, kan du gnide en lille m\u00e6ngde h\u00e5rpleje \u00e6terisk olie, p\u00e5f\u00f8re det i enden af h\u00e5ret efter opvarmning og forsigtigt massere det for at absorbere det.<\/p>\n\n\n\n<h2 class=\"wp-block-heading\">Forsigtighed<\/h2>\n\n\n\n<p>1. N\u00e5r du v\u00e6lger produkter, b\u00f8r du v\u00e6lge din h\u00e5rpleje \u00e6teriske olie i henhold til din h\u00e5rkvalitet og behov;<\/p>\n\n\n\n<p>2. Allergiske test b\u00f8r udf\u00f8res for f\u00f8rste gang. Hvis du har ubehag, skal du straks stoppe med at bruge det.<\/p>\n\n\n\n<p>3. V\u00e6r opm\u00e6rksom p\u00e5 princippet om passende m\u00e6ngde ved p\u00e5f\u00f8ring for at undg\u00e5 overdreven h\u00e5rpleje \u00e6terisk olie, der f\u00f8rer til fedtet h\u00e5r og blokerer porer;<\/p>\n\n\n\n<p>4. V\u00e6r opm\u00e6rksom p\u00e5 brugshyppigheden, 2-3 gange om ugen anbefales, hyppig brug kan p\u00e5virke virkningen af h\u00e5rpleje;<\/p>\n\n\n\n<p>5. For regelm\u00e6ssigt at observere \u00e6ndringerne i h\u00e5rkvalitet og foretage tilsvarende justeringer;<\/p>\n\n\n\n<p>6. Det anbefales at opbevare p\u00e5 et k\u00f8ligt og t\u00f8rt sted for at undg\u00e5 direkte sollys og h\u00f8je temperaturer, der f\u00f8rer til forringelse af \u00e6teriske olier<\/p>\n\n\n\n<h2 class=\"wp-block-heading\">Konklusion<\/h2>\n\n\n\n<p>Som producent forst\u00e5r vi dit \u00f8nske om sundt, bl\u00f8dt h\u00e5r. S\u00e5 vi kombinerer naturlig vanilje \u00e6terisk olie med yderst effektive n\u00e6rende ingredienser for at give produktet en kraftfuld helbredende funktion. Samtidig er vi ogs\u00e5 opm\u00e6rksomme p\u00e5 diversificeringen og individualiseringen af produkter, og skaber en serie af \u00e6teriske vaniljeolier, der passer til forskellige h\u00e5rtyper og pr\u00e6ferencer, du kan v\u00e6re sikker p\u00e5, at du kan bruge. Med hensyn til kvalitetskontrol er vi mere opm\u00e6rksomme p\u00e5 hele produktionsprocessen med forskellig kvalitetskontrol og sikkerhedstest for at sikre sikkerheden og effektiviteten af hver flaske vanilje \u00e6terisk olie. Kontakt os gerne, hvis du ogs\u00e5 er interesseret.<\/p>","protected":false},"excerpt":{"rendered":"Vanilla Essential Oil Manufacturing Common Formulas In the production of vanilla essential oil, we have designed a variety of scientific formulations according to different hair types and preferences, aiming to bring you safe and effective essential oil for hair care. 1. Vanilla essential oil: It plays an important role as a core ingredient. In addition [&hellip;]","protected":false},"featured_media":2239,"menu_order":0,"template":"","meta":[],"product-tag":[],"products":[53],"class_list":["post-2238","product","type-product","status-publish","has-post-thumbnail","hentry","products-essential-oil"],"acf":[],"_links":{"self":[{"href":"https:\/\/www.ruiqigo.com\/da\/wp-json\/wp\/v2\/product\/2238","targetHints":{"allow":["GET"]}}],"collection":[{"href":"https:\/\/www.ruiqigo.com\/da\/wp-json\/wp\/v2\/product"}],"about":[{"href":"https:\/\/www.ruiqigo.com\/da\/wp-json\/wp\/v2\/types\/product"}],"version-history":[{"count":0,"href":"https:\/\/www.ruiqigo.com\/da\/wp-json\/wp\/v2\/product\/2238\/revisions"}],"wp:featuredmedia":[{"embeddable":true,"href":"https:\/\/www.ruiqigo.com\/da\/wp-json\/wp\/v2\/media\/2239"}],"wp:attachment":[{"href":"https:\/\/www.ruiqigo.com\/da\/wp-json\/wp\/v2\/media?parent=2238"}],"wp:term":[{"taxonomy":"product-tag","embeddable":true,"href":"https:\/\/www.ruiqigo.com\/da\/wp-json\/wp\/v2\/product-tag?post=2238"},{"taxonomy":"products","embeddable":true,"href":"https:\/\/www.ruiqigo.com\/da\/wp-json\/wp\/v2\/products?post=2238"}],"curies":[{"name":"wp","href":"https:\/\/api.w.org\/{rel}","templated":true}]}}