{"id":2246,"date":"2024-12-12T11:22:05","date_gmt":"2024-12-12T03:22:05","guid":{"rendered":"https:\/\/ruiqigo.com\/?post_type=product&#038;p=2246"},"modified":"2024-12-12T11:22:55","modified_gmt":"2024-12-12T03:22:55","slug":"rose-essential-oil","status":"publish","type":"product","link":"https:\/\/www.ruiqigo.com\/da\/product\/rose-essential-oil","title":{"rendered":"Rose \u00e6terisk olie"},"content":{"rendered":"<h2 class=\"wp-block-heading\">Almindelige formler til fremstilling af \u00e6terisk roseolie<\/h2>\n\n\n\n<p>Produktionsprocessen for rosenolie er relativt delikat, og parametre som temperatur, tryk og tid skal kontrolleres strengt for at sikre den optimale kvalitet og effektivitet af den \u00e6teriske olie. Her er dens vigtigste ingredienser:<\/p>\n\n\n\n<p>1. Roser: Som kerneingrediens spiller roser en vigtig rolle. De har antibakterielle egenskaber, der eliminerer bakterier og snavs, renser h\u00e5rs\u00e6kkene og yderligere fjerner sk\u00e6l. De fremmer ogs\u00e5 blodcirkulationen samt god ford\u00f8jelse og afgiftning, hvilket stimulerer sund h\u00e5rv\u00e6kst.<\/p>\n\n\n\n<p>2. Babajo-olie: Som baseolie kan jojobaolie fortynde koncentrationen af rosenolie og reducere irritation. Samtidig har den fremragende fugtgivende og penetrerende virkninger, der kan tr\u00e6nge dybt ind i huden og binde vand, hvilket spiller en synergistisk fugtgivende rolle. Derudover har den en reparerende effekt p\u00e5 t\u00f8r, ru og f\u00f8lsom hud og kan fremme hudens sundhed.<\/p>\n\n\n\n<p>3. E-vitamin: E-vitamin har antioxidante egenskaber, som kan modst\u00e5 skader fra frie radikaler, reducere celleskader og forsinke hudens aldring. Det kan ogs\u00e5 fremme stofskiftet, fremskynde cellefornyelsen og g\u00f8re huden glattere og mere delikat.<\/p>\n\n\n\n<p>4. Citronellol: Rosenolie i citronellol har en charmerende aroma og kan berolige hovedbunden og afsp\u00e6nde krop og sind, men kan ogs\u00e5 lindre stress, angst og andre f\u00f8lelser. Derudover kan denne aroma forbedre h\u00e5rets duft.<\/p>\n\n\n\n<h2 class=\"wp-block-heading\">Funktionerne af rosen \u00e6terisk olie<\/h2>\n\n\n\n<p>Som professionelle producenter af \u00e6terisk roseolie har vi unders\u00f8gt de aktive ingredienser i roser og skabt en \u00e6terisk roseolie, der er egnet til de fleste mennesker, baseret p\u00e5 de mange funktioner, som disse ingredienser har. Lad os udforske dens virkninger.<\/p>\n\n\n\n<p>1. Fugtighedsgivende og vandoptagelsesgivende: Rosenolie kan give fugt og n\u00e6ring dybt ind i huden og holde vandet inde for at holde huden hydreret.<\/p>\n\n\n\n<p>2. Fjernelse af sk\u00e6l: Vores produkt fjerner effektivt bakterier og snavs, fugter h\u00e5rs\u00e6kkene, renser h\u00e5rs\u00e6kkene, fjerner yderligere sk\u00e6l og holder hovedbunden frisk.<\/p>\n\n\n\n<p>3. Fremmer h\u00e5rv\u00e6kst: N\u00e5r man anvender \u00e6terisk olie, fremmer det blodcirkulationen, giver tilstr\u00e6kkelig n\u00e6ring til h\u00e5rs\u00e6kkene og fremmer cellefornyelsen. Samtidig kan rosenolie ogs\u00e5 udglatte skadet h\u00e5r, styrke h\u00e5rs\u00e6kkene, forhindre h\u00e5rbrud og yderligere fremme h\u00e5rv\u00e6kst.<\/p>\n\n\n\n<p>4. Slip af med m\u00f8rke rande og rynker: Rige antioxidanter kan hj\u00e6lpe med at eliminere h\u00e6velser og forbedre m\u00f8rke rande. Samtidig modst\u00e5r de konstant skaderne fra frie radikaler, forsinker cellealdring, fremmer hudens stofskifte, reducerer yderligere forekomsten af rynker og g\u00f8r huden mere bl\u00f8d og elastisk.<\/p>\n\n\n\n<p>5. Lindr stress og smerter: Duften af roser kan afslappe din krop og dit sind, lindre stress og d\u00e5rligt hum\u00f8r, og ogs\u00e5 lindre smerter. Aromaen vil ogs\u00e5 forbedre din s\u00f8vnkvalitet.<\/p>\n\n\n\n<p>6. Antibakteriel og antiinflammatorisk: Vores \u00e6teriske olie har fremragende antibakterielle og antiinflammatoriske egenskaber, kan behandle hudinfektioner, bet\u00e6ndelse, kl\u00f8e i hovedbunden og andre problemer, men kan ogs\u00e5 regulere hovedbundens olieindhold, is\u00e6r fedtet h\u00e5r.<\/p>\n\n\n\n<h2 class=\"wp-block-heading\">Hvordan bruger man rosen \u00e6terisk olie?<\/h2>\n\n\n\n<p>Vi bruger delikat og b\u00e6rbar emballagedesign i produktionen, uanset om den er egnet til gave eller familiebrug. Rosenolie har en forfriskende tekstur og absorberes let, s\u00e5 den er alsidig og kan bruges i hudpleje, ansigtspleje, h\u00e5rpleje osv. Jeg vil g\u00e5 i detaljer med h\u00e5rplejeafsnittet:<\/p>\n\n\n\n<p>1. Dybdeg\u00e5ende behandling: Bland f\u00f8rst rosenolie med baseolie i passende forhold, p\u00e5f\u00f8r derefter j\u00e6vnt i h\u00e5ret, og mass\u00e9r blidt hovedbund og h\u00e5r med fingrene for at fremme absorption. Pak dit h\u00e5r ind i et varmt h\u00e5ndkl\u00e6de og hold det varmt i 15-20 minutter, f\u00f8r du skyller det af med vand eller bruger shampoo.<\/p>\n\n\n\n<p>1. Daglig h\u00e5rpleje: Efter h\u00e5rvask skal du forsigtigt t\u00f8rre det med et h\u00e5ndkl\u00e6de. Bland derefter en passende m\u00e6ngde rosenolie med baseolien, og fordel det j\u00e6vnt i midten og ud til spidserne af h\u00e5ret, is\u00e6r hvor det er t\u00f8rt og spaltet. Efter p\u00e5f\u00f8ring kan du forsigtigt massere h\u00e5ret for at fremme absorptionen og derefter lade det luftt\u00f8rre eller f\u00f8nt\u00f8rre med en h\u00e5rt\u00f8rrer.<\/p>\n\n\n\n<h2 class=\"wp-block-heading\">Forsigtighed<\/h2>\n\n\n\n<p>1. Rosenolie har en h\u00f8j koncentration og b\u00f8r fortyndes med baseolie, s\u00e5som jojobaolie, kokosolie osv.<\/p>\n\n\n\n<p>2. V\u00e6r opm\u00e6rksom p\u00e5 princippet om passende m\u00e6ngde ved brug for at undg\u00e5 for meget \u00e6teriske olier, der f\u00f8rer til fedtet h\u00e5r og tilstoppede porer;<\/p>\n\n\n\n<p>3. Allergiske tests b\u00f8r udf\u00f8res f\u00f8rste gang. Hvis der opst\u00e5r ubehag, skal brugen straks stoppes;<\/p>\n\n\n\n<p>4. Det anbefales at bruge det 1-2 gange om ugen for at undg\u00e5, at hyppig brug p\u00e5virker dets effekt;<\/p>\n\n\n\n<p>5. Det anbefales at opbevare det k\u00f8ligt og t\u00f8rt og undg\u00e5 direkte sollys og milj\u00f8er med h\u00f8j temperatur;<\/p>\n\n\n\n<h2 class=\"wp-block-heading\">Konklusion<\/h2>\n\n\n\n<p>Vores omhyggeligt fremstillede rosenolie har ikke kun sikre ingredienser, der er sk\u00e5nsomme og harml\u00f8se, men har ogs\u00e5 flere effekter, der beskytter dit helbred og din sk\u00f8nhed i alle aspekter. Vi tilbyder en r\u00e6kke forskellige muligheder, s\u00e5 du kan v\u00e6lge en, der passer til dine pr\u00e6ferencer og behov. Selvf\u00f8lgelig tilbyder vi ogs\u00e5 en omfattende tilpasningsservice, uanset om det drejer sig om formeljustering eller emballagedesign. Vi vil forf\u00f8lge det ultimative for at skabe dit brand og hj\u00e6lpe dig med at opn\u00e5 en konkurrencem\u00e6ssig fordel p\u00e5 rosenoliemarkedet. Hvis du ogs\u00e5 er interesseret i vores produkter, bedes du kontakte os.<\/p>","protected":false},"excerpt":{"rendered":"Rose Essential Oil Manufacturing Common Formulas The production process of rose essential oil is relatively delicate, and parameters such as temperature, pressure, and time must be strictly controlled to ensure the optimal quality and efficacy of the essential oil. Here are its main ingredients: 1. Roses: As the core ingredient, roses play an important role. [&hellip;]","protected":false},"featured_media":2247,"menu_order":0,"template":"","meta":[],"product-tag":[],"products":[53],"class_list":["post-2246","product","type-product","status-publish","has-post-thumbnail","hentry","products-essential-oil"],"acf":[],"_links":{"self":[{"href":"https:\/\/www.ruiqigo.com\/da\/wp-json\/wp\/v2\/product\/2246","targetHints":{"allow":["GET"]}}],"collection":[{"href":"https:\/\/www.ruiqigo.com\/da\/wp-json\/wp\/v2\/product"}],"about":[{"href":"https:\/\/www.ruiqigo.com\/da\/wp-json\/wp\/v2\/types\/product"}],"version-history":[{"count":0,"href":"https:\/\/www.ruiqigo.com\/da\/wp-json\/wp\/v2\/product\/2246\/revisions"}],"wp:featuredmedia":[{"embeddable":true,"href":"https:\/\/www.ruiqigo.com\/da\/wp-json\/wp\/v2\/media\/2247"}],"wp:attachment":[{"href":"https:\/\/www.ruiqigo.com\/da\/wp-json\/wp\/v2\/media?parent=2246"}],"wp:term":[{"taxonomy":"product-tag","embeddable":true,"href":"https:\/\/www.ruiqigo.com\/da\/wp-json\/wp\/v2\/product-tag?post=2246"},{"taxonomy":"products","embeddable":true,"href":"https:\/\/www.ruiqigo.com\/da\/wp-json\/wp\/v2\/products?post=2246"}],"curies":[{"name":"wp","href":"https:\/\/api.w.org\/{rel}","templated":true}]}}