{"id":2252,"date":"2024-12-13T16:30:51","date_gmt":"2024-12-13T08:30:51","guid":{"rendered":"https:\/\/ruiqigo.com\/?post_type=product&#038;p=2252"},"modified":"2024-12-13T16:32:03","modified_gmt":"2024-12-13T08:32:03","slug":"deep-conditioner","status":"publish","type":"product","link":"https:\/\/www.ruiqigo.com\/da\/product\/deep-conditioner","title":{"rendered":"Deep Conditioner"},"content":{"rendered":"<h2 class=\"wp-block-heading\">Deep Conditioner Fremstilling af almindelige formler<\/h2>\n\n\n\n<p>Som en professionel producent af dyb balsam bruger vi en r\u00e6kke naturlige og effektive ingredienser og videnskabelig matching, med det form\u00e5l at skabe en dyb reparerende og n\u00e6rende h\u00e5rbalsam til dig.<\/p>\n\n\n\n<p>1. Proteinessens: Protein er en vigtig del af h\u00e5ret, og proteinessens kan tr\u00e6nge dybt ind i h\u00e5ret og i h\u00f8j grad tr\u00e6nge igennem, og genopbygge det tabte protein, for at reparere det beskadigede h\u00e5r. Det styrker ogs\u00e5 keratinen, g\u00f8r h\u00e5ret st\u00e6rkere og reducerer h\u00e5rbrud.<\/p>\n\n\n\n<p>2. Mandelolie: Mandelolie kan give tilstr\u00e6kkelig fugt og n\u00e6ring til h\u00e5ret, mens det reparerer beskadiget h\u00e5r, hvilket g\u00f8r h\u00e5ret mere glat og ikke let at kn\u00e6kke. Samtidig stimulerer den ogs\u00e5 h\u00e5rs\u00e6kkene, hvilket fremmer en sund h\u00e5rv\u00e6kst.<\/p>\n\n\n\n<p>3. Sheasm\u00f8r: Sheasm\u00f8r har antibakterielle og antiinflammatoriske egenskaber, som kan reducere bet\u00e6ndelse og ubehag i hovedbunden. Det giver ogs\u00e5 n\u00e6ringsstoffer og fugt til hovedbunden, hvilket giver h\u00e5ret en lysere gl\u00f8d.<\/p>\n\n\n\n<p>4. Multivitaminer: Multivitaminer kan ikke kun regulere udskillelsen af olie i hovedbunden, og holde h\u00e5ret friskt, men ogs\u00e5 give omfattende n\u00e6ring, dybdepleje h\u00e5ret og fremme den sunde v\u00e6kst af h\u00e5r. Samtidig har E-vitamin en antioxidant effekt, som kan reducere skader for\u00e5rsaget af frie radikaler og \u00f8ge h\u00e5rets elasticitet og sejhed.<\/p>\n\n\n\n<p>5. Algeekstrakt: De aktive ingredienser i algeekstrakt kan reparere beskadigede h\u00e5rstr\u00e5, stimulere aktiviteten af h\u00e5rs\u00e6kkene og forbedre h\u00e5rudtynding. Det skaber ogs\u00e5 en beskyttende film p\u00e5 overfladen af dit h\u00e5r, hvilket reducerer vandtab og g\u00f8r dit h\u00e5r bl\u00f8dere.<\/p>\n\n\n\n<h2 class=\"wp-block-heading\">Funktionerne af Deep Conditioner<\/h2>\n\n\n\n<p>Denne dybe balsam er designet til alvorlige h\u00e5rskader og har flere funktioner til at beskytte dit h\u00e5rs sundhed. Vi kontrollerer strengt produktionskvaliteten i produktionsprocessen, s\u00e5 du kan v\u00e6re sikker p\u00e5 brugen. Her er dens vigtigste funktioner:<\/p>\n\n\n\n<p>1. Styrk keratinen: Stryge- og farvningsprocessen og det barske ydre milj\u00f8 vil f\u00f8re til et stort tab af protein i h\u00e5ret, hvilket vil f\u00f8re til t\u00f8rt og kn\u00e6kket h\u00e5r. Den indeholder en masse proteinessens, som h\u00e5ret hurtigt kan optage, vende skaderne og g\u00f8re h\u00e5ret st\u00e6rkere og bl\u00f8dere.<\/p>\n\n\n\n<p>2. Fugtgivende og fugtgivende: Den dybe balsam kan tr\u00e6nge ind i h\u00e5rkernen og tilf\u00f8je vand og n\u00e6ringsstoffer, effektivt fugte og danne en beskyttende film for at forhindre vandtab. Langtidsbrug vil efterlade dit h\u00e5r glat og smidigt.<\/p>\n\n\n\n<p>3. Reparer h\u00e5r: N\u00e5r du bruger vores produkter, kan effektivt reparere h\u00e5rstrukturen og forbedre h\u00e5rets elasticitet, og derved reducere spaltede spidser og kn\u00e6kke, lindre krus.<\/p>\n\n\n\n<p>4. Forbedre h\u00e5rkvaliteten: Den n\u00e6rer kontinuerligt h\u00e5ret ved at bl\u00f8dg\u00f8re vores h\u00e5r og styrke stratum corneum. Med konsekvent brug vil dit h\u00e5r blive kedeligt og glansfuldt. Samtidig kan det reducere f\u00e6nomenet med statisk elektricitet og sammenfiltring i h\u00e5ret, hvilket g\u00f8r det mere glat.<\/p>\n\n\n\n<p>5. Balanceolie: Dyb h\u00e5rbalsam har ogs\u00e5 en vis funktion med at regulere udskillelsen af olie i hovedbunden, hvilket kan mindske den fedtede fornemmelse af hovedbunden, berolige hovedbunden og g\u00f8re den mere forfriskende.<\/p>\n\n\n\n<p>6. Let at h\u00e5ndtere h\u00e5r: Regelm\u00e6ssig pleje kan hj\u00e6lpe dig med at reducere brud for\u00e5rsaget af strygeprocessen, men ogs\u00e5 reducere f\u00e6nomenet krus, knuder, mere bekvem bil, e og modellering.<\/p>\n\n\n\n<h2 class=\"wp-block-heading\">Hvordan bruger man Deep Conditioner?<\/h2>\n\n\n\n<p>Ved udformningen af formlen har vi taget hensyn til behovene hos forskellige h\u00e5rtyper, s\u00e5 vi har udviklet en r\u00e6kke dybe balsam s\u00e5som forfriskende oliekontrol, fugtgivende reparation og rige reparationsn\u00e6ringsstoffer. N\u00e5r du bruger en deep conditioner, kan du v\u00e6lge et produkt og en behandling, der passer til dig i forhold til din h\u00e5rkvalitet og behov. Vi vil ogs\u00e5 markere instruktionerne p\u00e5 emballagen til din reference:<\/p>\n\n\n\n<p>1. Efter shampoo: Vask dit h\u00e5r efter den normale proces, og t\u00f8r det derefter forsigtigt med et h\u00e5ndkl\u00e6de for at absorbere overskydende vand. P\u00e5f\u00f8r derefter en passende m\u00e6ngde dyb balsam j\u00e6vnt i midten til enden af h\u00e5ret, og undg\u00e5 kontakt med hovedbunden. Du kan forsigtigt massere for at fremme optagelsen og lade det sidde p\u00e5 h\u00e5ret i 3-5 minutter, hvis h\u00e5ret er alvorligt beskadiget, kan du passende forl\u00e6nge opholdstiden. Skyl med varmt vand, n\u00e5r tiden er g\u00e5et for at sikre, at der ikke er rester.<\/p>\n\n\n\n<p>2. Styrk pleje: Til h\u00e5r, der er s\u00e6rligt t\u00f8rt og beskadiget, kan du styrke plejen efter h\u00e5rvask. Efter j\u00e6vnt p\u00e5f\u00f8ring af balsam, pak dit h\u00e5r ind i et varmt h\u00e5ndkl\u00e6de og tag en badeh\u00e6tte p\u00e5. Vent i 20-30 minutter, f\u00f8r du skyller af med varmt vand.<\/p>\n\n\n\n<p>3. Brug f\u00f8r sengetid: For at give fuld spild til reparationsfunktionen af dyb balsam, kan du bruge den f\u00f8r du g\u00e5r i seng. F\u00f8rst og fremmest skal du vaske og pakke dit h\u00e5r ved den normale proces, derefter tage en badeh\u00e6tte p\u00e5, vente til n\u00e6ste morgen efter at have st\u00e5et op, og derefter skylle med varmt vand.<\/p>\n\n\n\n<h2 class=\"wp-block-heading\">Forsigtighed<\/h2>\n\n\n\n<p>1. Det anbefales at v\u00e6lge en dyb balsam, der passer til din h\u00e5rkvalitet og dine behov;<\/p>\n\n\n\n<p>2. Allergiske test b\u00f8r udf\u00f8res for f\u00f8rste gang. Hvis der opst\u00e5r ubehag, skal du straks stoppe med at bruge;<\/p>\n\n\n\n<p>3. V\u00e6r opm\u00e6rksom p\u00e5 hyppigheden af brug, det anbefales at 1-2 gange om ugen for at undg\u00e5 fedtet h\u00e5r for\u00e5rsaget af overforbrug;<\/p>\n\n\n\n<p>4. V\u00e6r opm\u00e6rksom p\u00e5 princippet om korrekt m\u00e6ngde, for meget balsam vil ogs\u00e5 for\u00e5rsage fedtet h\u00e5r og tilstoppe porer;<\/p>\n\n\n\n<p>5. Undg\u00e5 at bruge den samme h\u00e5rbalsam i lang tid, ellers vil den v\u00e6re afh\u00e6ngig;<\/p>\n\n\n\n<p>6. Det anbefales at opbevare p\u00e5 et k\u00f8ligt og t\u00f8rt sted for at undg\u00e5 forringelse for\u00e5rsaget af direkte sollys og et milj\u00f8 med h\u00f8je temperaturer.<\/p>\n\n\n\n<h2 class=\"wp-block-heading\">Konklusion<\/h2>\n\n\n\n<p>Som en producent af dyb balsam fokuseret p\u00e5 produktion af h\u00f8j kvalitet, er vi forpligtet til at producere produkter med naturlige ingredienser, effektiv pleje og unik emballage. For at sikre maksimal tilbageholdelse af aktive ingredienser i produktionsprocessen bruger vi avanceret emulgeringsteknologi og lavtemperaturbehandlingsprocesser og udf\u00f8rer sikkerhedstest p\u00e5 det f\u00e6rdige produkt for at sikre, at hver flaske er sikker at bruge. At v\u00e6lge vores dybe balsam er ikke kun for pleje af h\u00e5r, men ogs\u00e5 for jagten p\u00e5 livskvalitet. Hvis du er mere interesseret, s\u00e5 kontakt os venligst.<\/p>","protected":false},"excerpt":{"rendered":"Deep Conditioner Manufacturing Common Formulas As a professional deep conditioner manufacturer, we use a variety of natural and effective ingredients and scientific matching, aiming to create a deep repair and nourishing hair conditioner for you. 1. Protein essence: Protein is an important part of the hair, and protein essence can penetrate deeply into the hair [&hellip;]","protected":false},"featured_media":2253,"menu_order":0,"template":"","meta":[],"product-tag":[],"products":[52],"class_list":["post-2252","product","type-product","status-publish","has-post-thumbnail","hentry","products-conditioner"],"acf":[],"_links":{"self":[{"href":"https:\/\/www.ruiqigo.com\/da\/wp-json\/wp\/v2\/product\/2252","targetHints":{"allow":["GET"]}}],"collection":[{"href":"https:\/\/www.ruiqigo.com\/da\/wp-json\/wp\/v2\/product"}],"about":[{"href":"https:\/\/www.ruiqigo.com\/da\/wp-json\/wp\/v2\/types\/product"}],"version-history":[{"count":0,"href":"https:\/\/www.ruiqigo.com\/da\/wp-json\/wp\/v2\/product\/2252\/revisions"}],"wp:featuredmedia":[{"embeddable":true,"href":"https:\/\/www.ruiqigo.com\/da\/wp-json\/wp\/v2\/media\/2253"}],"wp:attachment":[{"href":"https:\/\/www.ruiqigo.com\/da\/wp-json\/wp\/v2\/media?parent=2252"}],"wp:term":[{"taxonomy":"product-tag","embeddable":true,"href":"https:\/\/www.ruiqigo.com\/da\/wp-json\/wp\/v2\/product-tag?post=2252"},{"taxonomy":"products","embeddable":true,"href":"https:\/\/www.ruiqigo.com\/da\/wp-json\/wp\/v2\/products?post=2252"}],"curies":[{"name":"wp","href":"https:\/\/api.w.org\/{rel}","templated":true}]}}