{"id":226,"date":"2024-06-30T23:13:01","date_gmt":"2024-06-30T15:13:01","guid":{"rendered":"https:\/\/ruiqigo.com\/?post_type=product&#038;p=226"},"modified":"2024-09-25T15:10:51","modified_gmt":"2024-09-25T07:10:51","slug":"sulfate-free-shampoo","status":"publish","type":"product","link":"https:\/\/www.ruiqigo.com\/da\/product\/sulfate-free-shampoo","title":{"rendered":"Sulfatfri shampoo"},"content":{"rendered":"<h3 class=\"wp-block-heading\">Fremstilling af sulfatfri shampoo Almindelige formler<\/h3>\n\n\n\n<p>Vi ved, at folk, der v\u00e6lger sulfatfri shampoo, ofte har f\u00f8lsom hovedbund. Derfor bruger vores produkter en r\u00e6kke sk\u00e5nsomme, men effektive ingredienser. Vi har valgt natriumlauroylsarcosinat som vores prim\u00e6re reng\u00f8ringsmiddel. Det er et overfladeaktivt stof udvundet af aminosyrer, som er mildt og reng\u00f8r godt. Det fjerner snavs fra hovedbunden og h\u00e5ret uden at forstyrre hovedbundens naturlige balance. Vi har inkluderet cocamidopropylbetain og dinatriumlaurethsulfosuccinat for at rense hovedbunden og h\u00e5rs\u00e6kkene grundigt. Disse ingredienser skaber ogs\u00e5 et rigt skum og holder dit h\u00e5r og din hovedbund fugtet under den dybdeg\u00e5ende reng\u00f8ringsproces. Derudover har vi brugt cocamidemethyl MEA for at forbedre effektiviteten af de andre ingredienser. Det fungerer som en emulgator og stabilisator, og det tilf\u00f8jer ogs\u00e5 et ekstra lag af beskyttelse til dit h\u00e5r mod milj\u00f8m\u00e6ssige skader.<\/p>\n\n\n\n<h3 class=\"wp-block-heading\">Fremstilling af sulfatfri shampoo. G\u00e6ldende scenarier.<\/h3>\n\n\n\n<p>Sulfatfri shampooer fungerer godt i al slags vejr, men de er is\u00e6r nyttige i t\u00f8rre og kolde omr\u00e5der. De har en sk\u00e5nsom formel, der kan lindre irritation i din hovedbund for\u00e5rsaget af s\u00e5danne forhold. Derudover er disse shampooer fremstillet p\u00e5 en m\u00e5de, der er bedre for milj\u00f8et, og kan fremstilles p\u00e5 en m\u00e5de, der holder l\u00e6ngere. Du kan ogs\u00e5 kombinere dem med en <a href=\"https:\/\/www.ruiqigo.com\/da\/product\/salt-free-water-conditioner\/\">sulfatfri vandbalsam<\/a> for endnu bedre resultater.<\/p>\n\n\n\n<h3 class=\"wp-block-heading\">Hvem er sulfatfri shampooer egnet til<\/h3>\n\n\n\n<p>Den milde formel i sulfatfri shampoo g\u00f8r den s\u00e6rligt velegnet til dem, der \u00f8nsker at undg\u00e5 kemisk irritation. For dem, der regelm\u00e6ssigt farver eller permanenter deres h\u00e5r, hj\u00e6lper sulfatfri shampoo med at beskytte og forl\u00e6nge vedligeholdelsen af h\u00e5rfarven. Derudover kan personer med f\u00f8lsom hovedbund drage fordel af sulfatfri shampooer. Disse shampooer kan mindske allergiske reaktioner og irritation og tilbyder en mild og beroligende h\u00e5rvask og plejeoplevelse. Mere <a href=\"https:\/\/www.ruiqigo.com\/da\/products\/shampoo\/\">shampoo med naturlige ingredienser<\/a> for dig at v\u00e6lge fra 3TOP.<\/p>\n\n\n\n<h3 class=\"wp-block-heading\">Produktionsproces for sulfatfri shampoo<\/h3>\n\n\n\n<p>Sulfatfri shampooer er mere sk\u00e5nsomme, fordi de ikke bruger skrappe sulfater. Vi erstatter dem med aminosyre-overfladeaktive stoffer, der er billigere og mildere. De skylles let ud, efterlader ikke mange rester og skader ikke proteinerne i dit h\u00e5r og din hovedbund, hvilket holder det sundt. Det er ogs\u00e5 bedre for milj\u00f8et at lave disse shampooer, da de ikke indeholder sulfater, hvilket er med til at g\u00f8re processen mere milj\u00f8venlig.<\/p>","protected":false},"excerpt":{"rendered":"Sulfate free shampoo manufacturing Common Formulas We know that people who choose sulfate free shampoo often have sensitive scalps. That&#8217;s why our products use a variety of gentle yet effective ingredients. We&#8217;ve chosen Sodium Lauroyl Sarcosinate as our main cleaning agent. It&#8217;s a surfactant derived from amino acids, which is mild and cleans well. It [&hellip;]","protected":false},"featured_media":222,"menu_order":0,"template":"","meta":[],"product-tag":[],"products":[51],"class_list":["post-226","product","type-product","status-publish","has-post-thumbnail","hentry","products-shampoo"],"acf":[],"_links":{"self":[{"href":"https:\/\/www.ruiqigo.com\/da\/wp-json\/wp\/v2\/product\/226","targetHints":{"allow":["GET"]}}],"collection":[{"href":"https:\/\/www.ruiqigo.com\/da\/wp-json\/wp\/v2\/product"}],"about":[{"href":"https:\/\/www.ruiqigo.com\/da\/wp-json\/wp\/v2\/types\/product"}],"version-history":[{"count":0,"href":"https:\/\/www.ruiqigo.com\/da\/wp-json\/wp\/v2\/product\/226\/revisions"}],"wp:featuredmedia":[{"embeddable":true,"href":"https:\/\/www.ruiqigo.com\/da\/wp-json\/wp\/v2\/media\/222"}],"wp:attachment":[{"href":"https:\/\/www.ruiqigo.com\/da\/wp-json\/wp\/v2\/media?parent=226"}],"wp:term":[{"taxonomy":"product-tag","embeddable":true,"href":"https:\/\/www.ruiqigo.com\/da\/wp-json\/wp\/v2\/product-tag?post=226"},{"taxonomy":"products","embeddable":true,"href":"https:\/\/www.ruiqigo.com\/da\/wp-json\/wp\/v2\/products?post=226"}],"curies":[{"name":"wp","href":"https:\/\/api.w.org\/{rel}","templated":true}]}}