{"id":227,"date":"2024-06-30T23:19:42","date_gmt":"2024-06-30T15:19:42","guid":{"rendered":"https:\/\/ruiqigo.com\/?post_type=product&#038;p=227"},"modified":"2024-09-25T15:09:48","modified_gmt":"2024-09-25T07:09:48","slug":"moroccanoil-shampoo","status":"publish","type":"product","link":"https:\/\/www.ruiqigo.com\/da\/product\/moroccanoil-shampoo","title":{"rendered":"Moroccanoil shampoo"},"content":{"rendered":"<h3 class=\"wp-block-heading\">Moroccanoil shampoo fremstiller almindelige formler<\/h3>\n\n\n\n<p>Moroccanoil shampoo indeholder en r\u00e6kke reparerende ingredienser, startende med arganolie. Arganolie er rig p\u00e5 vitamin E og antioxidanter, som absorberes relativt hurtigt af h\u00e5ret og danner en beskyttende film, der reducerer UV-str\u00e5ler, reparerer sk\u00e6l og forbedrer h\u00e5rets tekstur. Moroccanoil Shampoo er sp\u00e6kket med gode ting som fedtsyrer, antioxidanter og E-vitamin. Den reparerer beskadiget h\u00e5r, g\u00f8r det sprudlende og mere skinnende og beskytter det mod d\u00e5rlige ting i luften. Hydrolyseret hvedeprotein i shampooen g\u00e5r dybt ind i dit h\u00e5r. Det giver h\u00e5ret de aminosyrer, det skal bruge for at v\u00e6re st\u00e6rkt og sejt. Plus, der er s\u00f8lvsvampekstrakt, fuld af gode ting som polysaccharider, proteiner og bittesm\u00e5 stykker n\u00e6ringsstoffer. Det n\u00e6rer din hovedbund og h\u00e5r dybt og g\u00f8r hovedbunden sundere.<\/p>\n\n\n\n<h3 class=\"wp-block-heading\">Moroccanoil shampoo Anvendelige scenarier<\/h3>\n\n\n\n<p>Med sine rige n\u00e6ringsstoffer og n\u00e6rende egenskaber er Moroccanoil Shampoo velegnet til alle klimaer og milj\u00f8er, is\u00e6r t\u00f8rre klimaer. I t\u00f8rt klima er h\u00e5ret tilb\u00f8jeligt til friktion og statisk elektricitet, og mangel p\u00e5 fugt f\u00f8rer til t\u00f8rhed. Reparerende ingredienser s\u00e5som arganolie i Moroccanoil Shampoo giver ekstra fugt til h\u00e5ret og hj\u00e6lper med at reducere statisk og t\u00f8rt h\u00e5rbrud. Du kan ogs\u00e5 parre den med en <a href=\"https:\/\/www.ruiqigo.com\/da\/products\/conditioner\/\">naturlig ingrediens balsam<\/a> for endnu bedre resultater.<\/p>\n\n\n\n<h3 class=\"wp-block-heading\">Hvem er moroccanoil shampoodragt til<\/h3>\n\n\n\n<p>Moroccanoil Shampoo er et glimrende valg til personer, der k\u00e6mper med beskadiget, t\u00f8rt eller sk\u00f8rt h\u00e5r. Denne shampoo er formuleret med rige, n\u00e6rende ingredienser, der arbejder for at pleje og revitalisere h\u00e5ret i dybden og efterlade det bl\u00f8dt, glat og h\u00e5ndterbart. N\u00f8gleingrediensen, marokkansk olie, er kendt for sit h\u00f8je n\u00e6ringsindhold, som tr\u00e6nger ind i h\u00e5rstr\u00e5et for at reparere skader og genoprette styrke og elasticitet. Mere n<a href=\"https:\/\/www.ruiqigo.com\/da\/products\/shampoo\/\">naturlige ingredienser shampoo<\/a> for dig at v\u00e6lge fra 3TOP.<\/p>\n\n\n\n<h3 class=\"wp-block-heading\">Moroccanoil shampoo Produktionsproces<\/h3>\n\n\n\n<p>Moroccanoil Shampoo er tilsat naturlige n\u00e6ringsstoffer, der er n\u00f8je udvalgt for deres evne til at forbedre dit h\u00e5rs styrke og sundhed v\u00e6sentligt. Stjerneingrediensen, udvundet fra argantr\u00e6et, der er hjemmeh\u00f8rende i Marokko, er rig p\u00e5 essentielle fedtsyrer, antioxidanter og vitamin E. Disse komponenter arbejder sammen for at styrke hver enkelt tr\u00e5d, beskytter mod brud og fremmer modstandskraft.<\/p>","protected":false},"excerpt":{"rendered":"Moroccanoil shampoo manufacturing common formulas Moroccanoil shampoos contain a range of repairing ingredients, starting with argan oil. Argan oil is rich in vitamin E and antioxidants, which are absorbed relatively quickly by the hair to form a protective film that reduces UV rays, repairs the scales, and improves hair texture. Moroccanoil Shampoo is packed with [&hellip;]","protected":false},"featured_media":228,"menu_order":0,"template":"","meta":[],"product-tag":[],"products":[51],"class_list":["post-227","product","type-product","status-publish","has-post-thumbnail","hentry","products-shampoo"],"acf":[],"_links":{"self":[{"href":"https:\/\/www.ruiqigo.com\/da\/wp-json\/wp\/v2\/product\/227","targetHints":{"allow":["GET"]}}],"collection":[{"href":"https:\/\/www.ruiqigo.com\/da\/wp-json\/wp\/v2\/product"}],"about":[{"href":"https:\/\/www.ruiqigo.com\/da\/wp-json\/wp\/v2\/types\/product"}],"version-history":[{"count":0,"href":"https:\/\/www.ruiqigo.com\/da\/wp-json\/wp\/v2\/product\/227\/revisions"}],"wp:featuredmedia":[{"embeddable":true,"href":"https:\/\/www.ruiqigo.com\/da\/wp-json\/wp\/v2\/media\/228"}],"wp:attachment":[{"href":"https:\/\/www.ruiqigo.com\/da\/wp-json\/wp\/v2\/media?parent=227"}],"wp:term":[{"taxonomy":"product-tag","embeddable":true,"href":"https:\/\/www.ruiqigo.com\/da\/wp-json\/wp\/v2\/product-tag?post=227"},{"taxonomy":"products","embeddable":true,"href":"https:\/\/www.ruiqigo.com\/da\/wp-json\/wp\/v2\/products?post=227"}],"curies":[{"name":"wp","href":"https:\/\/api.w.org\/{rel}","templated":true}]}}