{"id":2291,"date":"2024-12-17T16:20:43","date_gmt":"2024-12-17T08:20:43","guid":{"rendered":"https:\/\/ruiqigo.com\/?post_type=product&#038;p=2291"},"modified":"2024-12-17T16:22:39","modified_gmt":"2024-12-17T08:22:39","slug":"frankincense-essential-oil","status":"publish","type":"product","link":"https:\/\/www.ruiqigo.com\/da\/product\/frankincense-essential-oil","title":{"rendered":"Frankincense \u00e6terisk olie"},"content":{"rendered":"<h2 class=\"wp-block-heading\">Almindelige formler til fremstilling af \u00e6terisk olie fra Frankincense<\/h2>\n\n\n\n<p>I produktionsprocessen har vi designet en r\u00e6kke forskellige formuleringer i henhold til dine forskellige behov for at sikre, at de kan ud\u00f8ve deres respektive virkninger. Hvis koncentrationen af \u00e6terisk r\u00f8gelsesolie er h\u00f8jere, skal du normalt fortynde baseolien for bedre at passe p\u00e5 dit helbred.<\/p>\n\n\n\n<p>1. \u00c6terisk olie af r\u00f8gelse: Den spiller en vigtig rolle som en kerneingrediens. For eksempel har \u00e6terisk olie af r\u00f8gelse antibakterielle og antiinflammatoriske egenskaber, som kan h\u00e6mme bakteriel reproduktion, reducere forekomsten af inflammation og derefter fremme s\u00e5rheling samt behandle mundsygdomme, hudinfektioner, bet\u00e6ndelse i hovedbunden og andre problemer. Den stimulerer ogs\u00e5 blodcirkulationen, hvilket hj\u00e6lper h\u00e5rs\u00e6kkene med at absorbere flere n\u00e6ringsstoffer og dermed fremme h\u00e5rv\u00e6kst. Samtidig kan den tr\u00e6nge ind i h\u00e5ret for at give fugt, reducere krus, kn\u00e6kkede h\u00e5rspidser og spaltede spidser og g\u00f8re dit h\u00e5r mere smidigt. Derudover kan den ogs\u00e5 fremme celleregenerering, reparere beskadiget hovedbundsv\u00e6v og yderligere fremme beskyttelsen af hovedbundens sundhed.<\/p>\n\n\n\n<p>2. Babajo-olie: Babajo-olie er rig p\u00e5 E-vitamin og fedtsyrer, som kan give h\u00e5ret kraftig n\u00e6ring og supplere n\u00e6ringsstoffer. Den kan ogs\u00e5 reparere skadet h\u00e5r og udglatte krus. Samtidig er den en let, let absorberende baseolie, der ikke belaster h\u00e5ret.<\/p>\n\n\n\n<p>3. Kokosolie: Kokosolie har en fremragende fugtgivende effekt, som kan tr\u00e6nge dybt ind i h\u00e5rkernen og tilf\u00f8re tilstr\u00e6kkelig fugt og n\u00e6ringsstoffer. Den fjerner ogs\u00e5 effektivt statisk elektricitet og krus fra h\u00e5ret.<\/p>\n\n\n\n<p>4. Rosin: Rosin er essensen af \u00e6terisk r\u00f8gelsesolie, som udstr\u00e5ler en varm tr\u00e6agtig aroma og en let frugtaroma. Denne unikke aroma lindrer ogs\u00e5 angst, modulerer hum\u00f8ret og hj\u00e6lper dig med at slappe af.<\/p>\n\n\n\n<h2 class=\"wp-block-heading\">Funktionerne af \u00e6terisk r\u00f8gelsesolie<\/h2>\n\n\n\n<p>Som professionel producent af \u00e6terisk r\u00f8gelsesolie l\u00e6gger vi s\u00e6rlig v\u00e6gt p\u00e5 vores produkters h\u00f8je kvalitet og fremragende effektivitet. Derfor udv\u00e6lger vi omhyggeligt r\u00e5materialer og kontrollerer strengt hvert enkelt produktionsled for at sikre produkternes effektivitet og sikkerhed. Her er de vigtigste fordele:<\/p>\n\n\n\n<p>1. Forbedre immuniteten: \u00c6terisk olie af frankincense kan styrke immunforsvaret og forbedre evnen til at modst\u00e5 sygdomme for at forhindre forekomsten af sygdomme, s\u00e5som mundsygdomme. Og det har potentielle kr\u00e6ftbek\u00e6mpende virkninger.<\/p>\n\n\n\n<p>2. Beskyt huden: Det kan ikke kun fremme celleregenerering og reparere beskadiget v\u00e6v, men ogs\u00e5 fremskynde s\u00e5rheling. Det kan ogs\u00e5 fugtgive din hud, yderligere reducere rynker og ar, \u00f8mme pletter og andre problemer, beskytte huden og forhindre hudens \u00e6ldning.<\/p>\n\n\n\n<p>3. H\u00e5rpleje: Vores \u00e6teriske olier stimulerer blodcirkulationen i hovedbunden, hvilket fremskynder h\u00e5rv\u00e6ksten. De kan ogs\u00e5 lindre kl\u00f8e og ubehag i hovedbunden, reducere belastningen p\u00e5 hovedbunden og g\u00f8re h\u00e5ret sundere. Samtidig har de en st\u00e6rk fugtgivende evne, kan n\u00e6re h\u00e5ret og g\u00f8re h\u00e5ret glattere.<\/p>\n\n\n\n<p>4. Lindre stress: Den unikke aroma af \u00e6terisk r\u00f8gelsesolie kan ikke kun fremme afslapning, lindre stress, regulere d\u00e5rlige f\u00f8lelser og dermed reducere depression. Den stimulerer ogs\u00e5 nerverne og forbedrer hukommelsen.<\/p>\n\n\n\n<p>5. Smerter og h\u00e6velse: N\u00e5r de anvendes, kan de antibakterielle og antiinflammatoriske komponenter i \u00e6terisk r\u00f8gelsesolie effektivt dr\u00e6be bakteriel reproduktion og reducere inflammatoriske symptomer, s\u00e5som r\u00f8dme og h\u00e6velse, og det kan ogs\u00e5 lindre gigt, muskel\u00f8mhed og yderligere opn\u00e5 smerte- og h\u00e6velsesrelateret effekt.<\/p>\n\n\n\n<h2 class=\"wp-block-heading\">Hvordan bruger man \u00e6terisk olie af frankincense?<\/h2>\n\n\n\n<p>\u00c6terisk olie fra Frankincense kan bruges p\u00e5 forskellige m\u00e5der afh\u00e6ngigt af forskellige scenarier og behov. Vi har ogs\u00e5 designet en r\u00e6kke forskellige formuleringer og testet effektiviteten af de f\u00e6rdige produkter for at sikre, at de produkter, du modtager, kan bruges med tillid. S\u00e5dan bruger du h\u00e5rpleje:<\/p>\n\n\n\n<p>1. Hovedbundsmassage: Tils\u00e6t f\u00f8rst 4 dr\u00e5ber \u00e6terisk r\u00f8gelseolie til 1 spiseskefuld jojobaolie for at fortynde den, og fordel derefter den fortyndede \u00e6teriske olie j\u00e6vnt i hovedbunden og mass\u00e9r blidt. Pak derefter hovedet ind i et varmt h\u00e5ndkl\u00e6de og vent i 30 minutter, s\u00e5 olien kan tr\u00e6nge ind. N\u00e5r tiden er g\u00e5et, skylles det af med varmt vand for at sikre, at der ikke er rester tilbage.<\/p>\n\n\n\n<p>2. Blanding: Under h\u00e5rvask kan du dryppe 3 dr\u00e5ber af vores \u00e6teriske olie i shampoo eller balsam for at blande det godt, og derefter vaske h\u00e5ret som normalt. Det kan masseres blidt under denne proces, is\u00e6r hvis h\u00e5ret er st\u00e6rkt skadet og t\u00f8rt, for at fremme absorptionen.<\/p>\n\n\n\n<p>3. Duftterapi: Den kan inhaleres direkte eller ved hj\u00e6lp af duftdiffusere for at lindre stress, afslappe krop og sind og indirekte reducere stressrelateret h\u00e5rtab.<\/p>\n\n\n\n<h2 class=\"wp-block-heading\">Forsigtighed<\/h2>\n\n\n\n<p>1. V\u00e6lg en passende \u00e6terisk r\u00f8gelsesolie i henhold til din hudtype eller h\u00e5rtype og behov;<\/p>\n\n\n\n<p>2. Allergiske test b\u00f8r udf\u00f8res for f\u00f8rste gang. Hvis der opst\u00e5r ubehag, skal du straks stoppe med at bruge;<\/p>\n\n\n\n<p>3. Undg\u00e5 kontakt med \u00f8jnene og andre f\u00f8lsomme dele. Hvis der er kontakt, skylles med baseolie (ikke vand) og observeres. Hvis ubehaget forts\u00e6tter, b\u00f8r du kontakte en l\u00e6ge.<\/p>\n\n\n\n<p>4. V\u00e6r opm\u00e6rksom p\u00e5 brugshyppigheden. Det anbefales at bruge produktet 1-2 gange om ugen for at undg\u00e5 overdreven brug for\u00e5rsaget af belastning p\u00e5 hovedbunden.<\/p>\n\n\n\n<p>5. V\u00e6r opm\u00e6rksom p\u00e5 princippet om en passende m\u00e6ngde, da for meget \u00e6terisk olie vil for\u00e5rsage fedtet hovedbund og tilstoppede porer;<\/p>\n\n\n\n<p>6. Det anbefales at opbevare produktet et k\u00f8ligt og t\u00f8rt sted for at undg\u00e5 direkte sollys og h\u00f8je temperaturer.<\/p>\n\n\n\n<h2 class=\"wp-block-heading\">Konklusion<\/h2>\n\n\n\n<p>Som en erfaren producent af \u00e6teriske olier af r\u00f8gelse forst\u00e5r vi dit \u00f8nske om kvalitet og effektivitet. Derfor har hver af vores processer gennemg\u00e5et streng kvalitetskontrol og pr\u00e6cis tids- og temperaturkontrol for at sikre, at hver flaske indeholder rige ingredienser og udviser maksimal effektivitet.<\/p>\n\n\n\n<p>Vi tilbyder selvf\u00f8lgelig ogs\u00e5 fremragende tilpasningsmuligheder, s\u00e5 du kan skabe dit \u00e6teriske oliem\u00e6rke efter dine behov og dermed opn\u00e5 en konkurrencem\u00e6ssig fordel p\u00e5 markedet. Kontakt os venligst, hvis du er interesseret.<\/p>","protected":false},"excerpt":{"rendered":"Frankincense Essential Oil Manufacturing Common Formulas In the production process, we have designed a variety of formulations according to your different needs to ensure that they can play their respective effects. If the concentration of frankincense essential oil is higher, you usually need to dilute the base oil, to better care for your health. 1. [&hellip;]","protected":false},"featured_media":2292,"menu_order":0,"template":"","meta":[],"product-tag":[],"products":[53],"class_list":["post-2291","product","type-product","status-publish","has-post-thumbnail","hentry","products-essential-oil"],"acf":[],"_links":{"self":[{"href":"https:\/\/www.ruiqigo.com\/da\/wp-json\/wp\/v2\/product\/2291","targetHints":{"allow":["GET"]}}],"collection":[{"href":"https:\/\/www.ruiqigo.com\/da\/wp-json\/wp\/v2\/product"}],"about":[{"href":"https:\/\/www.ruiqigo.com\/da\/wp-json\/wp\/v2\/types\/product"}],"version-history":[{"count":0,"href":"https:\/\/www.ruiqigo.com\/da\/wp-json\/wp\/v2\/product\/2291\/revisions"}],"wp:featuredmedia":[{"embeddable":true,"href":"https:\/\/www.ruiqigo.com\/da\/wp-json\/wp\/v2\/media\/2292"}],"wp:attachment":[{"href":"https:\/\/www.ruiqigo.com\/da\/wp-json\/wp\/v2\/media?parent=2291"}],"wp:term":[{"taxonomy":"product-tag","embeddable":true,"href":"https:\/\/www.ruiqigo.com\/da\/wp-json\/wp\/v2\/product-tag?post=2291"},{"taxonomy":"products","embeddable":true,"href":"https:\/\/www.ruiqigo.com\/da\/wp-json\/wp\/v2\/products?post=2291"}],"curies":[{"name":"wp","href":"https:\/\/api.w.org\/{rel}","templated":true}]}}