{"id":232,"date":"2024-06-30T23:25:32","date_gmt":"2024-06-30T15:25:32","guid":{"rendered":"https:\/\/ruiqigo.com\/?post_type=product&#038;p=232"},"modified":"2024-09-25T15:08:28","modified_gmt":"2024-09-25T07:08:28","slug":"biotin-shampoo","status":"publish","type":"product","link":"https:\/\/www.ruiqigo.com\/da\/product\/biotin-shampoo","title":{"rendered":"Biotin shampoo"},"content":{"rendered":"<h3 class=\"wp-block-heading\">Biotin shampoo fremstiller almindelige formler<\/h3>\n\n\n\n<p>Biotin Shampoos har specielle reng\u00f8ringshj\u00e6lpere kaldet Sodium Methyl Cocoyl Taurate og Sodium Cocoyl Glycinate. De renser rigtig godt og holder din hovedbunds naturlige balance. Shampooen har ogs\u00e5 Cocamidopropyl Betaine, som laver masser af bobler og hj\u00e6lper med at holde din hovedbund og h\u00e5r fugtet, mens den renser dem. Derudover er shampooen beriget med n\u00f8gleingrediensen Biotin VB7, som er involveret i syntesen af keratin, det vigtigste protein, der udg\u00f8r h\u00e5r og negle. Derfor hj\u00e6lper tilstedev\u00e6relsen af biotin med at \u00f8ge h\u00e5rets styrke og elasticitet og er velegnet til personer, der er tilb\u00f8jelige til at tabe og kn\u00e6kke h\u00e5r for at forbedre h\u00e5rets sundhed.<\/p>\n\n\n\n<h3 class=\"wp-block-heading\">Biotin shampoo Anvendelige scenarier<\/h3>\n\n\n\n<p>Biotin-shampooer fungerer godt i forskellige klimaer, is\u00e6r t\u00f8rre og fugtige, p\u00e5 grund af dens n\u00e6rende og styrkende fordele. I t\u00f8rt klima, hvor h\u00e5rtilstanden har en tendens til at blive usund, forbedrer VB7 i Biotin Shampoo h\u00e5rets tilstand indefra og ud. I ekstremt fugtige klimaer har h\u00e5ret en tendens til at blive fedtet og fladt. Biotinshampooer regulerer hovedbundens oliesekretion og holder h\u00e5ret friskt og volumin\u00f8st. Du kan ogs\u00e5 parre den med en <a href=\"https:\/\/www.ruiqigo.com\/da\/products\/conditioner\/\">naturlig ingrediens balsam <\/a>for endnu bedre resultater.<\/p>\n\n\n\n<h3 class=\"wp-block-heading\">Hvem er biotin shampoo dragt til<\/h3>\n\n\n\n<p>Biotin shampoo er velegnet til personer, der har problemer med h\u00e5rtab og problemer med sk\u00f8rt h\u00e5r og bruger denne shampoo til at forbedre h\u00e5rets tekstur. Derudover er shampooen ogs\u00e5 velegnet til personer med usundt h\u00e5r p\u00e5 grund af biotinmangel. For personer med h\u00e5r, der mangler glans eller ser usundt ud, kan biotinshampooer hj\u00e6lpe med at forbedre h\u00e5rets generelle sundhed. Mere <a href=\"https:\/\/www.ruiqigo.com\/da\/products\/shampoo\/\">shampoo med naturlige ingredienser<\/a> for dig at v\u00e6lge fra 3TOP.<\/p>\n\n\n\n<h3 class=\"wp-block-heading\">Biotin shampoo Produktionsproces<\/h3>\n\n\n\n<p>I produktionen af biotinshampooer bruger vi mikrobiel fermentering til at producere biotin. Denne metode til biotinproduktion resulterer i en mere aktiv og effektiv biotin og en mere milj\u00f8venlig produktionsproces.<\/p>","protected":false},"excerpt":{"rendered":"Biotin shampoo manufacturing Common Formulas Biotin Shampoos has special cleaning helpers called Sodium Methyl Cocoyl Taurate and Sodium Cocoyl Glycinate. They clean really well and keep your scalp&#8217;s natural balance. The shampoo also has Cocamidopropyl Betaine, which makes lots of bubbles and helps to keep your scalp and hair moisturized while it cleans them. In [&hellip;]","protected":false},"featured_media":233,"menu_order":0,"template":"","meta":[],"product-tag":[],"products":[51],"class_list":["post-232","product","type-product","status-publish","has-post-thumbnail","hentry","products-shampoo"],"acf":[],"_links":{"self":[{"href":"https:\/\/www.ruiqigo.com\/da\/wp-json\/wp\/v2\/product\/232","targetHints":{"allow":["GET"]}}],"collection":[{"href":"https:\/\/www.ruiqigo.com\/da\/wp-json\/wp\/v2\/product"}],"about":[{"href":"https:\/\/www.ruiqigo.com\/da\/wp-json\/wp\/v2\/types\/product"}],"version-history":[{"count":0,"href":"https:\/\/www.ruiqigo.com\/da\/wp-json\/wp\/v2\/product\/232\/revisions"}],"wp:featuredmedia":[{"embeddable":true,"href":"https:\/\/www.ruiqigo.com\/da\/wp-json\/wp\/v2\/media\/233"}],"wp:attachment":[{"href":"https:\/\/www.ruiqigo.com\/da\/wp-json\/wp\/v2\/media?parent=232"}],"wp:term":[{"taxonomy":"product-tag","embeddable":true,"href":"https:\/\/www.ruiqigo.com\/da\/wp-json\/wp\/v2\/product-tag?post=232"},{"taxonomy":"products","embeddable":true,"href":"https:\/\/www.ruiqigo.com\/da\/wp-json\/wp\/v2\/products?post=232"}],"curies":[{"name":"wp","href":"https:\/\/api.w.org\/{rel}","templated":true}]}}