{"id":2322,"date":"2024-12-19T14:17:49","date_gmt":"2024-12-19T06:17:49","guid":{"rendered":"https:\/\/ruiqigo.com\/?post_type=product&#038;p=2322"},"modified":"2024-12-19T17:21:20","modified_gmt":"2024-12-19T09:21:20","slug":"best-body-lotion-for-dry-skin","status":"publish","type":"product","link":"https:\/\/www.ruiqigo.com\/da\/product\/best-body-lotion-for-dry-skin","title":{"rendered":"Bedste bodylotion til t\u00f8r hud"},"content":{"rendered":"<h2 class=\"wp-block-heading\">Bedste bodylotion til t\u00f8r hud, der fremstiller almindelige formler<\/h2>\n\n\n\n<p>Gennem hele produktionsprocessen bruger vi avancerede produktionsfaciliteter og strenge testsystemer for at sikre produkternes sikkerhed og effektivitet. Og vi har designet forskellige formler til dine forskellige hudtyper og pr\u00e6ferencer for at im\u00f8dekomme de fleste menneskers behov.<\/p>\n\n\n\n<p>1. Hyaluronsyre: hyaluronsyre er en almindelig fugtighedscreme, som har en st\u00e6rk evne til at fugte og absorbere vand. Det fugter ikke kun huden og hj\u00e6lper med at fjerne d\u00f8de hudceller, men danner ogs\u00e5 et beskyttende lag p\u00e5 hudens overflade for at forhindre vandtab og holde huden hydreret.<\/p>\n\n\n\n<p>2. Vaselin: Som en slags Occlusives kan vaselin hj\u00e6lpe med at l\u00e5se vand, reducere fordampningen af vand i huden, yderligere lindre problemet med t\u00f8r hud og afskalning og holde huden fugtet i lang tid.<\/p>\n\n\n\n<p>3. Sheasm\u00f8r: Sheasm\u00f8r er et fremragende bl\u00f8dg\u00f8rende middel. Udover dets fugtgivende effekt kan sheasm\u00f8r ogs\u00e5 reparere v\u00e6vsceller, der er beskadiget ved t\u00f8rring, og derved fremme celleregenerering, hj\u00e6lpe med at reducere rynker og fine linjer og g\u00f8re din hud glattere og bl\u00f8dere.<\/p>\n\n\n\n<p>4. Vitamin C: Vitamin C har en antioxidant effekt, og kan modst\u00e5 frie radikaler, fra skader fra det ydre milj\u00f8. Samtidig kan det ogs\u00e5 fremme produktionen af kollagen for at opn\u00e5 en fast hud, anti-aging effekt.<\/p>\n\n\n\n<p>5. Nikotinamid: Nikotinamid kan forbedre hudens barrierefunktion, forbedre hudens fugtgivende evne, hj\u00e6lpe med at krympe porer, udglatte rynker og forbedre din huds elasticitet.<\/p>\n\n\n\n<h2 class=\"wp-block-heading\">Funktionerne af bedste bodylotion til t\u00f8r hud<\/h2>\n\n\n\n<p>Som en professionel bodylotion-producent har vi en dybtg\u00e5ende forst\u00e5else af egenskaberne ved t\u00f8r hud, f\u00f8r vi designer formlen. At forst\u00e5, at t\u00f8r hud ofte mangler nok naturlige olier til at opretholde hudens fugtbarriere, kan f\u00f8re til en lang r\u00e6kke problemer. Vi har skabt dette produkt baseret p\u00e5 dette problem for at g\u00f8re din hud hydreret og glat igen.<\/p>\n\n\n\n<p>1. Fugtgivende og fugtgivende: Den bedste bodylotion til t\u00f8r hud er let at absorbere, som i dybden kan fylde vand og n\u00e6ringsstoffer og hurtigt absorberes af huden. Samtidig vil den l\u00e5se fugt, opn\u00e5 en varig fugtgivende effekt, reparere t\u00f8r beskadiget hud, og langvarig brug vil g\u00f8re din hud mere hydreret og bl\u00f8d.<\/p>\n\n\n\n<p>2. Eksfoliering: Du kan forsigtigt massere ved p\u00e5f\u00f8ring, hvilket er befordrende for at fjerne snavs og olie og eksfoliere. Det hj\u00e6lper ogs\u00e5 med at rense porerne, forhindre acne og pleje din huds sundhed yderligere.<\/p>\n\n\n\n<p>3. Forbedre hudkvaliteten: Vores bodylotion har ogs\u00e5 en vis effekt af at lysne huden, hvilket kan forbedre hudens sl\u00f8vhed, udglatte rynker og g\u00f8re huden mere elastisk, glat og sart.<\/p>\n\n\n\n<p>4. Beroligende og afslappende: Naturlig planteessens tils\u00e6ttes produktet, som har en unik aroma, som kan berolige krop og sind, lindre hum\u00f8r og stress.<\/p>\n\n\n\n<p>5. Barrierereparation: Den bedste bodylotion til t\u00f8r hud har funktionen at reparere hudbarrieren, styrke modstanden og reparere beskadiget v\u00e6v, og derved beskytte huden mod det ydre milj\u00f8, og at kl\u00e6be til din hud vil v\u00e6re sundere.<\/p>\n\n\n\n<h2 class=\"wp-block-heading\">Hvordan bruger man den bedste bodylotion til t\u00f8r hud?<\/h2>\n\n\n\n<p>Regelm\u00e6ssig brug af den bedste bodylotion til t\u00f8r hud kan forbedre huden og genoprette sundheden. Det er selvf\u00f8lgelig ogs\u00e5 vigtigt at v\u00e6lge et produkt, der passer til dig. S\u00e5dan kan det bruges:<\/p>\n\n\n\n<p>1. Reng\u00f8r huden: Tag et brusebad ved normal proces f\u00f8r brug for at fjerne snavs og olie p\u00e5 hudoverfladen. V\u00e6r omhyggelig med at rense grundigt, s\u00e5 vores krops m\u00e6lk bedre kan optages.<\/p>\n\n\n\n<p>2. P\u00e5f\u00f8r j\u00e6vnt: Efter at have taget et bad, t\u00f8r forsigtigt med et h\u00e5ndkl\u00e6de, men hold det let v\u00e5dt, og p\u00e5f\u00f8r derefter en passende m\u00e6ngde bodylotion j\u00e6vnt p\u00e5 hele kroppen, is\u00e6r de steder, der er nemme at ignorere. Tykkelsen af stratum corneum kan forbedres passende for at \u00f8ge m\u00e6ngden af p\u00e5f\u00f8ring.<\/p>\n\n\n\n<p>3. Massage absorption: Efter at have p\u00e5f\u00f8rt h\u00e6nderne for blidt at massere hele kroppen p\u00e5 en cirkul\u00e6r m\u00e5de, kan du fremme absorptionen. Is\u00e6r t\u00f8rre eller tykke negleb\u00e5ndsdele kan \u00f8ge massagestyrken.<\/p>\n\n\n\n<p>4. Vent p\u00e5 optagelse: Efter massage kan du vente et par minutter p\u00e5, at lotionen tr\u00e6nger helt ind i huden, og til sidst kan du tage t\u00f8j p\u00e5.<\/p>\n\n\n\n<h2 class=\"wp-block-heading\">Forsigtighed<\/h2>\n\n\n\n<p>1. Allergiske test b\u00f8r udf\u00f8res for f\u00f8rste gang. Hvis der opst\u00e5r ubehag, skal du straks stoppe med at bruge;<\/p>\n\n\n\n<p>2. Undg\u00e5 kontakt med \u00f8jne og andre f\u00f8lsomme dele. I tilf\u00e6lde af kontakt med \u00f8jnene, skyl straks med vand;<\/p>\n\n\n\n<p>3. Opbevares utilg\u00e6ngeligt for b\u00f8rn for at undg\u00e5 misbrug;<\/p>\n\n\n\n<p>4. V\u00e6r opm\u00e6rksom p\u00e5 brugshyppigheden, det anbefales at bruge hver morgen og aften, hvis det er i et s\u00e6rligt t\u00f8rt milj\u00f8, kan brugsfrekvensen \u00f8ges passende;<\/p>\n\n\n\n<p>5. V\u00e6r opm\u00e6rksom p\u00e5 m\u00e6ngden, overdreven kropsm\u00e6lk kan for\u00e5rsage fedtet hud og tilstoppede porer, ikke let at absorbere;<\/p>\n\n\n\n<p>6. Det anbefales at opbevare p\u00e5 et k\u00f8ligt og t\u00f8rt sted, undg\u00e5 direkte sollys og h\u00f8je temperaturer.<\/p>\n\n\n\n<h2 class=\"wp-block-heading\">Konklusion<\/h2>\n\n\n\n<p>Velegnet til de fleste hudtyper, vores bedste bodylotion til t\u00f8r hud er nem at bruge og let, hvilket g\u00f8r den til det ideelle valg til effektiv fugtgivende og sk\u00e5nsom pleje. Udover. Vi har ogs\u00e5 et komplet udvalg af tilpasningstjenester for at skabe et unikt og brandv\u00e6rdigt produkt efter dine behov. Kontakt os, hvis du vil skabe dig et navn p\u00e5 bodylotion-markedet.<\/p>\n\n\n\n<p><\/p>","protected":false},"excerpt":{"rendered":"Best Body Lotion For Dry Skin Manufacturing Common Formulas Throughout the entire production process, we use advanced production facilities and strict testing systems to ensure the safety and effectiveness of products. And we&#8217;ve designed different formulas for your different skin types and preferences to meet the needs of most people. 1. Hyaluronic acid: hyaluronic acid [&hellip;]","protected":false},"featured_media":2323,"menu_order":0,"template":"","meta":[],"product-tag":[],"products":[56],"class_list":["post-2322","product","type-product","status-publish","has-post-thumbnail","hentry","products-body-lotion"],"acf":[],"_links":{"self":[{"href":"https:\/\/www.ruiqigo.com\/da\/wp-json\/wp\/v2\/product\/2322","targetHints":{"allow":["GET"]}}],"collection":[{"href":"https:\/\/www.ruiqigo.com\/da\/wp-json\/wp\/v2\/product"}],"about":[{"href":"https:\/\/www.ruiqigo.com\/da\/wp-json\/wp\/v2\/types\/product"}],"version-history":[{"count":0,"href":"https:\/\/www.ruiqigo.com\/da\/wp-json\/wp\/v2\/product\/2322\/revisions"}],"wp:featuredmedia":[{"embeddable":true,"href":"https:\/\/www.ruiqigo.com\/da\/wp-json\/wp\/v2\/media\/2323"}],"wp:attachment":[{"href":"https:\/\/www.ruiqigo.com\/da\/wp-json\/wp\/v2\/media?parent=2322"}],"wp:term":[{"taxonomy":"product-tag","embeddable":true,"href":"https:\/\/www.ruiqigo.com\/da\/wp-json\/wp\/v2\/product-tag?post=2322"},{"taxonomy":"products","embeddable":true,"href":"https:\/\/www.ruiqigo.com\/da\/wp-json\/wp\/v2\/products?post=2322"}],"curies":[{"name":"wp","href":"https:\/\/api.w.org\/{rel}","templated":true}]}}