{"id":2328,"date":"2024-12-20T16:51:35","date_gmt":"2024-12-20T08:51:35","guid":{"rendered":"https:\/\/ruiqigo.com\/?post_type=product&#038;p=2328"},"modified":"2024-12-20T16:52:31","modified_gmt":"2024-12-20T08:52:31","slug":"color-depositing-conditioner","status":"publish","type":"product","link":"https:\/\/www.ruiqigo.com\/da\/product\/color-depositing-conditioner","title":{"rendered":"Colour Depositing Conditioner"},"content":{"rendered":"<h2 class=\"wp-block-heading\">Almindelige formler til fremstilling af farveaflejrende balsam<\/h2>\n\n\n\n<p>Som professionel producent af farvegivende balsam er vi forpligtet til at skabe produkter af h\u00f8j kvalitet. Derfor udv\u00e6lger vi r\u00e5varer af h\u00f8j kvalitet, s\u00e5som naturlige planteekstrakter og avancerede h\u00e5rplejeingredienser, og bruger avanceret produktionsteknologi for at bevare de aktive ingredienser i videst muligt omfang.<\/p>\n\n\n\n<p>1. Arganolie: Arganolie har antioxidante virkninger, som kan forhindre h\u00e5rskader for\u00e5rsaget af oxidation og bevare h\u00e5rets farve efter farvning. Den n\u00e6rer ogs\u00e5 h\u00e5ret i dybden, hj\u00e6lper med at reparere skadet h\u00e5r og g\u00f8r h\u00e5ret glattere og bl\u00f8dere.<\/p>\n\n\n\n<p>2. Mandelolie: Mandelolie kan ikke kun fugte h\u00e5ret, men ogs\u00e5 bl\u00f8dg\u00f8re det og reducere problemet med kruset statisk elektricitet. Samtidig kan den reparere beskadiget h\u00e5r og forbedre h\u00e5rets elasticitet og sejhed. Derudover fremmer den ogs\u00e5 blodcirkulationen til hovedbunden og giver h\u00e5rs\u00e6kkene tilstr\u00e6kkelige n\u00e6ringsstoffer, hvilket yderligere fremmer sund h\u00e5rv\u00e6kst.<\/p>\n\n\n\n<p>3. Farve: Farve aflejres p\u00e5 h\u00e5rets overflade eller tr\u00e6nger ind i h\u00e5ret for at supplere den tabte farve, hvorved farveeffekten forst\u00e6rkes efter farvning af h\u00e5ret.<\/p>\n\n\n\n<p>4. Overfladeaktivt stof: Det fungerer som en emulgator, der hj\u00e6lper andre ingredienser i h\u00e5rpleje med bedre at dispergere og opl\u00f8ses i vand og fordele sig j\u00e6vnt i h\u00e5ret.<\/p>\n\n\n\n<p>5. Solcreme: Solcreme kan beskytte h\u00e5ret mod UV-skader og derved bremse h\u00e5rfarvens falmning.<\/p>\n\n\n\n<h2 class=\"wp-block-heading\">Funktionerne af farveaflejrende balsam<\/h2>\n\n\n\n<p>Under produktionsprocessen overvejede vi, at normal h\u00e5rfarvning er meget skadelig for h\u00e5ret, s\u00e5 vi udviklede denne kombination af h\u00e5rfarvning og h\u00e5rplejefunktioner. Den kan ikke kun opfylde dine behov for h\u00e5rfarve, men ogs\u00e5 beskytte dit h\u00e5r, hvilket har flere effekter.<\/p>\n\n\n\n<p>1. Suppler og forst\u00e6rk farven: Farveaflejrende balsam kan supplere eller tilf\u00f8je den \u00f8nskede farve til h\u00e5ret. Den h\u00e6fter kun forsigtigt p\u00e5 h\u00e5rets overflade, \u00e5bner ikke kutikula og for\u00e5rsager derfor ikke skade p\u00e5 h\u00e5ret.<\/p>\n\n\n\n<p>2. Plejende og reparerende: Vores farvegivende balsam er rig p\u00e5 en r\u00e6kke yderst effektive h\u00e5rplejeingredienser, der reparerer skadet h\u00e5r. Den tilf\u00f8rer ogs\u00e5 fugt og n\u00e6ringsstoffer dybt ind i h\u00e5rkernen for at holde dit h\u00e5r hydreret, skinnende og smidigt.<\/p>\n\n\n\n<p>3. H\u00e6m gulning: En farvegivende balsam kan fjerne bronzerfarven, fastholde h\u00e5rets lysstyrke og tone og h\u00e6mme gulning og t\u00f8rhed. For eksempel, efter at have bleget h\u00e5r, der er gulnet efter lang tids soleksponering, kan du bruge Purple Pantheon Dark Balsam for at g\u00f8re h\u00e5rfarven lysere og fyldigere.<\/p>\n\n\n\n<p>4. Hovedbundspleje: Den formel, vi bruger, er sk\u00e5nsom og indeholder ikke irriterende ingredienser som silikone, s\u00e5 den er mere sk\u00e5nsom mod hovedbunden. Den n\u00e6rer, bl\u00f8dg\u00f8r og beskytter ogs\u00e5 hovedbunden, mens den farver h\u00e5ret.<\/p>\n\n\n\n<p>5. Moderigtig h\u00e5rfarve: Vi har skabt en r\u00e6kke klare, unikke farver, som du kan v\u00e6lge imellem, for at im\u00f8dekomme de fleste menneskers h\u00e5rfarvebehov.<\/p>\n\n\n\n<h2 class=\"wp-block-heading\">Hvordan bruger man en farveafs\u00e6ttende balsam?<\/h2>\n\n\n\n<p>Farveaflejrende balsam er nemmere at arbejde med end almindelig h\u00e5rfarvning, og det tager hurtigere. Den er bedre til m\u00f8rke farver eller til at neutralisere messingfarvede toner og give dit h\u00e5r en varm tone. S\u00e5dan fungerer den:<\/p>\n\n\n\n<p>1. Vask dit h\u00e5r: Vask f\u00f8rst dit h\u00e5r som normalt, og vask det med shampoo for at fjerne olie og snavs. T\u00f8r dit h\u00e5r forsigtigt med et h\u00e5ndkl\u00e6de efter vask.<\/p>\n\n\n\n<p>2. Fordel j\u00e6vnt: Del h\u00e5ret i to dele. Hvis der er en stor m\u00e6ngde h\u00e5r, kan du dele det i fire dele og derefter p\u00e5f\u00f8re den farvegivende balsam j\u00e6vnt i h\u00e5ret. Fokuser p\u00e5 det omr\u00e5de, der skal farves, og fordel det med fingrene eller en kam for at sikre, at hvert h\u00e5rstr\u00e5 er fordelt.<\/p>\n\n\n\n<p>3. Vent p\u00e5 farve: Lad den farvegivende balsam sidde i dit h\u00e5r i 5-10 minutter, afh\u00e6ngigt af hvor kraftig du vil farve den;<\/p>\n\n\n\n<p>4. Skylning: N\u00e5r tiden er g\u00e5et, skylles h\u00e5ret med vand. S\u00f8rg for, at der ikke er balsam tilbage, og s\u00f8rg for, at vandtemperaturen ikke er for h\u00f8j. Efter skylning kan du bruge balsam for at bevare h\u00e5rfarven.<\/p>\n\n\n\n<h2 class=\"wp-block-heading\">Forsigtighed<\/h2>\n\n\n\n<p>1. Udf\u00f8r en hudtest bag \u00f8ret f\u00f8r brug for at sikre, at der ikke er nogen allergi;<\/p>\n\n\n\n<p>2. Brug handsker for at undg\u00e5 at f\u00e5 pletter p\u00e5 h\u00e6nderne;<\/p>\n\n\n\n<p>3. Undg\u00e5 kontakt med \u00f8jnene. Skyl straks med rent vand, hvis produktet kommer i \u00f8jnene.<\/p>\n\n\n\n<p>4. Efter h\u00e5rfarvning skal du fors\u00f8ge at undg\u00e5 at bruge h\u00f8jtemperaturv\u00e6rkt\u00f8jer s\u00e5som h\u00e5rt\u00f8rrere og direkte sollys i et stykke tid for at forhindre hurtig affarvning;<\/p>\n\n\n\n<p>5. Det anbefales at bruge shampoo og balsam til h\u00e5rfarvning regelm\u00e6ssigt for at bevare h\u00e5rfarven og n\u00e6re h\u00e5ret;<\/p>\n\n\n\n<p>6. Farvegivende balsam kan holde i op til 6 m\u00e5neder og anbefales at bruge den med et par ugers mellemrum for at bevare h\u00e5rfarven;<\/p>\n\n\n\n<p>7. Lysere h\u00e5r og por\u00f8st eller let skadet h\u00e5r holder l\u00e6ngere med farveafs\u00e6ttende balsam<\/p>\n\n\n\n<h2 class=\"wp-block-heading\">Konklusion<\/h2>\n\n\n\n<p>Vores omhyggeligt unders\u00f8gte farvegivende balsam er en mild formel, der nemt kan tilf\u00f8je farve til dit h\u00e5r, samtidig med at den n\u00e6rer h\u00e5ret i dybden, reparerer beskadigede h\u00e5rstr\u00e5 og g\u00f8r dit h\u00e5r mere silkeagtigt og skinnende. Derudover er vores produkter nemme at bruge, ingen professionel betjening, bare f\u00f8lg instruktionerne for at f\u00e5 dit h\u00e5r til at skinne. Vi vil ogs\u00e5 forts\u00e6tte med at innovere, s\u00e5 du kan udvikle flere effektive h\u00e5rplejel\u00f8sninger af h\u00f8j kvalitet. Hvis du er interesseret, bedes du kontakte os.<\/p>","protected":false},"excerpt":{"rendered":"Color Depositing Conditioner Manufacturing Common Formulas As a professional color depositing conditioner manufacturer, we are committed to creating high-quality products. Therefore, we select high-quality raw materials, such as natural plant extracts and advanced hair care ingredients, and use advanced production technology to retain their active ingredients to the maximum extent. 1. Argan oil: Argan oil [&hellip;]","protected":false},"featured_media":2329,"menu_order":0,"template":"","meta":[],"product-tag":[],"products":[52],"class_list":["post-2328","product","type-product","status-publish","has-post-thumbnail","hentry","products-conditioner"],"acf":[],"_links":{"self":[{"href":"https:\/\/www.ruiqigo.com\/da\/wp-json\/wp\/v2\/product\/2328","targetHints":{"allow":["GET"]}}],"collection":[{"href":"https:\/\/www.ruiqigo.com\/da\/wp-json\/wp\/v2\/product"}],"about":[{"href":"https:\/\/www.ruiqigo.com\/da\/wp-json\/wp\/v2\/types\/product"}],"version-history":[{"count":0,"href":"https:\/\/www.ruiqigo.com\/da\/wp-json\/wp\/v2\/product\/2328\/revisions"}],"wp:featuredmedia":[{"embeddable":true,"href":"https:\/\/www.ruiqigo.com\/da\/wp-json\/wp\/v2\/media\/2329"}],"wp:attachment":[{"href":"https:\/\/www.ruiqigo.com\/da\/wp-json\/wp\/v2\/media?parent=2328"}],"wp:term":[{"taxonomy":"product-tag","embeddable":true,"href":"https:\/\/www.ruiqigo.com\/da\/wp-json\/wp\/v2\/product-tag?post=2328"},{"taxonomy":"products","embeddable":true,"href":"https:\/\/www.ruiqigo.com\/da\/wp-json\/wp\/v2\/products?post=2328"}],"curies":[{"name":"wp","href":"https:\/\/api.w.org\/{rel}","templated":true}]}}