{"id":2348,"date":"2024-12-25T11:35:04","date_gmt":"2024-12-25T03:35:04","guid":{"rendered":"https:\/\/ruiqigo.com\/?post_type=product&#038;p=2348"},"modified":"2024-12-25T11:35:42","modified_gmt":"2024-12-25T03:35:42","slug":"sandalwood-essential-oil","status":"publish","type":"product","link":"https:\/\/www.ruiqigo.com\/da\/product\/sandalwood-essential-oil","title":{"rendered":"Sandeltr\u00e6 \u00e6terisk olie"},"content":{"rendered":"<h2 class=\"wp-block-heading\">Almindelige formler til fremstilling af sandeltr\u00e6 \u00e6teriske olier<\/h2>\n\n\n\n<p>Som en professionel producent af \u00e6terisk sandeltr\u00e6 v\u00e6lger vi sandeltr\u00e6 af h\u00f8j kvalitet som r\u00e5materiale og bruger pr\u00e6cisionsdestillationsudstyr til at rense \u00e6teriske olier for at sikre produkternes h\u00f8je kvalitet og stabilitet. Her er de vigtigste formuleringer til h\u00e5rpleje:<\/p>\n\n\n\n<p>1. Sandeltr\u00e6 \u00e6terisk olie: Sandeltr\u00e6 \u00e6terisk olie spiller en vigtig rolle som kerneingrediensen, som er let i konsistensen og kan n\u00e6re og fugte h\u00e5ret i dybden og derved udglatte kruset og g\u00f8re dit h\u00e5r mere glansfuldt. Det har ogs\u00e5 antibakterielle og anti-inflammatoriske egenskaber, kan h\u00e6mme hovedbundsvampen for at reducere sk\u00e6lproduktion og kan effektivt fjerne olien og snavs i hovedbunden for at holde hovedbunden ren og sund. Derudover kan dens unikke aroma berolige kroppen, sindet og hovedbunden og stimulere blodcirkulationen til hovedbunden og dermed fremme h\u00e5rv\u00e6kst.<\/p>\n\n\n\n<p>2. Mandelolie: Mandelolie er rig p\u00e5 n\u00e6ringsstoffer, der kan n\u00e6re h\u00e5r og forbedre t\u00f8rt og ru h\u00e5r. Den er let i teksturen, ligner meget vores talg og kan bruges som en basisolie blandet med sandeltr\u00e6 \u00e6terisk olie uden at f\u00f8les tung.<\/p>\n\n\n\n<p>3. Bl\u00e5 kamille: Bl\u00e5 kamilles antiinflammatoriske og beroligende egenskaber kan yderligere forst\u00e6rke den beroligende effekt og g\u00f8re dig mere rolig og afslappet ved brug. Det bruges ogs\u00e5 til at behandle bet\u00e6ndelse s\u00e5som hudirritation eller bet\u00e6ndelse.<\/p>\n\n\n\n<p>4. Arganolie: Arganoliens fugtgivende egenskaber bl\u00f8dg\u00f8r h\u00e5ret yderligere og genopbygger fugt. Samtidig har den ogs\u00e5 en vis antioxidantfunktion, som kan modst\u00e5 skader fra frie radikaler og dermed forsinke \u00e6ldningsprocessen, is\u00e6r til sparsomt eller skr\u00f8beligt h\u00e5r.<\/p>\n\n\n\n<h2 class=\"wp-block-heading\">Funktionerne af sandeltr\u00e6 \u00e6terisk olie<\/h2>\n\n\n\n<p>Vores \u00e6teriske olie af sandeltr\u00e6 har flere funktioner, ikke kun til at pleje din hud og h\u00e5r, men ogs\u00e5 til at lindre nerver og slappe af. Det er det ideelle valg til moderne str\u00e6ben efter effektivitet, forenkling og sundhed.<\/p>\n\n\n\n<p>1. N\u00e6rer h\u00e5ret: Sandeltr\u00e6 \u00e6terisk olie er let at tr\u00e6nge ind, kan dybt fugte t\u00f8rt h\u00e5r og give en varig fugtgivende effekt, udglatte krus og lade dit h\u00e5r \u00e6ndre glans og genskabe glans.<\/p>\n\n\n\n<p>2. Fremme h\u00e5rv\u00e6kst og heling: Den charmerende aroma af sandeltr\u00e6 kan fremme h\u00e5rv\u00e6kst, n\u00e5r du masserer hovedbunden. Samtidig kan dens antibakterielle egenskaber ikke kun reducere sk\u00e6lproduktion, men ogs\u00e5 holde hovedbunden ren, hvilket er gavnligt til at reparere beskadiget h\u00e5r, fremme heling og g\u00f8re h\u00e5ret sundere.<\/p>\n\n\n\n<p>3. Beroligende og beroligende: Vores \u00e6teriske olie af sandeltr\u00e6 har en beroligende og beroligende effekt, som ikke kun kan regulere hum\u00f8ret, men ogs\u00e5 slappe af i krop og sind, lindre stress og s\u00e6nke blodtrykket. Det hj\u00e6lper ogs\u00e5 mod s\u00f8vnl\u00f8shed og forbedrer kvaliteten af din s\u00f8vn.<\/p>\n\n\n\n<p>4. Behandl bet\u00e6ndelse: Vores anti-inflammatoriske egenskaber hj\u00e6lper med at rydde luftvejene og reducere inflammation, som lindrer hoste, bronkitis og meget mere. Ikke nok med det, den lokale anvendelse af det hj\u00e6lper ogs\u00e5 med at forbedre kroppens immunfunktion, hvilket yderligere forbedrer evnen til at modst\u00e5 infektionssygdomme.<\/p>\n\n\n\n<p>5. J\u00e6vn hudtone: Sandeltr\u00e6 \u00e6terisk olie kan effektivt reducere pigmentering og lysne m\u00f8rke pletter og dermed udj\u00e6vne og lysne din hudtone.<\/p>\n\n\n\n<p>6. Reducer rynker: Antioxidantvirkningen af vores \u00e6teriske olier er med til at h\u00e6mme produktionen af fine linjer, forsinke \u00e6ldningsprocessen og reparere allerede moden hud, og derved reducere produktionen af rynker og fine linjer, og g\u00f8re din hud fastere og yngre.<\/p>\n\n\n\n<h2 class=\"wp-block-heading\">Hvordan man bruger sandeltr\u00e6 \u00e6terisk olie?<\/h2>\n\n\n\n<p>I produktionsprocessen af sandeltr\u00e6 \u00e6terisk olie tager vi hensyn til de forskellige h\u00e5r- og hudtyper og designer forskellige formler. F\u00f8r du bruger det, skal du v\u00e6lge et produkt, der passer til dig i henhold til din situation og behov. Selvf\u00f8lgelig er der forskellige m\u00e5der at pleje forskellige dele p\u00e5, og almindelige brugsmetoder omfatter topisk p\u00e5f\u00f8ring, kombinationsanvendelse og aromaterapi. Vi vil bem\u00e6rke den detaljerede betjeningsmetode p\u00e5 emballagen, f\u00f8lgende vil v\u00e6re et eksempel p\u00e5 samlokaliseringsmetoden:<\/p>\n\n\n\n<p>1. H\u00e5rpleje:<\/p>\n\n\n\n<p>Metode 1: I processen med at rense h\u00e5ret, bland vores sandeltr\u00e6 \u00e6teriske olie i forhold til shampoo eller balsam og vask derefter h\u00e5ret i henhold til den normale proces, efter vask, t\u00f8r forsigtigt med et h\u00e5ndkl\u00e6de og f\u00f8nt\u00f8rrer eller naturlig luftt\u00f8rre.<\/p>\n\n\n\n<p>Metode 2: Efter shampooing i henhold til den normale proces, bland sandeltr\u00e6 \u00e6terisk olie og basisolie i forhold og p\u00e5f\u00f8r j\u00e6vnt i dit h\u00e5r fra midten til enden af dit h\u00e5r, undg\u00e5 kontakt med hovedbunden. Efter p\u00e5f\u00f8ring kan du forsigtigt massere dit h\u00e5r med fingrene for at fremme optagelsen og lade dit h\u00e5r luftt\u00f8rre eller f\u00f8nt\u00f8rre med en h\u00e5rt\u00f8rrer.<\/p>\n\n\n\n<p>2. Hudpleje:<\/p>\n\n\n\n<p>Tag et brusebad i henhold til den normale proces, rens olien og snavs p\u00e5 kroppen, og bland derefter vores sandeltr\u00e6 \u00e6teriske olie med basisolien i forhold og p\u00e5f\u00f8r j\u00e6vnt p\u00e5 de dele, der skal masseres. N\u00e5r du masserer, mass\u00e9r i cirkul\u00e6re bev\u00e6gelser i retning af hudens tekstur for at fremme blodcirkulationen og optagelsen af \u00e6teriske olier.<\/p>\n\n\n\n<h2 class=\"wp-block-heading\">Forsigtighed<\/h2>\n\n\n\n<p>1. If\u00f8lge deres hudtype at v\u00e6lge deres produkter;<\/p>\n\n\n\n<p>2. En allergisk test b\u00f8r udf\u00f8res for f\u00f8rste gang, og straks stoppe med at bruge, hvis der ikke er nogen tilpasning;<\/p>\n\n\n\n<p>3. Sandeltr\u00e6 \u00e6terisk olie har en h\u00f8j koncentration, og det anbefales at blande med basisolien i forhold ved brug;<\/p>\n\n\n\n<p>4. Det anbefales at bruge det 1-2 gange om ugen for at undg\u00e5 hyppig brug, der p\u00e5virker absorptionseffekten af sandeltr\u00e6 \u00e6terisk olie;<\/p>\n\n\n\n<p>5. Undg\u00e5 kontakt med hud og \u00f8jne. I tilf\u00e6lde af kontakt, skyl med vand.<\/p>\n\n\n\n<p>6. Gravide kvinder og b\u00f8rn b\u00f8r bruge det under vejledning af en l\u00e6ge;<\/p>\n\n\n\n<p>7. Sandeltr\u00e6 \u00e6terisk olie er brandfarlig og eksplosiv, det anbefales at opbevare og bruge p\u00e5 et k\u00f8ligt og t\u00f8rt sted, undg\u00e5 h\u00f8je temperaturer og v\u00e6k fra kilden.<\/p>\n\n\n\n<h2 class=\"wp-block-heading\">Konklusion<\/h2>\n\n\n\n<p>Som producent af sandeltr\u00e6 \u00e6teriske olier med fokus p\u00e5 h\u00f8j kvalitet, bruger vi moderne produktionsfaciliteter og udv\u00e6lger r\u00e5varer af h\u00f8j kvalitet for at sikre, at hver flaske \u00e6teriske olier vil give dig den ultimative hudplejeoplevelse. Vi tilbyder en r\u00e6kke tilpassede formuleringer for at hj\u00e6lpe dig med at opbygge et differentieret, diversificeret brand og opn\u00e5 en unik fordel p\u00e5 det konkurrencepr\u00e6gede marked. Hvis du ogs\u00e5 er interesseret i vores produkter, bedes du kontakte os med det samme.<\/p>","protected":false},"excerpt":{"rendered":"Sandalwood Essential Oil Manufacturing Common Formulas As a professional sandalwood essential oil manufacturer, we select high-quality sandalwood as raw materials and use precision distillation equipment to purify essential oils to ensure the high quality and stability of products. Here are the main formulations for hair care: 1. Sandalwood essential oil: Sandalwood essential oil plays an [&hellip;]","protected":false},"featured_media":2349,"menu_order":0,"template":"","meta":[],"product-tag":[],"products":[53],"class_list":["post-2348","product","type-product","status-publish","has-post-thumbnail","hentry","products-essential-oil"],"acf":[],"_links":{"self":[{"href":"https:\/\/www.ruiqigo.com\/da\/wp-json\/wp\/v2\/product\/2348","targetHints":{"allow":["GET"]}}],"collection":[{"href":"https:\/\/www.ruiqigo.com\/da\/wp-json\/wp\/v2\/product"}],"about":[{"href":"https:\/\/www.ruiqigo.com\/da\/wp-json\/wp\/v2\/types\/product"}],"version-history":[{"count":0,"href":"https:\/\/www.ruiqigo.com\/da\/wp-json\/wp\/v2\/product\/2348\/revisions"}],"wp:featuredmedia":[{"embeddable":true,"href":"https:\/\/www.ruiqigo.com\/da\/wp-json\/wp\/v2\/media\/2349"}],"wp:attachment":[{"href":"https:\/\/www.ruiqigo.com\/da\/wp-json\/wp\/v2\/media?parent=2348"}],"wp:term":[{"taxonomy":"product-tag","embeddable":true,"href":"https:\/\/www.ruiqigo.com\/da\/wp-json\/wp\/v2\/product-tag?post=2348"},{"taxonomy":"products","embeddable":true,"href":"https:\/\/www.ruiqigo.com\/da\/wp-json\/wp\/v2\/products?post=2348"}],"curies":[{"name":"wp","href":"https:\/\/api.w.org\/{rel}","templated":true}]}}