{"id":237,"date":"2024-06-30T23:30:38","date_gmt":"2024-06-30T15:30:38","guid":{"rendered":"https:\/\/ruiqigo.com\/?post_type=product&#038;p=237"},"modified":"2024-09-25T15:06:45","modified_gmt":"2024-09-25T07:06:45","slug":"keratin-shampoo","status":"publish","type":"product","link":"https:\/\/www.ruiqigo.com\/da\/product\/keratin-shampoo","title":{"rendered":"Keratin shampoo"},"content":{"rendered":"<h3 class=\"wp-block-heading\">Keratin shampoo fremstiller almindelige formler<\/h3>\n\n\n\n<p>Keratinshampooer er rige p\u00e5 keratin, et protein, der ligner h\u00e5rets naturlige struktur Keratin danner en beskyttende hinde p\u00e5 h\u00e5ret, som er god til at beskytte h\u00e5ret mod overophedningsskader og forurenende stoffer. Shampooen er desuden beriget med hydrolyseret keratin, som er en kemisk eller enzymatisk bearbejdet form for keratin i mindre molekyler, der lettere kan tr\u00e6nge ind i h\u00e5rets indre for at give dyb reparation og n\u00e6ring. Derudover indeholder shampooen et rigt aminosyrekonditioneringsmiddel. Aminosyrer er de grundl\u00e6ggende byggesten i h\u00e5rkeratinet og kan hurtigt genopbygge h\u00e5ret med de n\u00e6ringsstoffer, det har brug for.<\/p>\n\n\n\n<h3 class=\"wp-block-heading\">Keratin shampoo Anvendelige scenarier<\/h3>\n\n\n\n<p>Keratinshampooer fungerer godt uanset vejret, fordi de er fyldt med gode ting til dit h\u00e5r. Den er perfekt til t\u00f8rre steder, hvor h\u00e5ret bliver t\u00f8rt, sk\u00f8rt og kedeligt. Keratinen og andre n\u00e6ringsstoffer i shampooen g\u00e5r dybt ind i h\u00e5ret for at give det den n\u00e6ring, det har brug for, hvilket g\u00f8r det sundt og hoppende igen. Du kan ogs\u00e5 parre den med en <a href=\"https:\/\/www.ruiqigo.com\/da\/products\/conditioner\/\">naturlig ingrediens balsam<\/a> for endnu bedre resultater.<\/p>\n\n\n\n<h3 class=\"wp-block-heading\">Hvem er Keratin shampoodragt til<\/h3>\n\n\n\n<p>Keratin shampoo er velegnet til folk, der har brug for at reparere deres h\u00e5r. Til h\u00e5rskader for\u00e5rsaget af kemiske behandlinger som permanent og farvning, daglige milj\u00f8faktorer eller friktion, kan Keratin Shampoo hj\u00e6lpe med at reparere og styrke h\u00e5ret. For personer med kruset og uoverskueligt h\u00e5r og dem, der ofte bruger varme v\u00e6rkt\u00f8jer til styling, kan Keratin Shampoo desuden hj\u00e6lpe med at udglatte krus og g\u00f8re h\u00e5ret mere h\u00e5ndterbart, samtidig med at det giver beskyttelse mod varmeskader for\u00e5rsaget af den hyppige brug af varmluftf\u00f8nt\u00f8rrer, permanentjern og mere. Mere <a href=\"https:\/\/www.ruiqigo.com\/da\/products\/shampoo\/\">shampoo med naturlige ingredienser<\/a> for dig at v\u00e6lge fra 3TOP.<\/p>\n\n\n\n<h3 class=\"wp-block-heading\">Keratin shampoo Produktionsproces<\/h3>\n\n\n\n<p>At lave keratinshampooer starter med at lave keratin. Vi bruger en s\u00e6rlig videnskabelig metode kaldet rekombinant DNA-teknologi. Den har trin som at g\u00f8re klar til g\u00e6ring, tilf\u00f8je de rigtige ting, fermentere, tage pr\u00f8ver, teste, bryde bakterier op og rydde op. Vi kan ogs\u00e5 lave nedbrudt keratin ved at bruge kemikalier eller specielle enzymer. Dette g\u00f8r sm\u00e5 stykker keratin helt rigtige til h\u00e5r- og kropsprodukter.<\/p>","protected":false},"excerpt":{"rendered":"Keratin shampoo manufacturing Common Formulas Keratin shampoos are rich in keratin, a protein similar to the natural structure of hair Keratin forms a protective film on the hair, which is good for protecting the hair from overheating damage and pollutants. The shampoo is also enriched with hydrolyzed keratin, which is a chemically or enzymatically processed [&hellip;]","protected":false},"featured_media":238,"menu_order":0,"template":"","meta":[],"product-tag":[],"products":[51],"class_list":["post-237","product","type-product","status-publish","has-post-thumbnail","hentry","products-shampoo"],"acf":[],"_links":{"self":[{"href":"https:\/\/www.ruiqigo.com\/da\/wp-json\/wp\/v2\/product\/237","targetHints":{"allow":["GET"]}}],"collection":[{"href":"https:\/\/www.ruiqigo.com\/da\/wp-json\/wp\/v2\/product"}],"about":[{"href":"https:\/\/www.ruiqigo.com\/da\/wp-json\/wp\/v2\/types\/product"}],"version-history":[{"count":0,"href":"https:\/\/www.ruiqigo.com\/da\/wp-json\/wp\/v2\/product\/237\/revisions"}],"wp:featuredmedia":[{"embeddable":true,"href":"https:\/\/www.ruiqigo.com\/da\/wp-json\/wp\/v2\/media\/238"}],"wp:attachment":[{"href":"https:\/\/www.ruiqigo.com\/da\/wp-json\/wp\/v2\/media?parent=237"}],"wp:term":[{"taxonomy":"product-tag","embeddable":true,"href":"https:\/\/www.ruiqigo.com\/da\/wp-json\/wp\/v2\/product-tag?post=237"},{"taxonomy":"products","embeddable":true,"href":"https:\/\/www.ruiqigo.com\/da\/wp-json\/wp\/v2\/products?post=237"}],"curies":[{"name":"wp","href":"https:\/\/api.w.org\/{rel}","templated":true}]}}