{"id":2373,"date":"2024-12-27T16:46:51","date_gmt":"2024-12-27T08:46:51","guid":{"rendered":"https:\/\/ruiqigo.com\/?post_type=product&#038;p=2373"},"modified":"2024-12-27T16:48:31","modified_gmt":"2024-12-27T08:48:31","slug":"shampoo-and-conditioner-sulphate-free","status":"publish","type":"product","link":"https:\/\/www.ruiqigo.com\/da\/product\/shampoo-and-conditioner-sulphate-free","title":{"rendered":"Shampoo og balsam Sulfatfri"},"content":{"rendered":"<h2 class=\"wp-block-heading\">Shampoo og balsam Sulfatfri fremstilling Almindelige formler<\/h2>\n\n\n\n<p>I produktionen af sulfatfri shampoo og balsam bruger vi en r\u00e6kke naturlige ingredienser for at opretholde en naturlig fugtgivende barriere for hovedbunden. Disse ingredienser arbejder sammen for at rense, pleje og fugtgive.<\/p>\n\n\n\n<p>1. Aloe vera: Aloe vera kan hurtigt genopbygge den fugt og de n\u00e6ringsstoffer, som hovedbunden og h\u00e5ret har brug for, og fastholde den, s\u00e5 h\u00e5ret kan forblive hydreret og skinnende. Men den hj\u00e6lper ogs\u00e5 med at lindre irritation og inflammation, forbedrer hovedbundsproblemer og kontrollerer hovedbundens olieproduktion, hvilket hj\u00e6lper h\u00e5ret med at opretholde en olie-vand-balance. Den renser ogs\u00e5 blidt hovedbunden uden at fratage den den naturlige fugt.<\/p>\n\n\n\n<p>2. Kokosolie: Kokosolie er en naturlig SPF, der beskytter h\u00e5ret mod UV-skader. Den absorberes ogs\u00e5 let af h\u00e5rets kutikula, hvilket giver en langvarig fugtgivende effekt og reducerer vandtab. Derudover kan den ogs\u00e5 hj\u00e6lpe dig med at reparere skadet h\u00e5r og forbedre problemer som spaltede spidser og kn\u00e6kkede h\u00e5rspidser.<\/p>\n\n\n\n<p>3. Overfladeaktive stoffer: Vi bruger milde overfladeaktive stoffer, som har en mild rensende kraft og kan reducere irritation i hovedbunden. Normalt mindre skum, mere velegnet til personer med t\u00f8rt h\u00e5r og f\u00f8lsomt h\u00e5r.<\/p>\n\n\n\n<p>4. E-vitamin: er en antioxidant, der beskytter h\u00e5ret mod skader fra frie radikaler.<\/p>\n\n\n\n<p>5. pH-regulator: Den kan justere pH-v\u00e6rdien, s\u00e5 produktet er t\u00e6ttere p\u00e5 h\u00e5rets pH-v\u00e6rdi og dermed reducere irritation.<\/p>\n\n\n\n<h2 class=\"wp-block-heading\">Funktionerne af shampoo og balsam Sulfatfri<\/h2>\n\n\n\n<p>Som professionel producent af sulfatfri shampoo og balsam kombinerer vi shampooernes rensende kraft med balsamens n\u00e6rende kraft, samtidig med at vi undg\u00e5r irritation fra sulfater i dit h\u00e5r, for at give dig et alt-i-et, sk\u00e5nsomt og ikke-irriterende produkt. Her er dets vigtigste funktioner:<\/p>\n\n\n\n<p>1. Fugtgivende og fugtgivende: Vores produkter kan ikke blot genopfylde fugten dybt ind i h\u00e5rkernen, men ogs\u00e5 g\u00f8re h\u00e5ret mere hydreret. De bevarer ogs\u00e5 den naturlige fugt i hovedbunden og h\u00e5ret, hvilket er gavnligt for dit h\u00e5rs generelle sundhed og forbedrer problemer med spaltede spidser og kn\u00e6kkede h\u00e5rspidser.<\/p>\n\n\n\n<p>2. Naturlig tekstur: Sulfatfri shampooer og balsam er mere sk\u00e5nsomme, bevarer den naturlige oliedel, forhindrer h\u00e5ret i at t\u00f8rre ud og kruse, g\u00f8r h\u00e5ret bl\u00f8dere og sundere, og kr\u00f8llet h\u00e5r kr\u00e6ver ingen s\u00e6rlig pleje.<\/p>\n\n\n\n<p>3. Sk\u00e5nsom reng\u00f8ring: Vi bruger en r\u00e6kke naturlige planteingredienser og sk\u00e5nsomme h\u00e5rplejeingredienser for at reducere irritation i h\u00e5r og hovedbund og kan f\u00f8re til krus og t\u00f8rt h\u00e5r, is\u00e6r for f\u00f8lsomme muskler.<\/p>\n\n\n\n<p>4. Bevar h\u00e5rfarven: Den \u00e5bner ikke negleb\u00e5ndet under brug og kan ogs\u00e5 hj\u00e6lpe med at bevare h\u00e5rfarvepigmentets styrke og dermed forl\u00e6nge h\u00e5rfarvens levetid.<\/p>\n\n\n\n<p>5. Reparer og pleje: Sulfatfri shampooer og balsam kan reparere skadet h\u00e5r og skabe et beskyttende lag p\u00e5 overfladen, hvilket reducerer vandtab og yderligere plejer dit h\u00e5r.<\/p>\n\n\n\n<p>6. Milj\u00f8venlig og praktisk: Sammenlignet med sulfat-ingredienser er vores ingredienser mere milj\u00f8venlige og sunde, og de giver ikke kun dybderensning, men ogs\u00e5 en dybdeg\u00e5ende behandling, hvilket g\u00f8r h\u00e5ret sundere. Den dobbelte effekt er mere praktisk at bruge og undg\u00e5r ogs\u00e5 den tunge f\u00f8lelse, der kan opst\u00e5 ved overlapning af flere produkter.<\/p>\n\n\n\n<h2 class=\"wp-block-heading\">Hvordan bruger man shampoo og balsam uden sulfater?<\/h2>\n\n\n\n<p>Vores sulfatfri shampoo og balsam kombinerer flere funktioner, der g\u00f8r dem nemmere at bruge, nemme at betjene og velegnede til de fleste scenarier.<\/p>\n\n\n\n<p>1. V\u00e5dt h\u00e5r: G\u00f8r f\u00f8rst h\u00e5ret v\u00e5dt med varmt vand for at sikre, at hvert h\u00e5rstr\u00e5 er fugtigt;<\/p>\n\n\n\n<p>2. Reng\u00f8ring og pleje: Til den f\u00f8rste reng\u00f8ring p\u00e5f\u00f8res en passende m\u00e6ngde sulfatfri shampoo og balsam i h\u00e5ndfladen, gnides ind i boblerne, og derefter fordeles skummet j\u00e6vnt i h\u00e5r og hovedbund. Du kan forsigtigt massere hovedbunden for at fremme blodcirkulationen og skylle af med vand efter massagen. Den anden reng\u00f8ring er den samme som det f\u00f8rste reng\u00f8ringstrin. Denne proces kan hj\u00e6lpe med at fjerne resterende snavs og olie i h\u00e5ret, hvilket bidrager til en grundig reng\u00f8ring.<\/p>\n\n\n\n<p>3. Skyl af: Skyl skummet af med vand, s\u00f8rg for, at der ikke er noget skum tilbage, og t\u00f8r det forsigtigt med et h\u00e5ndkl\u00e6de. Efter h\u00e5rvask kan du bruge en dybdeg\u00e5ende pleje med \u00e6terisk olie efter behov og lade h\u00e5ret luftt\u00f8rre eller f\u00f8nt\u00f8rre med en h\u00e5rt\u00f8rrer.<\/p>\n\n\n\n<h2 class=\"wp-block-heading\">Forsigtighed<\/h2>\n\n\n\n<p>1. V\u00e6lg produkter, der passer til dit h\u00e5r, i henhold til dine egne h\u00e5rbehov;<\/p>\n\n\n\n<p>2. Der b\u00f8r udf\u00f8res en allergitest f\u00f8rste gang, og brugen b\u00f8r oph\u00f8re, hvis der ikke er nogen tilpasning;<\/p>\n\n\n\n<p>3. Undg\u00e5 overforbrug, tag den passende m\u00e6ngde i henhold til din h\u00e5rl\u00e6ngde, og undg\u00e5 overdreven h\u00e5rbelastning;<\/p>\n\n\n\n<p>4. Undg\u00e5 hyppig brug, det anbefales at bruge 1-2 gange om ugen, hvis h\u00e5ret er sparsomt eller fedtet, kan du passende \u00f8ge antallet af gange;<\/p>\n\n\n\n<p>5. Det anbefales at opbevare produktet k\u00f8ligt og t\u00f8rt, undg\u00e5 direkte sollys og milj\u00f8er med h\u00f8j temperatur.<\/p>\n\n\n\n<h2 class=\"wp-block-heading\">Konklusion<\/h2>\n\n\n\n<p>Vores produkter bruger en r\u00e6kke naturlige planteingredienser og yderst effektive h\u00e5rplejeingredienser til at erstatte sulfater. Ikke blot for at opfylde dine produkters sundheds-, sikkerheds- og milj\u00f8beskyttelsesbehov, \u00f8nsker shampoo og h\u00e5rpleje at kombinere dit brands karakteristika for at opn\u00e5 en differentieret konkurrencefordel. Vi tilbyder selvf\u00f8lgelig ogs\u00e5 en bred vifte af tilpasningstjenester, uanset om det drejer sig om formeljustering eller emballagedesign, kan vi skabe et unikt brand i henhold til dine behov. Hvis du ogs\u00e5 er interesseret i vores sulfatfri shampooer og balsam, bedes du kontakte os.<\/p>","protected":false},"excerpt":{"rendered":"Shampoo And Conditioner Sulphate Free Manufacturing Common Formulas In the production of shampoo and conditioner sulphate free, we use a variety of natural ingredients to maintain a natural moisturizing barrier for the scalp. These ingredients work together to cleanse, care, and moisturize. 1. Aloe vera: Aloe vera can quickly replenish the moisture and nutrients needed [&hellip;]","protected":false},"featured_media":2374,"menu_order":0,"template":"","meta":[],"product-tag":[],"products":[54],"class_list":["post-2373","product","type-product","status-publish","has-post-thumbnail","hentry","products-shampoo-and-conditioner"],"acf":[],"_links":{"self":[{"href":"https:\/\/www.ruiqigo.com\/da\/wp-json\/wp\/v2\/product\/2373","targetHints":{"allow":["GET"]}}],"collection":[{"href":"https:\/\/www.ruiqigo.com\/da\/wp-json\/wp\/v2\/product"}],"about":[{"href":"https:\/\/www.ruiqigo.com\/da\/wp-json\/wp\/v2\/types\/product"}],"version-history":[{"count":0,"href":"https:\/\/www.ruiqigo.com\/da\/wp-json\/wp\/v2\/product\/2373\/revisions"}],"wp:featuredmedia":[{"embeddable":true,"href":"https:\/\/www.ruiqigo.com\/da\/wp-json\/wp\/v2\/media\/2374"}],"wp:attachment":[{"href":"https:\/\/www.ruiqigo.com\/da\/wp-json\/wp\/v2\/media?parent=2373"}],"wp:term":[{"taxonomy":"product-tag","embeddable":true,"href":"https:\/\/www.ruiqigo.com\/da\/wp-json\/wp\/v2\/product-tag?post=2373"},{"taxonomy":"products","embeddable":true,"href":"https:\/\/www.ruiqigo.com\/da\/wp-json\/wp\/v2\/products?post=2373"}],"curies":[{"name":"wp","href":"https:\/\/api.w.org\/{rel}","templated":true}]}}