{"id":2576,"date":"2025-01-07T13:52:35","date_gmt":"2025-01-07T05:52:35","guid":{"rendered":"https:\/\/ruiqigo.com\/?post_type=product&#038;p=2576"},"modified":"2025-01-07T13:52:38","modified_gmt":"2025-01-07T05:52:38","slug":"hydrating-facial-cleanser","status":"publish","type":"product","link":"https:\/\/www.ruiqigo.com\/da\/product\/hydrating-facial-cleanser","title":{"rendered":"Fugtgivende ansigtsrens"},"content":{"rendered":"<h2 class=\"wp-block-heading\">Fremstilling af fugtgivende ansigtsrens - almindelige formler<\/h2>\n\n\n\n<p>I produktionsprocessen har vi kombineret problemerne fra flere hudtyper og anvendt relative l\u00f8sninger for at udvikle en fugtgivende renseprodukt, som f\u00f8lsomme muskler trygt kan bruge. Her er hovedingredienserne:<\/p>\n\n\n\n<p>1. Hyaluronsyre: Hyaluronsyre har en st\u00e6rkt fugtgivende komponent, som kan give huden tilstr\u00e6kkeligt med vand og fastholde vandet for at opretholde vandbalancen. Derudover forebygger den ru og t\u00f8r hud og hj\u00e6lper huden med at genoprette elasticitet og glans.<\/p>\n\n\n\n<p>2. Ceramid: Ceramid har en st\u00e6rk evne til at binde vand. Det kan hurtigt tr\u00e6nge ind i stratum corneum og danne en netv\u00e6rksstruktur, der binder vand og forhindrer vandtab. Samtidig kan det ogs\u00e5 reparere den beskadigede hudbarriere og forbedre hudens forsvarsevne for at reducere skader fra eksterne stimuli p\u00e5 huden.<\/p>\n\n\n\n<p>3. Overfladeaktive stoffer: Vi bruger milde overfladeaktive stoffer, der sk\u00e5nsomt kan rense huden uden at irritere den, selv for f\u00f8lsomme muskler.<\/p>\n\n\n\n<p>4. Kamilleekstrakt: Kamille har en lindrende og antiinflammatorisk effekt, som kan berolige huden, hj\u00e6lpe med at lindre symptomer som r\u00f8dme, t\u00f8rhed og kl\u00f8e og genoprette ro. Den har naturlige antibakterielle og antiinflammatoriske egenskaber, kan reducere hudinflammation, fremme hudreparation og heling og yderligere reducere forekomsten af akne. Langvarig brug kan forbedre hudens tilstand.<\/p>\n\n\n\n<p>5. Salicylsyre: Salicylsyre kan h\u00e6mme udskillelsen af olie i ansigtet og derved hj\u00e6lpe med at regulere oliebalancen og g\u00f8re huden mere forfriskende. Den har ogs\u00e5 antibakterielle egenskaber, som kan reducere forekomsten af akne. Samtidig kan den ogs\u00e5 bl\u00f8dg\u00f8re stratum corneum, forsigtigt fjerne d\u00f8de hudceller, fremme fornyelsen af epidermisceller og g\u00f8re huden mere glat og delikat.<\/p>\n\n\n\n<h2 class=\"wp-block-heading\">Funktionerne af en fugtgivende ansigtsrens<\/h2>\n\n\n\n<p>Vores fugtgivende renseprodukt bruger avancerede fremstillingsprocesser og kombinerer en r\u00e6kke yderst effektive fugtgivende ingredienser for at give dig en behagelig og sikker renseoplevelse. Lad os se p\u00e5, hvad den g\u00f8r:<\/p>\n\n\n\n<p>1. Mild reng\u00f8ring: Den fugtgivende rensecreme bruger en mild formel, som ikke kun effektivt fjerner snavs, olie og rester af kosmetik p\u00e5 hudoverfladen, men som heller ikke for\u00e5rsager t\u00f8r og stram hud, hvilket kan reducere irritation af huden og ogs\u00e5 anvendes p\u00e5 f\u00f8lsomme muskler.<\/p>\n\n\n\n<p>2. Dybdeg\u00e5ende fugtighedscreme: Vores rensemiddel indeholder en r\u00e6kke naturlige fugtgivende ingredienser, der kan give fugt dybt ind i huden under rensning og holde p\u00e5 fugten for at forhindre fugttab. Og for fedtet hud kan den ogs\u00e5 regulere olieudskillelsen for at opretholde balancen mellem vand og olie i huden, s\u00e5 huden er mere hydreret og elastisk.<\/p>\n\n\n\n<p>3. Beroligende reparation: Kamille og andre ingredienser i den fugtgivende rensemiddel har en beroligende og lindrende effekt, som kan lindre ubehag for\u00e5rsaget af ydre milj\u00f8stimulering og reducere hudens f\u00f8lsomhed. Samtidig kan det ogs\u00e5 hj\u00e6lpe med at reparere den beskadigede hudbarriere, forbedre hudens forsvarsevne og g\u00f8re huden sundere.<\/p>\n\n\n\n<p>5. Forbedrer huden: Fugtighedsgivende rensemidler kan ikke kun reducere forekomsten af akne, men ogs\u00e5 styrke hudbarrieren. Og den langvarige fugtighedsgivende effekt g\u00f8r din hud mere delikat, glat og elastisk. Samtidig eksfolierer de huden, hvilket g\u00f8r din hud mere j\u00e6vn og lysere. Derfor kan de forbedre hudens tilstand og holde huden sund.<\/p>\n\n\n\n<h2 class=\"wp-block-heading\">Hvordan bruger man en fugtgivende ansigtsrens?<\/h2>\n\n\n\n<p>Vores produkter er nemme at bruge og sikre at bruge, hvilket g\u00f8r dem til et fremragende renseprodukt at v\u00e6lge imellem. Vi sender vores produkter til strenge dermatologiske tests for at sikre, at der ikke er tilsat alkohol, smagsstoffer, farvestoffer eller andre irriterende ingredienser, og at vi plejer din hud sk\u00e5nsomt.<\/p>\n\n\n\n<p>1. Fugt dit ansigt f\u00f8rst for at fremme renlighed;<\/p>\n\n\n\n<p>2. P\u00e5f\u00f8r den rette m\u00e6ngde fugtgivende ansigtsrens i h\u00e5ndfladen og tils\u00e6t lidt vand for at skumme op;<\/p>\n\n\n\n<p>3. Fordel skummet j\u00e6vnt i ansigtet og mass\u00e9r det blidt;<\/p>\n\n\n\n<p>4. Skyl grundigt med rent vand for at sikre, at der ikke er noget skum tilbage;<\/p>\n\n\n\n<p>5. T\u00f8r forsigtigt med et h\u00e5ndkl\u00e6de, og match derefter den samme serie af fugtgivende produkter for yderligere at fremme fugtigheden.<\/p>\n\n\n\n<h2 class=\"wp-block-heading\">Forsigtighed<\/h2>\n\n\n\n<p>1. V\u00e6lg en fugtgivende rensecreme, der passer til din hudtype;<\/p>\n\n\n\n<p>2. En allergisk test b\u00f8r udf\u00f8res for f\u00f8rste gang, og straks stoppe med at bruge, hvis der ikke er nogen tilpasning;<\/p>\n\n\n\n<p>3. Det anbefales at bruge \u00e9n gang om morgenen og \u00e9n gang om aftenen for at undg\u00e5 skader p\u00e5 hudbarrieren for\u00e5rsaget af hyppig brug;<\/p>\n\n\n\n<p>4. V\u00e6r opm\u00e6rksom p\u00e5 princippet om passende m\u00e6ngde ved brug for at undg\u00e5 for meget skum, hvilket resulterer i fedtet og tyk hud;<\/p>\n\n\n\n<p>5. Det anbefales at justere brugen af fugtgivende rensemidler i henhold til s\u00e6sonbestemte \u00e6ndringer;<\/p>\n\n\n\n<p>6. Det anbefales at opbevare produktet et k\u00f8ligt og t\u00f8rt sted for at undg\u00e5 direkte sollys og milj\u00f8er med h\u00f8j temperatur, der p\u00e5virker produktets effekt.<\/p>\n\n\n\n<h2 class=\"wp-block-heading\">Konklusion<\/h2>\n\n\n\n<p>Som professionel producent af fugtgivende ansigtsrens har vi skabt et produkt, der er specielt designet til enhver hudtype baseret p\u00e5 dine behov og hudtilstande. Ud over at unders\u00f8ge effektiviteten, l\u00e6gger vi ogs\u00e5 stor v\u00e6gt p\u00e5 kvaliteten af produktionsprocessen. Fra screening af r\u00e5materialer til emballering af det f\u00e6rdige produkt har vi et strengt kvalitetskontrolsystem for at sikre, at hver flaske fugtgivende renseprodukt er sikker at bruge. Samtidig tilbyder vi ogs\u00e5 en bred vifte af skr\u00e6ddersyede tjenester, der er tilpasset dine behov, for at hj\u00e6lpe dig med at skabe unikke, st\u00e6rkt m\u00e6rkevareprodukter, s\u00e5 du f\u00e5r en konkurrencefordel. Hvis du ogs\u00e5 er interesseret, bedes du kontakte os.<\/p>\n\n\n\n<p><\/p>","protected":false},"excerpt":{"rendered":"Hydrating Facial Cleanser Manufacturing Common Formulas In the production process, we have combined the problems of multiple skin types and adopted relative solutions to develop a moisturizing cleanser that sensitive muscles can safely use. Here are its main ingredients: 1. Hyaluronic acid: hyaluronic acid has a highly moisturizing component, which can provide adequate water for [&hellip;]","protected":false},"featured_media":2577,"menu_order":0,"template":"","meta":[],"product-tag":[],"products":[65],"class_list":["post-2576","product","type-product","status-publish","has-post-thumbnail","hentry","products-facial-cleanser"],"acf":[],"_links":{"self":[{"href":"https:\/\/www.ruiqigo.com\/da\/wp-json\/wp\/v2\/product\/2576","targetHints":{"allow":["GET"]}}],"collection":[{"href":"https:\/\/www.ruiqigo.com\/da\/wp-json\/wp\/v2\/product"}],"about":[{"href":"https:\/\/www.ruiqigo.com\/da\/wp-json\/wp\/v2\/types\/product"}],"version-history":[{"count":0,"href":"https:\/\/www.ruiqigo.com\/da\/wp-json\/wp\/v2\/product\/2576\/revisions"}],"wp:featuredmedia":[{"embeddable":true,"href":"https:\/\/www.ruiqigo.com\/da\/wp-json\/wp\/v2\/media\/2577"}],"wp:attachment":[{"href":"https:\/\/www.ruiqigo.com\/da\/wp-json\/wp\/v2\/media?parent=2576"}],"wp:term":[{"taxonomy":"product-tag","embeddable":true,"href":"https:\/\/www.ruiqigo.com\/da\/wp-json\/wp\/v2\/product-tag?post=2576"},{"taxonomy":"products","embeddable":true,"href":"https:\/\/www.ruiqigo.com\/da\/wp-json\/wp\/v2\/products?post=2576"}],"curies":[{"name":"wp","href":"https:\/\/api.w.org\/{rel}","templated":true}]}}