{"id":2591,"date":"2025-01-09T10:16:02","date_gmt":"2025-01-09T02:16:02","guid":{"rendered":"https:\/\/ruiqigo.com\/?post_type=product&#038;p=2591"},"modified":"2025-01-09T10:16:37","modified_gmt":"2025-01-09T02:16:37","slug":"salicylic-acid-facial-cleanser","status":"publish","type":"product","link":"https:\/\/www.ruiqigo.com\/da\/product\/salicylic-acid-facial-cleanser","title":{"rendered":"Salicylsyre ansigtsrens"},"content":{"rendered":"<h2 class=\"wp-block-heading\">Fremstilling af salicylsyre ansigtsrensemiddel - almindelige formler<\/h2>\n\n\n\n<p>Salicylsyre-renseprocessen kan v\u00e6re irriterende, s\u00e5 vi tilsatte en r\u00e6kke milde overfladeaktive stoffer og naturlige fugtighedsgivende ingredienser under formuleringsforskningen. Dette m\u00e5l er at reducere hudirritation og g\u00f8re produktet egnet til de fleste hudtyper.<\/p>\n\n\n\n<p>1. Salicylsyre: Salicylsyre er kerneingrediensen og ogs\u00e5 en eksfolierende ingrediens. Den tr\u00e6nger ikke kun dybt ind i porerne, opl\u00f8ser ophobet olie og snavs og forhindrer tilstopning af porerne, hvilket reducerer dannelsen af bumser og hudorme. Den kan ogs\u00e5 reducere overskydende olie og yderligere balancere oliesekretionen, hvilket er medvirkende til at reducere hudproblemer for\u00e5rsaget af for meget olie, s\u00e5som akne og akne. Samtidig kan salicylsyre ogs\u00e5 fremme v\u00e6ksten af nye celler, forbedre problemet med hudens aldring og g\u00f8re huden mere glat og delikat.<\/p>\n\n\n\n<p>2. Niacinamid: Niacinamid kan forbedre hudens barrierefunktion og har en vis antioxidanteffekt, der kan modst\u00e5 skader fra det ydre milj\u00f8 p\u00e5 huden. Ikke nok med det, det spiller ogs\u00e5 en rolle i at lysne huden, hj\u00e6lpe med at reducere pletter og mathed og g\u00f8re huden mere gennemsigtig.<\/p>\n\n\n\n<p>3. Hyaluronsyre: Hyaluronsyre er en almindelig fugtgivende ingrediens, der giver huden en langvarig fugtgivende effekt. N\u00e5r den bruges i kombination med salicylsyre, balancerer den t\u00f8rheden fra salicylsyre og lindrer irritation i huden, s\u00e5 huden holdes hydreret.<\/p>\n\n\n\n<p>4. Retinol: Retinol har en st\u00e6rk anti-aging effekt, det kan fremme cellefornyelse og kollagenproduktion, s\u00e5 huden bliver mere elastisk og stram. Samtidig kan det reducere olieudskillelsen og forbedre den oliekontrollerende effekt.<\/p>\n\n\n\n<h2 class=\"wp-block-heading\">Funktionerne af salicylsyre ansigtsrens<\/h2>\n\n\n\n<p>Som professionel producent af salicylsyre-ansigtsrens er vi forpligtet til at tilbyde dig yderst effektive hudplejel\u00f8sninger. Derfor bruger vi avanceret produktionsteknologi for at sikre, at dens aktivitet bevares i videst muligt omfang og har den st\u00f8rste effekt. Her er dens hovedfunktioner:<\/p>\n\n\n\n<p>1. Eksfoliering: Brug en salicylsyrerens til at fjerne d\u00f8de hudceller, opl\u00f8se og forsigtigt fjerne en stor m\u00e6ngde ophobet \u00e6ldet hud, hvorved v\u00e6ksten af nye celler fremmes og huden efterlades glattere og mere delikat.<\/p>\n\n\n\n<p>2. Oliekontrolbalance: Vores rensemiddel kan \u00e5bne tilstoppede porer, samtidig med at det fjerner overskydende olie og kontrollerer oliebalancen, is\u00e6r for muskler, der lider af oliekopper. Reducering af glansen holder ansigtet friskt og ikke stramt.<\/p>\n\n\n\n<p>3. Reng\u00f8r akne: Salicylsyre er permeabel og kan rense porerne i dybden og forhindre tilstopning af porerne. Den bremser ogs\u00e5 afgivelsen af hudceller fra h\u00e5rs\u00e6kkene, hvilket reducerer dannelsen af hudorme og bumser.<\/p>\n\n\n\n<p>4. Forbedrer hudkvaliteten: Salicylsyre-rensemiddel kan fremme fornyelsen af epidermisceller, hvilket ikke kun kan forhindre pigmentering, men ogs\u00e5 bremse hudens aldring og g\u00f8re huden fastere. Samtidig hj\u00e6lper de hvidtende ingredienser i ansigtsrensen ogs\u00e5 med at lysne huden og falme pletter.<\/p>\n\n\n\n<p>5. Antibakteriel og antiinflammatorisk: Vores renseprodukt har antibakterielle og antiinflammatoriske virkninger, som kan lindre r\u00f8dme og irritation i ansigtet, reducere akne og inflammation og fremskynde helingen af akne.<\/p>\n\n\n\n<h2 class=\"wp-block-heading\">Hvordan bruger man en ansigtsrens med salicylsyre?<\/h2>\n\n\n\n<p>Vi producerer forskellige koncentrationer af salicylsyre-ansigtsrensemidler, som du kan v\u00e6lge imellem. Begyndere anbefaler at starte fra en lav koncentration for gradvist at opbygge tolerance for ikke at irritere ansigtet. Samtidig vil vi ogs\u00e5 markere brugen af emballagen:<\/p>\n\n\n\n<p>1. Fugt f\u00f8rst ansigtet med varmt vand for at fremme skumdannelsen;<\/p>\n\n\n\n<p>2. P\u00e5f\u00f8r en passende m\u00e6ngde salicylsyre ansigtsrens i h\u00e5ndfladen og gnid det op, indtil det skummer. P\u00e5f\u00f8r derefter skummet j\u00e6vnt i ansigtet, og mass\u00e9r forsigtigt de to dele i cirkul\u00e6re bev\u00e6gelser. Bem\u00e6rk, at omr\u00e5der med tendens til olie i T-zonen kan masseres et stykke tid for at fjerne olie og snavs.<\/p>\n\n\n\n<p>3. Skyl skummet med rent vand efter massage for at sikre, at der ikke er rester tilbage;<\/p>\n\n\n\n<p>4. Efter forsigtig t\u00f8rring med et h\u00e5ndkl\u00e6de kan du kombinere den samme serie af fugtgivende produkter og bruge dem i l\u00f8bet af dagen med solcreme. Fordi salicylsyre g\u00f8r huden mere f\u00f8lsom over for solen, kan solcreme bruges til at beskytte mod UV-str\u00e5ler.<\/p>\n\n\n\n<h2 class=\"wp-block-heading\">Forsigtighed<\/h2>\n\n\n\n<p>1. N\u00e5r du bruger det, skal du v\u00e6lge den salicylsyre-ansigtsrens, der passer til din hudtype;<\/p>\n\n\n\n<p>2. Der b\u00f8r udf\u00f8res en allergitest f\u00f8rste gang, og brugen b\u00f8r straks stoppes, hvis der opst\u00e5r ubehag;<\/p>\n\n\n\n<p>3. V\u00e6r opm\u00e6rksom p\u00e5 brugshyppigheden. Det anbefales at bruge \u00e9n gang morgen og aften. Begyndere kan gradvist \u00f8ge brugen fra 2-3 gange om ugen til daglig brug for at tilpasse sig hudtilstanden.<\/p>\n\n\n\n<p>4. Hvis du har specifikke hudproblemer, b\u00f8r det anvendes efter l\u00e6gens anvisning;<\/p>\n\n\n\n<p>5. Gravide og ammende kvinder b\u00f8r konsultere en l\u00e6ge f\u00f8r brug;<\/p>\n\n\n\n<p>6. Det anbefales at opbevare produktet et k\u00f8ligt og t\u00f8rt sted for at undg\u00e5 direkte sollys og h\u00f8je temperaturer.<\/p>\n\n\n\n<h2 class=\"wp-block-heading\">Konklusion<\/h2>\n\n\n\n<p>Som producent af salicylsyre med fokus p\u00e5 produktion af h\u00f8j kvalitet har vi et professionelt forsknings- og udviklingsteam med stor erfaring inden for udvikling og produktion af hudplejeprodukter. Samtidig har vi et strengt kvalitetskontrolsystem i alle led, fra indk\u00f8b af r\u00e5varer til produktion og emballering, for at sikre effektiviteten og sikkerheden af hvert produkt. Derudover tilbyder vi omfattende tilpasningstjenester og str\u00e6ber efter perfektion for at sikre, at dit brand skiller sig ud p\u00e5 markedet. Hvis du ogs\u00e5 er interesseret, bedes du kontakte os.<\/p>","protected":false},"excerpt":{"rendered":"Salicylic Acid Facial Cleanser Manufacturing Common Formulas The salicylic acid cleansing process can be irritating, so we added a variety of mild surfactants and natural moisturizing ingredients during formulation research. This aim is to reduce skin irritation and make the product suitable for most skin types. 1. Salicylic acid: Salicylic acid is the core ingredient [&hellip;]","protected":false},"featured_media":2592,"menu_order":0,"template":"","meta":[],"product-tag":[],"products":[65],"class_list":["post-2591","product","type-product","status-publish","has-post-thumbnail","hentry","products-facial-cleanser"],"acf":[],"_links":{"self":[{"href":"https:\/\/www.ruiqigo.com\/da\/wp-json\/wp\/v2\/product\/2591","targetHints":{"allow":["GET"]}}],"collection":[{"href":"https:\/\/www.ruiqigo.com\/da\/wp-json\/wp\/v2\/product"}],"about":[{"href":"https:\/\/www.ruiqigo.com\/da\/wp-json\/wp\/v2\/types\/product"}],"version-history":[{"count":0,"href":"https:\/\/www.ruiqigo.com\/da\/wp-json\/wp\/v2\/product\/2591\/revisions"}],"wp:featuredmedia":[{"embeddable":true,"href":"https:\/\/www.ruiqigo.com\/da\/wp-json\/wp\/v2\/media\/2592"}],"wp:attachment":[{"href":"https:\/\/www.ruiqigo.com\/da\/wp-json\/wp\/v2\/media?parent=2591"}],"wp:term":[{"taxonomy":"product-tag","embeddable":true,"href":"https:\/\/www.ruiqigo.com\/da\/wp-json\/wp\/v2\/product-tag?post=2591"},{"taxonomy":"products","embeddable":true,"href":"https:\/\/www.ruiqigo.com\/da\/wp-json\/wp\/v2\/products?post=2591"}],"curies":[{"name":"wp","href":"https:\/\/api.w.org\/{rel}","templated":true}]}}