{"id":269,"date":"2024-07-05T16:45:37","date_gmt":"2024-07-05T08:45:37","guid":{"rendered":"https:\/\/ruiqigo.com\/?post_type=product&#038;p=269"},"modified":"2024-11-15T16:39:48","modified_gmt":"2024-11-15T08:39:48","slug":"peppermint-essential-oil","status":"publish","type":"product","link":"https:\/\/www.ruiqigo.com\/da\/product\/peppermint-essential-oil","title":{"rendered":"Pebermynte \u00e6terisk olie"},"content":{"rendered":"<h2 class=\"wp-block-heading\">Pebermynte \u00e6terisk olie fremstiller almindelige formler<\/h2>\n\n\n\n<p>Fremstilling af \u00e6terisk pebermynteolie involverer hovedsageligt at h\u00f8ste blade og stilke fra pebermynteplanten og derefter udvinde essensen gennem dampdestillation. Under destillationsprocessen opvarmes plantematerialet, som en holdbar pebermynteolieproducent, og den frigivne pebermynteoliedamp afk\u00f8les og kondenseres til en v\u00e6ske, som derefter adskilles fra vandet for at opn\u00e5 ren pebermynteolie. Denne proces kr\u00e6ver streng temperatur- og tidskontrol for at sikre renheden af olien og integriteten af de aktive ingredienser.<\/p>\n\n\n\n<h2 class=\"wp-block-heading\">Pebermynte \u00e6terisk olie anvendelige scenarier<\/h2>\n\n\n\n<p>Pebermynteolie kan bruges i en r\u00e6kke forskellige scenarier: i aromaterapi for at opfriske sindet og lindre stress, topisk for at lindre muskelsmerter og hudubehag, som et naturligt insektmiddel mod myg, tilsat til hudplejeprodukter for at konditionere fedtet hud og bruges som indend\u00f8rs aromaterapi til at rense luften. Dens forskellige virkninger g\u00f8r den velegnet til daglig sundhedspleje og akutbehandling.<\/p>\n\n\n\n<h2 class=\"wp-block-heading\">Hvem er Pebermynte \u00e6terisk olie egnet til<\/h2>\n\n\n\n<p>Pebermynteolie er velegnet til kontormedarbejdere, der har brug for en pick-me-up, sportsentusiaster, der \u00f8nsker at lindre muskelsmerter, sk\u00f8nhedss\u00f8gende, der \u00f8nsker at forbedre fedtet hud, og dem, der s\u00f8ger naturlige midler til at lette ford\u00f8jelsesbesv\u00e6r. Det b\u00f8r dog bruges med forsigtighed af gravide kvinder, b\u00f8rn eller dem med f\u00f8lsom hud, og det er bedst at s\u00f8ge professionel r\u00e5dgivning f\u00f8r brug.<\/p>\n\n\n\n<h2 class=\"wp-block-heading\">Fremstillingsproces for pebermynte \u00e6terisk olie<\/h2>\n\n\n\n<p>Den s\u00e6rlige proces af pebermynte \u00e6terisk olie ligger i brugen af lavtemperatur dampdestillation, en metode, der forsigtigt ekstraherer den \u00e6teriske olie fra pebermyntebladene, og undg\u00e5r \u00f8del\u00e6ggelse af komponenterne, der kan v\u00e6re for\u00e5rsaget af h\u00f8je temperaturer. Som en \u00e6rlig producent af \u00e6terisk pebermynteolie sikrer pr\u00e6cis kontrol af destillationsprocessen, at renheden af olien, dens aktive ingredienser og dens naturlige aroma bevares intakt, hvilket garanterer dens h\u00f8je ydeevne og sikkerhed i aromaterapi og daglig brug.<\/p>","protected":false},"excerpt":{"rendered":"Peppermint essential oil manufacturing common formulas Making peppermint essential oil mainly involves harvesting the leaves and stems of the peppermint plant and then extracting the essence through steam distillation. During the distillation process, as a durable Peppermint essential oil manufacturer, the plant material is heated and the released peppermint oil vapor is cooled and condensed [&hellip;]","protected":false},"featured_media":271,"menu_order":0,"template":"","meta":[],"product-tag":[],"products":[53],"class_list":["post-269","product","type-product","status-publish","has-post-thumbnail","hentry","products-essential-oil"],"acf":[],"_links":{"self":[{"href":"https:\/\/www.ruiqigo.com\/da\/wp-json\/wp\/v2\/product\/269","targetHints":{"allow":["GET"]}}],"collection":[{"href":"https:\/\/www.ruiqigo.com\/da\/wp-json\/wp\/v2\/product"}],"about":[{"href":"https:\/\/www.ruiqigo.com\/da\/wp-json\/wp\/v2\/types\/product"}],"version-history":[{"count":0,"href":"https:\/\/www.ruiqigo.com\/da\/wp-json\/wp\/v2\/product\/269\/revisions"}],"wp:featuredmedia":[{"embeddable":true,"href":"https:\/\/www.ruiqigo.com\/da\/wp-json\/wp\/v2\/media\/271"}],"wp:attachment":[{"href":"https:\/\/www.ruiqigo.com\/da\/wp-json\/wp\/v2\/media?parent=269"}],"wp:term":[{"taxonomy":"product-tag","embeddable":true,"href":"https:\/\/www.ruiqigo.com\/da\/wp-json\/wp\/v2\/product-tag?post=269"},{"taxonomy":"products","embeddable":true,"href":"https:\/\/www.ruiqigo.com\/da\/wp-json\/wp\/v2\/products?post=269"}],"curies":[{"name":"wp","href":"https:\/\/api.w.org\/{rel}","templated":true}]}}