{"id":275,"date":"2024-07-05T16:23:28","date_gmt":"2024-07-05T08:23:28","guid":{"rendered":"https:\/\/ruiqigo.com\/?post_type=product&#038;p=275"},"modified":"2024-11-15T16:43:01","modified_gmt":"2024-11-15T08:43:01","slug":"lavender-essential-oil","status":"publish","type":"product","link":"https:\/\/www.ruiqigo.com\/da\/product\/lavender-essential-oil","title":{"rendered":"Lavendel \u00e6terisk olie"},"content":{"rendered":"<h2 class=\"wp-block-heading\">Almindelige formler til fremstilling af \u00e6terisk lavendelolie<\/h2>\n\n\n\n<p>De r\u00e5varer af h\u00f8j kvalitet, vi bruger til at producere \u00e6terisk lavendelolie, kommer fra udvalgte lavendelsorter, der dyrkes under passende klimatiske og jordbundsforhold, udvalgt fra solrige, veldr\u00e6nede omr\u00e5der. Premium \u00e6terisk lavendelolie kr\u00e6ver, at blomsterne h\u00e5ndplukkes under fuld blomstring for at bevare den h\u00f8jeste aroma og de aktive ingredienser. Som en f\u00f8rende producent af \u00e6terisk lavendelolie p\u00e5virker r\u00e5materialets friskhed og renhed direkte kvaliteten af den \u00e6teriske olie, s\u00e5 vi kontrollerer omhyggeligt hvert trin i processen, fra plantning og h\u00f8st til ekstraktion.<\/p>\n\n\n\n<h2 class=\"wp-block-heading\">Anvendelsesscenarier for \u00e6terisk lavendelolie<\/h2>\n\n\n\n<p>\u00c6terisk lavendelolie er velegnet til brug i en bred vifte af klimaer, is\u00e6r i t\u00f8rre eller varme \u00e5rstider, hvor dens k\u00f8lende og lindrende egenskaber er effektive til at lindre solskoldning og bet\u00e6ndelse i huden. I kolde eller fugtige klimaer hj\u00e6lper den med at afslappe muskler og lindre ledsmerter. \u00c6terisk lavendelolie fremmer celleregenerering og balancerer talgproduktionen. Den er derfor velegnet til alle hudtyper. \u00c6terisk lavendelolie er velkendt for sin effektivitet i behandling af forbr\u00e6ndinger og solskoldninger. Den forbedrer ogs\u00e5 vabler, eksem, h\u00e6mmer bakteriev\u00e6kst og minimerer h\u00e6velse og ardannelse.<\/p>\n\n\n\n<h2 class=\"wp-block-heading\">Hvem er lavendel \u00e6terisk olie egnet til<\/h2>\n\n\n\n<p>\u00c6terisk lavendelolie er velegnet til folk, der s\u00f8ger naturlige midler til at lindre stress og forbedre s\u00f8vnen, herunder stressede kontoransatte, seniorer med behov for afslapning og personer med milde hudproblemer s\u00e5som akne og eksem. Det er ogs\u00e5 gavnligt for personer med angsttendenser eller s\u00f8vnl\u00f8shedssymptomer. Det b\u00f8r dog bruges med forsigtighed af gravide, ammende kvinder, b\u00f8rn eller personer med f\u00f8lsom hud, og det er bedst at s\u00f8ge professionel r\u00e5dgivning f\u00f8r brug for at undg\u00e5 mulige allergiske reaktioner. M\u00e5 ikke anvendes i h\u00f8j koncentration. R\u00f8de og h\u00e6vede s\u00e5r b\u00f8r anvendes med koldt omslag. M\u00e5 ikke blandes med \u00e6terisk bynkeolie (samme farve). Til personer med lavt blodtryk kan lavendelolie let opst\u00e5 efter brug.<\/p>\n\n\n\n<h2 class=\"wp-block-heading\">Produktionsproces for \u00e6terisk lavendelolie<\/h2>\n\n\n\n<p>Det, der g\u00f8r produktionen af lavendelolie speciel, er dens strenge krav til timingen af blomsterh\u00f8sten og den fine kontrol af ekstraktionsprocessen. Som en \u00e6rlig producent af lavendelolie h\u00e5ndplukkes blomsterne normalt, n\u00e5r de er i fuldt flor, for at sikre den h\u00f8jeste koncentration af aktive ingredienser og aroma. Olierne ekstraheres under sk\u00e5nsomme forhold ved hj\u00e6lp af traditionel dampdestillation for at opretholde renheden og de terapeutiske egenskaber af de \u00e6teriske olier. Som en f\u00f8rende producent af lavendelolie sikrer den pr\u00e6cise kontrol af temperatur og timing af denne proces den h\u00f8je kvalitet og de unikke terapeutiske fordele ved lavendelolie.<\/p>\n\n\n\n<p><\/p>","protected":false},"excerpt":{"rendered":"Lavender essential oil manufacturing common formulas The high quality raw materials we use to produce lavender essential oil come from selected lavenders that are grown in suitable climatic and soil conditions, chosen from sunny, well-drained areas. Premium lavender essential oil requires the flowers to be hand-picked during full bloom to retain the highest aroma and [&hellip;]","protected":false},"featured_media":276,"menu_order":0,"template":"","meta":[],"product-tag":[],"products":[53],"class_list":["post-275","product","type-product","status-publish","has-post-thumbnail","hentry","products-essential-oil"],"acf":[],"_links":{"self":[{"href":"https:\/\/www.ruiqigo.com\/da\/wp-json\/wp\/v2\/product\/275","targetHints":{"allow":["GET"]}}],"collection":[{"href":"https:\/\/www.ruiqigo.com\/da\/wp-json\/wp\/v2\/product"}],"about":[{"href":"https:\/\/www.ruiqigo.com\/da\/wp-json\/wp\/v2\/types\/product"}],"version-history":[{"count":0,"href":"https:\/\/www.ruiqigo.com\/da\/wp-json\/wp\/v2\/product\/275\/revisions"}],"wp:featuredmedia":[{"embeddable":true,"href":"https:\/\/www.ruiqigo.com\/da\/wp-json\/wp\/v2\/media\/276"}],"wp:attachment":[{"href":"https:\/\/www.ruiqigo.com\/da\/wp-json\/wp\/v2\/media?parent=275"}],"wp:term":[{"taxonomy":"product-tag","embeddable":true,"href":"https:\/\/www.ruiqigo.com\/da\/wp-json\/wp\/v2\/product-tag?post=275"},{"taxonomy":"products","embeddable":true,"href":"https:\/\/www.ruiqigo.com\/da\/wp-json\/wp\/v2\/products?post=275"}],"curies":[{"name":"wp","href":"https:\/\/api.w.org\/{rel}","templated":true}]}}