{"id":281,"date":"2024-07-05T16:29:32","date_gmt":"2024-07-05T08:29:32","guid":{"rendered":"https:\/\/ruiqigo.com\/?post_type=product&#038;p=281"},"modified":"2024-11-15T16:40:52","modified_gmt":"2024-11-15T08:40:52","slug":"lemongrass-essential-oil","status":"publish","type":"product","link":"https:\/\/www.ruiqigo.com\/da\/product\/lemongrass-essential-oil","title":{"rendered":"Citrongr\u00e6s \u00e6terisk olie"},"content":{"rendered":"<h2 class=\"wp-block-heading\">Citrongr\u00e6s \u00e6terisk olie fremstiller almindelige formler<\/h2>\n\n\n\n<p>Citrongr\u00e6s \u00e6terisk olie er udvundet af den omhyggeligt dyrkede citrongr\u00e6splante, som er kendt for sit h\u00f8je indhold af citral. De bedste ingredienser kommer fra selektiv dyrkning, der sikrer, at planten vokser i fuldt sollys og det rigtige klima for dens intense citronaroma og yderst terapeutiske ingredienser. N\u00e5r de h\u00f8stes, bruges kun modne blade for at sikre den \u00e6teriske olies renhed og aktivitet. Som en professionel producent af citrongr\u00e6s \u00e6terisk olie udvindes disse omhyggeligt udvalgte r\u00e5materialer ved dampdestillation for at sikre den h\u00f8je og ensartede kvalitet af citrongr\u00e6s \u00e6terisk olie<\/p>\n\n\n\n<h2 class=\"wp-block-heading\">Citrongr\u00e6s \u00e6terisk olie anvendelige scenarier<\/h2>\n\n\n\n<p>Citrongr\u00e6s \u00e6terisk olie er velegnet til brug i varme til tropiske klimaer, hvor dens forfriskende citronaroma og antimikrobielle egenskaber er forfriskende og opl\u00f8ftende i den varme \u00e5rstid. Den er ogs\u00e5 velegnet til brug i fugtige omgivelser for at hj\u00e6lpe med at afvise myg og reducere ubehag. Derudover renser citrongr\u00e6s \u00e6terisk olie, n\u00e5r den bruges indend\u00f8rs, luften og bringer en frisk atmosf\u00e6re til opholdsrum i alle klimaer.<\/p>\n\n\n\n<h2 class=\"wp-block-heading\">Hvem er citrongr\u00e6s \u00e6terisk olie egnet til<\/h2>\n\n\n\n<p>Citrongr\u00e6s \u00e6terisk olie er velegnet til mennesker, der s\u00f8ger fysisk og mental lindring og hum\u00f8rforh\u00f8jelse, is\u00e6r moderne mennesker, der er stressede og angste. Dens forfriskende aroma l\u00f8fter \u00e5nden og hj\u00e6lper med at lindre sp\u00e6ndinger, hvilket g\u00f8r den ideel til dem, der s\u00f8ger en sund livsstil.<\/p>\n\n\n\n<h2 class=\"wp-block-heading\">Fremstillingsproces for citrongr\u00e6s \u00e6terisk olie<\/h2>\n\n\n\n<p>Som en effektiv producent af citrongr\u00e6s \u00e6terisk olie ved vi, hvad der g\u00f8r produktionen af citrongr\u00e6s \u00e6terisk olie speciel, er dens delikate udvindingsproces og den strenge udv\u00e6lgelse af r\u00e5materialer. For det f\u00f8rste ekstraheres den \u00e6teriske olie fra hele citrongr\u00e6splanten ved dampdestillationsteknologi for at sikre ekstraktens renhed og aktivitet. For det andet f\u00f8lger valget af r\u00e5varer h\u00f8je standarder for at sikre, at r\u00e5varerne er af h\u00f8j kvalitet og naturlige. Som en effektiv producent af citrongr\u00e6s \u00e6terisk olie bidrager disse s\u00e6rlige egenskaber til den h\u00f8je kvalitet og unikke terapeutiske fordele ved \u00e6terisk citrongr\u00e6s.<\/p>\n\n\n\n<p><\/p>","protected":false},"excerpt":{"rendered":"Lemongrass essential oil manufacturing common formulas Lemongrass essential oil is derived from the carefully cultivated lemongrass plant, which is known for its high citral content. The best ingredients come from selective cultivation, ensuring that the plant grows in full sunlight and the right climate for its intense lemony aroma and highly therapeutic ingredients. When harvested, [&hellip;]","protected":false},"featured_media":375,"menu_order":0,"template":"","meta":[],"product-tag":[],"products":[53],"class_list":["post-281","product","type-product","status-publish","has-post-thumbnail","hentry","products-essential-oil"],"acf":[],"_links":{"self":[{"href":"https:\/\/www.ruiqigo.com\/da\/wp-json\/wp\/v2\/product\/281","targetHints":{"allow":["GET"]}}],"collection":[{"href":"https:\/\/www.ruiqigo.com\/da\/wp-json\/wp\/v2\/product"}],"about":[{"href":"https:\/\/www.ruiqigo.com\/da\/wp-json\/wp\/v2\/types\/product"}],"version-history":[{"count":0,"href":"https:\/\/www.ruiqigo.com\/da\/wp-json\/wp\/v2\/product\/281\/revisions"}],"wp:featuredmedia":[{"embeddable":true,"href":"https:\/\/www.ruiqigo.com\/da\/wp-json\/wp\/v2\/media\/375"}],"wp:attachment":[{"href":"https:\/\/www.ruiqigo.com\/da\/wp-json\/wp\/v2\/media?parent=281"}],"wp:term":[{"taxonomy":"product-tag","embeddable":true,"href":"https:\/\/www.ruiqigo.com\/da\/wp-json\/wp\/v2\/product-tag?post=281"},{"taxonomy":"products","embeddable":true,"href":"https:\/\/www.ruiqigo.com\/da\/wp-json\/wp\/v2\/products?post=281"}],"curies":[{"name":"wp","href":"https:\/\/api.w.org\/{rel}","templated":true}]}}