{"id":2838,"date":"2025-01-14T11:22:00","date_gmt":"2025-01-14T03:22:00","guid":{"rendered":"https:\/\/ruiqigo.com\/?post_type=product&#038;p=2838"},"modified":"2025-01-14T11:22:33","modified_gmt":"2025-01-14T03:22:33","slug":"vetiver-essential-oil","status":"publish","type":"product","link":"https:\/\/www.ruiqigo.com\/da\/product\/vetiver-essential-oil","title":{"rendered":"Vetiver \u00e6terisk olie"},"content":{"rendered":"<h2 class=\"wp-block-heading\">Almindelige formler til fremstilling af Vetiver \u00e6terisk olie<\/h2>\n\n\n\n<p>Som en professionel vetiver \u00e6terisk olieproducent kontrollerer vi strengt kvaliteten af produktionen, fra indk\u00f8b af r\u00e5varer til inspektion af f\u00e6rdige produkter for at sikre dens h\u00f8je kvalitet. Derudover er dens koncentration h\u00f8jere, s\u00e5 vi vil matche den tilsvarende formel i henhold til de forskellige dele af plejen.<\/p>\n\n\n\n<p>1. Vetiver \u00e6terisk olie: Som en kerneingrediens har den flere fordele. Det reducerer ikke kun inflammation og booster immunforsvaret, det forbedrer ogs\u00e5 blodcirkulationen og genopliver symptomer som ledsmerter. Samtidig kan det ogs\u00e5 reducere sk\u00e6l, fremme sund h\u00e5rv\u00e6kst og opstramme huden, dybdefugtende. Derudover er dens tr\u00e6agtige og r\u00f8gede aroma gavnlig til at lindre stress og d\u00e5rligt hum\u00f8r og afslappe krop og sind yderligere.<\/p>\n\n\n\n<p>2. Lavendel \u00e6terisk olie: Lavendel \u00e6terisk olie har beroligende og anti-inflammatoriske virkninger. N\u00e5r det bruges sammen, kan det lindre hudf\u00f8lsomhed og reparere huden. Og dens aroma hj\u00e6lper ogs\u00e5 til mentalt at lindre stress og fremme s\u00f8vn.<\/p>\n\n\n\n<p>3. Tea tree olie: Tea tree har antibakterielle og anti-inflammatoriske egenskaber, som kan bek\u00e6mpe bakterier og bet\u00e6ndelse p\u00e5 huden og reducere produktionen af acne og acne.<\/p>\n\n\n\n<p>4. Olivenolie: Olivenolie har gode fugtgivende egenskaber, kan give fugt og n\u00e6ring til h\u00e5ret i lang tid og reparerer konstant beskadiget h\u00e5r og forbedrer derved h\u00e5rkvaliteten.<\/p>\n\n\n\n<p>5. Rose \u00e6terisk olie: Rose \u00e6terisk olie har en n\u00e6rende og fugtgivende effekt, kan \u00f8ge hudens elasticitet og glans og er medvirkende til at regulere det endokrine.<\/p>\n\n\n\n<p>6. S\u00f8d orange \u00e6terisk olie: S\u00f8d orange \u00e6terisk olie har behagelige og opl\u00f8ftende virkninger, som kan forbedre hum\u00f8r, lindre angst og depression og \u00f8ge lykke.<\/p>\n\n\n\n<h2 class=\"wp-block-heading\">Funktionerne af Vetiver \u00e6terisk olie<\/h2>\n\n\n\n<p>Vetiver \u00e6terisk olie er s\u00e5 alsidig, at vores forsknings- og udviklingsteam har testet den i forskellige scenarier og opsummeret dens mange fordele.<\/p>\n\n\n\n<p>1. Dyb reng\u00f8ring: Vetiver \u00e6terisk olie kan dybderense porer, fjerne olie og snavs p\u00e5 hudoverfladen, rense porerne og reducere produktionen af hudorme og whiteheads.<\/p>\n\n\n\n<p>2. Reducer sk\u00e6l: Vores \u00e6teriske olier indeholder antibakterielle, anti-inflammatoriske ingredienser, der reducerer risikoen for hovedbundsbet\u00e6ndelse og infektion ved at dr\u00e6be skadelige mikroorganismer i hovedbunden og derved reducere sk\u00e6l og h\u00e5rtab. Derudover forbedrer det blodcirkulationen til h\u00e5rs\u00e6kkene og fremmer kollagendannelsen, hvilket yderligere fremmer h\u00e5rv\u00e6ksten.<\/p>\n\n\n\n<p>3. Anti-aging: Vores produkter kan modst\u00e5 skaden af frie radikaler og reducere f\u00e6nomenet med aldring af huden. Samtidig beroliger og supplerer den ogs\u00e5 t\u00f8r hud, forbedrer hudens evne til at l\u00e5se vand, opstrammer huden yderligere, samler porerne og genopretter hudens elasticitet.<\/p>\n\n\n\n<p>4. Fremme heling: Antioxidante og antiinflammatoriske egenskaber kan hj\u00e6lpe med at behandle hudsygdomme s\u00e5som eksem, samt fremme helingen af huds\u00e5r og reducere ardannelse. Derudover hj\u00e6lper det med at behandle problemer som ledsmerter og muskel\u00f8mhed.<\/p>\n\n\n\n<p>5. Beroligende og beroligende: Aromaen af vetiver \u00e6terisk olie har en beroligende og beroligende effekt, som kan lindre sp\u00e6ndinger og angst, reducere stress og fremme s\u00f8vn. Det er ogs\u00e5 godt for koncentrationen.<\/p>\n\n\n\n<p>6. Naturlig insektmiddel: Dens unikke aroma afviser ogs\u00e5 myg og andre skadedyr.<\/p>\n\n\n\n<h2 class=\"wp-block-heading\">Hvordan man bruger Vetiver \u00e6terisk olie?<\/h2>\n\n\n\n<p>Vetiver \u00e6terisk olie kan bruges p\u00e5 en r\u00e6kke forskellige m\u00e5der, du kan bruge efter dine behov, vi vil ogs\u00e5 markere brugen af produktemballagen.<\/p>\n\n\n\n<p>1. Direkte p\u00e5f\u00f8ring: Vetiver \u00e6terisk olie kan tilberedes proportionalt med andre basisolier og derefter p\u00e5f\u00f8res lokalt p\u00e5 huden med behov for pleje.<\/p>\n\n\n\n<p>2. Anvendelse af r\u00f8gelse: Drop vetiver \u00e6terisk olie i diffuseren og bliv i duftatmosf\u00e6ren, som er befordrende for at slappe af krop og sind og fremme s\u00f8vn.<\/p>\n\n\n\n<p>3. Brug i kombination: Du kan blande vores \u00e6teriske olier med shampoo, balsam, ansigtscreme, fugtighedscreme og andre hudplejeingredienser for at fremme hudplejen.<\/p>\n\n\n\n<p>4. Massagebrug: Anvendes ofte i SPA-behandling, den kan kombineres med anden baseoliemassagebrug, st\u00e6rk fugtgivende hud og lindre muskel\u00f8mhed.<\/p>\n\n\n\n<h2 class=\"wp-block-heading\">Forsigtighed<\/h2>\n\n\n\n<p>1. F\u00f8r brug skal du v\u00e6lge den passende vetiver \u00e6teriske olie i henhold til dine egne behov og hudtype;<\/p>\n\n\n\n<p>2. Allergiske test b\u00f8r udf\u00f8res for f\u00f8rste gang. Hvis der opst\u00e5r ubehag, skal du straks stoppe med at bruge;<\/p>\n\n\n\n<p>3. Koncentrationen af vaniljerod er h\u00f8j, og den skal fortyndes med basisolie;<\/p>\n\n\n\n<p>4. Fordi vetiver \u00e6terisk olie har en menstruationsfunktion, b\u00f8r gravide kvinder undg\u00e5 at bruge den;<\/p>\n\n\n\n<p>5. B\u00f8rn og ammende kvinder b\u00f8r anvendes under vejledning af en l\u00e6ge;<\/p>\n\n\n\n<p>6. Det anbefales at opbevare p\u00e5 et k\u00f8ligt og t\u00f8rt sted, og undg\u00e5 direkte sollys og h\u00f8je temperaturer;<\/p>\n\n\n\n<h2 class=\"wp-block-heading\">Konklusion<\/h2>\n\n\n\n<p>Vi er forpligtet til at levere vetiver \u00e6teriske oliel\u00f8sninger af h\u00f8j kvalitet og opfylde dine sundheds- og sk\u00f8nhedsbestr\u00e6belser. Ikke kun brugen af avanceret produktionsdestillationsteknologi, men ogs\u00e5 streng kvalitetskontrol for at sikre sikkerheden og effektiviteten af hver dr\u00e5be \u00e6terisk olie. Samtidig har vi ogs\u00e5 en omfattende tilpasningsservice, der kan opfylde dine forskellige scenarier og formelbehov, for at hj\u00e6lpe dig med at skabe unikke produkter, for at opn\u00e5 en konkurrencefordel p\u00e5 markedet. Kontakt os venligst, hvis du er interesseret.<\/p>","protected":false},"excerpt":{"rendered":"Vetiver Essential Oil Manufacturing Common Formulas As a professional vetiver essential oil manufacturer, we strictly control the quality of production, from raw material procurement to finished product inspection to ensure its high quality. In addition, its concentration is higher, so we will match the corresponding formula according to the different parts of the care. 1. [&hellip;]","protected":false},"featured_media":2841,"menu_order":0,"template":"","meta":[],"product-tag":[],"products":[53],"class_list":["post-2838","product","type-product","status-publish","has-post-thumbnail","hentry","products-essential-oil"],"acf":[],"_links":{"self":[{"href":"https:\/\/www.ruiqigo.com\/da\/wp-json\/wp\/v2\/product\/2838","targetHints":{"allow":["GET"]}}],"collection":[{"href":"https:\/\/www.ruiqigo.com\/da\/wp-json\/wp\/v2\/product"}],"about":[{"href":"https:\/\/www.ruiqigo.com\/da\/wp-json\/wp\/v2\/types\/product"}],"version-history":[{"count":0,"href":"https:\/\/www.ruiqigo.com\/da\/wp-json\/wp\/v2\/product\/2838\/revisions"}],"wp:featuredmedia":[{"embeddable":true,"href":"https:\/\/www.ruiqigo.com\/da\/wp-json\/wp\/v2\/media\/2841"}],"wp:attachment":[{"href":"https:\/\/www.ruiqigo.com\/da\/wp-json\/wp\/v2\/media?parent=2838"}],"wp:term":[{"taxonomy":"product-tag","embeddable":true,"href":"https:\/\/www.ruiqigo.com\/da\/wp-json\/wp\/v2\/product-tag?post=2838"},{"taxonomy":"products","embeddable":true,"href":"https:\/\/www.ruiqigo.com\/da\/wp-json\/wp\/v2\/products?post=2838"}],"curies":[{"name":"wp","href":"https:\/\/api.w.org\/{rel}","templated":true}]}}