{"id":2847,"date":"2025-01-16T13:55:57","date_gmt":"2025-01-16T05:55:57","guid":{"rendered":"https:\/\/ruiqigo.com\/?post_type=product&#038;p=2847"},"modified":"2025-01-16T13:56:32","modified_gmt":"2025-01-16T05:56:32","slug":"purple-conditioner","status":"publish","type":"product","link":"https:\/\/www.ruiqigo.com\/da\/product\/purple-conditioner","title":{"rendered":"Lilla balsam"},"content":{"rendered":"<h2 class=\"wp-block-heading\">Lilla balsam, der fremstiller almindelige formler<\/h2>\n\n\n\n<p>Vores forsknings- og udviklingsteam har designet formlen med en r\u00e6kke naturlige fugtgivende ingredienser, under hensyntagen til dit h\u00e5rs tilstand og plejebehov, for at sikre, at dit h\u00e5r er fuldt beskyttet under behandlingen.<\/p>\n\n\n\n<p>1. Sheasm\u00f8r: Sheasm\u00f8r har en fugtgivende effekt. Den kan fugte h\u00e5ret i dybden og l\u00e5se vand ind for at forhindre vandtab, og dermed reducere problemet med t\u00f8rt h\u00e5r og spaltede spidser.<\/p>\n\n\n\n<p>2. Violet pigment: Violet pigment udvindes af de naturlige planteviolette kronblade, og er et naturligt pigment med en unik lilla farve og god stabilitet. Det kan hj\u00e6lpe med at regulere og forbedre h\u00e5rfarven, hvilket giver h\u00e5ret en sundere farve.<\/p>\n\n\n\n<p>3. Aloe ekstrakt: Aloe vera har egenskaberne fugtgivende og reparerende, som kan reparere beskadiget h\u00e5r, samtidig med at det fugter h\u00e5ret og g\u00f8r h\u00e5ret mere smidigt.<\/p>\n\n\n\n<p>4. Kokosolie: Kokosolie har ogs\u00e5 en st\u00e6rk fugtgivende effekt med sheasm\u00f8r, udover at den beskytter h\u00e5ret mod UV-str\u00e5ler og andre ydre milj\u00f8er og reducerer proteintab, hvilket fremmer h\u00e5rv\u00e6kst.<\/p>\n\n\n\n<p>5. Havreprotein: Havreprotein er rig p\u00e5 aminosyrer og proteiner, som ikke kun kan give de n\u00f8dvendige n\u00e6ringsstoffer til h\u00e5ret for at forbedre h\u00e5rets styrke og sejhed, men ogs\u00e5 hj\u00e6lpe med at forbedre h\u00e5rets tekstur og glans, s\u00e5 h\u00e5ret bliver st\u00e6rkere og sundere.<\/p>\n\n\n\n<h2 class=\"wp-block-heading\">Funktionerne af Purple Conditioner<\/h2>\n\n\n\n<p>Som producent med fokus p\u00e5 h\u00f8jkvalitetsproduktion l\u00e6gger vi stor v\u00e6gt p\u00e5 kvaliteten og sikkerheden af vores produkter. Hele processen med at producere lilla h\u00e5rbalsam har forskellige kvalitetsinspektionssystemer for at sikre produktets sikkerhed og effektivitet. Lad os tage et kig p\u00e5 dens funktioner:<\/p>\n\n\n\n<p>1. Neutraliser gul: Lilla balsams kernefunktion er at neutralisere messingtonen i blondt h\u00e5r, hvilket efterlader en renere, lysere tone og genopretter h\u00e5rets oprindelige sunde farve.<\/p>\n\n\n\n<p>2. Color lock reparation: Vores h\u00e5rbalsam kan l\u00e5se farven efter farvning, forhindre farven i at falme for hurtigt, og den kan ogs\u00e5 dybt reparere det beskadigede h\u00e5r, hvilket g\u00f8r h\u00e5ret mere smidigt og sundt. V\u00e6r dog opm\u00e6rksom p\u00e5, at den er designet til blondt, lyst og gr\u00e5t h\u00e5r og m\u00e5ske ikke er s\u00e5 effektivt, hvis du har sort h\u00e5r.<\/p>\n\n\n\n<p>3. Fugtgivende og n\u00e6rende: Naturlige fugtgivende og n\u00e6rende ingredienser tils\u00e6ttes balsamen, som kan give n\u00e6ring og fugt til h\u00e5ret i lang tid, forhindre t\u00f8rt h\u00e5r og spaltede spidser, glatte krus og bl\u00f8dg\u00f8re h\u00e5ret.<\/p>\n\n\n\n<p>4. Lindre hovedbunden: Lilla h\u00e5rbalsam indeholder ogs\u00e5 nogle beroligende ingredienser, som kan lindre sp\u00e6ndinger i hovedbunden, slappe af i hovedbunden og fremme optagelsen af n\u00e6ringsstoffer. Yderligere reducerer sk\u00e6l og fremmer sund h\u00e5rv\u00e6kst.<\/p>\n\n\n\n<p>5. Forbedre h\u00e5rkvaliteten: Langtidsbrug kan markant forbedre h\u00e5rets tekstur og glans, blive mere smidigt, glat, st\u00e6rkt og sundt.<\/p>\n\n\n\n<h2 class=\"wp-block-heading\">Hvordan bruger man lilla balsam?<\/h2>\n\n\n\n<p>Vores lilla balsam bruges normalt sammen med lilla shampoo. F\u00f8r du bruger en, b\u00f8r du v\u00e6lge den rigtige til din h\u00e5rtilstand og plejebehov. Emballagen markerer ogs\u00e5, hvordan den skal bruges.<\/p>\n\n\n\n<p>1. Forberedelsesstadiet: V\u00e6d f\u00f8rst h\u00e5ret, varmt vand vil g\u00f8re produktets virkning mere signifikant;<\/p>\n\n\n\n<p>2. Shampoo trin: Vask dit h\u00e5r i henhold til den normale proces, denne proces kan bruge almindelig shampoo eller lilla shampoo. Hvis du bruger en lilla shampoo, p\u00e5f\u00f8r produktet fra r\u00f8dder til spidser for at sikre en j\u00e6vn farvefordeling.<\/p>\n\n\n\n<p>3. H\u00e5rplejestadiet: Efter at have skyllet shampooen ud, tag en passende m\u00e6ngde lilla h\u00e5rbalsam og p\u00e5f\u00f8r den j\u00e6vnt i h\u00e5ret, is\u00e6r hvor farven skal fikseres eller blive gul. S\u00f8rg for, at balsamen n\u00e5r alle h\u00e5rstr\u00e5, is\u00e6r spidserne.<\/p>\n\n\n\n<p>4. Skylletrin: Efter p\u00e5f\u00f8ring skal du lade balsamen sidde i 5-15 minutter, og derefter skylle den af med varmt vand for at sikre, at der ikke er nogen rester. Mass\u00e9r din hovedbund blidt, mens du skyller for at fjerne overskydende olie og balsam. Bem\u00e6rk, at jo l\u00e6ngere opholdstiden er, jo mere tydelig farve\u00e6ndringen er, du kan justere tiden efter dine egne behov.<\/p>\n\n\n\n<h2 class=\"wp-block-heading\">Forsigtighed<\/h2>\n\n\n\n<p>1. Allergiske test b\u00f8r udf\u00f8res f\u00f8r brug. Hvis der opst\u00e5r ubehag, skal du straks stoppe med at bruge;<\/p>\n\n\n\n<p>2. Undg\u00e5 overdreven brug, ellers kan det f\u00f8re til for m\u00f8rk h\u00e5rfarve eller uj\u00e6vne farvepletter;<\/p>\n\n\n\n<p>3. Brug regelm\u00e6ssigt, 2-3 gange om ugen anbefales, undg\u00e5 hyppig brug;<\/p>\n\n\n\n<p>4. V\u00e6r opm\u00e6rksom p\u00e5 h\u00e5r\u00e6ndringer under brug. Hvis der opst\u00e5r ubehag under brug, skal du stoppe med at bruge og konsultere en l\u00e6ge;<\/p>\n\n\n\n<p>5. N\u00e5r du bruger andre h\u00e5rprodukter, skal du s\u00f8rge for, at de er kompatible med lilla h\u00e5rbalsam;<\/p>\n\n\n\n<p>6. Det anbefales at opbevare p\u00e5 et k\u00f8ligt og t\u00f8rt sted, undg\u00e5 direkte sollys og h\u00f8je temperaturer.<\/p>\n\n\n\n<h2 class=\"wp-block-heading\">Konklusion<\/h2>\n\n\n\n<p>Vores lilla balsam tilf\u00f8jer ikke kun en r\u00e6kke naturlige planteekstrakter, men bruger ogs\u00e5 avanceret produktionsteknologi, s\u00e5 hver dr\u00e5be h\u00e5rbalsam indeholder kraftfuld farvereparation og n\u00e6rer og fugter. Uanset om det er modesansen i emballagedesignet eller produktets instinktive overlegne ydeevne, er det designet til at tilf\u00f8je farve til dit brand. Vi tilbyder naturligvis ogs\u00e5 en r\u00e6kke forskellige h\u00e5rplejel\u00f8sninger, er du ogs\u00e5 interesseret, s\u00e5 kontakt os endelig.<\/p>","protected":false},"excerpt":{"rendered":"Purple Conditioner Manufacturing Common Formulas Our research and development team has designed the formula with a variety of natural moisturizing ingredients, taking into account your hair&#8217;s condition and care needs, to ensure that your hair is fully protected during treatment. 1. Shea butter: Shea butter has a moisturizing effect. It can deeply moisturize hair and [&hellip;]","protected":false},"featured_media":2848,"menu_order":0,"template":"","meta":[],"product-tag":[],"products":[52],"class_list":["post-2847","product","type-product","status-publish","has-post-thumbnail","hentry","products-conditioner"],"acf":[],"_links":{"self":[{"href":"https:\/\/www.ruiqigo.com\/da\/wp-json\/wp\/v2\/product\/2847","targetHints":{"allow":["GET"]}}],"collection":[{"href":"https:\/\/www.ruiqigo.com\/da\/wp-json\/wp\/v2\/product"}],"about":[{"href":"https:\/\/www.ruiqigo.com\/da\/wp-json\/wp\/v2\/types\/product"}],"version-history":[{"count":0,"href":"https:\/\/www.ruiqigo.com\/da\/wp-json\/wp\/v2\/product\/2847\/revisions"}],"wp:featuredmedia":[{"embeddable":true,"href":"https:\/\/www.ruiqigo.com\/da\/wp-json\/wp\/v2\/media\/2848"}],"wp:attachment":[{"href":"https:\/\/www.ruiqigo.com\/da\/wp-json\/wp\/v2\/media?parent=2847"}],"wp:term":[{"taxonomy":"product-tag","embeddable":true,"href":"https:\/\/www.ruiqigo.com\/da\/wp-json\/wp\/v2\/product-tag?post=2847"},{"taxonomy":"products","embeddable":true,"href":"https:\/\/www.ruiqigo.com\/da\/wp-json\/wp\/v2\/products?post=2847"}],"curies":[{"name":"wp","href":"https:\/\/api.w.org\/{rel}","templated":true}]}}