{"id":2853,"date":"2025-01-17T17:00:37","date_gmt":"2025-01-17T09:00:37","guid":{"rendered":"https:\/\/ruiqigo.com\/?post_type=product&#038;p=2853"},"modified":"2025-01-17T17:00:40","modified_gmt":"2025-01-17T09:00:40","slug":"clove-essential-oil","status":"publish","type":"product","link":"https:\/\/www.ruiqigo.com\/da\/product\/clove-essential-oil","title":{"rendered":"Fed \u00e6terisk olie"},"content":{"rendered":"<h2 class=\"wp-block-heading\">F\u00e6lles formler til fremstilling af \u00e6teriske olier<\/h2>\n\n\n\n<p>I produktionsprocessen udv\u00e6lger vi ikke kun omhyggeligt r\u00e5varer af h\u00f8j kvalitet, men bruger ogs\u00e5 avanceret ekstraktionsteknologi og et strengt kvalitetskontrolsystem, der sigter mod at bevare den maksimale aktive ingrediens af nellike \u00e6terisk olie. Her er dens vigtigste ingredienser:<\/p>\n\n\n\n<p>1. E-vitamin: Som en antioxidant kan E-vitamin bek\u00e6mpe skader fra frie radikaler og bevare celleintegriteten og derved forbedre hovedbundens blodcirkulation. Samtidig kan det ogs\u00e5 fremme hudens stofskifte og styrke hudens fugtgivende evne. Dette er ikke kun med til at reducere produktionen af rynker og g\u00f8re huden mere elastisk, men forbedrer ogs\u00e5 den ru og t\u00f8rre hudsituation, idet den bliver mere glat og sart.<\/p>\n\n\n\n<p>2. Eugenol: Eugenol er hovedkomponenten, som har betydelige antibakterielle og antiinflammatoriske virkninger, kan h\u00e6mme bakteriev\u00e6kst og kan bruges til at forhindre orale problemer s\u00e5som orale infektioner. Dens anti-inflammatoriske egenskaber lindrer muskel- og ledsmerter og h\u00e6mmer nerveledning for at reducere orale smerter, s\u00e5 det bruges ofte som smertestillende bed\u00f8velsesmiddel. Derudover har det ogs\u00e5 den effekt at fremme ford\u00f8jelsen og forbedre tarmfloraen, hvilket yderligere kan forbedre ford\u00f8jelsesfunktionen.<\/p>\n\n\n\n<p>3. Beta-caroten: Beta-caroten omdannes af kroppen til vitamin A, som regulerer talg i h\u00e5rs\u00e6kkens cyklus og giver hovedbunden rige n\u00e6ringsstoffer. S\u00e5 langtidsbrug kan forhindre t\u00f8rt h\u00e5r, sk\u00f8rt og h\u00e5rtab og holde h\u00e5ret sundt og skinnende. Samtidig kan det ogs\u00e5 fremme v\u00e6kst og udvikling og styrke immuniteten.<\/p>\n\n\n\n<p>4. Fedtsyrer: Fedtsyrer har en vis antibakteriel aktivitet, kan styrke effektiviteten af nelliker \u00e6terisk olie og hj\u00e6lpe med at forhindre h\u00e5rtab og hovedbundsirritation for at g\u00f8re h\u00e5ret st\u00e6rkere og sundere.<\/p>\n\n\n\n<h2 class=\"wp-block-heading\">Funktionerne af nellike \u00e6terisk olie<\/h2>\n\n\n\n<p>Vi kender v\u00e6rdien og potentialet af nellike \u00e6terisk olie, og gennem den kontinuerlige forskningsudvikling og innovation af R&amp;D-teamet har vi skabt dette rene og alt-i-et produkt.<\/p>\n\n\n\n<p>1. Antibakteriel og anti-inflammatorisk: Fed \u00e6terisk olie er popul\u00e6r for sine fremragende antibakterielle og anti-inflammatoriske egenskaber, som hurtigt kan h\u00e6mme bakteriev\u00e6kst og reducere inflammation. Derfor kan den afgifte h\u00e5r, reducere poreblokering, forebygge forskellige hudsygdomme og svampeinfektioner og kan ogs\u00e5 bruges som naturlig bed\u00f8velse til at lindre irritation og h\u00e6velse af bet\u00e6ndte omr\u00e5der.<\/p>\n\n\n\n<p>2. Fremme mave-tarm-sundhed: Vores \u00e6teriske olier kan fremme produktionen af maveslim for at beskytte slimhinden i ford\u00f8jelseskanalen og derved fremme gastrointestinal motilitet, som er befordrende for ford\u00f8jelsen og optagelsen af mad. Det kan ogs\u00e5 behandle en r\u00e6kke forskellige tarmsundhedsproblemer, s\u00e5som k\u00f8resyge, oppustethed, ford\u00f8jelsesbesv\u00e6r, oppustethed og kvalme.<\/p>\n\n\n\n<p>3. Forebyg mundsygdomme: Fed \u00e6terisk olie kan fortyndes til at gurgle, hvilket ikke kun kan eliminere d\u00e5rlig \u00e5nde og lindre tandpine og tanderosion, men ogs\u00e5 effektivt forhindre huller i t\u00e6nderne og tandk\u00f8dsbet\u00e6ndelse.<\/p>\n\n\n\n<p>4. Fremme sundhed: Fed \u00e6terisk olie har en r\u00e6kke aktive stoffer, som kan styrke kroppens immunforsvar og fremme et godt helbred. Det kan \u00f8ge indtaget af cellul\u00e6rt blodsukker og fremme insulinsekretion og derved forbedre insulinproducerende celler, hj\u00e6lpe med at udvide aorta, lindre forh\u00f8jet blodtryk og forbedre leverfunktion og andre symptomer.<\/p>\n\n\n\n<p>5. Beroligende krop og sind: Den unikke aroma af nelliker er b\u00e5de krydret og varm, kan bruges til r\u00f8gelse terapi, denne proces kan lindre trykken for brystet for\u00e5rsaget af f\u00f8lelsesm\u00e6ssig depression, og slappe af kroppen og sindet og stress, lindre angst. Det er ogs\u00e5 godt for koncentrationen og hukommelsen.<\/p>\n\n\n\n<p>6. H\u00e5rpleje: N\u00e5r de bruges sammen med h\u00e5rplejeprodukter, udnytter vores produkter fuldt ud deres antibakterielle og antioxidante egenskaber og reducerer dermed sk\u00e6l og hovedbundskl\u00f8e. De fjerner ogs\u00e5 effektivt olie og snavs fra h\u00e5ret, hvilket giver fuld n\u00e6ring til h\u00e5ret for en sund h\u00e5rv\u00e6kst.<\/p>\n\n\n\n<p>7. Forbedre hudkvaliteten: Fed \u00e6terisk olie kan forebygge forskellige hudsygdomme og svampeinfektioner, reducere hudbet\u00e6ndelse og r\u00f8dme, forbedre hudkvaliteten og g\u00f8re din hud mere glat og sart. Det reducerer ogs\u00e5 fugttab i huden, forhindrer t\u00f8rhed og beskytter din hud.<\/p>\n\n\n\n<h2 class=\"wp-block-heading\">Hvordan bruger man \u00e6terisk nellikeolie?<\/h2>\n\n\n\n<p>Fed \u00e6terisk olie er meget udbredt, velegnet til de fleste scenarier og kan bruges p\u00e5 mange m\u00e5der. Vi markerer brugsmetoden p\u00e5 den f\u00e6rdige produktemballage, og du b\u00f8r ogs\u00e5 v\u00e6lge efter din hudtilstand ved k\u00f8b.<\/p>\n\n\n\n<p>1. Lokal p\u00e5f\u00f8ring: Den \u00e6teriske olie og andre basisolier blandes og fortyndes i forhold og p\u00e5f\u00f8res derefter lokalt p\u00e5 de dele, der skal behandles, som forsigtigt kan masseres og absorberes.<\/p>\n\n\n\n<p>2. Aromaterapi: Drop et par dr\u00e5ber nelliker \u00e6terisk olie i diffusoren og aromaterapi, aromaterapi 1-2 gange om dagen, hver gang anbefales det at aromaterapi i 30 minutter til 1 time eller deromkring.<\/p>\n\n\n\n<p>3. Mundpleje: Bland nelliker \u00e6terisk olie med vand i forhold til og brug til gurgle. Skyl munden i cirka 30 sekunder tre gange om dagen.<\/p>\n\n\n\n<p>4. Dampind\u00e5nding: Bland nelliker \u00e6terisk olie med \u00e6terisk cederolie, eukalyptus \u00e6terisk olie osv., og tils\u00e6t det til dampinhalatoren til dampind\u00e5nding. Hver inhalation 10-15 minutter, 2-3 gange om dagen, er denne proces befordrende for sterilisering og rensning af luften og kan lindre luftvejsinfektioner.<\/p>\n\n\n\n<h2 class=\"wp-block-heading\">Forsigtighed<\/h2>\n\n\n\n<p>1. V\u00e6lg en passende fed \u00e6terisk olie i henhold til din hudtype f\u00f8r brug;<\/p>\n\n\n\n<p>2 Fed \u00e6terisk olie koncentrationen er meget h\u00f8j, hvis du vil p\u00e5f\u00f8re den skal den fortyndes med basisolien i forhold til brug<\/p>\n\n\n\n<p>3. Allergiske test b\u00f8r udf\u00f8res f\u00f8r brug. Hvis der opst\u00e5r ubehag, skal du straks stoppe med at bruge;<\/p>\n\n\n\n<p>4. Undg\u00e5 kontakt med f\u00f8lsomme omr\u00e5der s\u00e5som \u00f8jne. I tilf\u00e6lde af kontakt, skyl straks med vand og s\u00f8g l\u00e6gehj\u00e6lp.<\/p>\n\n\n\n<p>5. Hold fed \u00e6terisk olie utilg\u00e6ngeligt for b\u00f8rn for at undg\u00e5 indtagelse eller misbrug;<\/p>\n\n\n\n<p>6. Det anbefales at opbevare p\u00e5 et k\u00f8ligt og t\u00f8rt sted, v\u00e6k fra direkte sollys og et fugtigt milj\u00f8 med h\u00f8je temperaturer.<\/p>\n\n\n\n<h2 class=\"wp-block-heading\">Konklusion<\/h2>\n\n\n\n<p>Som producent med fokus p\u00e5 h\u00f8jkvalitetsproduktion af nelliker sikrer vi, at hver dr\u00e5be \u00e6terisk olie spiller sin rolle, ikke kun ved at k\u00f8be naturlige, rene og forureningsfrie r\u00e5varer, men ogs\u00e5 gennem avanceret produktionsudstyr til at udvinde \u00e6terisk olie. I hele denne proces er der et komplet kvalitetskontrolsystem for at sikre produktets sikkerhed og effektivitet. Vi leverer naturligvis ogs\u00e5 et komplet udvalg af kundetilpassede tjenester og kan levere skr\u00e6ddersyede l\u00f8sninger efter dine behov, for at hj\u00e6lpe dig med hurtigt at \u00e5bne markedet og opn\u00e5 en konkurrencefordel. Hvis du er interesseret, bedes du kontakte os med det samme.<\/p>","protected":false},"excerpt":{"rendered":"Clove Essential Oil Manufacturing Common Formulas In the production process, we not only carefully select high-quality raw materials, but also use advanced extraction technology and a strict quality control system, aiming to retain the maximum active ingredient of clove essential oil. Here are its main ingredients: 1. Vitamin E: As an antioxidant, vitamin E can [&hellip;]","protected":false},"featured_media":2854,"menu_order":0,"template":"","meta":[],"product-tag":[],"products":[53],"class_list":["post-2853","product","type-product","status-publish","has-post-thumbnail","hentry","products-essential-oil"],"acf":[],"_links":{"self":[{"href":"https:\/\/www.ruiqigo.com\/da\/wp-json\/wp\/v2\/product\/2853","targetHints":{"allow":["GET"]}}],"collection":[{"href":"https:\/\/www.ruiqigo.com\/da\/wp-json\/wp\/v2\/product"}],"about":[{"href":"https:\/\/www.ruiqigo.com\/da\/wp-json\/wp\/v2\/types\/product"}],"version-history":[{"count":0,"href":"https:\/\/www.ruiqigo.com\/da\/wp-json\/wp\/v2\/product\/2853\/revisions"}],"wp:featuredmedia":[{"embeddable":true,"href":"https:\/\/www.ruiqigo.com\/da\/wp-json\/wp\/v2\/media\/2854"}],"wp:attachment":[{"href":"https:\/\/www.ruiqigo.com\/da\/wp-json\/wp\/v2\/media?parent=2853"}],"wp:term":[{"taxonomy":"product-tag","embeddable":true,"href":"https:\/\/www.ruiqigo.com\/da\/wp-json\/wp\/v2\/product-tag?post=2853"},{"taxonomy":"products","embeddable":true,"href":"https:\/\/www.ruiqigo.com\/da\/wp-json\/wp\/v2\/products?post=2853"}],"curies":[{"name":"wp","href":"https:\/\/api.w.org\/{rel}","templated":true}]}}