{"id":286,"date":"2024-07-05T16:24:54","date_gmt":"2024-07-05T08:24:54","guid":{"rendered":"https:\/\/ruiqigo.com\/?post_type=product&#038;p=286"},"modified":"2024-11-15T16:42:19","modified_gmt":"2024-11-15T08:42:19","slug":"cinnamon-essential-oil","status":"publish","type":"product","link":"https:\/\/www.ruiqigo.com\/da\/product\/cinnamon-essential-oil","title":{"rendered":"Kanel \u00e6terisk olie"},"content":{"rendered":"<h2 class=\"wp-block-heading\">Kanel \u00e6terisk olie fremstiller almindelige formler<\/h2>\n\n\n\n<p>Kanel \u00e6terisk olie er lavet af kaneltr\u00e6er dyrket p\u00e5 vores egne g\u00e5rde. Med det ideelle subtropiske klima, frugtbar jord og professionelle planteteknikker er barken fra kaneltr\u00e6er af h\u00f8j kvalitet. Under h\u00f8stprocessen er arbejderne dedikerede og omhyggelige med at sikre, at hver batch af r\u00e5materiale n\u00e5r den \u00f8nskede aromaintensitet og indhold af aktive ingredienser. Efter en kompleks ekstraktions- og destillationsproces viser den endelige ekstraherede \u00e6teriske kanelolie en st\u00e6rk kanelaroma, ren farve og fin tekstur, der fuldt ud afspejler r\u00e5varens kvalitetsegenskaber. Som en holdbar kanel \u00e6terisk olie producent l\u00e6gger dette h\u00f8jkvalitets naturlige plantemateriale et solidt grundlag for den fremragende kvalitet af kanel \u00e6terisk olie.<\/p>\n\n\n\n<h2 class=\"wp-block-heading\">\u00a0Kanel \u00e6terisk olie anvendelige scenarier<\/h2>\n\n\n\n<p>Kanel \u00e6terisk olie er bedst egnet til brug i subtropiske eller tropiske klimaer. I de varme, fugtige sommerm\u00e5neder bringer kanel \u00e6terisk olie en forfriskende oplevelse til brugeren, der hj\u00e6lper med at lindre varme og irritable stemninger. I vinterm\u00e5nederne kan den blide aroma af kanel \u00e6terisk olie tilf\u00f8je et strejf af varme til kolde milj\u00f8er, hj\u00e6lpe med at slappe af og berolige sind og krop. Uanset om det er en aromaterapidiffusor i hjemmet eller en udend\u00f8rs wellness-behandling, er kanel \u00e6terisk olie unikt velegnet til forskellige klimaer. Men p\u00e5 grund af den h\u00f8je irritation, skal fortyndes til en sikker koncentration kan bruges, sp\u00e6db\u00f8rn og sm\u00e5b\u00f8rn, gravide og gravide at undg\u00e5 brugen af.<\/p>\n\n\n\n<h2 class=\"wp-block-heading\">Hvem er kanel \u00e6terisk olie egnet til<\/h2>\n\n\n\n<p>Kanel \u00e6terisk olie er velegnet til brugere i alle aldre. For teenagere kan det effektivt forbedre acne og andre hudproblemer, lindre f\u00f8lelsesm\u00e6ssig angst og fremme en god nats s\u00f8vn. For midaldrende og \u00e6ldre mennesker kan kanel \u00e6terisk olie hj\u00e6lpe med at forbedre ledsmerter, styrke immunforsvaret og forebygge hjerte-kar-sygdomme. P\u00e5 grund af den h\u00f8je irritation skal det dog fortyndes til en sikker koncentration f\u00f8r brug, og sp\u00e6db\u00f8rn og gravide b\u00f8r undg\u00e5 at bruge det.<\/p>\n\n\n\n<h2 class=\"wp-block-heading\">Produktionsproces for kanel \u00e6terisk olie<\/h2>\n\n\n\n<p>Produktionsprocessen for kanel \u00e6terisk olie er ret kompleks og kr\u00e6ver omhyggelig plantningsstyring, h\u00f8st og forarbejdning, ekstraktion og destillation. F\u00f8rst og fremmest vil landarbejderne regelm\u00e6ssigt besk\u00e6re tr\u00e6erne for at sikre, at tr\u00e6erne bliver st\u00e6rke og producerer rigeligt. I h\u00f8sts\u00e6sonen plukker de forsigtigt barken p\u00e5 tr\u00e6erne for at undg\u00e5 skader. Som en milj\u00f8venlig producent af \u00e6terisk kanel kommer r\u00e5materialet derefter ind i ekstraktionsanl\u00e6gget, hvor det gennemg\u00e5r dampdestillation ved h\u00f8je temperaturer for at udvinde den rene og rige \u00e6teriske kanelolie.<\/p>","protected":false},"excerpt":{"rendered":"Cinnamon essential oil manufacturing common formulas Cinnamon essential oil is made from cinnamon trees grown on our own farms. With the ideal subtropical climate, fertile soil and professional planting techniques, the bark of cinnamon trees is of high quality. During the harvesting process, workers are dedicated and careful to ensure that each batch of raw [&hellip;]","protected":false},"featured_media":287,"menu_order":0,"template":"","meta":[],"product-tag":[],"products":[53],"class_list":["post-286","product","type-product","status-publish","has-post-thumbnail","hentry","products-essential-oil"],"acf":[],"_links":{"self":[{"href":"https:\/\/www.ruiqigo.com\/da\/wp-json\/wp\/v2\/product\/286","targetHints":{"allow":["GET"]}}],"collection":[{"href":"https:\/\/www.ruiqigo.com\/da\/wp-json\/wp\/v2\/product"}],"about":[{"href":"https:\/\/www.ruiqigo.com\/da\/wp-json\/wp\/v2\/types\/product"}],"version-history":[{"count":0,"href":"https:\/\/www.ruiqigo.com\/da\/wp-json\/wp\/v2\/product\/286\/revisions"}],"wp:featuredmedia":[{"embeddable":true,"href":"https:\/\/www.ruiqigo.com\/da\/wp-json\/wp\/v2\/media\/287"}],"wp:attachment":[{"href":"https:\/\/www.ruiqigo.com\/da\/wp-json\/wp\/v2\/media?parent=286"}],"wp:term":[{"taxonomy":"product-tag","embeddable":true,"href":"https:\/\/www.ruiqigo.com\/da\/wp-json\/wp\/v2\/product-tag?post=286"},{"taxonomy":"products","embeddable":true,"href":"https:\/\/www.ruiqigo.com\/da\/wp-json\/wp\/v2\/products?post=286"}],"curies":[{"name":"wp","href":"https:\/\/api.w.org\/{rel}","templated":true}]}}