{"id":2899,"date":"2025-01-21T16:29:00","date_gmt":"2025-01-21T08:29:00","guid":{"rendered":"https:\/\/ruiqigo.com\/?post_type=product&#038;p=2899"},"modified":"2025-01-21T16:29:31","modified_gmt":"2025-01-21T08:29:31","slug":"mens-body-wash","status":"publish","type":"product","link":"https:\/\/www.ruiqigo.com\/da\/product\/mens-body-wash","title":{"rendered":"Body Wash til m\u00e6nd"},"content":{"rendered":"<h2 class=\"wp-block-heading\">Almindelige formler til fremstilling af m\u00e6nds kropss\u00e6be<\/h2>\n\n\n\n<p>I produktionen og udviklingen af herres\u00e6be har vi designet en r\u00e6kke forskellige formler i henhold til forskellige hudtyper og hudplejebehov, og ingredienserne i de forskellige formler er forskellige. F\u00f8r du bruger det, b\u00f8r du v\u00e6lge et produkt, der passer til din hudtype.<\/p>\n\n\n\n<p>1. Lavendelolie: Den varme og elegante aroma af lavendel kan ikke kun afslappe krop og sind og lindre stress, men den varer ogs\u00e5 l\u00e6nge og hj\u00e6lper dig med at fjerne lugte. Samtidig kan dens antiinflammatoriske egenskaber reducere r\u00f8dme og bumser i huden og regulere hudens olieproduktion for at reducere en fedtet f\u00f8lelse.<\/p>\n\n\n\n<p>2. Moringafr\u00f8olie: Moringafr\u00f8olie er rig p\u00e5 antioxidanter, som kan bek\u00e6mpe skader fra frie radikaler, opretholde niveauet af kollagen og hyaluronsyre og forsinke hudens \u00e6ldning. Dens n\u00e6ringsstoffer hj\u00e6lper med at reparere beskadiget hud, forbedre hudens tekstur og n\u00e6re huden, samtidig med at den beskytter den mod solskader.<\/p>\n\n\n\n<p>3. Arganolie: Arganolie er let og nem at absorbere, hvilket efterlader huden glat og delikat efter brug. M\u00e6nd har ogs\u00e5 en tendens til at producere mere olie, og overskydende olie p\u00e5 huden kan f\u00f8re til tilstoppede porer og \u00f8mme pletter. Vores arganolie hj\u00e6lper med at regulere talgproduktionen og giver dyb hydrering.<\/p>\n\n\n\n<p>4. Aloe Vera: Naturlig aloe vera indeholder en r\u00e6kke vitaminer samt hudplejeingredienser, der ikke kun fremmer kollagenproduktionen for at beskytte huden mod skader, men ogs\u00e5 beroliger irriteret og solskoldet hud og fremmer s\u00e5rheling. Derudover hj\u00e6lper dens enzymer med at eksfoliere og fjerne d\u00f8de hudceller og danne en beskyttende film for at forhindre vandtab.<\/p>\n\n\n\n<p>5. Salicylsyre: Salicylsyre kan tr\u00e6nge ind i porerne, effektivt fjerne olie og snavs p\u00e5 hudoverfladen og fremme hudens stofskifte for at reducere overdreven olieudskillelse.<\/p>\n\n\n\n<h2 class=\"wp-block-heading\">Funktionerne af herre-body wash<\/h2>\n\n\n\n<p>For at give dig den ultimative badeoplevelse bruger vi naturlige, rene og forureningsfri ingredienser. Uanset om du har brug for at fugte din hud, kontrollere olie eller bek\u00e6mpe s\u00e5r p\u00e5 kroppen og have anden s\u00e6rlig pleje, kan vores body wash omhyggeligt pleje din hud, selv f\u00f8lsomme muskler.<\/p>\n\n\n\n<p>1. Dybderensning: Herres\u00e6be har en st\u00e6rk renseevne. Den kan tr\u00e6nge ind i porerne og producere et rigt skum, der fjerner snavs, olie og urenheder fra huden, s\u00e5 din hud forbliver frisk og ikke fedtet.<\/p>\n\n\n\n<p>2. Fugtgivende og fugtgivende: Vores body wash tils\u00e6tter en r\u00e6kke fugtgivende ingredienser, der genopbygger hudens fugtighed og holder den fast for at forhindre t\u00f8rhed. Den tilf\u00f8rer ogs\u00e5 n\u00e6ringsstoffer, der hj\u00e6lper med at forbedre hudens tekstur og genoprette hudens elasticitet.<\/p>\n\n\n\n<p>3. Forfriskende oliekontrol: Oliekontrol-ingredienser i kropsvask kan regulere olieudskillelsen og reducere en fedtet fornemmelse. Langvarig brug hj\u00e6lper med at reducere olieudskillelsen for at opn\u00e5 en oliekontrol-effekt.<\/p>\n\n\n\n<p>4. Fjernelse af siddes\u00e5r: Regelm\u00e6ssig brug kan reducere bakterier og inflammation p\u00e5 huden, samt ophobning af d\u00f8de hudceller, hvorved akne og siddes\u00e5r forebygges og hudens generelle sundhed fremmes.<\/p>\n\n\n\n<p>5. Vedvarende duft: Duftingredienserne i herres\u00e6be har en langvarig duftbevaringsevne, hvilket bidrager til at reducere lugt, forbedre personlig charme og \u00f8ge selvtilliden.<\/p>\n\n\n\n<h2 class=\"wp-block-heading\">Hvordan bruger man en body wash til m\u00e6nd?<\/h2>\n\n\n\n<p>Den rigtige m\u00e5de at bruge det p\u00e5 vil hj\u00e6lpe dig med at nyde dit bad bedre og f\u00f8re til bedre hudpleje. Vi vil ogs\u00e5 m\u00e6rke brugen af produktet p\u00e5 emballagen.<\/p>\n\n\n\n<p>1. Fugt huden: G\u00f8r kroppen v\u00e5d, inden du bruger showergel. Du kan bruge varmt vand til bedre at \u00e5bne porerne.<\/p>\n\n\n\n<p>2. Gnid og skum op: P\u00e5f\u00f8r en passende m\u00e6ngde herre-body wash i h\u00e5ndfladen eller badebolden og gnid for at skumme op;<\/p>\n\n\n\n<p>3. Massage: Fordel skummet j\u00e6vnt p\u00e5 hele kroppen og mass\u00e9r det blidt. Is\u00e6r albuer, kn\u00e6 og andre omr\u00e5der med tykke negleb\u00e5nd kan forl\u00e6nge massagetiden p\u00e5 passende vis.<\/p>\n\n\n\n<p>4. Skyl med vand: Efter massage skylles skummet med vand for at sikre, at der ikke er skumrester, og t\u00f8rres forsigtigt med et h\u00e5ndkl\u00e6de;<\/p>\n\n\n\n<p>5. Opf\u00f8lgende pleje: Efter et bad kan du bruge bodylotion eller fugtighedscreme for at holde huden fugtig og bl\u00f8d, is\u00e6r i t\u00f8rre og kolde omgivelser.<\/p>\n\n\n\n<h2 class=\"wp-block-heading\">Forsigtighed<\/h2>\n\n\n\n<p>1. V\u00e6lg en passende s\u00e6be til m\u00e6nd i henhold til din hudtype inden brug;<\/p>\n\n\n\n<p>2. Allergiske tests b\u00f8r udf\u00f8res f\u00f8r brug. Hvis der opst\u00e5r ubehag, skal brugen straks stoppes og en l\u00e6ge konsulteres.<\/p>\n\n\n\n<p>3. Undg\u00e5 overdreven reng\u00f8ring. Det anbefales at bruge \u00e9n gang dagligt. Hvis huden er f\u00f8lsom, kan du bruge den 2-3 gange om ugen.<\/p>\n\n\n\n<p>4. V\u00e6r opm\u00e6rksom p\u00e5 ingrediensernes sikkerhed, tjek ingredienslisten, n\u00e5r du v\u00e6lger, og undg\u00e5 at bruge produkter, der indeholder irriterende eller allergifremkaldende ingredienser;<\/p>\n\n\n\n<p>5. Det anbefales at opbevare det k\u00f8ligt og t\u00f8rt, undg\u00e5 direkte sollys og milj\u00f8er med h\u00f8j temperatur, og v\u00e6r opm\u00e6rksom p\u00e5 forsegling.<\/p>\n\n\n\n<h2 class=\"wp-block-heading\">Konklusion<\/h2>\n\n\n\n<p>For dem af jer, der s\u00f8ger kvalitet og effektivitet, er vores herre-body wash det bedste valg. Vi integrerer ikke kun den dobbelte effekt af dybderensning og dybdeg\u00e5ende fugtighedscreme, men har ogs\u00e5 avanceret produktionsudstyr og et storstilet produktionsv\u00e6rksted, der kan im\u00f8dekomme storskalaproduktion. Vores emballagedesign fremh\u00e6ver smagen og stilen hos urbane m\u00e6nd og hj\u00e6lper jer med at skille jer ud p\u00e5 det konkurrencepr\u00e6gede marked. Kontakt os venligst, hvis du er interesseret.<\/p>\n\n\n\n<p><\/p>","protected":false},"excerpt":{"rendered":"Men\u2019s Body Wash Manufacturing Common Formulas In the production and development of men&#8217;s body wash, we have designed a variety of formulas according to different skin types and skin care needs, and the ingredients of different formulas are different. Before you use it, you should choose a product that is suitable for your skin type. [&hellip;]","protected":false},"featured_media":2900,"menu_order":0,"template":"","meta":[],"product-tag":[],"products":[57],"class_list":["post-2899","product","type-product","status-publish","has-post-thumbnail","hentry","products-body-wash"],"acf":[],"_links":{"self":[{"href":"https:\/\/www.ruiqigo.com\/da\/wp-json\/wp\/v2\/product\/2899","targetHints":{"allow":["GET"]}}],"collection":[{"href":"https:\/\/www.ruiqigo.com\/da\/wp-json\/wp\/v2\/product"}],"about":[{"href":"https:\/\/www.ruiqigo.com\/da\/wp-json\/wp\/v2\/types\/product"}],"version-history":[{"count":0,"href":"https:\/\/www.ruiqigo.com\/da\/wp-json\/wp\/v2\/product\/2899\/revisions"}],"wp:featuredmedia":[{"embeddable":true,"href":"https:\/\/www.ruiqigo.com\/da\/wp-json\/wp\/v2\/media\/2900"}],"wp:attachment":[{"href":"https:\/\/www.ruiqigo.com\/da\/wp-json\/wp\/v2\/media?parent=2899"}],"wp:term":[{"taxonomy":"product-tag","embeddable":true,"href":"https:\/\/www.ruiqigo.com\/da\/wp-json\/wp\/v2\/product-tag?post=2899"},{"taxonomy":"products","embeddable":true,"href":"https:\/\/www.ruiqigo.com\/da\/wp-json\/wp\/v2\/products?post=2899"}],"curies":[{"name":"wp","href":"https:\/\/api.w.org\/{rel}","templated":true}]}}