{"id":291,"date":"2024-07-05T16:27:41","date_gmt":"2024-07-05T08:27:41","guid":{"rendered":"https:\/\/ruiqigo.com\/?post_type=product&#038;p=291"},"modified":"2024-11-15T16:41:32","modified_gmt":"2024-11-15T08:41:32","slug":"organic-essential-oil","status":"publish","type":"product","link":"https:\/\/www.ruiqigo.com\/da\/product\/organic-essential-oil","title":{"rendered":"\u00d8kologisk \u00e6terisk olie"},"content":{"rendered":"<h2 class=\"wp-block-heading\">\u00d8kologisk \u00e6terisk olie fremstiller almindelige formler<\/h2>\n\n\n\n<p>\u00d8kologisk \u00e6terisk olie kommer fra certificerede \u00f8kologiske g\u00e5rde, som bruger naturlige og forureningsfrie landbrugsmetoder for at sikre, at r\u00e5varerne ikke indeholder kemikalier. Arbejderne er ekstremt forsigtige under h\u00f8stprocessen for at undg\u00e5 at beskadige planterne. Efter en professionel ekstraktionsproces bevarer de ekstraherede organiske \u00e6teriske olier planternes originale aromatiske aktivitet, hvilket sikrer den bedste kvalitet og effektivitet. Som en fremragende producent af \u00f8kologiske \u00e6teriske olier giver denne standardiserede kontrol af dyrkning og ekstraktion en solid garanti for kvaliteten af \u00f8kologiske \u00e6teriske olier.<\/p>\n\n\n\n<h2 class=\"wp-block-heading\">\u00d8kologisk \u00e6terisk olie anvendelige scenarier<\/h2>\n\n\n\n<p>Som essensen af naturlige planter kan \u00f8kologiske \u00e6teriske olier fungere godt i en r\u00e6kke forskellige milj\u00f8er. I de varme sommerm\u00e5neder kan den forfriskende aroma af \u00f8kologiske \u00e6teriske olier v\u00e6re med til at lindre varmen og tilf\u00f8je en afslappende og behagelig oplevelse. I de kolde vinterm\u00e5neder kan den blide duft af \u00f8kologiske \u00e6teriske olier bringe varme og lindring til brugeren og forbedre f\u00f8lelsesm\u00e6ssig angst. Uanset om det er til indend\u00f8rs aromaterapi eller udend\u00f8rs aktiviteter, giver \u00f8kologiske \u00e6teriske olier en unik naturlig oplevelse. Deres alsidighed g\u00f8r dem ideelle til en lang r\u00e6kke lejligheder.<\/p>\n\n\n\n<h2 class=\"wp-block-heading\">Hvem er \u00d8kologisk \u00e6terisk olie egnet til<\/h2>\n\n\n\n<p>\u00d8kologiske \u00e6teriske olier er velegnede til en bred vifte af mennesker, inklusive dem, der s\u00f8ger naturlige midler til at forbedre hudtilstande, lindre stress, h\u00f8jne hum\u00f8r eller nyde en aromaterapioplevelse. Uanset om du er en person med f\u00f8lsom hud, en kontormedarbejder, der s\u00f8ger afslapning, en husmor, der \u00f8nsker at forbedre din livskvalitet, eller en naturmedicinsk entusiast, der bekymrer sig om dit helbred, kan \u00f8kologiske \u00e6teriske olier give dig naturlige, rene behandlinger og beroligende effekter. \u00d8kologiske \u00e6teriske olier b\u00f8r dog bruges med forsigtighed til gravide kvinder, b\u00f8rn, personer, der lider af specifikke sygdomme og personer med s\u00e6rligt f\u00f8lsom hud eller fysisk ubehag.<\/p>\n\n\n\n<h2 class=\"wp-block-heading\">Produktionsproces for \u00f8kologisk \u00e6terisk olie<\/h2>\n\n\n\n<p>Som en fremragende producent af \u00f8kologiske \u00e6teriske olier er produktionsprocessen af \u00f8kologiske \u00e6teriske olier ret specialiseret og kompleks, fra dyrkning af r\u00e5varer til den endelige ekstraktion, skal hvert trin kontrolleres strengt. Virksomheden har ikke kun indf\u00f8rt avanceret testudstyr til fuldt ud at overv\u00e5ge hvert parti af r\u00e5varer, men ogs\u00e5 etableret et perfekt kvalitetsstyringssystem for at sikre, at produkterne opfylder de \u00f8kologiske certificeringsstandarder. Under udvindingsprocessen, som en producent af pr\u00e6cision af organisk \u00e6terisk olie, bruger arbejdere lav temperatur og lavt tryk for at minimere skaden p\u00e5 plantekomponenterne og bevare den bedste aktivitet af r\u00e5materialerne.<\/p>\n\n\n\n<p><\/p>","protected":false},"excerpt":{"rendered":"Organic essential oil manufacturing common formulas Organic essential oil are sourced from certified organic farms, which use natural and pollution-free farming methods to ensure that the raw materials do not contain any chemicals. Workers are extremely careful during the harvesting process to avoid damaging the plants. After a professional extraction process, the extracted organic essential [&hellip;]","protected":false},"featured_media":371,"menu_order":0,"template":"","meta":[],"product-tag":[],"products":[53],"class_list":["post-291","product","type-product","status-publish","has-post-thumbnail","hentry","products-essential-oil"],"acf":[],"_links":{"self":[{"href":"https:\/\/www.ruiqigo.com\/da\/wp-json\/wp\/v2\/product\/291","targetHints":{"allow":["GET"]}}],"collection":[{"href":"https:\/\/www.ruiqigo.com\/da\/wp-json\/wp\/v2\/product"}],"about":[{"href":"https:\/\/www.ruiqigo.com\/da\/wp-json\/wp\/v2\/types\/product"}],"version-history":[{"count":0,"href":"https:\/\/www.ruiqigo.com\/da\/wp-json\/wp\/v2\/product\/291\/revisions"}],"wp:featuredmedia":[{"embeddable":true,"href":"https:\/\/www.ruiqigo.com\/da\/wp-json\/wp\/v2\/media\/371"}],"wp:attachment":[{"href":"https:\/\/www.ruiqigo.com\/da\/wp-json\/wp\/v2\/media?parent=291"}],"wp:term":[{"taxonomy":"product-tag","embeddable":true,"href":"https:\/\/www.ruiqigo.com\/da\/wp-json\/wp\/v2\/product-tag?post=291"},{"taxonomy":"products","embeddable":true,"href":"https:\/\/www.ruiqigo.com\/da\/wp-json\/wp\/v2\/products?post=291"}],"curies":[{"name":"wp","href":"https:\/\/api.w.org\/{rel}","templated":true}]}}