{"id":296,"date":"2024-07-05T16:38:45","date_gmt":"2024-07-05T08:38:45","guid":{"rendered":"https:\/\/ruiqigo.com\/?post_type=product&#038;p=296"},"modified":"2024-11-15T16:40:07","modified_gmt":"2024-11-15T08:40:07","slug":"tea-tree-essential-oil","status":"publish","type":"product","link":"https:\/\/www.ruiqigo.com\/da\/product\/tea-tree-essential-oil","title":{"rendered":"Tea tree \u00e6terisk olie"},"content":{"rendered":"<h2 class=\"wp-block-heading\">Tea tree \u00e6terisk olie fremstiller almindelige formler<\/h2>\n\n\n\n<p>Tea tree \u00e6terisk olie stammer fra certificerede \u00f8kologiske plantager, hvor tetr\u00e6erne dyrkes p\u00e5 en naturlig og \u00f8kologisk m\u00e5de uden kemiske tils\u00e6tningsstoffer. Under h\u00f8stprocessen er arbejderne meget omhyggelige med at undg\u00e5 at skade tetr\u00e6erne s\u00e5 meget som muligt. Som en f\u00f8rende producent af \u00e6teriske tetr\u00e6er bliver tetr\u00e6et destilleret og ekstraheret, hvilket fuldt ud bevarer de originale aktive ingredienser i tetr\u00e6et, s\u00e5som monoterpener, for at sikre den bedste kvalitet af den \u00e6teriske olie.<\/p>\n\n\n\n<h2 class=\"wp-block-heading\">Tea tree \u00e6terisk olie anvendelige scenarier<\/h2>\n\n\n\n<p>Tea Tree \u00e6terisk olie fungerer godt i en r\u00e6kke forskellige klimaer p\u00e5 grund af dens unikke friske aroma og bredspektrede antiseptiske egenskaber. I de varme, fugtige sommerm\u00e5neder kan det hj\u00e6lpe med at lindre kl\u00f8ende hud og h\u00e6mme bakteriev\u00e6kst; i de kolde, t\u00f8rre vinterm\u00e5neder kan tetr\u00e6olie spille en anti-inflammatorisk og fugtgivende rolle for at forbedre hudforholdene. Derudover, til at rense huden, fjerne skoldkopper, herpes, s\u00e5r, pus, vorter, s\u00e5r, forbr\u00e6ndinger, solskoldning, samt forbedre ringorm, fodsvamp, sk\u00e6l og s\u00e5 videre, er Tea Tree \u00e6terisk olie ogs\u00e5 effektiv.<\/p>\n\n\n\n<h2 class=\"wp-block-heading\">Hvem er Tea tree \u00e6terisk olie egnet til<\/h2>\n\n\n\n<p>Tea tree olie kan bruges af en lang r\u00e6kke brugergrupper. Det kan effektivt forbedre acne, eksem og andre hudproblemer, kan ogs\u00e5 hj\u00e6lpe med at lindre led- og muskelsmerter og forbedre immunfunktionen. Det er vigtigt at bem\u00e6rke, at hvis det bruges i ansigtet, skal du passe p\u00e5 ikke at komme for t\u00e6t p\u00e5 \u00f8jenomr\u00e5det og for\u00e5rsage ubehag i \u00f8jnene. Ikke til brug p\u00e5 f\u00f8lsomme hudomr\u00e5der.<\/p>\n\n\n\n<h2 class=\"wp-block-heading\">Tea tree \u00e6terisk olieproduktionsproces<\/h2>\n\n\n\n<p>Tea Tree \u00e6terisk olie kommer prim\u00e6rt fra flere arter af planter i myrtefamilien, Melaleuca alternifolia, hvor den fremherskende art, kendt som Melaleuca alternifolia, er hjemmeh\u00f8rende i Australien. Ved indsamling af r\u00e5materialet h\u00f8stes bladene og skuddene fra hvert tetr\u00e6 netop for at sikre kvaliteten af den udvundne \u00e6teriske olie. Det r\u00e5 tea tree materiale fyldes gennem en bundf\u00e6ldningstank i en destillationsbeholder for at begynde destillationsekstraktionsprocessen. Som en p\u00e5lidelig producent af \u00e6teriske tetr\u00e6er involverer dette trin generering af damp ved opvarmning, s\u00e5 vanddampen, der indeholder den \u00e6teriske olie fra tetr\u00e6et, opsamles af en ledning og afk\u00f8les til en v\u00e6ske. P\u00e5 grund af forskellen i densitet mellem vand og \u00e6terisk olie, skilles den \u00e6teriske olie fra tetr\u00e6et hurtigt ud, og det resterende vand bliver til tetr\u00e6pur\u00e9.<\/p>","protected":false},"excerpt":{"rendered":"Tea tree essential oil manufacturing common formulas Tea tree essential oil is sourced from certified organic plantations, where the tea trees are grown in a natural and ecological way without any chemical additives. During the harvesting process, the workers are very careful to avoid harming the tea trees as much as possible. As a leading [&hellip;]","protected":false},"featured_media":380,"menu_order":0,"template":"","meta":[],"product-tag":[],"products":[53],"class_list":["post-296","product","type-product","status-publish","has-post-thumbnail","hentry","products-essential-oil"],"acf":[],"_links":{"self":[{"href":"https:\/\/www.ruiqigo.com\/da\/wp-json\/wp\/v2\/product\/296","targetHints":{"allow":["GET"]}}],"collection":[{"href":"https:\/\/www.ruiqigo.com\/da\/wp-json\/wp\/v2\/product"}],"about":[{"href":"https:\/\/www.ruiqigo.com\/da\/wp-json\/wp\/v2\/types\/product"}],"version-history":[{"count":0,"href":"https:\/\/www.ruiqigo.com\/da\/wp-json\/wp\/v2\/product\/296\/revisions"}],"wp:featuredmedia":[{"embeddable":true,"href":"https:\/\/www.ruiqigo.com\/da\/wp-json\/wp\/v2\/media\/380"}],"wp:attachment":[{"href":"https:\/\/www.ruiqigo.com\/da\/wp-json\/wp\/v2\/media?parent=296"}],"wp:term":[{"taxonomy":"product-tag","embeddable":true,"href":"https:\/\/www.ruiqigo.com\/da\/wp-json\/wp\/v2\/product-tag?post=296"},{"taxonomy":"products","embeddable":true,"href":"https:\/\/www.ruiqigo.com\/da\/wp-json\/wp\/v2\/products?post=296"}],"curies":[{"name":"wp","href":"https:\/\/api.w.org\/{rel}","templated":true}]}}