{"id":2967,"date":"2025-01-23T14:50:43","date_gmt":"2025-01-23T06:50:43","guid":{"rendered":"https:\/\/ruiqigo.com\/?post_type=product&#038;p=2967"},"modified":"2025-01-23T14:51:53","modified_gmt":"2025-01-23T06:51:53","slug":"organic-toothpaste","status":"publish","type":"product","link":"https:\/\/www.ruiqigo.com\/da\/product\/organic-toothpaste","title":{"rendered":"\u00d8kologisk tandpasta\u00a0"},"content":{"rendered":"<h2 class=\"wp-block-heading\">Almindelige formler til fremstilling af \u00f8kologisk tandpasta<\/h2>\n\n\n\n<p>Som professionel producent af \u00f8kologisk tandpasta fokuserer vi p\u00e5 r\u00e5materialernes naturlige og sunde natur. Derfor udv\u00e6lger vi omhyggeligt en r\u00e6kke \u00f8kologiske ingredienser og videnskabeligt sammensat, s\u00e5 hver gang du b\u00f8rster t\u00e6nder, er en behagelig forn\u00f8jelse.<\/p>\n\n\n\n<p>1. Aloe vera: Aloe vera har fugtgivende og lindrende egenskaber, der n\u00e6rer tandk\u00f8det og forebygger tandk\u00f8dsatrofi og bl\u00f8dning. Derudover har den ogs\u00e5 en vis antibakteriel effekt, som kan dr\u00e6be skadelige bakterier i munden og derved beskytte mundhygiejnen.<\/p>\n\n\n\n<p>2. Mynte: Myntens friske aroma og k\u00f8lige smag kan hj\u00e6lpe med at fjerne lugte fra munden og holde din \u00e5nde frisk. Samtidig har den ogs\u00e5 en vis antiinflammatorisk og bakteriedr\u00e6bende effekt, hvilket er medvirkende til at reducere antallet af bakterier i munden og forebygge mundbet\u00e6ndelse.<\/p>\n\n\n\n<p>3. Xylitol: Xylitol er et naturligt og sundt s\u00f8demiddel, der ikke kun reducerer produktionen af plak, men ogs\u00e5 forebygger huller i t\u00e6nderne. Samtidig kan det fremme spytsekretionen, hvilket hj\u00e6lper med at rense munden og fugte den. Derudover er xylitols s\u00f8de smag mere velegnet til b\u00f8rn.<\/p>\n\n\n\n<p>4. Natron: Natron har en pH-v\u00e6rdi p\u00e5 9-11 og er alkalisk, hvilket kan neutralisere syren i munden og reducere tandf\u00f8lsomhed. Det kan hj\u00e6lpe med at fjerne tandsten og pletter fra t\u00e6ndernes overflade for at opn\u00e5 effekten af at blege t\u00e6nder. Samtidig har natron ogs\u00e5 en antibakteriel effekt, som kan h\u00e6mme bakteriev\u00e6ksten i munden og forhindre bet\u00e6ndelse og infektion i munden.<\/p>\n\n\n\n<p>5. Tea tree-olie: Tea tree-olie har antiinflammatoriske og antibakterielle virkninger, som kan lindre bet\u00e6ndelse i tandk\u00f8d og tandk\u00f8d og forhindre dannelsen af plak. Og den har en forfriskende effekt, der fylder munden med en let og s\u00f8d duft.<\/p>\n\n\n\n<h2 class=\"wp-block-heading\">Funktionerne af \u00f8kologisk tandpasta<\/h2>\n\n\n\n<p>Vores forsknings- og udviklingsteam TILPASSER formlen til de fleste menneskers mundtilstande, s\u00e5 den fuldt ud kan tage vare p\u00e5 deres mundhygiejne. F\u00f8r du bruger produktet, b\u00f8r du v\u00e6lge et produkt, der passer til dig i forhold til din mundtilstand.<\/p>\n\n\n\n<p>1. Sk\u00e5nsom reng\u00f8ring: Vores tandpastaer bruger milde, naturlige slibemidler og andre ingredienser til ikke blot effektivt at reng\u00f8re t\u00e6nderne og fjerne plak og fysiske rester, men ogs\u00e5 til at beskytte tandemaljen mod skader.<\/p>\n\n\n\n<p>2. Ingen skadelige stoffer: \u00d8kologisk tandpasta indeholder ikke fluorid, triclosan og andre stoffer og tils\u00e6tter ingen kemiske skumdannere, syntetiske essenser eller andre skadelige kemikalier. Dette undg\u00e5r ikke kun rester af kemiske komponenter i munden, men reducerer ogs\u00e5 potentielle skader p\u00e5 mund og krop.<\/p>\n\n\n\n<p>3. Lindre mundproblemer: Vores produkter indeholder antibakterielle og antiinflammatoriske ingredienser, som i et vist omfang kan lindre mundproblemer s\u00e5som tandk\u00f8dsbet\u00e6ndelse og munds\u00e5r og derved opretholde mundhulens generelle sundhed.<\/p>\n\n\n\n<p>4. Frisk \u00e5nde: Mynte og andre ingredienser i \u00f8kologisk tandpasta har en frisk aroma, som kan fjerne lugt, give frisk \u00e5nde i munden og g\u00f8re dig mere selvsikker.<\/p>\n\n\n\n<p>5. Reducer mundf\u00f8lsomhed: For personer med f\u00f8lsomme t\u00e6nder er \u00f8kologisk tandpasta det bedste valg. Den indeholder ingen irriterende kemikalier og kan reducere irritation i f\u00f8lsomme omr\u00e5der i munden for at lindre ubehag i munden.<\/p>\n\n\n\n<h2 class=\"wp-block-heading\">Hvordan bruger man \u00f8kologisk tandpasta?<\/h2>\n\n\n\n<p>\u00d8kologisk tandpasta bruges p\u00e5 samme m\u00e5de som almindelig tandpasta, men du skal v\u00e6lge et passende produkt, inden du bruger den. Vi vil ogs\u00e5 markere brugen p\u00e5 emballagen.<\/p>\n\n\n\n<p>1. Skyl munden med vand for at holde den fugtig;<\/p>\n\n\n\n<p>2. P\u00e5f\u00f8r den rette m\u00e6ngde \u00f8kologisk tandpasta p\u00e5 tandb\u00f8rsten, og begynd at b\u00f8rste t\u00e6nder.<\/p>\n\n\n\n<p>3. Vip tandb\u00f8rsten i en 45-graders vinkel, og b\u00f8rst den forsigtigt ved overgangen mellem t\u00e6nder og tandk\u00f8d. Du kan bruge en blid cirkul\u00e6r bev\u00e6gelse, n\u00e5r du b\u00f8rster, og brug ikke for meget kraft. Hele processen varer mindst to minutter for at sikre, at alle tandflader b\u00f8rstes, og munden reng\u00f8res grundigt.<\/p>\n\n\n\n<p>4. Skyl munden igen med vand efter tandb\u00f8rstning for at fjerne tandpastarester fra munden og undg\u00e5 at synke.<\/p>\n\n\n\n<h2 class=\"wp-block-heading\">Forsigtighed<\/h2>\n\n\n\n<p>1. Tjek omhyggeligt ingredienslisten f\u00f8r brug for at sikre, at der ikke er nogen ingredienser, der er allergiske eller ubehagelige for dig;<\/p>\n\n\n\n<p>2. Brug af den korrekte b\u00f8rstemetode, s\u00e5som Pap-b\u00f8rstemetoden, kan sikre, at t\u00e6nderne kan reng\u00f8res fuldst\u00e6ndigt;<\/p>\n\n\n\n<p>3. Det anbefales regelm\u00e6ssigt at \u00e6ndre brugen af forskellige m\u00e6rker og funktioner af \u00f8kologisk tandpasta for at reducere orale bakteriers resistens over for en specifik ingrediens;<\/p>\n\n\n\n<p>4. Observer n\u00f8je mundens reaktion, n\u00e5r du bruger tandpasta. Hvis der opst\u00e5r ubehag eller allergiske symptomer, skal du straks stoppe brugen og kontakte tandl\u00e6gen for at f\u00e5 r\u00e5d.<\/p>\n\n\n\n<p>5. Det anbefales at opbevare det k\u00f8ligt og t\u00f8rt og undg\u00e5 direkte sollys og milj\u00f8er med h\u00f8je temperaturer for at forl\u00e6nge levetiden.<\/p>\n\n\n\n<h2 class=\"wp-block-heading\">Konklusion<\/h2>\n\n\n\n<p>Som producent af \u00f8kologisk tandpasta med fokus p\u00e5 kvalitet og effektivitet udv\u00e6lger vi ikke kun \u00f8kologiske r\u00e5varer af h\u00f8j kvalitet fra hele verden, men blander dem ogs\u00e5 videnskabeligt og sikrer, at hvert produkt kan opfylde de h\u00f8jeste standarder gennem moderne produktionsteknologi og et strengt kvalitetsstyringssystem. Samtidig bruger vi genanvendeligt emballagedesign for at reducere milj\u00f8skader, ikke kun ansvarligt for produktet, men ogs\u00e5 ansvarligt for milj\u00f8et. Kontakt os venligst, hvis du ogs\u00e5 er interesseret.<\/p>","protected":false},"excerpt":{"rendered":"Organic Toothpaste Manufacturing Common Formulas As a professional manufacturer of organic toothpaste, we focus on the natural and healthy nature of raw materials. So we carefully select a variety of organic ingredients and scientific matching, so that every time you brush your teeth is a pleasant enjoyment. 1. Aloe Vera: Aloe Vera has moisturizing and [&hellip;]","protected":false},"featured_media":2968,"menu_order":0,"template":"","meta":[],"product-tag":[],"products":[71],"class_list":["post-2967","product","type-product","status-publish","has-post-thumbnail","hentry","products-toothpaste"],"acf":[],"_links":{"self":[{"href":"https:\/\/www.ruiqigo.com\/da\/wp-json\/wp\/v2\/product\/2967","targetHints":{"allow":["GET"]}}],"collection":[{"href":"https:\/\/www.ruiqigo.com\/da\/wp-json\/wp\/v2\/product"}],"about":[{"href":"https:\/\/www.ruiqigo.com\/da\/wp-json\/wp\/v2\/types\/product"}],"version-history":[{"count":0,"href":"https:\/\/www.ruiqigo.com\/da\/wp-json\/wp\/v2\/product\/2967\/revisions"}],"wp:featuredmedia":[{"embeddable":true,"href":"https:\/\/www.ruiqigo.com\/da\/wp-json\/wp\/v2\/media\/2968"}],"wp:attachment":[{"href":"https:\/\/www.ruiqigo.com\/da\/wp-json\/wp\/v2\/media?parent=2967"}],"wp:term":[{"taxonomy":"product-tag","embeddable":true,"href":"https:\/\/www.ruiqigo.com\/da\/wp-json\/wp\/v2\/product-tag?post=2967"},{"taxonomy":"products","embeddable":true,"href":"https:\/\/www.ruiqigo.com\/da\/wp-json\/wp\/v2\/products?post=2967"}],"curies":[{"name":"wp","href":"https:\/\/api.w.org\/{rel}","templated":true}]}}