{"id":301,"date":"2024-07-05T16:53:57","date_gmt":"2024-07-05T08:53:57","guid":{"rendered":"https:\/\/ruiqigo.com\/?post_type=product&#038;p=301"},"modified":"2024-11-13T09:35:52","modified_gmt":"2024-11-13T01:35:52","slug":"water-conditioner","status":"publish","type":"product","link":"https:\/\/www.ruiqigo.com\/da\/product\/water-conditioner","title":{"rendered":"Vandbalsam"},"content":{"rendered":"<h2 class=\"wp-block-heading\">Vandbalsam, der fremstiller almindelige formler<\/h2>\n\n\n\n<p>Water Conditioner er hovedsageligt sammensat af plantebaserede aminosyrer, vitamin B5, tangekstrakt og andre naturlige ingredienser. Aminosyrer har fremragende fugtgivende og reparerende virkninger, som kan n\u00e6re h\u00e5ret i dybden; vitamin B5 hj\u00e6lper med at forbedre krus og t\u00f8rhed, hvilket g\u00f8r h\u00e5ret glattere og mere skinnende; Tangekstrakt er rig p\u00e5 vitaminer og mineraler, som kan reparere beskadiget h\u00e5r og \u00f8ge h\u00e5rets elasticitet. Som en trov\u00e6rdig producent af vandbalsam mener vi, at disse naturlige ingredienser af h\u00f8j kvalitet arbejder sammen om at skabe en fugtgivende, n\u00e6rende, reparerende og sund vandbalsam.<\/p>\n\n\n\n<h2 class=\"wp-block-heading\">Scenarier, der g\u00e6lder for vandkonditionering<\/h2>\n\n\n\n<p>Aqua Conditioner er velegnet til alle \u00e5rstider og klimaer. I den varme sommer fugter den h\u00e5ret og lindrer t\u00f8rhed og krus; i den t\u00f8rre vinter n\u00e6rer den h\u00e5ret i dybden og reparerer skader. Uanset om det er daglig vedligeholdelse eller skadesreparation, kan vandbalsam opfylde behovene hos forskellige h\u00e5rtyper. Samtidig er det forfriskende og v\u00e6gtl\u00f8st, velegnet til alle h\u00e5rtyper, er de ideelle h\u00e5rplejeprodukter, der kan stole p\u00e5 p\u00e5 alle \u00e5rstider.<\/p>\n\n\n\n<h2 class=\"wp-block-heading\">Hvem er vandbalsam egnet til<\/h2>\n\n\n\n<p>Water Conditioner er velegnet til alle h\u00e5rtyper. T\u00f8rt, sk\u00f8rt, beskadiget h\u00e5r kan stole p\u00e5 dets n\u00e6rende og reparerende virkning; fedtet h\u00e5r kan ogs\u00e5 plejes gennem sin forfriskende tekstur; selv for sundt og normalt h\u00e5r kan brugen af Aqua Conditioner ogs\u00e5 forbedre h\u00e5rets krus og t\u00f8rhed, hvilket g\u00f8r det mere smidigt og skinnende. Uanset om du har svagt h\u00e5r efter farvning og permanentning, fedtet og besv\u00e6rligt h\u00e5r eller normalt sundt h\u00e5r, kan Aqua Conditioner v\u00e6re din ideelle h\u00e5rplejepartner.<\/p>\n\n\n\n<h2 class=\"wp-block-heading\">Produktionsproces for vandkonditioneringsmidler<\/h2>\n\n\n\n<p>Water Conditioner anvender en unik teknologi i sin produktionsproces. For det f\u00f8rste er r\u00e5varerne strengt udvalgt for at sikre, at de er 100% naturlige og forureningsfrie; for det andet er en r\u00e6kke n\u00e6rende og reparerende ingredienser integreret i formuleringsudviklingen for at have en synergistisk effekt. Desuden er produktionsprocessen strengt kontrolleret temperatur og tryk, som en professionel producent af vandkonditioneringsmidler, for at undg\u00e5 tab af aktive ingredienser; endelig er produktemballagen lavet af milj\u00f8venlige ikke-giftige materialer for at sikre sikkerheden ved brug. Disse tankev\u00e6kkende produktionsproces, for at sikre kvaliteten af vand conditioner.<\/p>","protected":false},"excerpt":{"rendered":"Water conditioner manufacturing common formulas Water Conditioner is mainly composed of plant-based amino acids, vitamin B5, seaweed extract and other natural ingredients. Amino acids have excellent moisturizing and repairing effects, which can deeply nourish the hair; vitamin B5 helps to improve frizz and dryness, making the hair smoother and shinier; seaweed extract is rich in [&hellip;]","protected":false},"featured_media":388,"menu_order":0,"template":"","meta":[],"product-tag":[],"products":[52],"class_list":["post-301","product","type-product","status-publish","has-post-thumbnail","hentry","products-conditioner"],"acf":[],"_links":{"self":[{"href":"https:\/\/www.ruiqigo.com\/da\/wp-json\/wp\/v2\/product\/301","targetHints":{"allow":["GET"]}}],"collection":[{"href":"https:\/\/www.ruiqigo.com\/da\/wp-json\/wp\/v2\/product"}],"about":[{"href":"https:\/\/www.ruiqigo.com\/da\/wp-json\/wp\/v2\/types\/product"}],"version-history":[{"count":0,"href":"https:\/\/www.ruiqigo.com\/da\/wp-json\/wp\/v2\/product\/301\/revisions"}],"wp:featuredmedia":[{"embeddable":true,"href":"https:\/\/www.ruiqigo.com\/da\/wp-json\/wp\/v2\/media\/388"}],"wp:attachment":[{"href":"https:\/\/www.ruiqigo.com\/da\/wp-json\/wp\/v2\/media?parent=301"}],"wp:term":[{"taxonomy":"product-tag","embeddable":true,"href":"https:\/\/www.ruiqigo.com\/da\/wp-json\/wp\/v2\/product-tag?post=301"},{"taxonomy":"products","embeddable":true,"href":"https:\/\/www.ruiqigo.com\/da\/wp-json\/wp\/v2\/products?post=301"}],"curies":[{"name":"wp","href":"https:\/\/api.w.org\/{rel}","templated":true}]}}