{"id":306,"date":"2024-07-05T17:07:54","date_gmt":"2024-07-05T09:07:54","guid":{"rendered":"https:\/\/ruiqigo.com\/?post_type=product&#038;p=306"},"modified":"2024-11-14T21:10:20","modified_gmt":"2024-11-14T13:10:20","slug":"salt-free-water-conditioner","status":"publish","type":"product","link":"https:\/\/www.ruiqigo.com\/da\/product\/salt-free-water-conditioner","title":{"rendered":"Saltfri vandbalsam"},"content":{"rendered":"<h2 class=\"wp-block-heading\">Saltfri vandbalsam, der fremstiller almindelige formler<\/h2>\n\n\n\n<p>Saltfri Water Conditioner er lavet med blide ingredienser s\u00e5som botaniske aminosyrer, glycerin og naturlige frugtfr\u00f8olier. Aminosyrer giver fremragende fugtgivende og reparerende egenskaber til at n\u00e6re h\u00e5ret i dybden; Glycerin genopbygger fugt og forbedrer krus og t\u00f8rhed; og naturlig frugtfr\u00f8olie er rig p\u00e5 vitaminer for at hj\u00e6lpe med at reparere beskadiget h\u00e5r og styrke h\u00e5rets elasticitet. Som en p\u00e5lidelig producent af saltfri vandbalsam arbejder disse naturlige ingredienser af h\u00f8j kvalitet i synergi med hinanden for at skabe en ikke-irriterende, blid og n\u00e6rende saltfri vandbalsam.<\/p>\n\n\n\n<h2 class=\"wp-block-heading\">Saltfri vandkonditioneringsanl\u00e6g g\u00e6ldende scenarier<\/h2>\n\n\n\n<p>Saltfri Water Conditioner er velegnet til alle \u00e5rstider og milj\u00f8er. I sommervarmen fugter den h\u00e5ret og lindrer t\u00f8rhed og krus; om vinteren n\u00e6rer den h\u00e5ret i dybden og reparerer skader. Samtidig er det forfriskende og v\u00e6gtl\u00f8st, vil ikke belaste hovedbunden, velegnet til alle former for h\u00e5rbrug. Uanset om det er til daglig vedligeholdelse eller reparation af skader, kan Salt free Water Conditioner v\u00e6re din p\u00e5lidelige h\u00e5rplejehj\u00e6lper til alle \u00e5rstider.<\/p>\n\n\n\n<h2 class=\"wp-block-heading\">Hvem er saltfri vandbalsam egnet til<\/h2>\n\n\n\n<p>Saltfri Water Conditioner er velegnet til alle h\u00e5rtyper. Til t\u00f8rt, sk\u00f8rt, beskadiget h\u00e5r giver den dyb n\u00e6ring og reparation; til fedtet h\u00e5r er dens forfriskende, v\u00e6gtl\u00f8se tekstur perfekt; og selv til sundt, normalt h\u00e5r forbedrer Salt Free Water Conditioner krus og t\u00f8rhed og efterlader h\u00e5ret bl\u00f8dere og mere skinnende. Uanset om du har farvebehandlet h\u00e5r, fedtet og kruset h\u00e5r eller normalt sundt h\u00e5r, kan Salt free Water Conditioner v\u00e6re din ideelle h\u00e5rplejepartner.<\/p>\n\n\n\n<h2 class=\"wp-block-heading\">Produktionsproces for saltfri vandkonditioneringsmiddel<\/h2>\n\n\n\n<p>Salt Free Water Conditioner anvender en r\u00e6kke unikke teknologier i sin produktionsproces. For det f\u00f8rste er r\u00e5varer n\u00f8je udvalgt for at sikre, at de er 100% naturlige og forureningsfrie. For det andet er en r\u00e6kke n\u00e6rende og reparerende ingredienser integreret i formuleringen for at skabe synergistiske effekter. Desuden er produktionsprocessen strengt temperatur- og trykkontrolleret for at undg\u00e5 tab af aktive ingredienser. Endelig er produktemballagen lavet af milj\u00f8venlige og ikke-giftige materialer for at sikre sikkerheden ved brug. Som en effektiv saltfri vand conditioner producent, disse tankev\u00e6kkende produktionsproces, for at sikre den fremragende kvalitet af salt fri vand conditioner, s\u00e5 forbrugerne kan bruge uden bekymring, for at nyde komforten af naturlig h\u00e5rpleje oplevelse.<\/p>","protected":false},"excerpt":{"rendered":"Salt free water conditioner manufacturing common formulas Salt free Water Conditioner is made with gentle ingredients such as botanical amino acids, glycerin, and natural fruit seed oils. Amino Acids provide excellent moisturizing and repairing properties to deeply nourish hair; Glycerin replenishes moisture and improves frizz and dryness; and Natural Fruit Seed Oil is rich in [&hellip;]","protected":false},"featured_media":384,"menu_order":0,"template":"","meta":[],"product-tag":[],"products":[52],"class_list":["post-306","product","type-product","status-publish","has-post-thumbnail","hentry","products-conditioner"],"acf":[],"_links":{"self":[{"href":"https:\/\/www.ruiqigo.com\/da\/wp-json\/wp\/v2\/product\/306","targetHints":{"allow":["GET"]}}],"collection":[{"href":"https:\/\/www.ruiqigo.com\/da\/wp-json\/wp\/v2\/product"}],"about":[{"href":"https:\/\/www.ruiqigo.com\/da\/wp-json\/wp\/v2\/types\/product"}],"version-history":[{"count":0,"href":"https:\/\/www.ruiqigo.com\/da\/wp-json\/wp\/v2\/product\/306\/revisions"}],"wp:featuredmedia":[{"embeddable":true,"href":"https:\/\/www.ruiqigo.com\/da\/wp-json\/wp\/v2\/media\/384"}],"wp:attachment":[{"href":"https:\/\/www.ruiqigo.com\/da\/wp-json\/wp\/v2\/media?parent=306"}],"wp:term":[{"taxonomy":"product-tag","embeddable":true,"href":"https:\/\/www.ruiqigo.com\/da\/wp-json\/wp\/v2\/product-tag?post=306"},{"taxonomy":"products","embeddable":true,"href":"https:\/\/www.ruiqigo.com\/da\/wp-json\/wp\/v2\/products?post=306"}],"curies":[{"name":"wp","href":"https:\/\/api.w.org\/{rel}","templated":true}]}}