{"id":311,"date":"2024-07-05T17:20:27","date_gmt":"2024-07-05T09:20:27","guid":{"rendered":"https:\/\/ruiqigo.com\/?post_type=product&#038;p=311"},"modified":"2024-11-14T21:14:32","modified_gmt":"2024-11-14T13:14:32","slug":"curly-hair-shampoo-and-conditioner","status":"publish","type":"product","link":"https:\/\/www.ruiqigo.com\/da\/product\/curly-hair-shampoo-and-conditioner","title":{"rendered":"Kr\u00f8llet h\u00e5r shampoo og balsam"},"content":{"rendered":"<h2 class=\"wp-block-heading\">Kr\u00f8llet h\u00e5r shampoo og balsam, der fremstiller almindelige formler<\/h2>\n\n\n\n<p>Dette 2-i-1 produkt er lavet med f\u00f8rsteklasses naturlige ingredienser s\u00e5som sheasm\u00f8r og kokosolie. Sheasm\u00f8r er rig p\u00e5 vitaminer og fedtsyrer, der i dybden fugter h\u00e5ret og \u00f8ger spidsernes elasticitet, mens kokosolie har fremragende udglattende og reparerende egenskaber, der g\u00f8r kr\u00f8llerne glattere og blankere. Derudover tilf\u00f8jer den ogs\u00e5 en speciel stylingingrediens, der effektivt former og holder kr\u00f8llerne p\u00e5 plads. Sammen, som en effektiv producent af kr\u00f8llet h\u00e5rshampoo og balsam, g\u00f8r disse blide, men kraftfulde naturlige ingredienser dette til den perfekte formel til at fork\u00e6le kr\u00f8llet h\u00e5r.<\/p>\n\n\n\n<h2 class=\"wp-block-heading\">Kr\u00f8llet h\u00e5r shampoo og balsam anvendelige scenarier<\/h2>\n\n\n\n<p>Curly Hair Shampoo Conditioner 2-i-1 er velegnet til brug i alle klimaer. I sommerens varme fugter og reparerer den skader p\u00e5 kr\u00f8llet h\u00e5r, mens den i vinterkulden n\u00e6rer og \u00f8ger elasticiteten i dybden for at forhindre t\u00f8rhed og krus. Samtidig hj\u00e6lper dens stylingegenskaber med at holde kr\u00f8llerne smukt stylet i fugtige omgivelser. Uanset om solen skinner eller vinden bl\u00e6ser, vil dette to-i-en-produkt beskytte dine kr\u00f8ller og holde dem pjuskede og skinnende.<\/p>\n\n\n\n<h2 class=\"wp-block-heading\">Hvem er kr\u00f8llet h\u00e5r shampoo og balsam velegnet til<\/h2>\n\n\n\n<p>Denne shampoobalsam 2 i 1 til kr\u00f8llet h\u00e5r er is\u00e6r velegnet til dem med naturligt kr\u00f8llet eller permanentet h\u00e5r. Det beskytter skr\u00f8belige kr\u00f8ller mod krus og t\u00f8rhed. Samtidig hj\u00e6lper dens stylingegenskaber med at skabe smukke, langtidsholdbare kr\u00f8ller. Selv for dem med glat h\u00e5r vil lejlighedsvis brug tilf\u00f8je sp\u00e6nding og glans. Uanset om du har naturligt kr\u00f8llet h\u00e5r, kunstigt permanentet h\u00e5r eller glat h\u00e5r, der har brug for lejlighedsvis styling, er dette 2-i-1-produkt den ideelle behandling for dig.<\/p>\n\n\n\n<h2 class=\"wp-block-heading\">Produktionsproces for kr\u00f8llet h\u00e5r shampoo og balsam<\/h2>\n\n\n\n<p>F\u00f8rst og fremmest er r\u00e5varerne udvalgt gennem lag af kontrol for at sikre 100% naturlig og forureningsfri. For det andet, i formuleringen af forskning og udvikling af integrationen af en r\u00e6kke n\u00e6rende og reparerende ingredienser, spiller en synergistisk effekt. Som f\u00f8rende producent af kr\u00f8llet h\u00e5rshampoo og balsam er produktionsprocessen desuden strengt temperatur- og trykkontrolleret for at sikre, at de aktive ingredienser ikke beskadiges. Endelig bruges professionel stylingteknologi til at f\u00e5 kr\u00f8ller til at holde l\u00e6ngere.<\/p>","protected":false},"excerpt":{"rendered":"Curly hair shampoo and conditioner manufacturing common formulas This 2-in-1 product is made with premium natural ingredients such as shea butter and coconut oil. Shea butter is rich in vitamins and fatty acids that deeply moisturize the hair and increase the elasticity of the ends, while coconut oil has excellent smoothing and repairing properties that [&hellip;]","protected":false},"featured_media":392,"menu_order":0,"template":"","meta":[],"product-tag":[],"products":[54],"class_list":["post-311","product","type-product","status-publish","has-post-thumbnail","hentry","products-shampoo-and-conditioner"],"acf":[],"_links":{"self":[{"href":"https:\/\/www.ruiqigo.com\/da\/wp-json\/wp\/v2\/product\/311","targetHints":{"allow":["GET"]}}],"collection":[{"href":"https:\/\/www.ruiqigo.com\/da\/wp-json\/wp\/v2\/product"}],"about":[{"href":"https:\/\/www.ruiqigo.com\/da\/wp-json\/wp\/v2\/types\/product"}],"version-history":[{"count":0,"href":"https:\/\/www.ruiqigo.com\/da\/wp-json\/wp\/v2\/product\/311\/revisions"}],"wp:featuredmedia":[{"embeddable":true,"href":"https:\/\/www.ruiqigo.com\/da\/wp-json\/wp\/v2\/media\/392"}],"wp:attachment":[{"href":"https:\/\/www.ruiqigo.com\/da\/wp-json\/wp\/v2\/media?parent=311"}],"wp:term":[{"taxonomy":"product-tag","embeddable":true,"href":"https:\/\/www.ruiqigo.com\/da\/wp-json\/wp\/v2\/product-tag?post=311"},{"taxonomy":"products","embeddable":true,"href":"https:\/\/www.ruiqigo.com\/da\/wp-json\/wp\/v2\/products?post=311"}],"curies":[{"name":"wp","href":"https:\/\/api.w.org\/{rel}","templated":true}]}}